{"id":2287,"date":"2017-12-30T21:02:32","date_gmt":"2017-12-30T21:02:32","guid":{"rendered":"http:\/\/biblian.is\/biblian\/pr%c2%8edikarinn-11-kafli\/"},"modified":"2024-06-26T23:19:10","modified_gmt":"2024-06-26T23:19:10","slug":"predikarinn-11-kafli","status":"publish","type":"page","link":"https:\/\/biblian.is\/biblian\/predikarinn-11-kafli\/","title":{"rendered":"Pr\u00e9dikarinn 11. kafli"},"content":{"rendered":"<h3 class=\"millifyrirsogn_2007\"> Starfa me\u00f0an dagur er<\/h3>\n<p><span class=\"ljodatexti\"> <a name=\"1\"><span class=\"versanumer_ljod\">1<\/span><\/a>Varpa\u00f0u brau\u00f0i \u00fe\u00ednu \u00fat \u00e1 vatni\u00f0.<br \/> <\/span> <span class=\"ljodatexti\"> \u00deegar margir dagar eru li\u00f0nir muntu finna \u00fea\u00f0 aftur.<br \/> <\/span> <span class=\"ljodatexti\"> <a name=\"2\"><span class=\"versanumer_ljod\">2<\/span><\/a>Skiptu hlutanum sundur me\u00f0al sj\u00f6 e\u00f0a jafnvel \u00e1tta<br \/>\u00fev\u00ed a\u00f0 \u00fe\u00fa veist ekki hva\u00f0a \u00f3g\u00e6fa b\u00ed\u00f0ur landsins.<br \/> <\/span> <span class=\"ljodatexti\"> <a name=\"3\"><span class=\"versanumer_ljod\">3<\/span><\/a>\u00deegar sk\u00fdin eru or\u00f0in full af vatni<br \/>hvolfa \u00feau regni yfir j\u00f6r\u00f0ina.<br \/>\u00deegar tr\u00e9 fellur til su\u00f0urs e\u00f0a nor\u00f0urs,<br \/>\u00fe\u00e1 liggur \u00fea\u00f0 kyrrt \u00e1 \u00feeim sta\u00f0.<br \/> <\/span> <span class=\"ljodatexti\"> <a name=\"4\"><span class=\"versanumer_ljod\">4<\/span><\/a>S\u00e1 sem s\u00edfellt g\u00e1ir a\u00f0 vindinum s\u00e1ir ekki<br \/>og s\u00e1 sem s\u00edfellt horfir \u00e1 sk\u00fdin uppsker ekki.<br \/> <\/span> <span class=\"ljodatexti\"> <a name=\"5\"><span class=\"versanumer_ljod\">5<\/span><\/a>\u00de\u00fa veist ekki hva\u00f0a veg vindurinn fer<br \/>og hvernig beinin myndast \u00ed m\u00f3\u00f0url\u00edfi \u00feunga\u00f0rar konu,<br \/>eins \u00feekkir \u00fe\u00fa ekki heldur verk Gu\u00f0s sem allt gerir.<br \/> <\/span> <span class=\"ljodatexti\"> <a name=\"6\"><span class=\"versanumer_ljod\">6<\/span><\/a>S\u00e1\u00f0u s\u00e6\u00f0i \u00fe\u00ednu a\u00f0 morgni<br \/>og l\u00e1ttu hendur \u00fe\u00ednar ekki hv\u00edlast a\u00f0 kv\u00f6ldi<br \/>\u00fev\u00ed a\u00f0 \u00fe\u00fa veist ekki hvort muni heppnast \u00feetta e\u00f0a hitt<br \/>e\u00f0a hvort tveggja ver\u00f0i jafngott.<br \/> <\/span> <span class=\"ljodatexti\"> <a name=\"7\"><span class=\"versanumer_ljod\">7<\/span><\/a>Ind\u00e6lt er lj\u00f3si\u00f0<br \/>og lj\u00faft er augunum a\u00f0 horfa \u00e1 s\u00f3lina. <\/span> <\/p>\n<h3 class=\"millifyrirsogn_2007\">\u00c6ska og elli<\/h3>\n<p><span class=\"ljodatexti\"> <a name=\"8\"><span class=\"versanumer_ljod\">8<\/span><\/a>Lifi ma\u00f0urinn m\u00f6rg \u00e1r,<br \/>\u00fe\u00e1 \u00e1 hann a\u00f0 vera gla\u00f0ur \u00f6ll \u00feau \u00e1r<br \/> <\/span> <span class=\"ljodatexti\"> og minnast \u00feess a\u00f0 dagar myrkursins ver\u00f0a margir.<br \/>Allt sem \u00e1 eftir kemur er h\u00e9g\u00f3mi.<br \/> <\/span> <span class=\"ljodatexti\"> <a name=\"9\"><span class=\"versanumer_ljod\">9<\/span><\/a>Gle\u00f0 \u00feig, ungi ma\u00f0ur, \u00ed \u00e6sku \u00feinni<br \/>og l\u00e1ttu liggja vel \u00e1 \u00fe\u00e9r unglings\u00e1r \u00fe\u00edn<br \/>og breyttu eins og hjarta\u00f0 lei\u00f0ir \u00feig<br \/>og eins og augun girnast<br \/>en vita skaltu a\u00f0 fyrir allt \u00feetta lei\u00f0ir Gu\u00f0 \u00feig fyrir d\u00f3m.<br \/> <\/span> <span class=\"ljodatexti\"> <a name=\"10\"><span class=\"versanumer_ljod\">10<\/span><\/a>V\u00edsa\u00f0u gremju burt fr\u00e1 hjarta \u00fe\u00ednu<br \/>og l\u00e1ttu ekki b\u00f6l koma n\u00e6rri l\u00edkama \u00fe\u00ednum<br \/>\u00fev\u00ed a\u00f0 \u00e6ska og morgunro\u00f0i l\u00edfsins eru hverful. <\/span> <\/p>\n","protected":false},"excerpt":{"rendered":"<p>Starfa me\u00f0an dagur er 1Varpa\u00f0u brau\u00f0i \u00fe\u00ednu \u00fat \u00e1 vatni\u00f0. \u00deegar margir dagar eru li\u00f0nir muntu finna \u00fea\u00f0 aftur. 2Skiptu hlutanum sundur me\u00f0al sj\u00f6 e\u00f0a jafnvel \u00e1tta\u00fev\u00ed a\u00f0 \u00fe\u00fa veist ekki hva\u00f0a \u00f3g\u00e6fa b\u00ed\u00f0ur landsins. 3\u00deegar sk\u00fdin eru or\u00f0in full af vatnihvolfa \u00feau regni yfir j\u00f6r\u00f0ina.\u00deegar tr\u00e9 fellur til su\u00f0urs e\u00f0a nor\u00f0urs,\u00fe\u00e1 liggur \u00fea\u00f0 kyrrt \u00e1 \u00feeim sta\u00f0. 4S\u00e1 sem s\u00edfellt g\u00e1ir a\u00f0 vindinum s\u00e1ir ekkiog s\u00e1 sem s\u00edfellt horfir \u00e1 sk\u00fdin uppsker ekki. 5\u00de\u00fa veist ekki hva\u00f0a veg vindurinn ferog hvernig beinin myndast \u00ed m\u00f3\u00f0url\u00edfi \u00feunga\u00f0rar konu,eins \u00feekkir \u00fe\u00fa ekki heldur verk Gu\u00f0s sem allt gerir. 6S\u00e1\u00f0u s\u00e6\u00f0i \u00fe\u00ednu <a href=\"https:\/\/biblian.is\/biblian\/predikarinn-11-kafli\/\"> [&#8230;]<\/a><\/p>\n","protected":false},"author":1,"featured_media":0,"parent":0,"menu_order":0,"comment_status":"open","ping_status":"open","template":"bibliukaflar_NT.php","meta":{"footnotes":""},"class_list":["post-2287","page","type-page","status-publish","hentry"],"_links":{"self":[{"href":"https:\/\/biblian.is\/biblian\/wp-json\/wp\/v2\/pages\/2287","targetHints":{"allow":["GET"]}}],"collection":[{"href":"https:\/\/biblian.is\/biblian\/wp-json\/wp\/v2\/pages"}],"about":[{"href":"https:\/\/biblian.is\/biblian\/wp-json\/wp\/v2\/types\/page"}],"author":[{"embeddable":true,"href":"https:\/\/biblian.is\/biblian\/wp-json\/wp\/v2\/users\/1"}],"replies":[{"embeddable":true,"href":"https:\/\/biblian.is\/biblian\/wp-json\/wp\/v2\/comments?post=2287"}],"version-history":[{"count":0,"href":"https:\/\/biblian.is\/biblian\/wp-json\/wp\/v2\/pages\/2287\/revisions"}],"wp:attachment":[{"href":"https:\/\/biblian.is\/biblian\/wp-json\/wp\/v2\/media?parent=2287"}],"curies":[{"name":"wp","href":"https:\/\/api.w.org\/{rel}","templated":true}]}}