{"id":2286,"date":"2017-12-30T21:02:32","date_gmt":"2017-12-30T21:02:32","guid":{"rendered":"http:\/\/biblian.is\/biblian\/pr%c2%8edikarinn-10-kafli\/"},"modified":"2024-06-26T23:19:09","modified_gmt":"2024-06-26T23:19:09","slug":"predikarinn-10-kafli","status":"publish","type":"page","link":"https:\/\/biblian.is\/biblian\/predikarinn-10-kafli\/","title":{"rendered":"Pr\u00e9dikarinn 10. kafli"},"content":{"rendered":"<h3 class=\"millifyrirsogn_2007\"> Or\u00f0t\u00f6k um hyggindi<\/h3>\n<p><span class=\"ljodatexti\"> <a name=\"1\"><span class=\"versanumer_ljod\">1<\/span><\/a>Dau\u00f0ar flugur valda \u00f3daun<br \/>me\u00f0 \u00fev\u00ed a\u00f0 hleypa gerjun \u00ed ol\u00edu smyrslarans.<br \/> <\/span> <span class=\"ljodatexti\"> Ofurl\u00edtill aulaskapur er \u00feyngri \u00e1 metunum en viska e\u00f0a s\u00f3mi.<br \/> <\/span> <span class=\"ljodatexti\"> <a name=\"2\"><span class=\"versanumer_ljod\">2<\/span><\/a>Hjarta viturs manns stefnir \u00e1 heillabraut<br \/>en hjarta heimskingjans lei\u00f0ir hann \u00ed \u00f3g\u00e6fu.<br \/> <\/span> <span class=\"ljodatexti\"> <a name=\"3\"><span class=\"versanumer_ljod\">3<\/span><\/a>Aulinn gengur veg sinn og brestur viti\u00f0<br \/>og segir vi\u00f0 hvern mann a\u00f0 hann s\u00e9 auli.<br \/> <\/span> <span class=\"ljodatexti\"> <a name=\"4\"><span class=\"versanumer_ljod\">4<\/span><\/a>Ef rei\u00f0i drottnarans kviknar gegn \u00fe\u00e9r, vertu \u00fe\u00e1 sta\u00f0fastur<br \/>\u00fev\u00ed a\u00f0 stilling afst\u00fdrir miklum glappaskotum.<br \/> <\/span> <span class=\"ljodatexti\"> <a name=\"5\"><span class=\"versanumer_ljod\">5<\/span><\/a>Til er b\u00f6l sem \u00e9g hef s\u00e9\u00f0 undir s\u00f3linni, yfirsj\u00f3n af h\u00e1lfu valdhafans:<br \/> <\/span> <span class=\"ljodatexti\"> <a name=\"6\"><span class=\"versanumer_ljod\">6<\/span><\/a>Heimskan er sett \u00ed h\u00e1u st\u00f6\u00f0urnar en g\u00f6fugmennin sitja \u00ed ni\u00f0url\u00e6gingu.<br \/> <\/span> <span class=\"ljodatexti\"> <a name=\"7\"><span class=\"versanumer_ljod\">7<\/span><\/a>\u00c9g s\u00e1 \u00fer\u00e6la sitja hesta og h\u00f6f\u00f0ingja f\u00f3tgangandi eins og \u00fer\u00e6la.<br \/> <\/span> <span class=\"ljodatexti\"> <a name=\"8\"><span class=\"versanumer_ljod\">8<\/span><\/a>S\u00e1 sem grefur gr\u00f6f fellur \u00ed hana<br \/>og \u00feann sem r\u00edfur ni\u00f0ur vegg getur h\u00f6ggormur biti\u00f0.<br \/> <\/span> <span class=\"ljodatexti\"> <a name=\"9\"><span class=\"versanumer_ljod\">9<\/span><\/a>S\u00e1 sem sprengir steina getur meitt sig \u00e1 \u00feeim,<br \/>s\u00e1 sem kl\u00fdfur vi\u00f0 getur stofna\u00f0 s\u00e9r \u00ed h\u00e6ttu.<br \/> <\/span> <span class=\"ljodatexti\"> <a name=\"10\"><span class=\"versanumer_ljod\">10<\/span><\/a>S\u00e9 \u00f6xin or\u00f0in slj\u00f3 og eggin ekki br\u00fdnd,<br \/>\u00fe\u00e1 ver\u00f0ur ma\u00f0urinn a\u00f0 neyta \u00fev\u00ed meiri orku.<br \/>\u00dea\u00f0 er \u00e1vinningur a\u00f0 undirb\u00faa allt me\u00f0 hags\u00fdni.<br \/> <\/span> <span class=\"ljodatexti\"> <a name=\"11\"><span class=\"versanumer_ljod\">11<\/span><\/a>Ef h\u00f6ggormurinn b\u00edtur af \u00fev\u00ed a\u00f0 s\u00e6ringar hafa veri\u00f0 vanr\u00e6ktar,<br \/>\u00fe\u00e1 kemur s\u00e6ringama\u00f0urinn a\u00f0 engu li\u00f0i.<br \/> <\/span> <span class=\"ljodatexti\"> <a name=\"12\"><span class=\"versanumer_ljod\">12<\/span><\/a>Or\u00f0 af munni viturs manns eru yndisleg<br \/>en varir heimskingjans vinna honum tj\u00f3n.<br \/> <\/span> <span class=\"ljodatexti\"> <a name=\"13\"><span class=\"versanumer_ljod\">13<\/span><\/a>Fyrstu or\u00f0in \u00fat \u00far honum eru heimska<br \/>og endir r\u00e6\u00f0u hans er ill fl\u00f3nska.<br \/> <\/span> <span class=\"ljodatexti\"> <a name=\"14\"><span class=\"versanumer_ljod\">14<\/span><\/a>Heimskinginn m\u00e6lir m\u00f6rg or\u00f0,<br \/>\u00fe\u00f3 veit ma\u00f0urinn ekki hva\u00f0 ver\u00f0a muni.<br \/>Hva\u00f0 ver\u00f0a muni eftir hans dag, hver segir honum \u00fea\u00f0?<br \/> <\/span> <span class=\"ljodatexti\"> <a name=\"15\"><span class=\"versanumer_ljod\">15<\/span><\/a>Amstur heimskingjans \u00fereytir hann,<br \/>hann ratar ekki veginn inn \u00ed borgina.<br \/> <\/span> <span class=\"ljodatexti\"> <a name=\"16\"><span class=\"versanumer_ljod\">16<\/span><\/a>Vei \u00fe\u00e9r, land, sem hefur dreng a\u00f0 konungi<br \/>og h\u00f6f\u00f0ingjar \u00fe\u00ednir setjast a\u00f0 veislu a\u00f0 morgni dags!<br \/> <\/span> <span class=\"ljodatexti\"> <a name=\"17\"><span class=\"versanumer_ljod\">17<\/span><\/a>S\u00e6lt ert \u00fe\u00fa, land, sem hefur e\u00f0alborinn mann a\u00f0 konungi<br \/>og h\u00f6f\u00f0ingjar \u00fe\u00ednir matast \u00e1 r\u00e9ttum t\u00edma<br \/>s\u00e9r til styrkingar en ekki til \u00feess a\u00f0 ver\u00f0a drukknir.<br \/> <\/span> <span class=\"ljodatexti\"> <a name=\"18\"><span class=\"versanumer_ljod\">18<\/span><\/a>Vegna leti s\u00edga bj\u00e1lkarnir ni\u00f0ur<br \/>og vegna i\u00f0julausra handa lekur h\u00fasi\u00f0.<br \/> <\/span> <span class=\"ljodatexti\"> <a name=\"19\"><span class=\"versanumer_ljod\">19<\/span><\/a>Til gle\u00f0skapar b\u00faa menn m\u00e1lt\u00ed\u00f0ir,<br \/>v\u00edn gerir l\u00edfi\u00f0 skemmtilegt<br \/>og peningarnir veita allt.<br \/> <\/span> <span class=\"ljodatexti\"> <a name=\"20\"><span class=\"versanumer_ljod\">20<\/span><\/a>Form\u00e6ltu ekki konunginum, jafnvel ekki \u00ed huga \u00fe\u00ednum,<br \/>og form\u00e6ltu ekki r\u00edkum manni \u00ed svefnherbergjum \u00fe\u00ednum<br \/>\u00fev\u00ed a\u00f0 fuglar loftsins kynnu a\u00f0 bera burt hlj\u00f3minn<br \/>og hinir v\u00e6ngju\u00f0u a\u00f0 hafa or\u00f0in eftir. <\/span> <\/p>\n","protected":false},"excerpt":{"rendered":"<p>Or\u00f0t\u00f6k um hyggindi 1Dau\u00f0ar flugur valda \u00f3daunme\u00f0 \u00fev\u00ed a\u00f0 hleypa gerjun \u00ed ol\u00edu smyrslarans. Ofurl\u00edtill aulaskapur er \u00feyngri \u00e1 metunum en viska e\u00f0a s\u00f3mi. 2Hjarta viturs manns stefnir \u00e1 heillabrauten hjarta heimskingjans lei\u00f0ir hann \u00ed \u00f3g\u00e6fu. 3Aulinn gengur veg sinn og brestur viti\u00f0og segir vi\u00f0 hvern mann a\u00f0 hann s\u00e9 auli. 4Ef rei\u00f0i drottnarans kviknar gegn \u00fe\u00e9r, vertu \u00fe\u00e1 sta\u00f0fastur\u00fev\u00ed a\u00f0 stilling afst\u00fdrir miklum glappaskotum. 5Til er b\u00f6l sem \u00e9g hef s\u00e9\u00f0 undir s\u00f3linni, yfirsj\u00f3n af h\u00e1lfu valdhafans: 6Heimskan er sett \u00ed h\u00e1u st\u00f6\u00f0urnar en g\u00f6fugmennin sitja \u00ed ni\u00f0url\u00e6gingu. 7\u00c9g s\u00e1 \u00fer\u00e6la sitja hesta og h\u00f6f\u00f0ingja f\u00f3tgangandi eins og \u00fer\u00e6la. <a href=\"https:\/\/biblian.is\/biblian\/predikarinn-10-kafli\/\"> [&#8230;]<\/a><\/p>\n","protected":false},"author":1,"featured_media":0,"parent":0,"menu_order":0,"comment_status":"open","ping_status":"open","template":"bibliukaflar_NT.php","meta":{"footnotes":""},"class_list":["post-2286","page","type-page","status-publish","hentry"],"_links":{"self":[{"href":"https:\/\/biblian.is\/biblian\/wp-json\/wp\/v2\/pages\/2286","targetHints":{"allow":["GET"]}}],"collection":[{"href":"https:\/\/biblian.is\/biblian\/wp-json\/wp\/v2\/pages"}],"about":[{"href":"https:\/\/biblian.is\/biblian\/wp-json\/wp\/v2\/types\/page"}],"author":[{"embeddable":true,"href":"https:\/\/biblian.is\/biblian\/wp-json\/wp\/v2\/users\/1"}],"replies":[{"embeddable":true,"href":"https:\/\/biblian.is\/biblian\/wp-json\/wp\/v2\/comments?post=2286"}],"version-history":[{"count":0,"href":"https:\/\/biblian.is\/biblian\/wp-json\/wp\/v2\/pages\/2286\/revisions"}],"wp:attachment":[{"href":"https:\/\/biblian.is\/biblian\/wp-json\/wp\/v2\/media?parent=2286"}],"curies":[{"name":"wp","href":"https:\/\/api.w.org\/{rel}","templated":true}]}}