{"id":2285,"date":"2017-12-30T21:02:32","date_gmt":"2017-12-30T21:02:32","guid":{"rendered":"http:\/\/biblian.is\/biblian\/pr%c2%8edikarinn-9-kafli\/"},"modified":"2024-06-26T23:19:11","modified_gmt":"2024-06-26T23:19:11","slug":"predikarinn-9-kafli","status":"publish","type":"page","link":"https:\/\/biblian.is\/biblian\/predikarinn-9-kafli\/","title":{"rendered":"Pr\u00e9dikarinn 9. kafli"},"content":{"rendered":"<h3 class=\"millifyrirsogn_2007\"> S\u00f6mu \u00f6rl\u00f6g henda alla menn<\/h3>\n<p><a name=\"1\"><span class=\"versanumer_2007\">1<\/span><\/a> \u00d6llu \u00feessu veitti \u00e9g athygli og allt \u00feetta reyndi \u00e9g a\u00f0 rannsaka: Hinir r\u00e9ttl\u00e1tu og vitru og verk \u00feeirra eru \u00ed hendi Gu\u00f0s.<br \/> <span class=\"ljodatexti\"> Hvorki \u00e1st n\u00e9 hatur veit ma\u00f0urinn fyrir,<br \/>allt b\u00ed\u00f0ur s\u00edns t\u00edma,<br \/> <\/span> <span class=\"ljodatexti\"> <a name=\"2\"><span class=\"versanumer_ljod\">2<\/span><\/a>hi\u00f0 sama hendir alla,<br \/>s\u00f6mu \u00f6rl\u00f6g m\u00e6ta r\u00e9ttl\u00e1tum og \u00f3gu\u00f0legum,<br \/>g\u00f3\u00f0um og illum,<br \/>hreinum og \u00f3hreinum,<br \/>\u00feeim sem f\u00f3rnf\u00e6rir og \u00feeim sem ekki f\u00f3rnf\u00e6rir.<br \/>Hinum g\u00f3\u00f0a farnast eins og syndaranum,<br \/>og \u00feeim er sver eins og \u00feeim er \u00f3ttast svardaga. <\/span> <br \/> <a name=\"3\"><span class=\"versanumer_2007\">3<\/span><\/a> \u00dea\u00f0 er \u00f3kostur vi\u00f0 allt sem vi\u00f0 ber undir s\u00f3linni a\u00f0 s\u00f6mu \u00f6rl\u00f6g m\u00e6ta \u00f6llum og \u00fev\u00ed fyllist hjarta mannanna illsku og heimska r\u00edkir \u00ed hj\u00f6rtum \u00feeirra alla \u00e6vi \u00feeirra og s\u00ed\u00f0an liggur lei\u00f0in til hinna dau\u00f0u.<br \/> <span class=\"ljodatexti\"> <a name=\"4\"><span class=\"versanumer_ljod\">4<\/span><\/a>Me\u00f0an ma\u00f0ur er sameina\u00f0ur \u00feeim sem lifa, svo lengi er von,<br \/>\u00fev\u00ed a\u00f0 lifandi hundur er betri en dautt lj\u00f3n. <\/span> <br \/> <a name=\"5\"><span class=\"versanumer_2007\">5<\/span><\/a> \u00deeir sem lifa vita a\u00f0 \u00feeir eiga a\u00f0 deyja en hinir dau\u00f0u vita ekki neitt og hlj\u00f3ta engin laun framar og minning \u00feeirra gleymist. <a name=\"6\"><span class=\"versanumer_2007\">6<\/span><\/a> B\u00e6\u00f0i \u00e1st \u00feeirra, hatur og \u00f6fund, \u00fea\u00f0 er fyrir l\u00f6ngu fari\u00f0 og \u00feeir eiga ekki framar hlutdeild \u00ed neinu sem vi\u00f0 ber undir s\u00f3linni. <span class=\"ljodatexti\"> <a name=\"7\"><span class=\"versanumer_ljod\">7<\/span><\/a>Far\u00f0u \u00fev\u00ed og et brau\u00f0 \u00feitt me\u00f0 \u00e1n\u00e6gju<br \/>og drekktu v\u00edn \u00feitt me\u00f0 gl\u00f6\u00f0u hjarta<br \/>\u00fev\u00ed a\u00f0 Gu\u00f0 hefur lengi haft vel\u00fe\u00f3knun \u00e1 verkum \u00fe\u00ednum.<br \/> <\/span> <span class=\"ljodatexti\"> <a name=\"8\"><span class=\"versanumer_ljod\">8<\/span><\/a>Kl\u00e6\u00f0i \u00fe\u00edn s\u00e9u \u00e6t\u00ed\u00f0 hv\u00edt<br \/>og h\u00f6fu\u00f0 \u00feitt skorti aldrei ilmsmyrslin.<br \/> <\/span> <span class=\"ljodatexti\"> <a name=\"9\"><span class=\"versanumer_ljod\">9<\/span><\/a>Nj\u00f3ttu l\u00edfsins me\u00f0 konunni, sem \u00fe\u00fa elskar,<br \/>alla daga \u00fe\u00edns f\u00e1n\u00fdta l\u00edfs, sem hann hefur gefi\u00f0 \u00fe\u00e9r undir s\u00f3linni,<br \/>alla \u00fe\u00edna f\u00e1n\u00fdtu daga<br \/>\u00fev\u00ed a\u00f0 \u00fea\u00f0 er hlutdeild \u00fe\u00edn \u00ed l\u00edfinu<br \/>og \u00fea\u00f0 sem \u00fe\u00fa f\u00e6r\u00f0 fyrir strit \u00feitt<br \/>sem \u00fe\u00fa streitist vi\u00f0 undir s\u00f3linni.<br \/> <\/span> <span class=\"ljodatexti\"> <a name=\"10\"><span class=\"versanumer_ljod\">10<\/span><\/a>Allt sem h\u00f6nd \u00fe\u00edn megnar a\u00f0 gera<br \/>me\u00f0 kr\u00f6ftum \u00fe\u00ednum, ger\u00f0u \u00fea\u00f0,<br \/>\u00fev\u00ed a\u00f0 \u00ed d\u00e1narheimum, \u00feanga\u00f0 sem \u00fe\u00fa fer\u00f0,<br \/>er hvorki starfsemi n\u00e9 hyggindi n\u00e9 \u00feekking n\u00e9 viska. <\/span> <\/p>\n<h3 class=\"millifyrirsogn_2007\">Ma\u00f0urinn h\u00e1\u00f0ur t\u00edma og tilviljun<\/h3>\n<p><span class=\"ljodatexti\"> <a name=\"11\"><span class=\"versanumer_ljod\">11<\/span><\/a>Enn s\u00e1 \u00e9g undir s\u00f3linni<br \/>a\u00f0 hinir f\u00f3tfr\u00e1u r\u00e1\u00f0a ekki hlaupinu,<br \/> <\/span> <span class=\"ljodatexti\"> n\u00e9 hetjurnar str\u00ed\u00f0inu,<br \/>n\u00e9 eiga spekingarnir brau\u00f0i\u00f0 v\u00edst,<br \/>n\u00e9 hinir hyggnu au\u00f0inn,<br \/>n\u00e9 hinir vitru vins\u00e6ldir<br \/>\u00fev\u00ed a\u00f0 t\u00edmi og tilviljun hittir \u00fe\u00e1 alla fyrir.<br \/> <\/span> <span class=\"ljodatexti\"> <a name=\"12\"><span class=\"versanumer_ljod\">12<\/span><\/a>Ma\u00f0urinn \u00feekkir ekki einu sinni sinn t\u00edma.<br \/>Eins og fiskarnir festast \u00ed hinu h\u00e1skalega neti<br \/>og eins og fuglarnir festast \u00ed sn\u00f6runni,<br \/>\u00e1 l\u00edkan h\u00e1tt ver\u00f0a mennirnir fangnir \u00e1 \u00f3heillat\u00ed\u00f0<br \/>\u00feegar h\u00fan kemur skyndilega yfir \u00fe\u00e1. <\/span> <\/p>\n<h3 class=\"millifyrirsogn_2007\">Viska f\u00e1t\u00e6ks manns<\/h3>\n<p><a name=\"13\"><span class=\"versanumer_2007\">13<\/span><\/a> \u00deetta virtist m\u00e9r einnig speki undir s\u00f3linni og fannst m\u00e9r miki\u00f0 um:<br \/> <a name=\"14\"><span class=\"versanumer_2007\">14<\/span><\/a> Einu sinni var l\u00edtil borg og f\u00e1ir menn \u00ed henni. Voldugur konungur f\u00f3r gegn henni, settist um hana og reisti mikil hervirki vi\u00f0 hana. <a name=\"15\"><span class=\"versanumer_2007\">15<\/span><\/a> En \u00ed borginni var f\u00e1t\u00e6kur ma\u00f0ur en vitur og hann bjarga\u00f0i borginni me\u00f0 visku sinni. En enginn minntist \u00feessa f\u00e1t\u00e6ka manns. <a name=\"16\"><span class=\"versanumer_2007\">16<\/span><\/a> \u00de\u00e1 hugsa\u00f0i \u00e9g:<br \/> <span class=\"ljodatexti\"> Viska er betri en afl<br \/>en viska f\u00e1t\u00e6ks manns er fyrirlitin<br \/>og or\u00f0um hans er enginn gaumur gefinn.<br \/> <\/span> <span class=\"ljodatexti\"> <a name=\"17\"><span class=\"versanumer_ljod\">17<\/span><\/a>Or\u00f0 viturra manna, sem hlusta\u00f0 er \u00e1 \u00ed n\u00e6\u00f0i,<br \/>eru betri en \u00f3p valdhafans me\u00f0al heimskingjanna.<br \/> <\/span> <span class=\"ljodatexti\"> <a name=\"18\"><span class=\"versanumer_ljod\">18<\/span><\/a>Viska er betri en hervopn<br \/>en einn syndari spillir m\u00f6rgu g\u00f3\u00f0u. <\/span> <\/p>\n","protected":false},"excerpt":{"rendered":"<p>S\u00f6mu \u00f6rl\u00f6g henda alla menn 1 \u00d6llu \u00feessu veitti \u00e9g athygli og allt \u00feetta reyndi \u00e9g a\u00f0 rannsaka: Hinir r\u00e9ttl\u00e1tu og vitru og verk \u00feeirra eru \u00ed hendi Gu\u00f0s. Hvorki \u00e1st n\u00e9 hatur veit ma\u00f0urinn fyrir,allt b\u00ed\u00f0ur s\u00edns t\u00edma, 2hi\u00f0 sama hendir alla,s\u00f6mu \u00f6rl\u00f6g m\u00e6ta r\u00e9ttl\u00e1tum og \u00f3gu\u00f0legum,g\u00f3\u00f0um og illum,hreinum og \u00f3hreinum,\u00feeim sem f\u00f3rnf\u00e6rir og \u00feeim sem ekki f\u00f3rnf\u00e6rir.Hinum g\u00f3\u00f0a farnast eins og syndaranum,og \u00feeim er sver eins og \u00feeim er \u00f3ttast svardaga. 3 \u00dea\u00f0 er \u00f3kostur vi\u00f0 allt sem vi\u00f0 ber undir s\u00f3linni a\u00f0 s\u00f6mu \u00f6rl\u00f6g m\u00e6ta \u00f6llum og \u00fev\u00ed fyllist hjarta mannanna illsku og heimska r\u00edkir \u00ed hj\u00f6rtum <a href=\"https:\/\/biblian.is\/biblian\/predikarinn-9-kafli\/\"> [&#8230;]<\/a><\/p>\n","protected":false},"author":1,"featured_media":0,"parent":0,"menu_order":0,"comment_status":"open","ping_status":"open","template":"bibliukaflar_NT.php","meta":{"footnotes":""},"class_list":["post-2285","page","type-page","status-publish","hentry"],"_links":{"self":[{"href":"https:\/\/biblian.is\/biblian\/wp-json\/wp\/v2\/pages\/2285","targetHints":{"allow":["GET"]}}],"collection":[{"href":"https:\/\/biblian.is\/biblian\/wp-json\/wp\/v2\/pages"}],"about":[{"href":"https:\/\/biblian.is\/biblian\/wp-json\/wp\/v2\/types\/page"}],"author":[{"embeddable":true,"href":"https:\/\/biblian.is\/biblian\/wp-json\/wp\/v2\/users\/1"}],"replies":[{"embeddable":true,"href":"https:\/\/biblian.is\/biblian\/wp-json\/wp\/v2\/comments?post=2285"}],"version-history":[{"count":0,"href":"https:\/\/biblian.is\/biblian\/wp-json\/wp\/v2\/pages\/2285\/revisions"}],"wp:attachment":[{"href":"https:\/\/biblian.is\/biblian\/wp-json\/wp\/v2\/media?parent=2285"}],"curies":[{"name":"wp","href":"https:\/\/api.w.org\/{rel}","templated":true}]}}