{"id":2284,"date":"2017-12-30T21:02:32","date_gmt":"2017-12-30T21:02:32","guid":{"rendered":"http:\/\/biblian.is\/biblian\/pr%c2%8edikarinn-8-kafli\/"},"modified":"2024-06-26T23:19:11","modified_gmt":"2024-06-26T23:19:11","slug":"predikarinn-8-kafli","status":"publish","type":"page","link":"https:\/\/biblian.is\/biblian\/predikarinn-8-kafli\/","title":{"rendered":"Pr\u00e9dikarinn 8. kafli"},"content":{"rendered":"<h3 class=\"millifyrirsogn_2007\"> Or\u00f0 konungs er m\u00e1ttugt<\/h3>\n<p><span class=\"ljodatexti\"> <a name=\"1\"><span class=\"versanumer_ljod\">1<\/span><\/a>Hver er sem spekingurinn<br \/>og hver skilur merkingu hlutanna?<br \/> <\/span> <span class=\"ljodatexti\"> Speki mannsins h\u00fdrgar andlit hans<br \/>og dregur \u00far h\u00f6rkunni \u00ed svipnum.<br \/> <\/span> <span class=\"ljodatexti\"> <a name=\"2\"><span class=\"versanumer_ljod\">2<\/span><\/a>\u00c9g segi: Var\u00f0veittu bo\u00f0 konungsins einmitt vegna ei\u00f0sins vi\u00f0 Gu\u00f0.<br \/> <\/span> <span class=\"ljodatexti\"> <a name=\"3\"><span class=\"versanumer_ljod\">3<\/span><\/a>Vertu ekki flj\u00f3tur til a\u00f0 ganga burt fr\u00e1 honum,<br \/>gef\u00f0u \u00feig ekki a\u00f0 illu m\u00e1lefni.<br \/>\u00dev\u00ed a\u00f0 hann gerir allt sem hann vill<br \/> <\/span> <span class=\"ljodatexti\"> <a name=\"4\"><span class=\"versanumer_ljod\">4<\/span><\/a>af \u00fev\u00ed a\u00f0 konungsor\u00f0 er m\u00e1ttugt<br \/>og hver segir vi\u00f0 hann: Hva\u00f0 gerir \u00fe\u00fa? <\/span> <\/p>\n<h3 class=\"millifyrirsogn_2007\">R\u00e1\u00f0 Gu\u00f0s er m\u00f6nnum huli\u00f0<\/h3>\n<p><span class=\"ljodatexti\"> <a name=\"5\"><span class=\"versanumer_ljod\">5<\/span><\/a>S\u00e1 sem var\u00f0veitir skipunina mun <\/span> <span class=\"ljodatexti\"> ekki ver\u00f0a fyrir neinu illu<br \/>og hjarta viturs manns \u00feekkir t\u00edma og d\u00f3m.<br \/> <\/span> <span class=\"ljodatexti\"> <a name=\"6\"><span class=\"versanumer_ljod\">6<\/span><\/a>S\u00e9rhvert verk \u00e1 sinn t\u00edma og d\u00f3m,<br \/>og b\u00f6l mannsins hv\u00edlir \u00feungt \u00e1 honum.<br \/> <\/span> <span class=\"ljodatexti\"> <a name=\"7\"><span class=\"versanumer_ljod\">7<\/span><\/a>Hann veit ekki hva\u00f0 ver\u00f0a muni<br \/>\u00fev\u00ed a\u00f0 hver segir honum hvernig muni fara?<br \/> <\/span> <span class=\"ljodatexti\"> <a name=\"8\"><span class=\"versanumer_ljod\">8<\/span><\/a>Enginn ma\u00f0ur r\u00e6\u00f0ur yfir vindinum svo a\u00f0 hann geti st\u00f6\u00f0va\u00f0 hann<br \/>og enginn ma\u00f0ur hefur vald yfir dau\u00f0adeginum,<br \/>enginn f\u00e6r sig lausan \u00far bardaganum<br \/>og \u00f3h\u00e6fan bjargar ekki \u00feeim er hana fremur. <\/span> <br \/> <a name=\"9\"><span class=\"versanumer_2007\">9<\/span><\/a> Allt \u00feetta hef \u00e9g s\u00e9\u00f0 af \u00fev\u00ed a\u00f0 \u00e9g veitti athygli \u00f6llu \u00fev\u00ed sem gerist undir s\u00f3linni \u00feegar einn ma\u00f0ur drottnar yfir \u00f6\u00f0rum honum til \u00f3g\u00e6fu. <a name=\"10\"><span class=\"versanumer_2007\">10<\/span><\/a> \u00de\u00e1 hef \u00e9g s\u00e9\u00f0 rangl\u00e1ta menn jar\u00f0a\u00f0a en \u00feeir sem h\u00f6f\u00f0u breytt r\u00e9tt ur\u00f0u a\u00f0 fara burt fr\u00e1 hinum heilaga sta\u00f0 og \u00feeir gleymdust \u00ed borginni. Einnig \u00fea\u00f0 er h\u00e9g\u00f3mi.<br \/> <a name=\"11\"><span class=\"versanumer_2007\">11<\/span><\/a> D\u00f3mi yfir illskuverkum er ekki fulln\u00e6gt \u00feegar \u00ed sta\u00f0 og \u00fev\u00ed svellur m\u00f6nnum m\u00f3\u00f0ur til \u00feess a\u00f0 gera \u00fea\u00f0 sem illt er. <a name=\"12\"><span class=\"versanumer_2007\">12<\/span><\/a> Syndarinn gerir \u00fea\u00f0 sem illt er hundra\u00f0 sinnum og ver\u00f0ur samt gamall \u00fe\u00f3tt \u00e9g viti hins vegar a\u00f0 r\u00e9ttl\u00e1tum m\u00f6nnum, sem \u00f3ttast Gu\u00f0, vegnar vel. <a name=\"13\"><span class=\"versanumer_2007\">13<\/span><\/a> Hinum rangl\u00e1ta mun ekki vel vegna og hann ver\u00f0ur ekki langl\u00edfur fremur en skugginn af \u00fev\u00ed a\u00f0 hann \u00f3ttast ekki Gu\u00f0. <a name=\"14\"><span class=\"versanumer_2007\">14<\/span><\/a> \u00dea\u00f0 er h\u00e9g\u00f3mi sem gerist \u00e1 j\u00f6r\u00f0inni, a\u00f0 til eru r\u00e9ttl\u00e1tir menn sem ver\u00f0a fyrir \u00fev\u00ed sem rangl\u00e1tir eiga skili\u00f0 og til eru rangl\u00e1tir menn sem ver\u00f0a fyrir \u00fev\u00ed sem r\u00e9ttl\u00e1tir eiga skili\u00f0. \u00c9g sag\u00f0i: Einnig \u00fea\u00f0 er h\u00e9g\u00f3mi.<br \/> <a name=\"15\"><span class=\"versanumer_2007\">15<\/span><\/a> Og \u00e9g lofa\u00f0i gle\u00f0ina \u00fev\u00ed a\u00f0 ekkert betra er til fyrir manninn undir s\u00f3linni en a\u00f0 eta og drekka og vera gla\u00f0ur. Og \u00fea\u00f0 fylgir honum \u00ed striti hans um \u00e6vidagana sem Gu\u00f0 hefur gefi\u00f0 honum undir s\u00f3linni. <a name=\"16\"><span class=\"versanumer_2007\">16<\/span><\/a> \u00deegar \u00e9g kappkosta\u00f0i a\u00f0 kynna m\u00e9r speki og sj\u00e1 \u00feau verk sem unnin eru \u00e1 j\u00f6r\u00f0inni, \u00fev\u00ed a\u00f0 hvorki dag n\u00e9 n\u00f3tt kemur manni blundur \u00e1 auga, <a name=\"17\"><span class=\"versanumer_2007\">17<\/span><\/a> \u00fe\u00e1 s\u00e1 \u00e9g a\u00f0 ma\u00f0urinn getur ekki skili\u00f0 til fulls allt verk Gu\u00f0s, \u00fea\u00f0 verk sem gerist undir s\u00f3linni, \u00fev\u00ed a\u00f0 hversu mj\u00f6g sem ma\u00f0urinn gerir s\u00e9r far um a\u00f0 leita f\u00e6r hann \u00fe\u00f3 ekki skili\u00f0 \u00fea\u00f0 til fulls, og enda \u00fe\u00f3tt spekingurinn segist \u00feekkja \u00fea\u00f0 f\u00e6r hann ekki skili\u00f0 \u00fea\u00f0 til fulls heldur.<\/p>\n","protected":false},"excerpt":{"rendered":"<p>Or\u00f0 konungs er m\u00e1ttugt 1Hver er sem spekingurinnog hver skilur merkingu hlutanna? Speki mannsins h\u00fdrgar andlit hansog dregur \u00far h\u00f6rkunni \u00ed svipnum. 2\u00c9g segi: Var\u00f0veittu bo\u00f0 konungsins einmitt vegna ei\u00f0sins vi\u00f0 Gu\u00f0. 3Vertu ekki flj\u00f3tur til a\u00f0 ganga burt fr\u00e1 honum,gef\u00f0u \u00feig ekki a\u00f0 illu m\u00e1lefni.\u00dev\u00ed a\u00f0 hann gerir allt sem hann vill 4af \u00fev\u00ed a\u00f0 konungsor\u00f0 er m\u00e1ttugtog hver segir vi\u00f0 hann: Hva\u00f0 gerir \u00fe\u00fa? R\u00e1\u00f0 Gu\u00f0s er m\u00f6nnum huli\u00f0 5S\u00e1 sem var\u00f0veitir skipunina mun ekki ver\u00f0a fyrir neinu illuog hjarta viturs manns \u00feekkir t\u00edma og d\u00f3m. 6S\u00e9rhvert verk \u00e1 sinn t\u00edma og d\u00f3m,og b\u00f6l mannsins hv\u00edlir \u00feungt \u00e1 <a href=\"https:\/\/biblian.is\/biblian\/predikarinn-8-kafli\/\"> [&#8230;]<\/a><\/p>\n","protected":false},"author":1,"featured_media":0,"parent":0,"menu_order":0,"comment_status":"open","ping_status":"open","template":"bibliukaflar_NT.php","meta":{"footnotes":""},"class_list":["post-2284","page","type-page","status-publish","hentry"],"_links":{"self":[{"href":"https:\/\/biblian.is\/biblian\/wp-json\/wp\/v2\/pages\/2284","targetHints":{"allow":["GET"]}}],"collection":[{"href":"https:\/\/biblian.is\/biblian\/wp-json\/wp\/v2\/pages"}],"about":[{"href":"https:\/\/biblian.is\/biblian\/wp-json\/wp\/v2\/types\/page"}],"author":[{"embeddable":true,"href":"https:\/\/biblian.is\/biblian\/wp-json\/wp\/v2\/users\/1"}],"replies":[{"embeddable":true,"href":"https:\/\/biblian.is\/biblian\/wp-json\/wp\/v2\/comments?post=2284"}],"version-history":[{"count":0,"href":"https:\/\/biblian.is\/biblian\/wp-json\/wp\/v2\/pages\/2284\/revisions"}],"wp:attachment":[{"href":"https:\/\/biblian.is\/biblian\/wp-json\/wp\/v2\/media?parent=2284"}],"curies":[{"name":"wp","href":"https:\/\/api.w.org\/{rel}","templated":true}]}}