{"id":2283,"date":"2017-12-30T21:02:32","date_gmt":"2017-12-30T21:02:32","guid":{"rendered":"http:\/\/biblian.is\/biblian\/pr%c2%8edikarinn-7-kafli\/"},"modified":"2024-06-26T23:19:11","modified_gmt":"2024-06-26T23:19:11","slug":"predikarinn-7-kafli","status":"publish","type":"page","link":"https:\/\/biblian.is\/biblian\/predikarinn-7-kafli\/","title":{"rendered":"Pr\u00e9dikarinn 7. kafli"},"content":{"rendered":"<h3 class=\"millifyrirsogn_2007\"> Spekior\u00f0<\/h3>\n<p><span class=\"ljodatexti\"> <a name=\"1\"><span class=\"versanumer_ljod\">1<\/span><\/a>Betra er gott mannor\u00f0 en g\u00f3\u00f0 ilmsmyrsl<br \/> <\/span> <span class=\"ljodatexti\"> og betri er dau\u00f0adagur en f\u00e6\u00f0ingardagur.<br \/> <\/span> <span class=\"ljodatexti\"> <a name=\"2\"><span class=\"versanumer_ljod\">2<\/span><\/a>Betra er a\u00f0 ganga \u00ed sorgarh\u00fas<br \/>en a\u00f0 ganga \u00ed veislusal<br \/>\u00fev\u00ed a\u00f0 \u00fea\u00f0 eru endalok s\u00e9rhvers manns<br \/>og s\u00e1 sem lifir hugfestir \u00fea\u00f0.<br \/> <\/span> <span class=\"ljodatexti\"> <a name=\"3\"><span class=\"versanumer_ljod\">3<\/span><\/a>Betri er hrygg\u00f0 en hl\u00e1tur<br \/>\u00fev\u00ed a\u00f0 \u00feegar andliti\u00f0 er dapurt<br \/>l\u00ed\u00f0ur hjartanu vel.<br \/> <\/span> <span class=\"ljodatexti\"> <a name=\"4\"><span class=\"versanumer_ljod\">4<\/span><\/a>Hjarta spekinganna er \u00ed sorgarh\u00fasi<br \/>en hjarta heimskingjanna \u00ed gle\u00f0ih\u00fasi.<br \/> <\/span> <span class=\"ljodatexti\"> <a name=\"5\"><span class=\"versanumer_ljod\">5<\/span><\/a>Betra er a\u00f0 hl\u00fd\u00f0a \u00e1 \u00e1v\u00edtur viturs manns<br \/>en \u00e1 lofs\u00f6ng heimskra manna.<br \/> <\/span> <span class=\"ljodatexti\"> <a name=\"6\"><span class=\"versanumer_ljod\">6<\/span><\/a>Hl\u00e1tur heimskingjans er eins og<br \/>\u00feegar snarkar \u00ed hr\u00edsi undir potti.<br \/>Einnig \u00fea\u00f0 er h\u00e9g\u00f3mi.<br \/> <\/span> <span class=\"ljodatexti\"> <a name=\"7\"><span class=\"versanumer_ljod\">7<\/span><\/a>K\u00fagun gerir vitran mann a\u00f0 heimskingja<br \/>og m\u00fatur spilla hjartanu.<br \/> <\/span> <span class=\"ljodatexti\"> <a name=\"8\"><span class=\"versanumer_ljod\">8<\/span><\/a>Betri er endir m\u00e1ls en upphaf,<br \/>betri er \u00feolinm\u00f3\u00f0ur ma\u00f0ur en \u00fe\u00f3ttafullur.<br \/> <\/span> <span class=\"ljodatexti\"> <a name=\"9\"><span class=\"versanumer_ljod\">9<\/span><\/a>Vertu ekki au\u00f0reittur til rei\u00f0i<br \/>\u00fev\u00ed a\u00f0 gremja hv\u00edlir \u00ed brj\u00f3sti heimskra manna.<br \/> <\/span> <span class=\"ljodatexti\"> <a name=\"10\"><span class=\"versanumer_ljod\">10<\/span><\/a>Seg\u00f0u ekki: Hvernig stendur \u00e1 \u00fev\u00ed a\u00f0 hinir fyrri dagar voru betri en \u00feessir?<br \/>Ekki er \u00fea\u00f0 skynsamlegt a\u00f0 \u00fe\u00fa spyrjir svo.<br \/> <\/span> <span class=\"ljodatexti\"> <a name=\"11\"><span class=\"versanumer_ljod\">11<\/span><\/a>Speki er eins g\u00f3\u00f0 og \u00f3\u00f0al<br \/>og \u00e1vinningur fyrir \u00fe\u00e1 sem s\u00f3lina l\u00edta.<br \/> <\/span> <span class=\"ljodatexti\"> <a name=\"12\"><span class=\"versanumer_ljod\">12<\/span><\/a>\u00dev\u00ed a\u00f0 spekin veitir fors\u00e6lu<br \/>eins og silfri\u00f0 veitir fors\u00e6lu<br \/>en yfirbur\u00f0ir \u00feekkingarinnar eru \u00feeir<br \/>a\u00f0 spekin heldur l\u00edfinu \u00ed \u00feeim sem hana \u00e1.<br \/> <\/span> <span class=\"ljodatexti\"> <a name=\"13\"><span class=\"versanumer_ljod\">13<\/span><\/a>Sko\u00f0a \u00fe\u00fa verk Gu\u00f0s.<br \/>Hver getur gert \u00fea\u00f0 beint sem hann hefur gert bogi\u00f0?<br \/> <\/span> <span class=\"ljodatexti\"> <a name=\"14\"><span class=\"versanumer_ljod\">14<\/span><\/a>Vertu \u00ed g\u00f3\u00f0u skapi \u00e1 g\u00f3\u00f0um degi<br \/>og hugleiddu \u00feetta \u00e1 illum degi:<br \/>Gu\u00f0 hefur gert \u00feennan dag alveg eins og hinn<br \/>til \u00feess a\u00f0 ma\u00f0urinn ver\u00f0i einskis v\u00edsari um \u00fea\u00f0 sem s\u00ed\u00f0ar kemur. <\/span> <\/p>\n<h3 class=\"millifyrirsogn_2007\">Ver ekki of r\u00e9ttl\u00e1tur<\/h3>\n<p><span class=\"ljodatexti\"> <a name=\"15\"><span class=\"versanumer_ljod\">15<\/span><\/a>Allt hef \u00e9g s\u00e9\u00f0 \u00e1 minni f\u00e1n\u00fdtu \u00e6vi:<br \/> <\/span> <span class=\"ljodatexti\"> Margur r\u00e9ttl\u00e1tur ma\u00f0ur ferst \u00ed r\u00e9ttl\u00e6ti s\u00ednu<br \/>og margur gu\u00f0laus ma\u00f0ur lifir lengi \u00ed illsku sinni.<br \/> <\/span> <span class=\"ljodatexti\"> <a name=\"16\"><span class=\"versanumer_ljod\">16<\/span><\/a>Vertu ekki um of r\u00e9ttl\u00e1tur<br \/>og st\u00e6r\u00f0u \u00feig ekki af speki,<br \/>hv\u00ed vilt \u00fe\u00fa tort\u00edma sj\u00e1lfum \u00fe\u00e9r?<br \/> <\/span> <span class=\"ljodatexti\"> <a name=\"17\"><span class=\"versanumer_ljod\">17<\/span><\/a>Breyttu ekki of \u00f3gu\u00f0lega<br \/>og vertu ekki heimskur,<br \/>hv\u00ed vilt \u00fe\u00fa deyja \u00e1\u00f0ur en \u00feinn t\u00edmi er kominn?<br \/> <\/span> <span class=\"ljodatexti\"> <a name=\"18\"><span class=\"versanumer_ljod\">18<\/span><\/a>\u00dea\u00f0 er gott a\u00f0 \u00fe\u00fa haldir fast vi\u00f0 \u00feetta<br \/>en sleppir \u00fe\u00f3 ekki hendinni af hinu<br \/>\u00fev\u00ed a\u00f0 s\u00e1 sem \u00f3ttast Gu\u00f0 kemst hj\u00e1 \u00fev\u00ed \u00f6llu. <\/span> <br \/> <a name=\"19\"><span class=\"versanumer_2007\">19<\/span><\/a> Spekin veitir vitrum manni meiri m\u00e1tt en t\u00edu valdhafar sem eru \u00ed borginni.<br \/> <a name=\"20\"><span class=\"versanumer_2007\">20<\/span><\/a> Enginn r\u00e9ttl\u00e1tur ma\u00f0ur er til \u00e1 j\u00f6r\u00f0inni sem gert hefur gott eitt og aldrei syndga\u00f0.<br \/> <a name=\"21\"><span class=\"versanumer_2007\">21<\/span><\/a> Gef\u00f0u ekki heldur gaum \u00f6llum \u00feeim or\u00f0um sem t\u00f6lu\u00f0 eru, til \u00feess a\u00f0 \u00fe\u00fa heyrir ekki \u00fer\u00e6l \u00feinn b\u00f6lva \u00fe\u00e9r. <a name=\"22\"><span class=\"versanumer_2007\">22<\/span><\/a> Sj\u00e1lfur veistu a\u00f0 \u00fe\u00fa hefur einnig oft b\u00f6lva\u00f0 \u00f6\u00f0rum.<br \/> <a name=\"23\"><span class=\"versanumer_2007\">23<\/span><\/a> Allt \u00feetta hef \u00e9g rannsaka\u00f0 me\u00f0 speki. \u00c9g hugsa\u00f0i: \u00c9g vil ver\u00f0a vitur en hyggindin eru hulin. <a name=\"24\"><span class=\"versanumer_2007\">24<\/span><\/a> Fjarl\u00e6gt er \u00fea\u00f0 sem er og dj\u00fapt, j\u00e1 dj\u00fapt. Hver getur fundi\u00f0 \u00fea\u00f0? <a name=\"25\"><span class=\"versanumer_2007\">25<\/span><\/a> \u00c9g sneri m\u00e9r og einbeitti m\u00e9r a\u00f0 \u00fev\u00ed a\u00f0 \u00feekkja og rannsaka og leita visku og hygginda og a\u00f0 gera m\u00e9r lj\u00f3st a\u00f0 gu\u00f0leysi er heimska og heimska vitleysa. <a name=\"26\"><span class=\"versanumer_2007\">26<\/span><\/a> Og \u00e9g fann a\u00f0 konan er biturri en dau\u00f0inn \u00fev\u00ed a\u00f0 h\u00fan er net og hjarta hennar snara, hendur hennar fj\u00f6trar. S\u00e1 sem Gu\u00f0i \u00fe\u00f3knast kemst undan henni en syndarinn ver\u00f0ur fanginn af henni. <a name=\"27\"><span class=\"versanumer_2007\">27<\/span><\/a> Sj\u00e1, \u00feetta hef \u00e9g fundi\u00f0, segir pr\u00e9dikarinn, me\u00f0 \u00fev\u00ed a\u00f0 leggja eitt vi\u00f0 anna\u00f0 til \u00feess a\u00f0 komast a\u00f0 hyggindum. <a name=\"28\"><span class=\"versanumer_2007\">28<\/span><\/a> \u00dea\u00f0 sem \u00e9g hef leita\u00f0 a\u00f0 \u00e1n afl\u00e1ts en ekki fundi\u00f0, \u00fea\u00f0 er \u00feetta: Einn mann af \u00fe\u00fasundi hef \u00e9g fundi\u00f0 en konu hef \u00e9g aldrei fundi\u00f0 \u00e1 me\u00f0al allra \u00feeirra. <a name=\"29\"><span class=\"versanumer_2007\">29<\/span><\/a> Sj\u00e1, \u00feetta eitt hef \u00e9g fundi\u00f0, a\u00f0 Gu\u00f0 hefur skapa\u00f0 mennina r\u00e9tt en vangaveltur \u00feeirra ur\u00f0u of margar.<\/p>\n","protected":false},"excerpt":{"rendered":"<p>Spekior\u00f0 1Betra er gott mannor\u00f0 en g\u00f3\u00f0 ilmsmyrsl og betri er dau\u00f0adagur en f\u00e6\u00f0ingardagur. 2Betra er a\u00f0 ganga \u00ed sorgarh\u00fasen a\u00f0 ganga \u00ed veislusal\u00fev\u00ed a\u00f0 \u00fea\u00f0 eru endalok s\u00e9rhvers mannsog s\u00e1 sem lifir hugfestir \u00fea\u00f0. 3Betri er hrygg\u00f0 en hl\u00e1tur\u00fev\u00ed a\u00f0 \u00feegar andliti\u00f0 er dapurtl\u00ed\u00f0ur hjartanu vel. 4Hjarta spekinganna er \u00ed sorgarh\u00fasien hjarta heimskingjanna \u00ed gle\u00f0ih\u00fasi. 5Betra er a\u00f0 hl\u00fd\u00f0a \u00e1 \u00e1v\u00edtur viturs mannsen \u00e1 lofs\u00f6ng heimskra manna. 6Hl\u00e1tur heimskingjans er eins og\u00feegar snarkar \u00ed hr\u00edsi undir potti.Einnig \u00fea\u00f0 er h\u00e9g\u00f3mi. 7K\u00fagun gerir vitran mann a\u00f0 heimskingjaog m\u00fatur spilla hjartanu. 8Betri er endir m\u00e1ls en upphaf,betri er \u00feolinm\u00f3\u00f0ur ma\u00f0ur en <a href=\"https:\/\/biblian.is\/biblian\/predikarinn-7-kafli\/\"> [&#8230;]<\/a><\/p>\n","protected":false},"author":1,"featured_media":0,"parent":0,"menu_order":0,"comment_status":"open","ping_status":"open","template":"bibliukaflar_NT.php","meta":{"footnotes":""},"class_list":["post-2283","page","type-page","status-publish","hentry"],"_links":{"self":[{"href":"https:\/\/biblian.is\/biblian\/wp-json\/wp\/v2\/pages\/2283","targetHints":{"allow":["GET"]}}],"collection":[{"href":"https:\/\/biblian.is\/biblian\/wp-json\/wp\/v2\/pages"}],"about":[{"href":"https:\/\/biblian.is\/biblian\/wp-json\/wp\/v2\/types\/page"}],"author":[{"embeddable":true,"href":"https:\/\/biblian.is\/biblian\/wp-json\/wp\/v2\/users\/1"}],"replies":[{"embeddable":true,"href":"https:\/\/biblian.is\/biblian\/wp-json\/wp\/v2\/comments?post=2283"}],"version-history":[{"count":0,"href":"https:\/\/biblian.is\/biblian\/wp-json\/wp\/v2\/pages\/2283\/revisions"}],"wp:attachment":[{"href":"https:\/\/biblian.is\/biblian\/wp-json\/wp\/v2\/media?parent=2283"}],"curies":[{"name":"wp","href":"https:\/\/api.w.org\/{rel}","templated":true}]}}