{"id":2282,"date":"2017-12-30T21:02:32","date_gmt":"2017-12-30T21:02:32","guid":{"rendered":"http:\/\/biblian.is\/biblian\/pr%c2%8edikarinn-6-kafli\/"},"modified":"2024-06-26T23:19:11","modified_gmt":"2024-06-26T23:19:11","slug":"predikarinn-6-kafli","status":"publish","type":"page","link":"https:\/\/biblian.is\/biblian\/predikarinn-6-kafli\/","title":{"rendered":"Pr\u00e9dikarinn 6. kafli"},"content":{"rendered":"<h3 class=\"millifyrirsogn_2007\"> Girndin se\u00f0st aldrei<\/h3>\n<p><a name=\"1\"><span class=\"versanumer_2007\">1<\/span><\/a> Til er b\u00f6l sem \u00e9g hef s\u00e9\u00f0 undir s\u00f3linni og \u00fea\u00f0 hv\u00edlir \u00feungt \u00e1 m\u00f6nnunum: <a name=\"2\"><span class=\"versanumer_2007\">2<\/span><\/a> \u00deegar Gu\u00f0 gefur einhverjum manni r\u00edkid\u00e6mi, au\u00f0\u00e6fi og hei\u00f0ur svo a\u00f0 hann skortir ekkert af \u00fev\u00ed sem hann girnist en Gu\u00f0 gerir hann ekki f\u00e6ran um a\u00f0 nj\u00f3ta \u00feess, heldur n\u00fdtur annar ma\u00f0ur \u00feess, \u00fea\u00f0 er h\u00e9g\u00f3mi og vond \u00fej\u00e1ning.<br \/> <a name=\"3\"><span class=\"versanumer_2007\">3<\/span><\/a> \u00de\u00f3tt einhver eigna\u00f0ist hundra\u00f0 b\u00f6rn og lif\u00f0i m\u00f6rg \u00e1r og \u00e6vidagar hans yr\u00f0u margir en s\u00e1l hans metta\u00f0ist ekki af g\u00e6\u00f0um og hann fengi heldur enga greftrun, \u00fe\u00e1 segi \u00e9g: \u00d3t\u00edmabur\u00f0urinn er s\u00e6lli, <a name=\"4\"><span class=\"versanumer_2007\">4<\/span><\/a> hann er borinn til einskis og fer burt \u00ed myrkri og nafn hans er myrkri huli\u00f0. <a name=\"5\"><span class=\"versanumer_2007\">5<\/span><\/a> Hann hefur ekki heldur s\u00e9\u00f0 s\u00f3lina n\u00e9 \u00feekkt hana. Hann \u00e1 meiri fri\u00f0 en hinn. <a name=\"6\"><span class=\"versanumer_2007\">6<\/span><\/a> \u00de\u00f3tt hann lifi tv\u00f6 \u00fe\u00fasund \u00e1r en nj\u00f3ti einskis fagna\u00f0ar fer \u00fe\u00e1 ekki allt \u00e1 sama veg?<br \/> <a name=\"7\"><span class=\"versanumer_2007\">7<\/span><\/a> Allt strit mannsins er fyrir munn hans og \u00fe\u00f3 se\u00f0st girndin aldrei. <a name=\"8\"><span class=\"versanumer_2007\">8<\/span><\/a> Hva\u00f0a yfirbur\u00f0i hefur spekingurinn fram yfir heimskingjann? Hva\u00f0a yfirbur\u00f0i hinn snau\u00f0i \u00fe\u00f3tt hann kunni a\u00f0 koma r\u00e9tt fram vi\u00f0 a\u00f0ra? <a name=\"9\"><span class=\"versanumer_2007\">9<\/span><\/a> Er yndi augnanna betra en \u00e1kafi girndarinnar? Einnig \u00fea\u00f0 er h\u00e9g\u00f3mi og eftirs\u00f3kn eftir vindi.<\/p>\n<h3 class=\"millifyrirsogn_2007\">Allt er \u00e1kve\u00f0i\u00f0<\/h3>\n<p><a name=\"10\"><span class=\"versanumer_2007\">10<\/span><\/a> \u00dea\u00f0 sem fyrir kemur hefur l\u00f6ngu hloti\u00f0 nafn sitt og \u00fea\u00f0 er \u00e1kve\u00f0i\u00f0 hva\u00f0 menn eiga a\u00f0 ver\u00f0a og ma\u00f0urinn getur ekki deilt vi\u00f0 \u00feann sem honum er m\u00e1ttugri. <a name=\"11\"><span class=\"versanumer_2007\">11<\/span><\/a> \u00de\u00f3tt til s\u00e9u m\u00f6rg or\u00f0 sem auka \u00e1 h\u00e9g\u00f3mann, hverju er ma\u00f0urinn \u00fe\u00e1 b\u00e6ttari? <a name=\"12\"><span class=\"versanumer_2007\">12<\/span><\/a> \u00dev\u00ed a\u00f0 hver veit hva\u00f0 gott er fyrir manninn \u00ed l\u00edfinu alla daga hins f\u00e1n\u00fdta l\u00edfs hans er hann lifir sem skuggi? Hver segir manninum hva\u00f0 gerast muni eftir hans dag undir s\u00f3linni?<\/p>\n","protected":false},"excerpt":{"rendered":"<p>Girndin se\u00f0st aldrei 1 Til er b\u00f6l sem \u00e9g hef s\u00e9\u00f0 undir s\u00f3linni og \u00fea\u00f0 hv\u00edlir \u00feungt \u00e1 m\u00f6nnunum: 2 \u00deegar Gu\u00f0 gefur einhverjum manni r\u00edkid\u00e6mi, au\u00f0\u00e6fi og hei\u00f0ur svo a\u00f0 hann skortir ekkert af \u00fev\u00ed sem hann girnist en Gu\u00f0 gerir hann ekki f\u00e6ran um a\u00f0 nj\u00f3ta \u00feess, heldur n\u00fdtur annar ma\u00f0ur \u00feess, \u00fea\u00f0 er h\u00e9g\u00f3mi og vond \u00fej\u00e1ning. 3 \u00de\u00f3tt einhver eigna\u00f0ist hundra\u00f0 b\u00f6rn og lif\u00f0i m\u00f6rg \u00e1r og \u00e6vidagar hans yr\u00f0u margir en s\u00e1l hans metta\u00f0ist ekki af g\u00e6\u00f0um og hann fengi heldur enga greftrun, \u00fe\u00e1 segi \u00e9g: \u00d3t\u00edmabur\u00f0urinn er s\u00e6lli, 4 hann er borinn til einskis <a href=\"https:\/\/biblian.is\/biblian\/predikarinn-6-kafli\/\"> [&#8230;]<\/a><\/p>\n","protected":false},"author":1,"featured_media":0,"parent":0,"menu_order":0,"comment_status":"open","ping_status":"open","template":"bibliukaflar_NT.php","meta":{"footnotes":""},"class_list":["post-2282","page","type-page","status-publish","hentry"],"_links":{"self":[{"href":"https:\/\/biblian.is\/biblian\/wp-json\/wp\/v2\/pages\/2282","targetHints":{"allow":["GET"]}}],"collection":[{"href":"https:\/\/biblian.is\/biblian\/wp-json\/wp\/v2\/pages"}],"about":[{"href":"https:\/\/biblian.is\/biblian\/wp-json\/wp\/v2\/types\/page"}],"author":[{"embeddable":true,"href":"https:\/\/biblian.is\/biblian\/wp-json\/wp\/v2\/users\/1"}],"replies":[{"embeddable":true,"href":"https:\/\/biblian.is\/biblian\/wp-json\/wp\/v2\/comments?post=2282"}],"version-history":[{"count":0,"href":"https:\/\/biblian.is\/biblian\/wp-json\/wp\/v2\/pages\/2282\/revisions"}],"wp:attachment":[{"href":"https:\/\/biblian.is\/biblian\/wp-json\/wp\/v2\/media?parent=2282"}],"curies":[{"name":"wp","href":"https:\/\/api.w.org\/{rel}","templated":true}]}}