{"id":2281,"date":"2017-12-30T21:02:32","date_gmt":"2017-12-30T21:02:32","guid":{"rendered":"http:\/\/biblian.is\/biblian\/pr%c2%8edikarinn-5-kafli\/"},"modified":"2024-06-26T23:19:10","modified_gmt":"2024-06-26T23:19:10","slug":"predikarinn-5-kafli","status":"publish","type":"page","link":"https:\/\/biblian.is\/biblian\/predikarinn-5-kafli\/","title":{"rendered":"Pr\u00e9dikarinn 5. kafli"},"content":{"rendered":"<p><a name=\"1\"><span class=\"versanumer_2007\">1<\/span><\/a> Vertu ekki or\u00f0hvatur, hjarta \u00feitt hra\u00f0i s\u00e9r ekki a\u00f0 m\u00e6la or\u00f0 frammi fyrir Gu\u00f0i. Gu\u00f0 er \u00e1 himnum en \u00fe\u00fa \u00e1 j\u00f6r\u00f0u, vertu \u00fev\u00ed ekki margor\u00f0ur.<br \/> <a name=\"2\"><span class=\"versanumer_2007\">2<\/span><\/a> Draumar koma \u00fear sem \u00e1hyggjurnar eru miklar og \u00far ver\u00f0ur heimskutal \u00fear sem m\u00f6rg or\u00f0 eru vi\u00f0h\u00f6f\u00f0.<br \/> <a name=\"3\"><span class=\"versanumer_2007\">3<\/span><\/a> \u00deegar \u00fe\u00fa gerir Gu\u00f0i heit fresta\u00f0u \u00fe\u00e1 ekki a\u00f0 efna \u00fea\u00f0 \u00fev\u00ed a\u00f0 hann hefur ekki vel\u00fe\u00f3knun \u00e1 heimskingjum. Efndu \u00fea\u00f0 sem \u00fe\u00fa lofar. <a name=\"4\"><span class=\"versanumer_2007\">4<\/span><\/a> Betra er a\u00f0 \u00fe\u00fa heitir engu en a\u00f0 \u00fe\u00fa heitir og efnir ekki. <a name=\"5\"><span class=\"versanumer_2007\">5<\/span><\/a> Leyf\u00f0u ekki munni \u00fe\u00ednum a\u00f0 baka l\u00edkama \u00fe\u00ednum sekt og seg\u00f0u ekki vi\u00f0 sendibo\u00f0ann: \u00dea\u00f0 var flj\u00f3tf\u00e6rni. Hvers vegna \u00e1 Gu\u00f0 a\u00f0 rei\u00f0ast or\u00f0um \u00fe\u00ednum og skemma verk handa \u00feinna? <a name=\"6\"><span class=\"versanumer_2007\">6<\/span><\/a> \u00dev\u00ed a\u00f0 \u00fear sem miki\u00f0 er um drauma og or\u00f0, \u00fear er og mikill h\u00e9g\u00f3mi. \u00d3ttastu heldur Gu\u00f0.<\/p>\n<h3 class=\"millifyrirsogn_2007\">Gott og fagurt<\/h3>\n<p><a name=\"7\"><span class=\"versanumer_2007\">7<\/span><\/a> Sj\u00e1ir \u00fe\u00fa hinn snau\u00f0a undiroka\u00f0an og a\u00f0 r\u00e9tti og r\u00e9ttl\u00e6ti er halla\u00f0 \u00ed h\u00e9ra\u00f0inu \u00fe\u00e1 fur\u00f0a \u00fe\u00fa \u00feig ekki \u00e1 \u00fev\u00ed ath\u00e6fi \u00fev\u00ed a\u00f0 h\u00e1r vakir yfir h\u00e1um og hinn h\u00e6sti yfir \u00feeim \u00f6llum. <a name=\"8\"><span class=\"versanumer_2007\">8<\/span><\/a> Konungur hlynntur jar\u00f0yrkju er landinu mikill \u00e1vinningur.<br \/> <a name=\"9\"><span class=\"versanumer_2007\">9<\/span><\/a> S\u00e1 sem elskar peninga se\u00f0st aldrei af peningum og s\u00e1 sem elskar au\u00f0inn hefur ekki gagn af honum. Einnig \u00fea\u00f0 er h\u00e9g\u00f3mi.<br \/> <a name=\"10\"><span class=\"versanumer_2007\">10<\/span><\/a> \u00dear sem eigurnar vaxa, \u00fear fj\u00f6lgar og \u00feeim er ey\u00f0a \u00feeim, og hva\u00f0a gagn hefur eigandinn af \u00feeim anna\u00f0 en a\u00f0 horfa \u00e1 \u00fe\u00e6r?<br \/> <a name=\"11\"><span class=\"versanumer_2007\">11<\/span><\/a> S\u00e6tur er svefninn \u00feeim sem erfi\u00f0ar, hvort sem hann matast l\u00edti\u00f0 e\u00f0a miki\u00f0, en offylli au\u00f0manns lj\u00e6r honum ekki svefnfri\u00f0. <a name=\"12\"><span class=\"versanumer_2007\">12<\/span><\/a> Miki\u00f0 b\u00f6l hef \u00e9g s\u00e9\u00f0 undir s\u00f3linni: au\u00f0 sem eigandinn var\u00f0veitir sj\u00e1lfum s\u00e9r til \u00f3gagns. <a name=\"13\"><span class=\"versanumer_2007\">13<\/span><\/a> Glatist \u00feessi au\u00f0ur fyrir slys og hafi eigandinn eignast son, \u00fe\u00e1 ver\u00f0ur ekkert til handa honum. <a name=\"14\"><span class=\"versanumer_2007\">14<\/span><\/a> Eins og hann kom af m\u00f3\u00f0url\u00edfi, eins mun hann fara burt aftur nakinn eins og hann kom og hann mun ekkert taka me\u00f0 s\u00e9r fyrir strit sitt, sem hann f\u00e1i bori\u00f0 \u00ed hendi s\u00e9r. <a name=\"15\"><span class=\"versanumer_2007\">15<\/span><\/a> \u00dea\u00f0 er einnig afleitt b\u00f6l: Hann mun fara aftur \u00f6ldungis eins og hann kom og hva\u00f0a gagn hefur hann af \u00fev\u00ed a\u00f0 hann stritar \u00fat \u00ed ve\u00f0ur og vind? <a name=\"16\"><span class=\"versanumer_2007\">16<\/span><\/a> Allan aldur sinn elur hann \u00ed myrkri, vi\u00f0 sorg og mikla gremju, \u00fej\u00e1ningu og rei\u00f0i.<br \/> <a name=\"17\"><span class=\"versanumer_2007\">17<\/span><\/a> \u00dea\u00f0 sem m\u00e9r hefur virst gott og fagurt er a\u00f0 ma\u00f0urinn eti og drekki og nj\u00f3ti fagna\u00f0ar af \u00f6llu striti s\u00ednu \u00fev\u00ed er hann streitist vi\u00f0 undir s\u00f3linni alla \u00e6vidaga s\u00edna, \u00fe\u00e1 er Gu\u00f0 gefur honum, \u00fev\u00ed a\u00f0 \u00fea\u00f0 er hlutdeild hans. <a name=\"18\"><span class=\"versanumer_2007\">18<\/span><\/a> \u00deegar Gu\u00f0 gefur einhverjum r\u00edkid\u00e6mi og au\u00f0\u00e6fi og gerir hann f\u00e6ran um a\u00f0 nj\u00f3ta \u00feess, taka hlutdeild s\u00edna og a\u00f0 gle\u00f0jast yfir starfi s\u00ednu, \u00fe\u00e1 er \u00fea\u00f0 einnig Gu\u00f0s gj\u00f6f. <a name=\"19\"><span class=\"versanumer_2007\">19<\/span><\/a> Sl\u00edkur ma\u00f0ur hugsar ekki miki\u00f0 um \u00e6vidaga l\u00edfs s\u00edns me\u00f0an Gu\u00f0 f\u00e6r honum n\u00f3g a\u00f0 s\u00fdsla vi\u00f0 f\u00f6gnu\u00f0 hjarta s\u00edns.<\/p>\n","protected":false},"excerpt":{"rendered":"<p>1 Vertu ekki or\u00f0hvatur, hjarta \u00feitt hra\u00f0i s\u00e9r ekki a\u00f0 m\u00e6la or\u00f0 frammi fyrir Gu\u00f0i. Gu\u00f0 er \u00e1 himnum en \u00fe\u00fa \u00e1 j\u00f6r\u00f0u, vertu \u00fev\u00ed ekki margor\u00f0ur. 2 Draumar koma \u00fear sem \u00e1hyggjurnar eru miklar og \u00far ver\u00f0ur heimskutal \u00fear sem m\u00f6rg or\u00f0 eru vi\u00f0h\u00f6f\u00f0. 3 \u00deegar \u00fe\u00fa gerir Gu\u00f0i heit fresta\u00f0u \u00fe\u00e1 ekki a\u00f0 efna \u00fea\u00f0 \u00fev\u00ed a\u00f0 hann hefur ekki vel\u00fe\u00f3knun \u00e1 heimskingjum. Efndu \u00fea\u00f0 sem \u00fe\u00fa lofar. 4 Betra er a\u00f0 \u00fe\u00fa heitir engu en a\u00f0 \u00fe\u00fa heitir og efnir ekki. 5 Leyf\u00f0u ekki munni \u00fe\u00ednum a\u00f0 baka l\u00edkama \u00fe\u00ednum sekt og seg\u00f0u ekki vi\u00f0 sendibo\u00f0ann: \u00dea\u00f0 <a href=\"https:\/\/biblian.is\/biblian\/predikarinn-5-kafli\/\"> [&#8230;]<\/a><\/p>\n","protected":false},"author":1,"featured_media":0,"parent":0,"menu_order":0,"comment_status":"open","ping_status":"open","template":"bibliukaflar_NT.php","meta":{"footnotes":""},"class_list":["post-2281","page","type-page","status-publish","hentry"],"_links":{"self":[{"href":"https:\/\/biblian.is\/biblian\/wp-json\/wp\/v2\/pages\/2281","targetHints":{"allow":["GET"]}}],"collection":[{"href":"https:\/\/biblian.is\/biblian\/wp-json\/wp\/v2\/pages"}],"about":[{"href":"https:\/\/biblian.is\/biblian\/wp-json\/wp\/v2\/types\/page"}],"author":[{"embeddable":true,"href":"https:\/\/biblian.is\/biblian\/wp-json\/wp\/v2\/users\/1"}],"replies":[{"embeddable":true,"href":"https:\/\/biblian.is\/biblian\/wp-json\/wp\/v2\/comments?post=2281"}],"version-history":[{"count":0,"href":"https:\/\/biblian.is\/biblian\/wp-json\/wp\/v2\/pages\/2281\/revisions"}],"wp:attachment":[{"href":"https:\/\/biblian.is\/biblian\/wp-json\/wp\/v2\/media?parent=2281"}],"curies":[{"name":"wp","href":"https:\/\/api.w.org\/{rel}","templated":true}]}}