{"id":2280,"date":"2017-12-30T21:02:32","date_gmt":"2017-12-30T21:02:32","guid":{"rendered":"http:\/\/biblian.is\/biblian\/pr%c2%8edikarinn-4-kafli\/"},"modified":"2024-06-26T23:19:10","modified_gmt":"2024-06-26T23:19:10","slug":"predikarinn-4-kafli","status":"publish","type":"page","link":"https:\/\/biblian.is\/biblian\/predikarinn-4-kafli\/","title":{"rendered":"Pr\u00e9dikarinn 4. kafli"},"content":{"rendered":"<h3 class=\"millifyrirsogn_2007\"> K\u00fagun og b\u00f6l<\/h3>\n<p><a name=\"1\"><span class=\"versanumer_2007\">1<\/span><\/a> Enn s\u00e1 \u00e9g alla \u00fe\u00e1 k\u00fagun sem vi\u00f0gengst undir s\u00f3linni: \u00dear streyma t\u00e1r hinna undiroku\u00f0u en enginn huggar \u00fe\u00e1. Af hendi k\u00fagara sinna s\u00e6ta \u00feeir ofbeldi en enginn huggar \u00fe\u00e1. <a name=\"2\"><span class=\"versanumer_2007\">2<\/span><\/a> \u00de\u00e1 taldi \u00e9g hina framli\u00f0nu s\u00e6la, \u00fe\u00e1 sem l\u00f6ngu eru d\u00e1nir, s\u00e6lli en hina lifandi, \u00fe\u00e1 sem enn eru uppi, <a name=\"3\"><span class=\"versanumer_2007\">3<\/span><\/a> en \u00feann s\u00e6lli \u00feeim b\u00e1\u00f0um sem enn er ekki f\u00e6ddur og ekki hefur liti\u00f0 \u00f3d\u00e6\u00f0in sem framin eru undir s\u00f3linni.<br \/> <a name=\"4\"><span class=\"versanumer_2007\">4<\/span><\/a> \u00c9g s\u00e1 a\u00f0 allt strit og \u00f6ll elja er ekki anna\u00f0 en \u00f6fund eins manns vi\u00f0 annan. Einnig \u00fea\u00f0 er h\u00e9g\u00f3mi og eftirs\u00f3kn eftir vindi.<br \/> <a name=\"5\"><span class=\"versanumer_2007\">5<\/span><\/a> Heimskinginn leggur hendur \u00ed skaut og t\u00e6rist upp.<span class=\"nedan_mal\" title=\" Or\u00f0r\u00e9tt: etur eigi\u00f0 hold.\">[<\/span> <br \/> <a name=\"6\"><span class=\"versanumer_2007\">6<\/span><\/a> Betri er hnefafylli af r\u00f3 en b\u00e1\u00f0ar hendur fullar af striti og eftirs\u00f3kn eftir vindi.<\/p>\n<h3 class=\"millifyrirsogn_2007\">B\u00e1gt er a\u00f0 vera einn<\/h3>\n<p><a name=\"7\"><span class=\"versanumer_2007\">7<\/span><\/a> Enn s\u00e1 \u00e9g h\u00e9g\u00f3ma undir s\u00f3linni:<br \/> <a name=\"8\"><span class=\"versanumer_2007\">8<\/span><\/a> Ma\u00f0ur stendur einn og enginn annar me\u00f0 honum, hann \u00e1 hvorki son n\u00e9 br\u00f3\u00f0ur og \u00fe\u00f3 er enginn endir \u00e1 \u00f6llu striti hans og au\u00f0urinn mettar ekki augu hans. Fyrir hvern er \u00e9g \u00fe\u00e1 a\u00f0 stritast og fyrir hvern l\u00e6t \u00e9g \u00fe\u00e1 sj\u00e1lfan mig fara g\u00f3\u00f0s \u00e1 mis? Einnig \u00feetta er h\u00e9g\u00f3mi og lei\u00f0 \u00feraut.<br \/> <a name=\"9\"><span class=\"versanumer_2007\">9<\/span><\/a> Betri eru tveir en einn \u00fev\u00ed a\u00f0 \u00feeir hafa betri laun fyrir strit sitt. <a name=\"10\"><span class=\"versanumer_2007\">10<\/span><\/a> Falli annar \u00feeirra getur hinn reist f\u00e9laga sinn \u00e1 f\u00e6tur en vei einst\u00e6\u00f0ingnum sem fellur og enginn er til a\u00f0 reisa \u00e1 f\u00e6tur.<br \/> <a name=\"11\"><span class=\"versanumer_2007\">11<\/span><\/a> Ef tveir sofa saman er \u00feeim heitt en hvernig getur \u00feeim hitna\u00f0 sem er einn? <a name=\"12\"><span class=\"versanumer_2007\">12<\/span><\/a> Ef einhver r\u00e6\u00f0st \u00e1 \u00feann sem er einn munu tveir geta sta\u00f0ist hann og \u00ferefaldan \u00fer\u00e1\u00f0 er torvelt a\u00f0 sl\u00edta.<\/p>\n<h3 class=\"millifyrirsogn_2007\">Hverfult er heimsl\u00e1n<\/h3>\n<p><a name=\"13\"><span class=\"versanumer_2007\">13<\/span><\/a> Betri er f\u00e1t\u00e6kur unglingur og vitur en gamall konungur, s\u00e9 hann heimskur og taki ekki fort\u00f6lum. <a name=\"14\"><span class=\"versanumer_2007\">14<\/span><\/a> \u00dev\u00ed a\u00f0 hann gekk \u00fat \u00far d\u00fdflissunni og var\u00f0 konungur \u00fe\u00f3tt hann hef\u00f0i f\u00e6\u00f0st snau\u00f0ur \u00ed r\u00edki annars. <a name=\"15\"><span class=\"versanumer_2007\">15<\/span><\/a> \u00c9g s\u00e1 alla lifandi menn undir s\u00f3linni vera \u00e1 bandi unglingsins, hins annars, \u00feess er koma \u00e1tti \u00ed hins sta\u00f0. <a name=\"16\"><span class=\"versanumer_2007\">16<\/span><\/a> Enginn endir var \u00e1 \u00f6llu \u00fev\u00ed f\u00f3lki, \u00e1 \u00f6llum \u00feeim sem hann stj\u00f3rna\u00f0i. En afkomendur hans gl\u00f6ddust ekki yfir honum. Einnig \u00fea\u00f0 er h\u00e9g\u00f3mi og eftirs\u00f3kn eftir vindi.<\/p>\n<h3 class=\"millifyrirsogn_2007\">Haf\u00f0u g\u00e1t \u00e1 \u00fe\u00e9r<\/h3>\n<p><a name=\"17\"><span class=\"versanumer_2007\">17<\/span><\/a> Haf\u00f0u g\u00e1t \u00e1 \u00fe\u00e9r \u00feegar \u00fe\u00fa gengur \u00ed Gu\u00f0s h\u00fas \u00fev\u00ed a\u00f0 betra er a\u00f0 koma \u00feanga\u00f0 til \u00feess a\u00f0 hlusta heldur en a\u00f0 heimskingjar f\u00e6ri sl\u00e1turf\u00f3rn \u00fev\u00ed a\u00f0 \u00feeir vita ekkert og gera \u00fea\u00f0 sem illt er.<\/p>\n","protected":false},"excerpt":{"rendered":"<p>K\u00fagun og b\u00f6l 1 Enn s\u00e1 \u00e9g alla \u00fe\u00e1 k\u00fagun sem vi\u00f0gengst undir s\u00f3linni: \u00dear streyma t\u00e1r hinna undiroku\u00f0u en enginn huggar \u00fe\u00e1. Af hendi k\u00fagara sinna s\u00e6ta \u00feeir ofbeldi en enginn huggar \u00fe\u00e1. 2 \u00de\u00e1 taldi \u00e9g hina framli\u00f0nu s\u00e6la, \u00fe\u00e1 sem l\u00f6ngu eru d\u00e1nir, s\u00e6lli en hina lifandi, \u00fe\u00e1 sem enn eru uppi, 3 en \u00feann s\u00e6lli \u00feeim b\u00e1\u00f0um sem enn er ekki f\u00e6ddur og ekki hefur liti\u00f0 \u00f3d\u00e6\u00f0in sem framin eru undir s\u00f3linni. 4 \u00c9g s\u00e1 a\u00f0 allt strit og \u00f6ll elja er ekki anna\u00f0 en \u00f6fund eins manns vi\u00f0 annan. Einnig \u00fea\u00f0 er h\u00e9g\u00f3mi og eftirs\u00f3kn <a href=\"https:\/\/biblian.is\/biblian\/predikarinn-4-kafli\/\"> [&#8230;]<\/a><\/p>\n","protected":false},"author":1,"featured_media":0,"parent":0,"menu_order":0,"comment_status":"open","ping_status":"open","template":"bibliukaflar_NT.php","meta":{"footnotes":""},"class_list":["post-2280","page","type-page","status-publish","hentry"],"_links":{"self":[{"href":"https:\/\/biblian.is\/biblian\/wp-json\/wp\/v2\/pages\/2280","targetHints":{"allow":["GET"]}}],"collection":[{"href":"https:\/\/biblian.is\/biblian\/wp-json\/wp\/v2\/pages"}],"about":[{"href":"https:\/\/biblian.is\/biblian\/wp-json\/wp\/v2\/types\/page"}],"author":[{"embeddable":true,"href":"https:\/\/biblian.is\/biblian\/wp-json\/wp\/v2\/users\/1"}],"replies":[{"embeddable":true,"href":"https:\/\/biblian.is\/biblian\/wp-json\/wp\/v2\/comments?post=2280"}],"version-history":[{"count":0,"href":"https:\/\/biblian.is\/biblian\/wp-json\/wp\/v2\/pages\/2280\/revisions"}],"wp:attachment":[{"href":"https:\/\/biblian.is\/biblian\/wp-json\/wp\/v2\/media?parent=2280"}],"curies":[{"name":"wp","href":"https:\/\/api.w.org\/{rel}","templated":true}]}}