{"id":2278,"date":"2017-12-30T21:02:32","date_gmt":"2017-12-30T21:02:32","guid":{"rendered":"http:\/\/biblian.is\/biblian\/pr%c2%8edikarinn-2-kafli\/"},"modified":"2024-06-26T23:19:10","modified_gmt":"2024-06-26T23:19:10","slug":"predikarinn-2-kafli","status":"publish","type":"page","link":"https:\/\/biblian.is\/biblian\/predikarinn-2-kafli\/","title":{"rendered":"Pr\u00e9dikarinn 2. kafli"},"content":{"rendered":"<h3 class=\"millifyrirsogn_2007\"> Einnig l\u00edfsnautnin er h\u00e9g\u00f3mi<\/h3>\n<p><a name=\"1\"><span class=\"versanumer_2007\">1<\/span><\/a> \u00c9g sag\u00f0i vi\u00f0 sj\u00e1lfan mig: J\u00e6ja \u00fe\u00e1, reyndu gle\u00f0ina og nj\u00f3ttu g\u00e6\u00f0a l\u00edfsins. En einnig \u00fea\u00f0 var h\u00e9g\u00f3mi. <a name=\"2\"><span class=\"versanumer_2007\">2<\/span><\/a> Um hl\u00e1turinn sag\u00f0i \u00e9g: Hann er vitlaus. Um gle\u00f0ina sag\u00f0i \u00e9g: Hverju f\u00e6r h\u00fan \u00e1orka\u00f0? <a name=\"3\"><span class=\"versanumer_2007\">3<\/span><\/a> M\u00e9r kom til hugar a\u00f0 g\u00e6\u00f0a l\u00edkama m\u00ednum \u00e1 v\u00edni en l\u00e1ta hjarta mitt \u00fe\u00f3 hafa g\u00e1t \u00e1 \u00f6llu og a\u00f0 halda fast vi\u00f0 heimskuna uns \u00e9g s\u00e6i hva\u00f0 m\u00f6nnum v\u00e6ri til gagns a\u00f0 gera undir himninum alla \u00e6vidaga s\u00edna. <a name=\"4\"><span class=\"versanumer_2007\">4<\/span><\/a> \u00c9g vann st\u00f3rvirki: \u00c9g reisti m\u00e9r h\u00fas, \u00e9g ger\u00f0i m\u00e9r v\u00edngar\u00f0a, <a name=\"5\"><span class=\"versanumer_2007\">5<\/span><\/a> jurtagar\u00f0a og aldingar\u00f0a og gr\u00f3\u00f0ursetti \u00fear hvers kyns aldintr\u00e9, <a name=\"6\"><span class=\"versanumer_2007\">6<\/span><\/a> \u00e9g bj\u00f3 m\u00e9r til vatnstjarnir til \u00feess a\u00f0 v\u00f6kva sk\u00f3g \u00ed n\u00fdr\u00e6kt, <a name=\"7\"><span class=\"versanumer_2007\">7<\/span><\/a> \u00e9g keypti \u00fer\u00e6la og amb\u00e1ttir og \u00e9g \u00e1tti heimaf\u00e6dd hj\u00fa. \u00c9g \u00e1tti einnig meiri hjar\u00f0ir nauta og sau\u00f0a en allir \u00feeir sem h\u00f6f\u00f0u r\u00edkt \u00e1 undan m\u00e9r \u00ed Jer\u00fasalem. <a name=\"8\"><span class=\"versanumer_2007\">8<\/span><\/a> \u00c9g safna\u00f0i m\u00e9r silfri og gulli og fj\u00e1rsj\u00f3\u00f0um fr\u00e1 konungum og \u00f6\u00f0rum l\u00f6ndum. \u00c9g f\u00e9kk m\u00e9r s\u00f6ngmenn og s\u00f6ngkonur og sj\u00e1lft karlmannsyndi\u00f0, fj\u00f6lda kvenna. <a name=\"9\"><span class=\"versanumer_2007\">9<\/span><\/a> \u00c9g var\u00f0 mikill og meiri \u00f6llum \u00feeim er r\u00edkt h\u00f6f\u00f0u \u00ed Jer\u00fasalem \u00e1 undan m\u00e9r. Speki \u00feraut mig ekki heldur. <a name=\"10\"><span class=\"versanumer_2007\">10<\/span><\/a> Allt \u00fea\u00f0 sem augu m\u00edn girntust, \u00fea\u00f0 l\u00e9t \u00e9g eftir \u00feeim. \u00c9g neita\u00f0i ekki hjarta m\u00ednu um nokkurn muna\u00f0 \u00fev\u00ed a\u00f0 hjarta mitt haf\u00f0i \u00e1n\u00e6gju af eljusemi minni og \u00feetta var afrakstur dugna\u00f0ar m\u00edns. <a name=\"11\"><span class=\"versanumer_2007\">11<\/span><\/a> En svo leit \u00e9g \u00e1 \u00f6ll verk m\u00edn, \u00feau sem hendur m\u00ednar h\u00f6f\u00f0u unni\u00f0, og \u00e1 \u00fe\u00e1 fyrirh\u00f6fn er \u00e9g haf\u00f0i haft af \u00feeim og \u00fe\u00e1 s\u00e1 \u00e9g a\u00f0 allt var \u00fea\u00f0 h\u00e9g\u00f3mi og eftirs\u00f3kn eftir vindi og a\u00f0 enginn \u00e1vinningur er til undir s\u00f3linni.<\/p>\n<h3 class=\"millifyrirsogn_2007\">Speki og heimska<\/h3>\n<p><a name=\"12\"><span class=\"versanumer_2007\">12<\/span><\/a> \u00c9g t\u00f3k \u00fev\u00ed a\u00f0 vir\u00f0a fyrir m\u00e9r speki og fl\u00f3nsku og heimsku \u00fev\u00ed a\u00f0 hva\u00f0 mun s\u00e1 ma\u00f0ur gera er tekur vi\u00f0 af konungi? Ekki anna\u00f0 en \u00fea\u00f0 sem menn hafa gert fyrir l\u00f6ngu. <a name=\"13\"><span class=\"versanumer_2007\">13<\/span><\/a> \u00de\u00e1 s\u00e1 \u00e9g a\u00f0 spekin ber af heimskunni eins og lj\u00f3si\u00f0 ber af myrkrinu.<br \/> <span class=\"ljodatexti\"> <a name=\"14\"><span class=\"versanumer_ljod\">14<\/span><\/a>Vitur ma\u00f0ur hefur augun hj\u00e1 s\u00e9r<br \/>en heimskinginn gengur \u00ed myrkri. <\/span> <br \/>Jafnframt t\u00f3k \u00e9g eftir \u00fev\u00ed a\u00f0 eitt og hi\u00f0 sama kemur fram \u00e1 \u00f6llum. <a name=\"15\"><span class=\"versanumer_2007\">15<\/span><\/a> Og \u00e9g sag\u00f0i vi\u00f0 sj\u00e1lfan mig: \u00dea\u00f0 sem kemur fyrir heimskingjann kemur einnig fram vi\u00f0 mig og til hvers hef \u00e9g \u00fe\u00e1 or\u00f0i\u00f0 svo fr\u00e1b\u00e6rlega vitur? \u00de\u00e1 fann \u00e9g \u00ed hjarta m\u00ednu a\u00f0 einnig \u00fea\u00f0 var h\u00e9g\u00f3mi. <a name=\"16\"><span class=\"versanumer_2007\">16<\/span><\/a> \u00dev\u00ed a\u00f0 menn minnast ekki hins vitra a\u00f0 eil\u00edfu fremur en heimskingjans \u00fev\u00ed a\u00f0 allir ver\u00f0a \u00feeir l\u00f6ngu gleymdir \u00e1 \u00f3komnum t\u00edmum, og deyr ekki jafnt vitur sem heimskur? <a name=\"17\"><span class=\"versanumer_2007\">17<\/span><\/a> \u00de\u00e1 var\u00f0 \u00e9g andsn\u00fainn l\u00edfinu. M\u00e9r misl\u00edka\u00f0i \u00fea\u00f0 sem gerist undir s\u00f3linni \u00fev\u00ed a\u00f0 allt er \u00fea\u00f0 h\u00e9g\u00f3mi og eftirs\u00f3kn eftir vindi. <a name=\"18\"><span class=\"versanumer_2007\">18<\/span><\/a> M\u00e9r var\u00f0 illa vi\u00f0 eigi\u00f0 erfi\u00f0i sem \u00e9g streittist vi\u00f0 undir s\u00f3linni. \u00dea\u00f0 ver\u00f0 \u00e9g a\u00f0 eftirl\u00e1ta \u00feeim manni er kemur eftir mig. <a name=\"19\"><span class=\"versanumer_2007\">19<\/span><\/a> Hver veit hvort hann ver\u00f0ur spekingur e\u00f0a heimskingi? \u00de\u00f3 \u00e1 hann a\u00f0 r\u00e1\u00f0a yfir \u00f6llu \u00fev\u00ed erfi\u00f0i sem \u00e9g hef stritast vi\u00f0 og fari\u00f0 viturlega me\u00f0 undir s\u00f3linni. Einnig \u00fea\u00f0 er h\u00e9g\u00f3mi. <a name=\"20\"><span class=\"versanumer_2007\">20<\/span><\/a> \u00de\u00e1 f\u00f3r svo a\u00f0 hjarta mitt \u00f6rv\u00e6nti yfir \u00f6llu \u00fev\u00ed erfi\u00f0i sem \u00e9g haf\u00f0i haft undir s\u00f3linni. <a name=\"21\"><span class=\"versanumer_2007\">21<\/span><\/a> Hafi einhver unni\u00f0 starf sitt af hyggindum, \u00feekkingu og dugna\u00f0i ver\u00f0ur hann a\u00f0 selja \u00fea\u00f0 \u00f6\u00f0rum \u00ed hendur sem ekkert hefur fyrir \u00fev\u00ed haft. Einnig \u00fea\u00f0 er h\u00e9g\u00f3mi og miki\u00f0 b\u00f6l. <a name=\"22\"><span class=\"versanumer_2007\">22<\/span><\/a> Hva\u00f0 f\u00e6r \u00fe\u00e1 ma\u00f0urinn fyrir allt strit sitt og hugarangur sem m\u00e6\u00f0ir hann undir s\u00f3linni? <a name=\"23\"><span class=\"versanumer_2007\">23<\/span><\/a> Dagar hans eru honum allir kv\u00f6l og starf hans er arm\u00e6\u00f0a. Jafnvel \u00e1 n\u00e6turnar f\u00e6r hjarta hans ekki hv\u00edld. Einnig \u00feetta er h\u00e9g\u00f3mi.<\/p>\n<h3 class=\"millifyrirsogn_2007\">L\u00edfsgle\u00f0in er Gu\u00f0s gj\u00f6f<\/h3>\n<p><a name=\"24\"><span class=\"versanumer_2007\">24<\/span><\/a> Ekkert hugnast m\u00f6nnum betur en a\u00f0 matast og drekka og l\u00e1ta s\u00e1l s\u00edna nj\u00f3ta fagna\u00f0ar af striti s\u00ednu. En \u00fea\u00f0 hef \u00e9g s\u00e9\u00f0 a\u00f0 einnig \u00feetta kemur \u00far Gu\u00f0s hendi. <a name=\"25\"><span class=\"versanumer_2007\">25<\/span><\/a> Hver getur matast e\u00f0a neytt nokkurs \u00e1n hans? <a name=\"26\"><span class=\"versanumer_2007\">26<\/span><\/a> \u00deeim manni, sem honum ge\u00f0jast, gefur hann speki, \u00feekkingu og gle\u00f0i en hinn rangl\u00e1ta l\u00e6tur hann safna og hr\u00faga saman hlutum til a\u00f0 selja \u00fe\u00e1 \u00ed hendur \u00feeim sem Gu\u00f0i ge\u00f0jast. Einnig \u00fea\u00f0 er h\u00e9g\u00f3mi og eftirs\u00f3kn eftir vindi.<\/p>\n","protected":false},"excerpt":{"rendered":"<p>Einnig l\u00edfsnautnin er h\u00e9g\u00f3mi 1 \u00c9g sag\u00f0i vi\u00f0 sj\u00e1lfan mig: J\u00e6ja \u00fe\u00e1, reyndu gle\u00f0ina og nj\u00f3ttu g\u00e6\u00f0a l\u00edfsins. En einnig \u00fea\u00f0 var h\u00e9g\u00f3mi. 2 Um hl\u00e1turinn sag\u00f0i \u00e9g: Hann er vitlaus. Um gle\u00f0ina sag\u00f0i \u00e9g: Hverju f\u00e6r h\u00fan \u00e1orka\u00f0? 3 M\u00e9r kom til hugar a\u00f0 g\u00e6\u00f0a l\u00edkama m\u00ednum \u00e1 v\u00edni en l\u00e1ta hjarta mitt \u00fe\u00f3 hafa g\u00e1t \u00e1 \u00f6llu og a\u00f0 halda fast vi\u00f0 heimskuna uns \u00e9g s\u00e6i hva\u00f0 m\u00f6nnum v\u00e6ri til gagns a\u00f0 gera undir himninum alla \u00e6vidaga s\u00edna. 4 \u00c9g vann st\u00f3rvirki: \u00c9g reisti m\u00e9r h\u00fas, \u00e9g ger\u00f0i m\u00e9r v\u00edngar\u00f0a, 5 jurtagar\u00f0a og aldingar\u00f0a og gr\u00f3\u00f0ursetti \u00fear hvers <a href=\"https:\/\/biblian.is\/biblian\/predikarinn-2-kafli\/\"> [&#8230;]<\/a><\/p>\n","protected":false},"author":1,"featured_media":0,"parent":0,"menu_order":0,"comment_status":"open","ping_status":"open","template":"bibliukaflar_NT.php","meta":{"footnotes":""},"class_list":["post-2278","page","type-page","status-publish","hentry"],"_links":{"self":[{"href":"https:\/\/biblian.is\/biblian\/wp-json\/wp\/v2\/pages\/2278","targetHints":{"allow":["GET"]}}],"collection":[{"href":"https:\/\/biblian.is\/biblian\/wp-json\/wp\/v2\/pages"}],"about":[{"href":"https:\/\/biblian.is\/biblian\/wp-json\/wp\/v2\/types\/page"}],"author":[{"embeddable":true,"href":"https:\/\/biblian.is\/biblian\/wp-json\/wp\/v2\/users\/1"}],"replies":[{"embeddable":true,"href":"https:\/\/biblian.is\/biblian\/wp-json\/wp\/v2\/comments?post=2278"}],"version-history":[{"count":0,"href":"https:\/\/biblian.is\/biblian\/wp-json\/wp\/v2\/pages\/2278\/revisions"}],"wp:attachment":[{"href":"https:\/\/biblian.is\/biblian\/wp-json\/wp\/v2\/media?parent=2278"}],"curies":[{"name":"wp","href":"https:\/\/api.w.org\/{rel}","templated":true}]}}