{"id":2277,"date":"2017-12-30T21:02:26","date_gmt":"2017-12-30T21:02:26","guid":{"rendered":"http:\/\/biblian.is\/biblian\/pr%c2%8edikarinn-1-kafli\/"},"modified":"2024-06-26T23:19:09","modified_gmt":"2024-06-26T23:19:09","slug":"predikarinn-1-kafli","status":"publish","type":"page","link":"https:\/\/biblian.is\/biblian\/predikarinn-1-kafli\/","title":{"rendered":"Pr\u00e9dikarinn 1. kafli"},"content":{"rendered":"<h3 class=\"millifyrirsogn_2007\">Allt er h\u00e9g\u00f3mi<\/h3>\n<p><a name=\"1\"><\/a><span class=\"versanumer_2007\">1<\/span> Or\u00f0 pr\u00e9dikarans, sonar Dav\u00ed\u00f0s, konungs \u00ed Jer\u00fasalem.<br \/>\n<span class=\"ljodatexti\"> <a name=\"2\"><\/a><span class=\"versanumer_ljod\">2<\/span>Aumasti h\u00e9g\u00f3mi, segir pr\u00e9dikarinn,<br \/>\naumasti h\u00e9g\u00f3mi, allt er h\u00e9g\u00f3mi.<br \/>\n<\/span> <span class=\"ljodatexti\"> <a name=\"3\"><\/a><span class=\"versanumer_ljod\">3<\/span>Hva\u00f0a gagn hefur ma\u00f0urinn af \u00f6llu erfi\u00f0i s\u00ednu<br \/>\nsem hann streitist vi\u00f0 undir s\u00f3linni?<br \/>\n<\/span> <span class=\"ljodatexti\"> <a name=\"4\"><\/a><span class=\"versanumer_ljod\">4<\/span>Ein kynsl\u00f3\u00f0 fer, \u00f6nnur kemur<br \/>\nen j\u00f6r\u00f0in stendur a\u00f0 eil\u00edfu.<br \/>\n<\/span> <span class=\"ljodatexti\"> <a name=\"5\"><\/a><span class=\"versanumer_ljod\">5<\/span>Og s\u00f3lin rennur upp og s\u00f3lin gengur undir<br \/>\nog hra\u00f0ar s\u00e9r aftur til samasta\u00f0ar s\u00edns<br \/>\n\u00fear sem h\u00fan rennur upp.<br \/>\n<\/span> <span class=\"ljodatexti\"> <a name=\"6\"><\/a><span class=\"versanumer_ljod\">6<\/span>Vindurinn gengur til su\u00f0urs<br \/>\nog sn\u00fdr s\u00e9r til nor\u00f0urs,<br \/>\nhann sn\u00fdr s\u00e9r og sn\u00fdr s\u00e9r<br \/>\nog hringsn\u00fdst \u00e1 n\u00fdjan leik.<br \/>\n<\/span> <span class=\"ljodatexti\"> <a name=\"7\"><\/a><span class=\"versanumer_ljod\">7<\/span>Allar \u00e1r renna \u00ed sj\u00f3inn<br \/>\nen sj\u00f3rinn fyllist ekki.<br \/>\n\u00deanga\u00f0 sem \u00e1rnar renna<br \/>\nmunu \u00fe\u00e6r \u00e1vallt renna.<br \/>\n<\/span> <span class=\"ljodatexti\"> <a name=\"8\"><\/a><span class=\"versanumer_ljod\">8<\/span>Allt er s\u00edstritandi,<br \/>\nenginn ma\u00f0ur f\u00e6r \u00fev\u00ed me\u00f0 or\u00f0um l\u00fdst,<br \/>\nauga\u00f0 ver\u00f0ur aldrei satt af a\u00f0 sj\u00e1<br \/>\nog eyra\u00f0 ver\u00f0ur aldrei mett af a\u00f0 heyra.<br \/>\n<\/span> <span class=\"ljodatexti\"> <a name=\"9\"><\/a><span class=\"versanumer_ljod\">9<\/span>\u00dea\u00f0 sem hefur veri\u00f0 mun ver\u00f0a<br \/>\nog \u00fea\u00f0 sem gerst hefur mun enn gerast<br \/>\nog ekkert er n\u00fdtt undir s\u00f3linni.<br \/>\n<\/span> <span class=\"ljodatexti\"> <a name=\"10\"><\/a><span class=\"versanumer_ljod\">10<\/span>S\u00e9 nokku\u00f0 til er um ver\u00f0i sagt:<br \/>\n\u00deetta er n\u00fdtt,<br \/>\n\u00fe\u00e1 hefur \u00fea\u00f0 or\u00f0i\u00f0 fyrir l\u00f6ngu,<br \/>\nfyrir okkar t\u00edma.<br \/>\n<\/span> <span class=\"ljodatexti\"> <a name=\"11\"><\/a><span class=\"versanumer_ljod\">11<\/span>Forfe\u00f0ranna minnast menn ekki<br \/>\nog ekki ver\u00f0ur afkomenda heldur minnst<br \/>\nme\u00f0al \u00feeirra sem s\u00ed\u00f0ar koma. <\/span><\/p>\n<h3 class=\"millifyrirsogn_2007\">Sj\u00e1lf spekin er h\u00e9g\u00f3mi<\/h3>\n<p><a name=\"12\"><\/a><span class=\"versanumer_2007\">12<\/span> \u00c9g, pr\u00e9dikarinn, var konungur yfir \u00cdsrael \u00ed Jer\u00fasalem. <a name=\"13\"><\/a><span class=\"versanumer_2007\">13<\/span> \u00c9g kappkosta\u00f0i a\u00f0 rannsaka og kynna m\u00e9r til hl\u00edtar allt \u00fea\u00f0 sem gerist undir himninum. \u00dea\u00f0 er erfi\u00f0 \u00feraut sem Gu\u00f0 hefur \u00ed\u00feyngt m\u00f6nnunum me\u00f0. <a name=\"14\"><\/a><span class=\"versanumer_2007\">14<\/span> \u00c9g hef s\u00e9\u00f0 \u00f6ll verk sem unnin eru undir s\u00f3linni og \u00f6ll voru \u00feau h\u00e9g\u00f3mi og eftirs\u00f3kn eftir vindi.<br \/>\n<span class=\"ljodatexti\"> <a name=\"15\"><\/a><span class=\"versanumer_ljod\">15<\/span>Hi\u00f0 bogna ver\u00f0ur ekki r\u00e9tt<br \/>\nog \u00fea\u00f0 sem \u00e1 skortir ver\u00f0ur ekki tali\u00f0. <\/span><br \/>\n<a name=\"16\"><\/a><span class=\"versanumer_2007\">16<\/span> \u00c9g hugsa\u00f0i me\u00f0 m\u00e9r: \u00c9g hef afla\u00f0 m\u00e9r meiri og v\u00ed\u00f0t\u00e6kari speki en allir sem r\u00edkt hafa yfir Jer\u00fasalem \u00e1 undan m\u00e9r og hjarta mitt hefur r\u00edkulega kynnst speki og \u00feekkingu. <a name=\"17\"><\/a><span class=\"versanumer_2007\">17<\/span> \u00c9g lag\u00f0i allan hug \u00e1 a\u00f0 \u00feekkja speki og \u00feekkja fl\u00f3nsku og heimsku og komst a\u00f0 raun um a\u00f0 einnig \u00fea\u00f0 var a\u00f0 s\u00e6kjast eftir vindi.<br \/>\n<span class=\"ljodatexti\"> <a name=\"18\"><\/a><span class=\"versanumer_ljod\">18<\/span>\u00dev\u00ed a\u00f0 mikilli speki fylgir miki\u00f0 angur<br \/>\nog s\u00e1 sem eykur \u00feekkingu s\u00edna eykur kv\u00f6l s\u00edna. <\/span><\/p>\n","protected":false},"excerpt":{"rendered":"<p>Allt er h\u00e9g\u00f3mi 1 Or\u00f0 pr\u00e9dikarans, sonar Dav\u00ed\u00f0s, konungs \u00ed Jer\u00fasalem. 2Aumasti h\u00e9g\u00f3mi, segir pr\u00e9dikarinn, aumasti h\u00e9g\u00f3mi, allt er h\u00e9g\u00f3mi. 3Hva\u00f0a gagn hefur ma\u00f0urinn af \u00f6llu erfi\u00f0i s\u00ednu sem hann streitist vi\u00f0 undir s\u00f3linni? 4Ein kynsl\u00f3\u00f0 fer, \u00f6nnur kemur en j\u00f6r\u00f0in stendur a\u00f0 eil\u00edfu. 5Og s\u00f3lin rennur upp og s\u00f3lin gengur undir og hra\u00f0ar s\u00e9r aftur til samasta\u00f0ar s\u00edns \u00fear sem h\u00fan rennur upp. 6Vindurinn gengur til su\u00f0urs og sn\u00fdr s\u00e9r til nor\u00f0urs, hann sn\u00fdr s\u00e9r og sn\u00fdr s\u00e9r og hringsn\u00fdst \u00e1 n\u00fdjan leik. 7Allar \u00e1r renna \u00ed sj\u00f3inn en sj\u00f3rinn fyllist ekki. \u00deanga\u00f0 sem \u00e1rnar renna munu \u00fe\u00e6r \u00e1vallt <a href=\"https:\/\/biblian.is\/biblian\/predikarinn-1-kafli\/\"> [&#8230;]<\/a><\/p>\n","protected":false},"author":1,"featured_media":0,"parent":0,"menu_order":0,"comment_status":"closed","ping_status":"closed","template":"bibliukaflar_NT.php","meta":{"footnotes":""},"class_list":["post-2277","page","type-page","status-publish","hentry"],"_links":{"self":[{"href":"https:\/\/biblian.is\/biblian\/wp-json\/wp\/v2\/pages\/2277","targetHints":{"allow":["GET"]}}],"collection":[{"href":"https:\/\/biblian.is\/biblian\/wp-json\/wp\/v2\/pages"}],"about":[{"href":"https:\/\/biblian.is\/biblian\/wp-json\/wp\/v2\/types\/page"}],"author":[{"embeddable":true,"href":"https:\/\/biblian.is\/biblian\/wp-json\/wp\/v2\/users\/1"}],"replies":[{"embeddable":true,"href":"https:\/\/biblian.is\/biblian\/wp-json\/wp\/v2\/comments?post=2277"}],"version-history":[{"count":0,"href":"https:\/\/biblian.is\/biblian\/wp-json\/wp\/v2\/pages\/2277\/revisions"}],"wp:attachment":[{"href":"https:\/\/biblian.is\/biblian\/wp-json\/wp\/v2\/media?parent=2277"}],"curies":[{"name":"wp","href":"https:\/\/api.w.org\/{rel}","templated":true}]}}