{"id":2276,"date":"2017-12-30T21:02:26","date_gmt":"2017-12-30T21:02:26","guid":{"rendered":"http:\/\/biblian.is\/biblian\/or_skvi_irnir-31-kafli\/"},"modified":"2021-02-15T19:13:44","modified_gmt":"2021-02-15T19:13:44","slug":"ordskvidirnir-31-kafli","status":"publish","type":"page","link":"https:\/\/biblian.is\/biblian\/ordskvidirnir-31-kafli\/","title":{"rendered":"Or\u00f0skvi\u00f0irnir 31. kafli"},"content":{"rendered":"<h3 class=\"millifyrirsogn_2007\"> Or\u00f0 m\u00f3\u00f0ur Lem\u00faels<\/h3>\n<p><a name=\"1\"><span class=\"versanumer_2007\">1<\/span><\/a> Or\u00f0 Lem\u00faels konungs \u00ed Massa <br \/>sem m\u00f3\u00f0ir hans kenndi honum: <br \/> <span class=\"ljodatexti\"> <a name=\"2\"><span class=\"versanumer_ljod\">2<\/span><\/a>Hva\u00f0 \u00e1 \u00e9g a\u00f0 segja \u00fe\u00e9r, sonur minn, <br \/>sonur kvi\u00f0ar m\u00edns, <br \/>sonur \u00e1heita minna? <br \/> <\/span> <span class=\"ljodatexti\"> <a name=\"3\"><span class=\"versanumer_ljod\">3<\/span><\/a>Gef\u00f0u konum ekki kraft \u00feinn, <br \/>\u00ferek \u00feitt \u00feeim sem t\u00e1ldraga konunga. <br \/> <\/span> <span class=\"ljodatexti\"> <a name=\"4\"><span class=\"versanumer_ljod\">4<\/span><\/a>Ekki s\u00e6mir \u00fea\u00f0 konungum, Lem\u00fael, <br \/>ekki s\u00e6mir \u00fea\u00f0 konungum a\u00f0 drekka v\u00edn <br \/>e\u00f0a h\u00f6f\u00f0ingjum \u00e1fengur drykkur. <br \/> <\/span> <span class=\"ljodatexti\"> <a name=\"5\"><span class=\"versanumer_ljod\">5<\/span><\/a>\u00deeir kynnu a\u00f0 drekka og gleyma l\u00f6gunum <br \/>og ganga \u00e1 r\u00e9tt hinna f\u00e1t\u00e6ku. <br \/> <\/span> <span class=\"ljodatexti\"> <a name=\"6\"><span class=\"versanumer_ljod\">6<\/span><\/a>Gefi\u00f0 \u00e1fengan drykk hinum l\u00e1nlausa <br \/>og v\u00edn \u00feeim sem er beiskur \u00ed lund. <br \/> <\/span> <span class=\"ljodatexti\"> <a name=\"7\"><span class=\"versanumer_ljod\">7<\/span><\/a>Drekki \u00feeir og gleymi f\u00e1t\u00e6kt sinni <br \/>og minnist ekki framar m\u00e6\u00f0u sinnar. <br \/> <\/span> <span class=\"ljodatexti\"> <a name=\"8\"><span class=\"versanumer_ljod\">8<\/span><\/a>Lj\u00faktu upp munni \u00fe\u00ednum fyrir hinn m\u00e1llausa, <br \/>fyrir m\u00e1lsta\u00f0 allra l\u00e1nleysingja. <br \/> <\/span> <span class=\"ljodatexti\"> <a name=\"9\"><span class=\"versanumer_ljod\">9<\/span><\/a>Lj\u00faktu upp munni \u00fe\u00ednum, d\u00e6mdu af r\u00e9ttv\u00edsi, <br \/>r\u00e9ttu hlut hinna volu\u00f0u og snau\u00f0u. <\/span> <\/p>\n<h3 class=\"millifyrirsogn_2007\">Lof um dugmikla konu<\/h3>\n<p><span class=\"ljodatexti\"> <a name=\"10\"><span class=\"versanumer_ljod\">10<\/span><\/a>Dugmikla konu, hver hl\u00fdtur hana? <br \/> <\/span> <span class=\"ljodatexti\"> H\u00fan er miklu d\u00fdrm\u00e6tari en perlur. <br \/> <\/span> <span class=\"ljodatexti\"> <a name=\"11\"><span class=\"versanumer_ljod\">11<\/span><\/a>Hjarta manns hennar treystir henni <br \/>og ekki er l\u00e1t \u00e1 hags\u00e6ld hans. <br \/> <\/span> <span class=\"ljodatexti\"> <a name=\"12\"><span class=\"versanumer_ljod\">12<\/span><\/a>H\u00fan gerir honum gott og ekkert illt <br \/>alla \u00e6vidaga s\u00edna. <br \/> <\/span> <span class=\"ljodatexti\"> <a name=\"13\"><span class=\"versanumer_ljod\">13<\/span><\/a>H\u00fan s\u00e9r um ull og h\u00f6r<br \/>og vinnur f\u00faslega me\u00f0 h\u00f6ndum s\u00ednum. <br \/> <\/span> <span class=\"ljodatexti\"> <a name=\"14\"><span class=\"versanumer_ljod\">14<\/span><\/a>H\u00fan er eins og kaupf\u00f6rin,<br \/>s\u00e6kir bj\u00f6rgina langt a\u00f0. <br \/> <\/span> <span class=\"ljodatexti\"> <a name=\"15\"><span class=\"versanumer_ljod\">15<\/span><\/a>H\u00fan fer \u00e1 f\u00e6tur fyrir d\u00f6gun, <br \/>skammtar heimilisf\u00f3lki s\u00ednu <br \/>og segir \u00feernum s\u00ednum fyrir verkum.<br \/> <\/span> <span class=\"ljodatexti\"> <a name=\"16\"><span class=\"versanumer_ljod\">16<\/span><\/a>F\u00e1i h\u00fan augasta\u00f0 \u00e1 akri kaupir h\u00fan hann <br \/>og af eigin rammleik b\u00fdr h\u00fan s\u00e9r v\u00edngar\u00f0. <br \/> <\/span> <span class=\"ljodatexti\"> <a name=\"17\"><span class=\"versanumer_ljod\">17<\/span><\/a>H\u00fan gyr\u00f0ir lendar s\u00ednar krafti <br \/>og tekur sterklega til armleggjunum. <br \/> <\/span> <span class=\"ljodatexti\"> <a name=\"18\"><span class=\"versanumer_ljod\">18<\/span><\/a>H\u00fan finnur a\u00f0 starf hennar er \u00e1batasamt, <br \/>\u00e1 lampa hennar slokknar ekki um n\u00e6tur. <br \/> <\/span> <span class=\"ljodatexti\"> <a name=\"19\"><span class=\"versanumer_ljod\">19<\/span><\/a>H\u00fan r\u00e9ttir \u00fat hendurnar eftir rokknum <br \/>og fingur hennar gr\u00edpa sn\u00e6lduna. <br \/> <\/span> <span class=\"ljodatexti\"> <a name=\"20\"><span class=\"versanumer_ljod\">20<\/span><\/a>H\u00fan er \u00f6rl\u00e1t vi\u00f0 b\u00e1gstadda <br \/>og r\u00e9ttir fram hendurnar m\u00f3ti snau\u00f0um. <br \/> <\/span> <span class=\"ljodatexti\"> <a name=\"21\"><span class=\"versanumer_ljod\">21<\/span><\/a>Ekki \u00f3ttast h\u00fan um heimilisf\u00f3lk sitt \u00fe\u00f3tt snj\u00f3i <br \/>\u00fev\u00ed a\u00f0 allt heimilisf\u00f3lk hennar er kl\u00e6tt skarlati. <br \/> <\/span> <span class=\"ljodatexti\"> <a name=\"22\"><span class=\"versanumer_ljod\">22<\/span><\/a> H\u00fan b\u00fdr s\u00e9r til \u00e1brei\u00f0ur, <br \/>kl\u00e6\u00f0na\u00f0ur hennar er \u00far ba\u00f0mull og purpura. <br \/> <\/span> <span class=\"ljodatexti\"> <a name=\"23\"><span class=\"versanumer_ljod\">23<\/span><\/a> Ma\u00f0ur hennar er mikils metinn \u00ed borgarhli\u00f0unum <br \/>\u00feegar hann situr me\u00f0 \u00f6ldungum landsins. <br \/> <\/span> <span class=\"ljodatexti\"> <a name=\"24\"><span class=\"versanumer_ljod\">24<\/span><\/a> H\u00fan b\u00fdr til l\u00ednkyrtla og selur \u00fe\u00e1 <br \/>og kaupmanninum f\u00e6r h\u00fan belti. <br \/> <\/span> <span class=\"ljodatexti\"> <a name=\"25\"><span class=\"versanumer_ljod\">25<\/span><\/a> Kraftur og tign er kl\u00e6\u00f0na\u00f0ur hennar <br \/>og h\u00fan fagnar komandi degi. <br \/> <\/span> <span class=\"ljodatexti\"> <a name=\"26\"><span class=\"versanumer_ljod\">26<\/span><\/a> M\u00e1l hennar er \u00ferungi\u00f0 speki <br \/>og \u00e1st\u00fa\u00f0leg fr\u00e6\u00f0sla er \u00e1 tungu hennar. <br \/> <\/span> <span class=\"ljodatexti\"> <a name=\"27\"><span class=\"versanumer_ljod\">27<\/span><\/a> H\u00fan vakir yfir \u00fev\u00ed sem fram fer \u00e1 heimili hennar <br \/>og etur ekki letinnar brau\u00f0. <br \/> <\/span> <span class=\"ljodatexti\"> <a name=\"28\"><span class=\"versanumer_ljod\">28<\/span><\/a> B\u00f6rn hennar segja hana s\u00e6la, <br \/>ma\u00f0ur hennar hr\u00f3sar henni: <br \/> <\/span> <span class=\"ljodatexti\"> <a name=\"29\"><span class=\"versanumer_ljod\">29<\/span><\/a> \u201eMargar konur hafa s\u00fdnt dugna\u00f0<br \/>en \u00fe\u00fa tekur \u00feeim \u00f6llum fram.\u201c <br \/> <\/span> <span class=\"ljodatexti\"> <a name=\"30\"><span class=\"versanumer_ljod\">30<\/span><\/a> Yndis\u00feokkinn er svikull og fegur\u00f0in hverful <br \/>en s\u00fa kona sem \u00f3ttast Drottin \u00e1 hr\u00f3s skili\u00f0. <br \/> <\/span> <span class=\"ljodatexti\"> <a name=\"31\"><span class=\"versanumer_ljod\">31<\/span><\/a> H\u00fan nj\u00f3ti \u00e1vaxta handa sinna<br \/>og verk hennar skulu vegsama hana \u00ed borgarhli\u00f0unum. <\/span> <\/p>\n","protected":false},"excerpt":{"rendered":"<p>Or\u00f0 m\u00f3\u00f0ur Lem\u00faels 1 Or\u00f0 Lem\u00faels konungs \u00ed Massa sem m\u00f3\u00f0ir hans kenndi honum: 2Hva\u00f0 \u00e1 \u00e9g a\u00f0 segja \u00fe\u00e9r, sonur minn, sonur kvi\u00f0ar m\u00edns, sonur \u00e1heita minna? 3Gef\u00f0u konum ekki kraft \u00feinn, \u00ferek \u00feitt \u00feeim sem t\u00e1ldraga konunga. 4Ekki s\u00e6mir \u00fea\u00f0 konungum, Lem\u00fael, ekki s\u00e6mir \u00fea\u00f0 konungum a\u00f0 drekka v\u00edn e\u00f0a h\u00f6f\u00f0ingjum \u00e1fengur drykkur. 5\u00deeir kynnu a\u00f0 drekka og gleyma l\u00f6gunum og ganga \u00e1 r\u00e9tt hinna f\u00e1t\u00e6ku. 6Gefi\u00f0 \u00e1fengan drykk hinum l\u00e1nlausa og v\u00edn \u00feeim sem er beiskur \u00ed lund. 7Drekki \u00feeir og gleymi f\u00e1t\u00e6kt sinni og minnist ekki framar m\u00e6\u00f0u sinnar. 8Lj\u00faktu upp munni \u00fe\u00ednum fyrir hinn m\u00e1llausa, <a href=\"https:\/\/biblian.is\/biblian\/ordskvidirnir-31-kafli\/\"> [&#8230;]<\/a><\/p>\n","protected":false},"author":1,"featured_media":0,"parent":0,"menu_order":0,"comment_status":"open","ping_status":"open","template":"bibliukaflar_okv.php","meta":{"footnotes":""},"class_list":["post-2276","page","type-page","status-publish","hentry"],"_links":{"self":[{"href":"https:\/\/biblian.is\/biblian\/wp-json\/wp\/v2\/pages\/2276","targetHints":{"allow":["GET"]}}],"collection":[{"href":"https:\/\/biblian.is\/biblian\/wp-json\/wp\/v2\/pages"}],"about":[{"href":"https:\/\/biblian.is\/biblian\/wp-json\/wp\/v2\/types\/page"}],"author":[{"embeddable":true,"href":"https:\/\/biblian.is\/biblian\/wp-json\/wp\/v2\/users\/1"}],"replies":[{"embeddable":true,"href":"https:\/\/biblian.is\/biblian\/wp-json\/wp\/v2\/comments?post=2276"}],"version-history":[{"count":0,"href":"https:\/\/biblian.is\/biblian\/wp-json\/wp\/v2\/pages\/2276\/revisions"}],"wp:attachment":[{"href":"https:\/\/biblian.is\/biblian\/wp-json\/wp\/v2\/media?parent=2276"}],"curies":[{"name":"wp","href":"https:\/\/api.w.org\/{rel}","templated":true}]}}