{"id":2275,"date":"2017-12-30T21:02:26","date_gmt":"2017-12-30T21:02:26","guid":{"rendered":"http:\/\/biblian.is\/biblian\/or_skvi_irnir-30-kafli\/"},"modified":"2021-02-15T19:13:44","modified_gmt":"2021-02-15T19:13:44","slug":"ordskvidirnir-30-kafli","status":"publish","type":"page","link":"https:\/\/biblian.is\/biblian\/ordskvidirnir-30-kafli\/","title":{"rendered":"Or\u00f0skvi\u00f0irnir 30. kafli"},"content":{"rendered":"<h3 class=\"millifyrirsogn_2007\"> \u00ddmsir or\u00f0skvi\u00f0ir<\/h3>\n<p><a name=\"1\"><span class=\"versanumer_2007\">1<\/span><\/a> Or\u00f0 Ag\u00fars Jakesonar fr\u00e1 Massa, <br \/>or\u00f0 mannsins vi\u00f0 \u00cdt\u00edel, \u00cdt\u00edel og \u00dakal:<br \/> <span class=\"ljodatexti\"> <a name=\"2\"><span class=\"versanumer_ljod\">2<\/span><\/a>\u00c9g er heimskari en svo a\u00f0 geta talist ma\u00f0ur, <br \/>\u00e9g hef ekki mannsvit, <br \/> <\/span> <span class=\"ljodatexti\"> <a name=\"3\"><span class=\"versanumer_ljod\">3<\/span><\/a>\u00e9g hef ekki l\u00e6rt speki <br \/>og ekki hef \u00e9g \u00feekkingu \u00e1 Hinum heilaga. <br \/> <\/span> <span class=\"ljodatexti\"> <a name=\"4\"><span class=\"versanumer_ljod\">4<\/span><\/a>Hver hefur stigi\u00f0 upp til himna og komi\u00f0 ni\u00f0ur? <br \/>Hver hefur safna\u00f0 vindinum \u00ed greipar s\u00ednar? <br \/>Hver hefur bundi\u00f0 v\u00f6tnin \u00ed skikkju s\u00edna? <br \/>Hver hefur \u00e1kvar\u00f0a\u00f0 endim\u00f6rk jar\u00f0ar? <br \/>Hva\u00f0 heitir hann og hva\u00f0 heitir sonur hans, veist \u00fe\u00fa \u00fea\u00f0? <br \/> <\/span> <span class=\"ljodatexti\"> <a name=\"5\"><span class=\"versanumer_ljod\">5<\/span><\/a>S\u00e9rhvert or\u00f0 Gu\u00f0s er hreint, <br \/>hann er skj\u00f6ldur \u00feeim er leita h\u00e6lis hj\u00e1 honum. <br \/> <\/span> <span class=\"ljodatexti\"> <a name=\"6\"><span class=\"versanumer_ljod\">6<\/span><\/a>B\u00e6ttu engu vi\u00f0 or\u00f0 hans <br \/>til \u00feess a\u00f0 hann \u00e1v\u00edti \u00feig ekki og geri \u00feig beran a\u00f0 lygum. <br \/> <\/span> <span class=\"ljodatexti\"> <a name=\"7\"><span class=\"versanumer_ljod\">7<\/span><\/a>Um tvennt bi\u00f0 \u00e9g \u00feig, <br \/>synja\u00f0u m\u00e9r \u00feess ekki \u00e1\u00f0ur en \u00e9g dey: <br \/> <\/span> <span class=\"ljodatexti\"> <a name=\"8\"><span class=\"versanumer_ljod\">8<\/span><\/a>L\u00e1t fals og lygi vera fjarri m\u00e9r, <br \/>gef m\u00e9r hvorki f\u00e1t\u00e6kt n\u00e9 au\u00f0\u00e6fi <br \/>en veit m\u00e9r minn deildan ver\u00f0. <br \/> <\/span> <span class=\"ljodatexti\"> <a name=\"9\"><span class=\"versanumer_ljod\">9<\/span><\/a>\u00c9g kynni annars a\u00f0 ver\u00f0a of saddur og afneita <br \/>og segja: \u201eHver er Drottinn?\u201c <br \/>Ef \u00e9g yr\u00f0i f\u00e1t\u00e6kur kynni \u00e9g a\u00f0 stela <br \/>og misbj\u00f3\u00f0a nafni Gu\u00f0s m\u00edns. <br \/> <\/span> <span class=\"ljodatexti\"> <a name=\"10\"><span class=\"versanumer_ljod\">10<\/span><\/a>R\u00e6g\u00f0u ekki \u00fej\u00f3ninn vi\u00f0 h\u00fasb\u00f3nda hans <br \/>svo a\u00f0 hann bi\u00f0ji \u00fe\u00e9r ekki b\u00f6lb\u00e6na og \u00fe\u00fa ver\u00f0ir a\u00f0 gjalda \u00feess. <br \/> <\/span> <span class=\"ljodatexti\"> <a name=\"11\"><span class=\"versanumer_ljod\">11<\/span><\/a>Til er \u00fea\u00f0 kyn sem b\u00f6lvar f\u00f6\u00f0ur s\u00ednum <br \/>og blessar ekki m\u00f3\u00f0ur s\u00edna, <br \/> <\/span> <span class=\"ljodatexti\"> <a name=\"12\"><span class=\"versanumer_ljod\">12<\/span><\/a>kyn sem \u00feykist vera hreint <br \/>og hefur \u00fe\u00f3 ekki \u00fevegi\u00f0 af s\u00e9r saurinn, <br \/> <\/span> <span class=\"ljodatexti\"> <a name=\"13\"><span class=\"versanumer_ljod\">13<\/span><\/a>kyn sem er drembil\u00e1tt og hnakkakerrt, <br \/> <\/span> <span class=\"ljodatexti\"> <a name=\"14\"><span class=\"versanumer_ljod\">14<\/span><\/a>kyn sem hefur sver\u00f0 a\u00f0 t\u00f6nnum og hn\u00edfa a\u00f0 j\u00f6xlum <br \/>til a\u00f0 uppr\u00e6ta hina f\u00e1t\u00e6ku \u00far landinu <br \/>og hina snau\u00f0u me\u00f0al mannanna.<br \/> <\/span> <span class=\"ljodatexti\"> <a name=\"15\"><span class=\"versanumer_ljod\">15<\/span><\/a>Bl\u00f3\u00f0sugan \u00e1 tv\u00e6r d\u00e6tur sem heita Gef\u00f0u! Gef\u00f0u!<br \/>\u00derennt er til sem er \u00f3se\u00f0jandi, fernt sem aldrei segir: \u201e\u00dea\u00f0 er n\u00f3g.\u201c <br \/> <\/span> <span class=\"ljodatexti\"> <a name=\"16\"><span class=\"versanumer_ljod\">16<\/span><\/a>Helja og m\u00f3\u00f0url\u00edf \u00f3byrjunnar, <br \/>j\u00f6r\u00f0in sem aldrei se\u00f0st af vatni <br \/>og eldurinn sem aldrei segir: \u201eN\u00fa er n\u00f3g.\u201c <br \/> <\/span> <span class=\"ljodatexti\"> <a name=\"17\"><span class=\"versanumer_ljod\">17<\/span><\/a>\u00dea\u00f0 auga, sem gerir gys a\u00f0 f\u00f6\u00f0ur s\u00ednum <br \/>og hafnar hl\u00fd\u00f0ni vi\u00f0 m\u00f3\u00f0ur s\u00edna, <br \/>munu hrafnarnir vi\u00f0 l\u00e6kinn kroppa \u00far <br \/>og arnarungarnir eta. <br \/> <\/span> <span class=\"ljodatexti\"> <a name=\"18\"><span class=\"versanumer_ljod\">18<\/span><\/a>\u00derennt er \u00fea\u00f0 sem m\u00e9r \u00feykir undursamlegt <br \/>og fernt sem \u00e9g f\u00e6 ekki skili\u00f0: <br \/> <\/span> <span class=\"ljodatexti\"> <a name=\"19\"><span class=\"versanumer_ljod\">19<\/span><\/a>vegur arnarins um lofti\u00f0, <br \/>vegur h\u00f6ggormsins \u00e1 klettinum, <br \/>vegur skips \u00e1 reginhafi <br \/>og vegur karls a\u00f0 konu. <br \/> <\/span> <span class=\"ljodatexti\"> <a name=\"20\"><span class=\"versanumer_ljod\">20<\/span><\/a>\u00deannig er atferli sk\u00e6kjunnar: <br \/>H\u00fan etur, \u00feurrkar s\u00e9r um munninn og segir: <br \/>\u201e\u00c9g hef ekkert rangt gert.\u201c <br \/> <\/span> <span class=\"ljodatexti\"> <a name=\"21\"><span class=\"versanumer_ljod\">21<\/span><\/a>Undan \u00ferennu n\u00f6trar j\u00f6r\u00f0in <br \/>og undir fernu getur h\u00fan ekki risi\u00f0: <br \/> <\/span> <span class=\"ljodatexti\"> <a name=\"22\"><span class=\"versanumer_ljod\">22<\/span><\/a> undir \u00fer\u00e6li \u00feegar hann ver\u00f0ur konungur <br \/>og rangl\u00e1tum \u00feegar hann mettast brau\u00f0i, <br \/> <\/span> <span class=\"ljodatexti\"> <a name=\"23\"><span class=\"versanumer_ljod\">23<\/span><\/a> undir forsm\u00e1\u00f0ri konu \u00feegar h\u00fan giftist <br \/>og \u00feernu \u00feegar h\u00fan bolar burt h\u00fasm\u00f3\u00f0ur sinni. <br \/> <\/span> <span class=\"ljodatexti\"> <a name=\"24\"><span class=\"versanumer_ljod\">24<\/span><\/a> Fj\u00f3rir eru sm\u00e1ir \u00e1 j\u00f6r\u00f0inni <br \/>og \u00fe\u00f3 eru \u00feeir vitrastir vitringa: <br \/> <\/span> <span class=\"ljodatexti\"> <a name=\"25\"><span class=\"versanumer_ljod\">25<\/span><\/a> Maurarnir eru kraftl\u00edtil \u00fej\u00f3\u00f0 <br \/>og \u00fe\u00f3 afla \u00feeir s\u00e9r for\u00f0a \u00e1 sumrin. <br \/> <\/span> <span class=\"ljodatexti\"> <a name=\"26\"><span class=\"versanumer_ljod\">26<\/span><\/a> St\u00f6kkh\u00e9rarnir eru \u00fer\u00f3ttl\u00edtil \u00fej\u00f3\u00f0 <br \/>og \u00fe\u00f3 gera \u00feeir s\u00e9r h\u00edb\u00fdli \u00ed klettunum. <br \/> <\/span> <span class=\"ljodatexti\"> <a name=\"27\"><span class=\"versanumer_ljod\">27<\/span><\/a> Engispretturnar hafa engan konung <br \/>og \u00fe\u00f3 fer allur h\u00f3purinn \u00fat \u00ed r\u00f6\u00f0 og reglu. <br \/> <\/span> <span class=\"ljodatexti\"> <a name=\"28\"><span class=\"versanumer_ljod\">28<\/span><\/a> E\u00f0luna getur \u00fe\u00fa gripi\u00f0 me\u00f0 hendinni <br \/>og \u00fe\u00f3 er h\u00fan \u00ed konungah\u00f6llum. <br \/> <\/span> <span class=\"ljodatexti\"> <a name=\"29\"><span class=\"versanumer_ljod\">29<\/span><\/a> \u00der\u00edr eru t\u00edgulegir \u00e1 velli <br \/>og fj\u00f3rir t\u00edgulegir \u00ed gangi: <br \/> <\/span> <span class=\"ljodatexti\"> <a name=\"30\"><span class=\"versanumer_ljod\">30<\/span><\/a> lj\u00f3ni\u00f0 sem er m\u00e1ttugast me\u00f0al d\u00fdranna <br \/>og hopar ekki fyrir neinni skepnu, <br \/> <\/span> <span class=\"ljodatexti\"> <a name=\"31\"><span class=\"versanumer_ljod\">31<\/span><\/a> haninn sem reigir sig, hafurinn <br \/>og konungur sem enginn f\u00e6r \u00ed m\u00f3ti sta\u00f0ist. <br \/> <\/span> <span class=\"ljodatexti\"> <a name=\"32\"><span class=\"versanumer_ljod\">32<\/span><\/a> Hafir \u00fe\u00fa glapist til a\u00f0 upphefja sj\u00e1lfan \u00feig <br \/>e\u00f0a hafir \u00fe\u00fa gert \u00fea\u00f0 af \u00e1settu r\u00e1\u00f0i <br \/>legg\u00f0u \u00fe\u00e1 h\u00f6ndina \u00e1 munninn. <br \/> <\/span> <span class=\"ljodatexti\"> <a name=\"33\"><span class=\"versanumer_ljod\">33<\/span><\/a> S\u00e9 mj\u00f3lk strokku\u00f0 myndast smj\u00f6r, <br \/>s\u00e9 slegi\u00f0 \u00e1 nasir bl\u00e6\u00f0ir, <br \/>s\u00e9 egnt til rei\u00f0i vakna deilur. <\/span> <\/p>\n","protected":false},"excerpt":{"rendered":"<p>\u00ddmsir or\u00f0skvi\u00f0ir 1 Or\u00f0 Ag\u00fars Jakesonar fr\u00e1 Massa, or\u00f0 mannsins vi\u00f0 \u00cdt\u00edel, \u00cdt\u00edel og \u00dakal: 2\u00c9g er heimskari en svo a\u00f0 geta talist ma\u00f0ur, \u00e9g hef ekki mannsvit, 3\u00e9g hef ekki l\u00e6rt speki og ekki hef \u00e9g \u00feekkingu \u00e1 Hinum heilaga. 4Hver hefur stigi\u00f0 upp til himna og komi\u00f0 ni\u00f0ur? Hver hefur safna\u00f0 vindinum \u00ed greipar s\u00ednar? Hver hefur bundi\u00f0 v\u00f6tnin \u00ed skikkju s\u00edna? Hver hefur \u00e1kvar\u00f0a\u00f0 endim\u00f6rk jar\u00f0ar? Hva\u00f0 heitir hann og hva\u00f0 heitir sonur hans, veist \u00fe\u00fa \u00fea\u00f0? 5S\u00e9rhvert or\u00f0 Gu\u00f0s er hreint, hann er skj\u00f6ldur \u00feeim er leita h\u00e6lis hj\u00e1 honum. 6B\u00e6ttu engu vi\u00f0 or\u00f0 hans til <a href=\"https:\/\/biblian.is\/biblian\/ordskvidirnir-30-kafli\/\"> [&#8230;]<\/a><\/p>\n","protected":false},"author":1,"featured_media":0,"parent":0,"menu_order":0,"comment_status":"open","ping_status":"open","template":"bibliukaflar_okv.php","meta":{"footnotes":""},"class_list":["post-2275","page","type-page","status-publish","hentry"],"_links":{"self":[{"href":"https:\/\/biblian.is\/biblian\/wp-json\/wp\/v2\/pages\/2275","targetHints":{"allow":["GET"]}}],"collection":[{"href":"https:\/\/biblian.is\/biblian\/wp-json\/wp\/v2\/pages"}],"about":[{"href":"https:\/\/biblian.is\/biblian\/wp-json\/wp\/v2\/types\/page"}],"author":[{"embeddable":true,"href":"https:\/\/biblian.is\/biblian\/wp-json\/wp\/v2\/users\/1"}],"replies":[{"embeddable":true,"href":"https:\/\/biblian.is\/biblian\/wp-json\/wp\/v2\/comments?post=2275"}],"version-history":[{"count":0,"href":"https:\/\/biblian.is\/biblian\/wp-json\/wp\/v2\/pages\/2275\/revisions"}],"wp:attachment":[{"href":"https:\/\/biblian.is\/biblian\/wp-json\/wp\/v2\/media?parent=2275"}],"curies":[{"name":"wp","href":"https:\/\/api.w.org\/{rel}","templated":true}]}}