{"id":2274,"date":"2017-12-30T21:02:26","date_gmt":"2017-12-30T21:02:26","guid":{"rendered":"http:\/\/biblian.is\/biblian\/or_skvi_irnir-29-kafli\/"},"modified":"2021-02-15T19:13:43","modified_gmt":"2021-02-15T19:13:43","slug":"ordskvidirnir-29-kafli","status":"publish","type":"page","link":"https:\/\/biblian.is\/biblian\/ordskvidirnir-29-kafli\/","title":{"rendered":"Or\u00f0skvi\u00f0irnir 29. kafli"},"content":{"rendered":"<p><span class=\"ljodatexti\"> <a name=\"1\"><span class=\"versanumer_ljod\">1<\/span><\/a>\u00deeim sem oft hefur veri\u00f0 \u00e1talinn en \u00ferj\u00f3skast vi\u00f0 <br \/>ver\u00f0ur skyndilega hrundi\u00f0 og engin l\u00e6kning f\u00e6st. <br \/> <\/span> <span class=\"ljodatexti\"> <a name=\"2\"><span class=\"versanumer_ljod\">2<\/span><\/a>\u00deegar r\u00e9ttl\u00e1tum vex m\u00e1ttur gle\u00f0st \u00fej\u00f3\u00f0in <br \/>en \u00feegar rangl\u00e1tir drottna stynur \u00fej\u00f3\u00f0in. <br \/> <\/span> <span class=\"ljodatexti\"> <a name=\"3\"><span class=\"versanumer_ljod\">3<\/span><\/a>S\u00e1 sem elskar visku gle\u00f0ur f\u00f6\u00f0ur sinn <br \/>en s\u00e1 sem leggur lag sitt vi\u00f0 sk\u00e6kjur glatar eigum s\u00ednum. <br \/> <\/span> <span class=\"ljodatexti\"> <a name=\"4\"><span class=\"versanumer_ljod\">4<\/span><\/a>Konungurinn eflir landi\u00f0 me\u00f0 r\u00e9tti <br \/>en \u00feungar \u00e1l\u00f6gur ey\u00f0a \u00fea\u00f0. <br \/> <\/span> <span class=\"ljodatexti\"> <a name=\"5\"><span class=\"versanumer_ljod\">5<\/span><\/a>Smja\u00f0ri ma\u00f0ur fyrir n\u00e1unga s\u00ednum <br \/>leggur hann net fyrir f\u00e6tur hans. <br \/> <\/span> <span class=\"ljodatexti\"> <a name=\"6\"><span class=\"versanumer_ljod\">6<\/span><\/a>\u00cd misgj\u00f6r\u00f0 vonds manns er honum b\u00fain snara <br \/>en r\u00e9ttl\u00e1tur ma\u00f0ur fagnar og gle\u00f0st. <br \/> <\/span> <span class=\"ljodatexti\"> <a name=\"7\"><span class=\"versanumer_ljod\">7<\/span><\/a>R\u00e9ttl\u00e1tur ma\u00f0ur kynnir s\u00e9r m\u00e1lefni hinna l\u00e1gt settu <br \/>en rangl\u00e1tur ma\u00f0ur hir\u00f0ir ekki um a\u00f0 kynna s\u00e9r \u00feau. <br \/> <\/span> <span class=\"ljodatexti\"> <a name=\"8\"><span class=\"versanumer_ljod\">8<\/span><\/a>Spottarar \u00e6sa upp borgina <br \/>en vitrir menn l\u00e6gja rei\u00f0ina. <br \/> <\/span> <span class=\"ljodatexti\"> <a name=\"9\"><span class=\"versanumer_ljod\">9<\/span><\/a>\u00deegar vitur ma\u00f0ur \u00e1 \u00ed \u00fer\u00e6tu vi\u00f0 afglapa<br \/>rei\u00f0ist og hl\u00e6r afglapinn en lausn f\u00e6st engin. <br \/> <\/span> <span class=\"ljodatexti\"> <a name=\"10\"><span class=\"versanumer_ljod\">10<\/span><\/a>Bl\u00f3\u00f0vargarnir hata hinn r\u00e1\u00f0vanda <br \/>en r\u00e9ttv\u00edsir menn l\u00e1ta s\u00e9r annt um l\u00edf hans. <br \/> <\/span> <span class=\"ljodatexti\"> <a name=\"11\"><span class=\"versanumer_ljod\">11<\/span><\/a>Heimskinginn eys \u00fat allri rei\u00f0i sinni <br \/>en vitur ma\u00f0ur hefur stj\u00f3rn \u00e1 henni. <br \/> <\/span> <span class=\"ljodatexti\"> <a name=\"12\"><span class=\"versanumer_ljod\">12<\/span><\/a>\u00deegar valdhafinn hl\u00fd\u00f0ir \u00e1 lygaor\u00f0 <br \/>ver\u00f0a allir \u00fej\u00f3nar hans sekir. <br \/> <\/span> <span class=\"ljodatexti\"> <a name=\"13\"><span class=\"versanumer_ljod\">13<\/span><\/a>F\u00e1t\u00e6klingurinn og k\u00fagarinn m\u00e6tast, <br \/>Drottinn lj\u00e6r lj\u00f3s augum beggja. <br \/> <\/span> <span class=\"ljodatexti\"> <a name=\"14\"><span class=\"versanumer_ljod\">14<\/span><\/a>D\u00e6mi konungur hina l\u00e1gt settu af r\u00e9ttv\u00edsi <br \/>mun h\u00e1s\u00e6ti hans standa st\u00f6\u00f0ugt a\u00f0 eil\u00edfu. <br \/> <\/span> <span class=\"ljodatexti\"> <a name=\"15\"><span class=\"versanumer_ljod\">15<\/span><\/a>V\u00f6ndur og umv\u00f6ndun veita speki <br \/>en agalaus sveinn gerir m\u00f3\u00f0ur sinni sk\u00f6mm. <br \/> <\/span> <span class=\"ljodatexti\"> <a name=\"16\"><span class=\"versanumer_ljod\">16<\/span><\/a>\u00deegar rangl\u00e1tum fj\u00f6lgar, fj\u00f6lgar og misgj\u00f6r\u00f0um <br \/>en r\u00e9ttl\u00e1tir munu horfa \u00e1 fall \u00feeirra. <br \/> <\/span> <span class=\"ljodatexti\"> <a name=\"17\"><span class=\"versanumer_ljod\">17<\/span><\/a>Aga\u00f0u son \u00feinn, \u00fe\u00e1 mun hann l\u00e1ta \u00feig hafa r\u00f3 <br \/>og veita s\u00e1l \u00feinni una\u00f0. <br \/> <\/span> <span class=\"ljodatexti\"> <a name=\"18\"><span class=\"versanumer_ljod\">18<\/span><\/a>\u00dear sem engar vitranir eru t\u00fdnir f\u00f3lk \u00e1ttum <br \/>en s\u00e1 sem var\u00f0veitir l\u00f6gm\u00e1li\u00f0 er s\u00e6ll. <br \/> <\/span> <span class=\"ljodatexti\"> <a name=\"19\"><span class=\"versanumer_ljod\">19<\/span><\/a>\u00der\u00e6ll ver\u00f0ur ekki aga\u00f0ur me\u00f0 or\u00f0um, <br \/>hann skilur \u00feau a\u00f0 v\u00edsu en fer ekki eftir \u00feeim. <br \/> <\/span> <span class=\"ljodatexti\"> <a name=\"20\"><span class=\"versanumer_ljod\">20<\/span><\/a>Sj\u00e1ir \u00fe\u00fa mann sem er flj\u00f3tf\u00e6r \u00ed or\u00f0um, <br \/>\u00fe\u00e1 \u00e1 heimskinginn meiri von en hann. <br \/> <\/span> <span class=\"ljodatexti\"> <a name=\"21\"><span class=\"versanumer_ljod\">21<\/span><\/a>Dekri ma\u00f0ur vi\u00f0 \u00fer\u00e6l sinn fr\u00e1 barn\u00e6sku <br \/>ver\u00f0ur hann van\u00feakkl\u00e1tur a\u00f0 lokum. <br \/> <\/span> <span class=\"ljodatexti\"> <a name=\"22\"><span class=\"versanumer_ljod\">22<\/span><\/a> Rei\u00f0igjarn ma\u00f0ur vekur deilur <br \/>og skapbr\u00e1\u00f0ur ma\u00f0ur dr\u00fdgir marga synd. <br \/> <\/span> <span class=\"ljodatexti\"> <a name=\"23\"><span class=\"versanumer_ljod\">23<\/span><\/a> Hroki mannsins l\u00e6gir hann <br \/>en s\u00e6md b\u00ed\u00f0ur hins h\u00f3gv\u00e6ra. <br \/> <\/span> <span class=\"ljodatexti\"> <a name=\"24\"><span class=\"versanumer_ljod\">24<\/span><\/a> \u00dej\u00f3fsnauturinn hatast vi\u00f0 sj\u00e1lfan sig, <br \/>hann hl\u00fd\u00f0ir \u00e1 b\u00f6lvunina en l\u00e6tur \u00fe\u00f3 ekkert uppi. <br \/> <\/span> <span class=\"ljodatexti\"> <a name=\"25\"><span class=\"versanumer_ljod\">25<\/span><\/a> \u00d3tti vi\u00f0 menn <span class=\"nedan_mal\" title=\" E\u00f0a: \u00d3tti manna.\">[<\/span> lei\u00f0ir \u00ed sn\u00f6ru<br \/>en \u00feeim er borgi\u00f0 sem treystir Drottni. <br \/> <\/span> <span class=\"ljodatexti\"> <a name=\"26\"><span class=\"versanumer_ljod\">26<\/span><\/a> Margir leita hylli valdhafans <br \/>en r\u00e9ttur mannsins kemur fr\u00e1 Drottni. <br \/> <\/span> <span class=\"ljodatexti\"> <a name=\"27\"><span class=\"versanumer_ljod\">27<\/span><\/a> Andstygg\u00f0 r\u00e9ttl\u00e1tra er s\u00e1 sem rangl\u00e6ti fremur <br \/>og andstygg\u00f0 rangl\u00e1tra s\u00e1 sem breytir r\u00e1\u00f0vandlega. <\/span> <\/p>\n","protected":false},"excerpt":{"rendered":"<p>1\u00deeim sem oft hefur veri\u00f0 \u00e1talinn en \u00ferj\u00f3skast vi\u00f0 ver\u00f0ur skyndilega hrundi\u00f0 og engin l\u00e6kning f\u00e6st. 2\u00deegar r\u00e9ttl\u00e1tum vex m\u00e1ttur gle\u00f0st \u00fej\u00f3\u00f0in en \u00feegar rangl\u00e1tir drottna stynur \u00fej\u00f3\u00f0in. 3S\u00e1 sem elskar visku gle\u00f0ur f\u00f6\u00f0ur sinn en s\u00e1 sem leggur lag sitt vi\u00f0 sk\u00e6kjur glatar eigum s\u00ednum. 4Konungurinn eflir landi\u00f0 me\u00f0 r\u00e9tti en \u00feungar \u00e1l\u00f6gur ey\u00f0a \u00fea\u00f0. 5Smja\u00f0ri ma\u00f0ur fyrir n\u00e1unga s\u00ednum leggur hann net fyrir f\u00e6tur hans. 6\u00cd misgj\u00f6r\u00f0 vonds manns er honum b\u00fain snara en r\u00e9ttl\u00e1tur ma\u00f0ur fagnar og gle\u00f0st. 7R\u00e9ttl\u00e1tur ma\u00f0ur kynnir s\u00e9r m\u00e1lefni hinna l\u00e1gt settu en rangl\u00e1tur ma\u00f0ur hir\u00f0ir ekki um a\u00f0 kynna s\u00e9r \u00feau. 8Spottarar <a href=\"https:\/\/biblian.is\/biblian\/ordskvidirnir-29-kafli\/\"> [&#8230;]<\/a><\/p>\n","protected":false},"author":1,"featured_media":0,"parent":0,"menu_order":0,"comment_status":"open","ping_status":"open","template":"bibliukaflar_okv.php","meta":{"footnotes":""},"class_list":["post-2274","page","type-page","status-publish","hentry"],"_links":{"self":[{"href":"https:\/\/biblian.is\/biblian\/wp-json\/wp\/v2\/pages\/2274","targetHints":{"allow":["GET"]}}],"collection":[{"href":"https:\/\/biblian.is\/biblian\/wp-json\/wp\/v2\/pages"}],"about":[{"href":"https:\/\/biblian.is\/biblian\/wp-json\/wp\/v2\/types\/page"}],"author":[{"embeddable":true,"href":"https:\/\/biblian.is\/biblian\/wp-json\/wp\/v2\/users\/1"}],"replies":[{"embeddable":true,"href":"https:\/\/biblian.is\/biblian\/wp-json\/wp\/v2\/comments?post=2274"}],"version-history":[{"count":0,"href":"https:\/\/biblian.is\/biblian\/wp-json\/wp\/v2\/pages\/2274\/revisions"}],"wp:attachment":[{"href":"https:\/\/biblian.is\/biblian\/wp-json\/wp\/v2\/media?parent=2274"}],"curies":[{"name":"wp","href":"https:\/\/api.w.org\/{rel}","templated":true}]}}