{"id":2272,"date":"2017-12-30T21:02:26","date_gmt":"2017-12-30T21:02:26","guid":{"rendered":"http:\/\/biblian.is\/biblian\/or_skvi_irnir-27-kafli\/"},"modified":"2021-02-15T19:13:43","modified_gmt":"2021-02-15T19:13:43","slug":"ordskvidirnir-27-kafli","status":"publish","type":"page","link":"https:\/\/biblian.is\/biblian\/ordskvidirnir-27-kafli\/","title":{"rendered":"Or\u00f0skvi\u00f0irnir 27. kafli"},"content":{"rendered":"<p><span class=\"ljodatexti\"> <a name=\"1\"><span class=\"versanumer_ljod\">1<\/span><\/a>H\u00e6lstu ekki um af morgundeginum <br \/>\u00fev\u00ed a\u00f0 \u00fe\u00fa veist ekki hva\u00f0 dagurinn ber \u00ed skauti s\u00ednu. <br \/> <\/span> <span class=\"ljodatexti\"> <a name=\"2\"><span class=\"versanumer_ljod\">2<\/span><\/a>L\u00e1ttu a\u00f0ra hr\u00f3sa \u00fe\u00e9r, ekki \u00feinn eigin munn, <br \/>annarra varir, ekki \u00fe\u00ednar eigin. <br \/> <\/span> <span class=\"ljodatexti\"> <a name=\"3\"><span class=\"versanumer_ljod\">3<\/span><\/a>Steinar eru \u00feungir og sandurinn s\u00edgur \u00ed <br \/>en gremja afglapans er \u00feyngri en hvort tveggja. <br \/> <\/span> <span class=\"ljodatexti\"> <a name=\"4\"><span class=\"versanumer_ljod\">4<\/span><\/a>Heiftin er grimm og rei\u00f0in er sv\u00e6sin <br \/>en hver f\u00e6r sta\u00f0ist \u00f6fundina? <br \/> <\/span> <span class=\"ljodatexti\"> <a name=\"5\"><span class=\"versanumer_ljod\">5<\/span><\/a>Betri eru \u00e1t\u00f6lur \u00ed hreinskilni <br \/>en \u00e1st sem leynt er. <br \/> <\/span> <span class=\"ljodatexti\"> <a name=\"6\"><span class=\"versanumer_ljod\">6<\/span><\/a>Vel meint eru vinar s\u00e1rin <br \/>en vi\u00f0bj\u00f3\u00f0slegir fjandmanns kossar. <br \/> <\/span> <span class=\"ljodatexti\"> <a name=\"7\"><span class=\"versanumer_ljod\">7<\/span><\/a>Saddur ma\u00f0ur tre\u00f0ur hunang undir f\u00f3tum <br \/>en hungru\u00f0um manni er remman s\u00e6t. <br \/> <\/span> <span class=\"ljodatexti\"> <a name=\"8\"><span class=\"versanumer_ljod\">8<\/span><\/a>Eins og fugl, floginn \u00far hrei\u00f0ri, <br \/>svo er ma\u00f0ur sem fl\u00fainn er af heimili s\u00ednu. <br \/> <\/span> <span class=\"ljodatexti\"> <a name=\"9\"><span class=\"versanumer_ljod\">9<\/span><\/a>Ilmol\u00eda og reykelsi gle\u00f0ja hjarta\u00f0 <br \/>en ind\u00e6lli er vinur en ilmandi vi\u00f0ur. <br \/> <\/span> <span class=\"ljodatexti\"> <a name=\"10\"><span class=\"versanumer_ljod\">10<\/span><\/a>Yfirgef\u00f0u ekki vin \u00feinn n\u00e9 vin f\u00f6\u00f0ur \u00fe\u00edns <br \/>og gakktu ekki \u00ed h\u00fas br\u00f3\u00f0ur \u00fe\u00edns \u00e1 \u00f3heilladegi \u00fe\u00ednum. <br \/>Betri er granni \u00ed grennd en br\u00f3\u00f0ir \u00ed fjarska. <br \/> <\/span> <span class=\"ljodatexti\"> <a name=\"11\"><span class=\"versanumer_ljod\">11<\/span><\/a>\u00d6\u00f0lastu visku, sonur minn, og gleddu hjarta mitt <br \/>svo a\u00f0 \u00e9g geti svara\u00f0 \u00feeim or\u00f0i sem sm\u00e1na mig. <br \/> <\/span> <span class=\"ljodatexti\"> <a name=\"12\"><span class=\"versanumer_ljod\">12<\/span><\/a>Vitur ma\u00f0ur s\u00e9r \u00f3g\u00e6funa og felur sig <br \/>en einfeldningar halda \u00e1fram og gjalda \u00feess. <br \/> <\/span> <span class=\"ljodatexti\"> <a name=\"13\"><span class=\"versanumer_ljod\">13<\/span><\/a>Taktu skikkjuna af \u00feeim sem hefur gengi\u00f0 \u00ed \u00e1byrg\u00f0 fyrir \u00f3kunnugan, <br \/>taktu ve\u00f0 af \u00feeim sem hefur gengi\u00f0 \u00ed \u00e1byrg\u00f0 fyrir framandi konu. <br \/> <\/span> <span class=\"ljodatexti\"> <a name=\"14\"><span class=\"versanumer_ljod\">14<\/span><\/a>Blessi ma\u00f0ur n\u00e1unga sinn snemma morguns me\u00f0 h\u00e1reysti <br \/>skal \u00fea\u00f0 meti\u00f0 sem form\u00e6ling. <br \/> <\/span> <span class=\"ljodatexti\"> <a name=\"15\"><span class=\"versanumer_ljod\">15<\/span><\/a>S\u00edfelldur \u00feakleki \u00ed rigningat\u00ed\u00f0 og \u00ferasgj\u00f6rn kona<br \/>er hva\u00f0 \u00f6\u00f0ru l\u00edkt, <br \/> <\/span> <span class=\"ljodatexti\"> <a name=\"16\"><span class=\"versanumer_ljod\">16<\/span><\/a>s\u00e1 er hana st\u00f6\u00f0var st\u00f6\u00f0var vindinn <br \/>og heldur \u00e1 ol\u00edu \u00ed h\u00e6gri hendi. <br \/> <\/span> <span class=\"ljodatexti\"> <a name=\"17\"><span class=\"versanumer_ljod\">17<\/span><\/a>J\u00e1rn br\u00fdnir j\u00e1rn <br \/>og ma\u00f0ur br\u00fdnir mann. <br \/> <\/span> <span class=\"ljodatexti\"> <a name=\"18\"><span class=\"versanumer_ljod\">18<\/span><\/a>S\u00e1 sem g\u00e6tir f\u00edkjutr\u00e9s mun nj\u00f3ta \u00e1vaxtar \u00feess <br \/>og s\u00e1 sem annast h\u00fasb\u00f3nda sinn hl\u00fdtur s\u00e6md. <br \/> <\/span> <span class=\"ljodatexti\"> <a name=\"19\"><span class=\"versanumer_ljod\">19<\/span><\/a>Andlit horfir vi\u00f0 andliti \u00ed vatni, <br \/>svo er hjarta eins manns gagnvart \u00f6\u00f0rum. <br \/> <\/span> <span class=\"ljodatexti\"> <a name=\"20\"><span class=\"versanumer_ljod\">20<\/span><\/a>D\u00e1narheimar og undirdj\u00fapin eru \u00f3se\u00f0jandi, <br \/>svo eru og augu mannsins \u00f3se\u00f0jandi. <br \/> <\/span> <span class=\"ljodatexti\"> <a name=\"21\"><span class=\"versanumer_ljod\">21<\/span><\/a>Deiglan reynir silfri\u00f0 og br\u00e6\u00f0sluofninn gulli\u00f0 <br \/>en ma\u00f0urinn er metinn eftir or\u00f0st\u00edr s\u00ednum. <br \/> <\/span> <span class=\"ljodatexti\"> <a name=\"22\"><span class=\"versanumer_ljod\">22<\/span><\/a> \u00de\u00f3tt \u00fe\u00fa steytir heimskingjann \u00ed mort\u00e9li \u00e1samt korni <br \/>mun heimska hans ekki skilja vi\u00f0 hann. <br \/> <\/span> <span class=\"ljodatexti\"> <a name=\"23\"><span class=\"versanumer_ljod\">23<\/span><\/a> Gef\u00f0u n\u00e1kv\u00e6mar g\u00e6tur a\u00f0 sau\u00f0um \u00fe\u00ednum <br \/>og annast um hjar\u00f0ir \u00fe\u00ednar <br \/> <\/span> <span class=\"ljodatexti\"> <a name=\"24\"><span class=\"versanumer_ljod\">24<\/span><\/a> \u00fev\u00ed a\u00f0 hvorki vara eignir a\u00f0 eil\u00edfu <br \/>n\u00e9 k\u00f3r\u00f3na fr\u00e1 kyni til kyns. <br \/> <\/span> <span class=\"ljodatexti\"> <a name=\"25\"><span class=\"versanumer_ljod\">25<\/span><\/a> S\u00e9 heyi\u00f0 hirt og h\u00e1in tekin a\u00f0 spretta <br \/>og hafi jurtum fjallanna veri\u00f0 safna\u00f0 <br \/> <\/span> <span class=\"ljodatexti\"> <a name=\"26\"><span class=\"versanumer_ljod\">26<\/span><\/a> \u00e1tt \u00fe\u00fa l\u00f6mb \u00fe\u00e9r til kl\u00e6\u00f0na\u00f0ar, <br \/>geithafra til \u00feess a\u00f0 kaupa fyrir akur <br \/> <\/span> <span class=\"ljodatexti\"> <a name=\"27\"><span class=\"versanumer_ljod\">27<\/span><\/a> og n\u00f3ga geitamj\u00f3lk \u00fe\u00e9r til f\u00e6\u00f0slu, <br \/>heimili \u00fe\u00ednu til matar og til vi\u00f0urv\u00e6ris \u00feernum \u00fe\u00ednum. <\/span> <\/p>\n","protected":false},"excerpt":{"rendered":"<p>1H\u00e6lstu ekki um af morgundeginum \u00fev\u00ed a\u00f0 \u00fe\u00fa veist ekki hva\u00f0 dagurinn ber \u00ed skauti s\u00ednu. 2L\u00e1ttu a\u00f0ra hr\u00f3sa \u00fe\u00e9r, ekki \u00feinn eigin munn, annarra varir, ekki \u00fe\u00ednar eigin. 3Steinar eru \u00feungir og sandurinn s\u00edgur \u00ed en gremja afglapans er \u00feyngri en hvort tveggja. 4Heiftin er grimm og rei\u00f0in er sv\u00e6sin en hver f\u00e6r sta\u00f0ist \u00f6fundina? 5Betri eru \u00e1t\u00f6lur \u00ed hreinskilni en \u00e1st sem leynt er. 6Vel meint eru vinar s\u00e1rin en vi\u00f0bj\u00f3\u00f0slegir fjandmanns kossar. 7Saddur ma\u00f0ur tre\u00f0ur hunang undir f\u00f3tum en hungru\u00f0um manni er remman s\u00e6t. 8Eins og fugl, floginn \u00far hrei\u00f0ri, svo er ma\u00f0ur sem fl\u00fainn er af <a href=\"https:\/\/biblian.is\/biblian\/ordskvidirnir-27-kafli\/\"> [&#8230;]<\/a><\/p>\n","protected":false},"author":1,"featured_media":0,"parent":0,"menu_order":0,"comment_status":"open","ping_status":"open","template":"bibliukaflar_okv.php","meta":{"footnotes":""},"class_list":["post-2272","page","type-page","status-publish","hentry"],"_links":{"self":[{"href":"https:\/\/biblian.is\/biblian\/wp-json\/wp\/v2\/pages\/2272","targetHints":{"allow":["GET"]}}],"collection":[{"href":"https:\/\/biblian.is\/biblian\/wp-json\/wp\/v2\/pages"}],"about":[{"href":"https:\/\/biblian.is\/biblian\/wp-json\/wp\/v2\/types\/page"}],"author":[{"embeddable":true,"href":"https:\/\/biblian.is\/biblian\/wp-json\/wp\/v2\/users\/1"}],"replies":[{"embeddable":true,"href":"https:\/\/biblian.is\/biblian\/wp-json\/wp\/v2\/comments?post=2272"}],"version-history":[{"count":0,"href":"https:\/\/biblian.is\/biblian\/wp-json\/wp\/v2\/pages\/2272\/revisions"}],"wp:attachment":[{"href":"https:\/\/biblian.is\/biblian\/wp-json\/wp\/v2\/media?parent=2272"}],"curies":[{"name":"wp","href":"https:\/\/api.w.org\/{rel}","templated":true}]}}