{"id":2271,"date":"2017-12-30T21:02:26","date_gmt":"2017-12-30T21:02:26","guid":{"rendered":"http:\/\/biblian.is\/biblian\/or_skvi_irnir-26-kafli\/"},"modified":"2021-02-15T19:13:42","modified_gmt":"2021-02-15T19:13:42","slug":"ordskvidirnir-26-kafli","status":"publish","type":"page","link":"https:\/\/biblian.is\/biblian\/ordskvidirnir-26-kafli\/","title":{"rendered":"Or\u00f0skvi\u00f0irnir 26. kafli"},"content":{"rendered":"<p><span class=\"ljodatexti\"> <a name=\"1\"><span class=\"versanumer_ljod\">1<\/span><\/a>Eins og snj\u00f3r um sumar e\u00f0a regn um uppskeru, <br \/>svo illa \u00e1 s\u00e6md vi\u00f0 heimskan mann. <br \/> <\/span> <span class=\"ljodatexti\"> <a name=\"2\"><span class=\"versanumer_ljod\">2<\/span><\/a>Eins og sp\u00f6rfugl hl\u00fdtur a\u00f0 fl\u00f6gra og svala a\u00f0 flj\u00faga, <br \/>eins er um \u00f3ver\u00f0skulda\u00f0a form\u00e6lingu,<br \/>h\u00fan ver\u00f0ur ekki a\u00f0 \u00e1hr\u00ednsor\u00f0um. <br \/> <\/span> <span class=\"ljodatexti\"> <a name=\"3\"><span class=\"versanumer_ljod\">3<\/span><\/a>Svipan h\u00e6fir hestinum og taumurinn asnanum <br \/>en v\u00f6ndurinn baki heimskingjans. <br \/> <\/span> <span class=\"ljodatexti\"> <a name=\"4\"><span class=\"versanumer_ljod\">4<\/span><\/a>Svara\u00f0u ekki heimskingjanum eftir f\u00edflsku hans <br \/>svo a\u00f0 \u00fe\u00fa ver\u00f0ir ekki honum jafn. <br \/> <\/span> <span class=\"ljodatexti\"> <a name=\"5\"><span class=\"versanumer_ljod\">5<\/span><\/a>Svara\u00f0u heimskingjanum eftir f\u00edflsku hans, <br \/>annars heldur hann a\u00f0 hann s\u00e9 vitur. <br \/> <\/span> <span class=\"ljodatexti\"> <a name=\"6\"><span class=\"versanumer_ljod\">6<\/span><\/a>S\u00e1 f\u00f3rnar f\u00f3tum s\u00ednum og f\u00e6r a\u00f0 s\u00fapa \u00e1 rangl\u00e6ti <br \/>sem sendir or\u00f0 me\u00f0 heimskingja. <br \/> <\/span> <span class=\"ljodatexti\"> <a name=\"7\"><span class=\"versanumer_ljod\">7<\/span><\/a>Eins og f\u00f3tleggir hins lama\u00f0a hanga m\u00e1ttlausir, <br \/>svo fer spakm\u00e6lum \u00ed munni heimskingjanna. <br \/> <\/span> <span class=\"ljodatexti\"> <a name=\"8\"><span class=\"versanumer_ljod\">8<\/span><\/a>\u00deeim sem s\u00fdnir heimskum manni s\u00e6md <br \/>fer eins og \u00feeim er hn\u00fdtir stein \u00ed sl\u00f6ngvu. <br \/> <\/span> <span class=\"ljodatexti\"> <a name=\"9\"><span class=\"versanumer_ljod\">9<\/span><\/a>Eins og \u00feyrnir stingst \u00ed h\u00f6nd \u00e1 drukknum manni, <br \/>svo er spakm\u00e6li \u00ed munni heimskingjanna. <br \/> <\/span> <span class=\"ljodatexti\"> <a name=\"10\"><span class=\"versanumer_ljod\">10<\/span><\/a>Eins og skytta sem sk\u00fdtur \u00e1 alla vegfarendur, <br \/>svo er s\u00e1 sem r\u00e6\u00f0ur heimskingja e\u00f0a vergangsmann til verka. <br \/> <\/span> <span class=\"ljodatexti\"> <a name=\"11\"><span class=\"versanumer_ljod\">11<\/span><\/a>Eins og hundur sem sn\u00fdr aftur til sp\u00fdju sinnar, <br \/>svo er heimskingi sem endurtekur f\u00edflsku s\u00edna. <br \/> <\/span> <span class=\"ljodatexti\"> <a name=\"12\"><span class=\"versanumer_ljod\">12<\/span><\/a>Sj\u00e1ir \u00fe\u00fa mann sem telur sig vitran, <br \/>\u00fe\u00e1 \u00e1 heimskinginn meiri von en hann. <br \/> <\/span> <span class=\"ljodatexti\"> <a name=\"13\"><span class=\"versanumer_ljod\">13<\/span><\/a>Letinginn segir: \u201e\u00d3argad\u00fdr er \u00fati fyrir, <br \/>lj\u00f3n \u00e1 torgunum.\u201c <br \/> <\/span> <span class=\"ljodatexti\"> <a name=\"14\"><span class=\"versanumer_ljod\">14<\/span><\/a>Hur\u00f0in sn\u00fdst \u00e1 hj\u00f6runum <br \/>og letinginn \u00ed hv\u00edlu sinni. <br \/> <\/span> <span class=\"ljodatexti\"> <a name=\"15\"><span class=\"versanumer_ljod\">15<\/span><\/a>Latur ma\u00f0ur d\u00fdfir hendinni ofan \u00ed sk\u00e1lina <br \/>en honum er um megn a\u00f0 bera hana upp a\u00f0 munninum. <br \/> <\/span> <span class=\"ljodatexti\"> <a name=\"16\"><span class=\"versanumer_ljod\">16<\/span><\/a>Latur ma\u00f0ur \u00feykist vitrari en sj\u00f6 <br \/>sem veita viturleg r\u00e1\u00f0. <br \/> <\/span> <span class=\"ljodatexti\"> <a name=\"17\"><span class=\"versanumer_ljod\">17<\/span><\/a>S\u00e1 sem blandar s\u00e9r \u00ed annarra deilu <br \/>er eins og s\u00e1 sem gr\u00edpur \u00ed eyrun \u00e1 hundi sem fram hj\u00e1 hleypur. <br \/> <\/span> <span class=\"ljodatexti\"> <a name=\"18\"><span class=\"versanumer_ljod\">18<\/span><\/a>Eins og \u00f3\u00f0ur ma\u00f0ur sem \u00feeytir eldibr\u00f6ndum og \u00f6rvum <br \/> <\/span> <span class=\"ljodatexti\"> <a name=\"19\"><span class=\"versanumer_ljod\">19<\/span><\/a>er s\u00e1 sem sv\u00edkur n\u00e1unga sinn og segir s\u00ed\u00f0an:<br \/>\u201e\u00c9g var bara a\u00f0 gera a\u00f0 gamni m\u00ednu.\u201c <br \/> <\/span> <span class=\"ljodatexti\"> <a name=\"20\"><span class=\"versanumer_ljod\">20<\/span><\/a>\u00deegar eldsneyti\u00f0 \u00fer\u00fdtur slokknar eldurinn <br \/>og \u00feegar enginn er r\u00f3gberinn st\u00f6\u00f0vast deilurnar. <br \/> <\/span> <span class=\"ljodatexti\"> <a name=\"21\"><span class=\"versanumer_ljod\">21<\/span><\/a>Eins og kol \u00fearf til gl\u00f3\u00f0a og vi\u00f0 til elds, <br \/>eins \u00fearf \u00fer\u00e6tugjarnan mann til a\u00f0 kveikja deilur. <br \/> <\/span> <span class=\"ljodatexti\"> <a name=\"22\"><span class=\"versanumer_ljod\">22<\/span><\/a> Or\u00f0 r\u00f3gberans eru eins og s\u00e6lg\u00e6ti, <br \/>\u00feau l\u00e6sa sig inn \u00ed innstu fylgsni hjartans. <br \/> <\/span> <span class=\"ljodatexti\"> <a name=\"23\"><span class=\"versanumer_ljod\">23<\/span><\/a> Sem sorasilfur utan af leirbroti, <br \/>svo eru eldheitir kossar og illt hjarta. <br \/> <\/span> <span class=\"ljodatexti\"> <a name=\"24\"><span class=\"versanumer_ljod\">24<\/span><\/a> Me\u00f0 v\u00f6rum s\u00ednum gerir hatursma\u00f0urinn s\u00e9r upp vinal\u00e6ti <br \/>en \u00ed hjarta s\u00ednu hyggur hann \u00e1 svik. <br \/> <\/span> <span class=\"ljodatexti\"> <a name=\"25\"><span class=\"versanumer_ljod\">25<\/span><\/a> \u00de\u00f3 a\u00f0 hann m\u00e6li fagurt, \u00fe\u00e1 tr\u00fa\u00f0u honum ekki <br \/>\u00fev\u00ed a\u00f0 sj\u00f6 andstygg\u00f0ir b\u00faa \u00ed hjarta hans. <br \/> <\/span> <span class=\"ljodatexti\"> <a name=\"26\"><span class=\"versanumer_ljod\">26<\/span><\/a> \u00de\u00f3tt hatri\u00f0 hylji sig hr\u00e6sni, <br \/>\u00fe\u00e1 ver\u00f0ur illska \u00feess opinber \u00ed s\u00f6fnu\u00f0inum. <br \/> <\/span> <span class=\"ljodatexti\"> <a name=\"27\"><span class=\"versanumer_ljod\">27<\/span><\/a> S\u00e1 sem grefur gr\u00f6f fellur \u00ed hana <br \/>og steinninn fellur aftur \u00ed fang \u00feeim er veltir honum. <br \/> <\/span> <span class=\"ljodatexti\"> <a name=\"28\"><span class=\"versanumer_ljod\">28<\/span><\/a> Lygin tunga hatar \u00fe\u00e1 sem h\u00fan hefur unni\u00f0 mein <br \/>og smja\u00f0uryr\u00f0i lei\u00f0a til gl\u00f6tunar. <\/span> <\/p>\n","protected":false},"excerpt":{"rendered":"<p>1Eins og snj\u00f3r um sumar e\u00f0a regn um uppskeru, svo illa \u00e1 s\u00e6md vi\u00f0 heimskan mann. 2Eins og sp\u00f6rfugl hl\u00fdtur a\u00f0 fl\u00f6gra og svala a\u00f0 flj\u00faga, eins er um \u00f3ver\u00f0skulda\u00f0a form\u00e6lingu,h\u00fan ver\u00f0ur ekki a\u00f0 \u00e1hr\u00ednsor\u00f0um. 3Svipan h\u00e6fir hestinum og taumurinn asnanum en v\u00f6ndurinn baki heimskingjans. 4Svara\u00f0u ekki heimskingjanum eftir f\u00edflsku hans svo a\u00f0 \u00fe\u00fa ver\u00f0ir ekki honum jafn. 5Svara\u00f0u heimskingjanum eftir f\u00edflsku hans, annars heldur hann a\u00f0 hann s\u00e9 vitur. 6S\u00e1 f\u00f3rnar f\u00f3tum s\u00ednum og f\u00e6r a\u00f0 s\u00fapa \u00e1 rangl\u00e6ti sem sendir or\u00f0 me\u00f0 heimskingja. 7Eins og f\u00f3tleggir hins lama\u00f0a hanga m\u00e1ttlausir, svo fer spakm\u00e6lum \u00ed munni heimskingjanna. 8\u00deeim sem <a href=\"https:\/\/biblian.is\/biblian\/ordskvidirnir-26-kafli\/\"> [&#8230;]<\/a><\/p>\n","protected":false},"author":1,"featured_media":0,"parent":0,"menu_order":0,"comment_status":"open","ping_status":"open","template":"bibliukaflar_okv.php","meta":{"footnotes":""},"class_list":["post-2271","page","type-page","status-publish","hentry"],"_links":{"self":[{"href":"https:\/\/biblian.is\/biblian\/wp-json\/wp\/v2\/pages\/2271","targetHints":{"allow":["GET"]}}],"collection":[{"href":"https:\/\/biblian.is\/biblian\/wp-json\/wp\/v2\/pages"}],"about":[{"href":"https:\/\/biblian.is\/biblian\/wp-json\/wp\/v2\/types\/page"}],"author":[{"embeddable":true,"href":"https:\/\/biblian.is\/biblian\/wp-json\/wp\/v2\/users\/1"}],"replies":[{"embeddable":true,"href":"https:\/\/biblian.is\/biblian\/wp-json\/wp\/v2\/comments?post=2271"}],"version-history":[{"count":0,"href":"https:\/\/biblian.is\/biblian\/wp-json\/wp\/v2\/pages\/2271\/revisions"}],"wp:attachment":[{"href":"https:\/\/biblian.is\/biblian\/wp-json\/wp\/v2\/media?parent=2271"}],"curies":[{"name":"wp","href":"https:\/\/api.w.org\/{rel}","templated":true}]}}