{"id":2270,"date":"2017-12-30T21:02:26","date_gmt":"2017-12-30T21:02:26","guid":{"rendered":"http:\/\/biblian.is\/biblian\/or_skvi_irnir-25-kafli\/"},"modified":"2021-02-15T19:13:42","modified_gmt":"2021-02-15T19:13:42","slug":"ordskvidirnir-25-kafli","status":"publish","type":"page","link":"https:\/\/biblian.is\/biblian\/ordskvidirnir-25-kafli\/","title":{"rendered":"Or\u00f0skvi\u00f0irnir 25. kafli"},"content":{"rendered":"<p><a name=\"1\"><span class=\"versanumer_2007\">1<\/span><\/a> \u00deetta eru l\u00edka or\u00f0skvi\u00f0ir Sal\u00f3mons sem menn Hisk\u00eda J\u00fadakonungs s\u00f6fnu\u00f0u:<br \/> <span class=\"ljodatexti\"> <a name=\"2\"><span class=\"versanumer_ljod\">2<\/span><\/a>Gu\u00f0i er s\u00e6md a\u00f0 dylja m\u00e1l, <br \/>konungum s\u00e6md a\u00f0 \u00fatklj\u00e1 m\u00e1l. <br \/> <\/span> <span class=\"ljodatexti\"> <a name=\"3\"><span class=\"versanumer_ljod\">3<\/span><\/a>Eins og h\u00e6\u00f0 himins og d\u00fdpt jar\u00f0ar, <br \/>svo eru konungshj\u00f6rtun \u00f3rannsakanleg. <br \/> <\/span> <span class=\"ljodatexti\"> <a name=\"4\"><span class=\"versanumer_ljod\">4<\/span><\/a>S\u00e9 sorinn tekinn \u00far silfrinu, <br \/>\u00fe\u00e1 f\u00e6r smi\u00f0urinn ker \u00far \u00fev\u00ed. <br \/> <\/span> <span class=\"ljodatexti\"> <a name=\"5\"><span class=\"versanumer_ljod\">5<\/span><\/a>S\u00e9u hinir rangl\u00e1tu teknir burt fr\u00e1 augliti konungsins, <br \/>\u00fe\u00e1 ver\u00f0ur h\u00e1s\u00e6ti hans st\u00f6\u00f0ugt \u00ed r\u00e9ttl\u00e6ti. <br \/> <\/span> <span class=\"ljodatexti\"> <a name=\"6\"><span class=\"versanumer_ljod\">6<\/span><\/a>St\u00e6r\u00f0u \u00feig ekki frammi fyrir konunginum <br \/>og \u00e6tla\u00f0u \u00fe\u00e9r ekki sta\u00f0 st\u00f3rmenna <br \/> <\/span> <span class=\"ljodatexti\"> <a name=\"7\"><span class=\"versanumer_ljod\">7<\/span><\/a>\u00fev\u00ed a\u00f0 betra er a\u00f0 menn segi vi\u00f0 \u00feig:<br \/>\u201eF\u00e6r\u00f0u \u00feig hinga\u00f0 upp,\u201c <br \/>en a\u00f0 menn ni\u00f0url\u00e6gi \u00feig frammi fyrir tignarmanni. <br \/>Hva\u00f0 sem augu \u00fe\u00edn kunna a\u00f0 hafa s\u00e9\u00f0, <br \/> <\/span> <span class=\"ljodatexti\"> <a name=\"8\"><span class=\"versanumer_ljod\">8<\/span><\/a>vertu \u00fe\u00e1 ekki of hvatur \u00ed m\u00e1lavafstur <br \/>\u00fev\u00ed a\u00f0 hverjar ver\u00f0a lyktirnar <br \/>ef n\u00e1ungi \u00feinn gerir \u00fe\u00e9r minnkun? <br \/> <\/span> <span class=\"ljodatexti\"> <a name=\"9\"><span class=\"versanumer_ljod\">9<\/span><\/a>Ver\u00f0u r\u00e9tt \u00feinn gegn n\u00e1unga \u00fe\u00ednum <br \/>en lj\u00f3stra\u00f0u ekki upp leyndarm\u00e1lum annars manns <br \/> <\/span> <span class=\"ljodatexti\"> <a name=\"10\"><span class=\"versanumer_ljod\">10<\/span><\/a>til \u00feess a\u00f0 s\u00e1 sem heyrir \u00fea\u00f0 \u00e1telji \u00feig ekki <br \/>og \u00fe\u00fa f\u00e1ir \u00e1 \u00feig varanlegt \u00f3or\u00f0. <br \/> <\/span> <span class=\"ljodatexti\"> <a name=\"11\"><span class=\"versanumer_ljod\">11<\/span><\/a>Gullepli \u00ed silfursk\u00e1lum, <br \/>svo eru vel valin or\u00f0. <br \/> <\/span> <span class=\"ljodatexti\"> <a name=\"12\"><span class=\"versanumer_ljod\">12<\/span><\/a>Eins og gullhringur og skartgripur af sk\u00edru gulli, <br \/>svo er \u00e1minning viturs manns sem hl\u00fdtt er \u00e1. <br \/> <\/span> <span class=\"ljodatexti\"> <a name=\"13\"><span class=\"versanumer_ljod\">13<\/span><\/a>Eins og snj\u00f3svali um uppskerut\u00edmann, <br \/>svo er \u00e1rei\u00f0anlegur sendibo\u00f0i \u00feeim sem sendir hann <br \/>\u00fev\u00ed a\u00f0 hann hressir s\u00e1l h\u00fasb\u00f3nda s\u00edns. <br \/> <\/span> <span class=\"ljodatexti\"> <a name=\"14\"><span class=\"versanumer_ljod\">14<\/span><\/a>Sk\u00fd og vindur en engin rigning,<br \/>svo er s\u00e1 sem hr\u00f3sar s\u00e9r af \u00f6rl\u00e6ti en gefur \u00fe\u00f3 ekkert. <br \/> <\/span> <span class=\"ljodatexti\"> <a name=\"15\"><span class=\"versanumer_ljod\">15<\/span><\/a>Me\u00f0 \u00feolinm\u00e6\u00f0i m\u00e1 telja h\u00f6f\u00f0ingja hughvarf, <br \/>mj\u00fak tunga mylur bein. <br \/> <\/span> <span class=\"ljodatexti\"> <a name=\"16\"><span class=\"versanumer_ljod\">16<\/span><\/a>Finnir \u00fe\u00fa hunang f\u00e1\u00f0u \u00fe\u00e9r n\u00e6gju \u00fe\u00edna <br \/>svo a\u00f0 \u00fe\u00fa ver\u00f0ir ekki ofsaddur af \u00fev\u00ed og sp\u00fdir \u00fev\u00ed upp. <br \/> <\/span> <span class=\"ljodatexti\"> <a name=\"17\"><span class=\"versanumer_ljod\">17<\/span><\/a>St\u00edg\u00f0u f\u00e6ti \u00fe\u00ednum h\u00f3flega oft \u00ed h\u00fas n\u00e1unga \u00fe\u00edns <br \/>svo a\u00f0 hann ver\u00f0i ekki lei\u00f0ur \u00e1 \u00fe\u00e9r og honum \u00ed n\u00f6p vi\u00f0 \u00feig. <br \/> <\/span> <span class=\"ljodatexti\"> <a name=\"18\"><span class=\"versanumer_ljod\">18<\/span><\/a>Sleggja, sver\u00f0, hv\u00f6ss \u00f6r,<br \/>svo er s\u00e1 sem ber falsvitni gegn n\u00e1unga s\u00ednum. <br \/> <\/span> <span class=\"ljodatexti\"> <a name=\"19\"><span class=\"versanumer_ljod\">19<\/span><\/a>Laus t\u00f6nn og hrasandi f\u00f3tur,<br \/>sl\u00edkt er traust \u00e1 svikara \u00e1 degi ney\u00f0arinnar. <br \/> <\/span> <span class=\"ljodatexti\"> <a name=\"20\"><span class=\"versanumer_ljod\">20<\/span><\/a>A\u00f0 fara \u00far f\u00f6tum \u00ed kalsave\u00f0ri,<br \/>a\u00f0 hella ediki \u00ed s\u00e1r, <span class=\"nedan_mal\" title=\" Annar lesh\u00e1ttur: a\u00f0 hella ediki \u00ed saltp\u00e9tur.\">[<\/span> <br \/>eins er a\u00f0 syngja sorgm\u00e6ddum gle\u00f0is\u00f6ngva. <br \/> <\/span> <span class=\"ljodatexti\"> <a name=\"21\"><span class=\"versanumer_ljod\">21<\/span><\/a>Ef \u00f3vin \u00feinn hungrar gef\u00f0u honum \u00fe\u00e1 a\u00f0 eta <br \/>og \u00feyrsti hann gef\u00f0u honum \u00fe\u00e1 a\u00f0 drekka <br \/> <\/span> <span class=\"ljodatexti\"> <a name=\"22\"><span class=\"versanumer_ljod\">22<\/span><\/a> \u00fev\u00ed a\u00f0 \u00fe\u00fa safnar gl\u00f3\u00f0um elds a\u00f0 h\u00f6f\u00f0i honum <br \/>og Drottinn mun endurgjalda \u00fe\u00e9r \u00fea\u00f0. <br \/> <\/span> <span class=\"ljodatexti\"> <a name=\"23\"><span class=\"versanumer_ljod\">23<\/span><\/a> Nor\u00f0anvindurinn ber me\u00f0 s\u00e9r regn <br \/>og launskraf rei\u00f0ileg andlit. <br \/> <\/span> <span class=\"ljodatexti\"> <a name=\"24\"><span class=\"versanumer_ljod\">24<\/span><\/a> Betri er dv\u00f6l \u00ed horni \u00e1 h\u00fas\u00feaki <br \/>en samb\u00fa\u00f0 vi\u00f0 \u00ferasgjarna konu. <br \/> <\/span> <span class=\"ljodatexti\"> <a name=\"25\"><span class=\"versanumer_ljod\">25<\/span><\/a> Eins og kalt vatn \u00ed skr\u00e6lna\u00f0a kverk, <br \/>svo er heillafregn \u00far fjarl\u00e6gu landi. <br \/> <\/span> <span class=\"ljodatexti\"> <a name=\"26\"><span class=\"versanumer_ljod\">26<\/span><\/a> Eins og gruggu\u00f0 lind og skemmdur brunnur, <br \/>svo er r\u00e9ttl\u00e1tur ma\u00f0ur er l\u00e6tur undan vondum manni. <br \/> <\/span> <span class=\"ljodatexti\"> <a name=\"27\"><span class=\"versanumer_ljod\">27<\/span><\/a> Of miki\u00f0 hunangs\u00e1t er ekki gott,<br \/>vertu \u00fev\u00ed spar \u00e1 h\u00f3li\u00f0. <br \/> <\/span> <span class=\"ljodatexti\"> <a name=\"28\"><span class=\"versanumer_ljod\">28<\/span><\/a> Eins og opin borg \u00e1n borgarm\u00fara, <br \/>svo er s\u00e1 ma\u00f0ur sem ekki hefur stj\u00f3rn \u00e1 skapi s\u00ednu.<br \/> <\/span><\/p>\n","protected":false},"excerpt":{"rendered":"<p>1 \u00deetta eru l\u00edka or\u00f0skvi\u00f0ir Sal\u00f3mons sem menn Hisk\u00eda J\u00fadakonungs s\u00f6fnu\u00f0u: 2Gu\u00f0i er s\u00e6md a\u00f0 dylja m\u00e1l, konungum s\u00e6md a\u00f0 \u00fatklj\u00e1 m\u00e1l. 3Eins og h\u00e6\u00f0 himins og d\u00fdpt jar\u00f0ar, svo eru konungshj\u00f6rtun \u00f3rannsakanleg. 4S\u00e9 sorinn tekinn \u00far silfrinu, \u00fe\u00e1 f\u00e6r smi\u00f0urinn ker \u00far \u00fev\u00ed. 5S\u00e9u hinir rangl\u00e1tu teknir burt fr\u00e1 augliti konungsins, \u00fe\u00e1 ver\u00f0ur h\u00e1s\u00e6ti hans st\u00f6\u00f0ugt \u00ed r\u00e9ttl\u00e6ti. 6St\u00e6r\u00f0u \u00feig ekki frammi fyrir konunginum og \u00e6tla\u00f0u \u00fe\u00e9r ekki sta\u00f0 st\u00f3rmenna 7\u00fev\u00ed a\u00f0 betra er a\u00f0 menn segi vi\u00f0 \u00feig:\u201eF\u00e6r\u00f0u \u00feig hinga\u00f0 upp,\u201c en a\u00f0 menn ni\u00f0url\u00e6gi \u00feig frammi fyrir tignarmanni. Hva\u00f0 sem augu \u00fe\u00edn kunna a\u00f0 hafa s\u00e9\u00f0, 8vertu <a href=\"https:\/\/biblian.is\/biblian\/ordskvidirnir-25-kafli\/\"> [&#8230;]<\/a><\/p>\n","protected":false},"author":1,"featured_media":0,"parent":0,"menu_order":0,"comment_status":"open","ping_status":"open","template":"bibliukaflar_okv.php","meta":{"footnotes":""},"class_list":["post-2270","page","type-page","status-publish","hentry"],"_links":{"self":[{"href":"https:\/\/biblian.is\/biblian\/wp-json\/wp\/v2\/pages\/2270","targetHints":{"allow":["GET"]}}],"collection":[{"href":"https:\/\/biblian.is\/biblian\/wp-json\/wp\/v2\/pages"}],"about":[{"href":"https:\/\/biblian.is\/biblian\/wp-json\/wp\/v2\/types\/page"}],"author":[{"embeddable":true,"href":"https:\/\/biblian.is\/biblian\/wp-json\/wp\/v2\/users\/1"}],"replies":[{"embeddable":true,"href":"https:\/\/biblian.is\/biblian\/wp-json\/wp\/v2\/comments?post=2270"}],"version-history":[{"count":0,"href":"https:\/\/biblian.is\/biblian\/wp-json\/wp\/v2\/pages\/2270\/revisions"}],"wp:attachment":[{"href":"https:\/\/biblian.is\/biblian\/wp-json\/wp\/v2\/media?parent=2270"}],"curies":[{"name":"wp","href":"https:\/\/api.w.org\/{rel}","templated":true}]}}