{"id":2269,"date":"2017-12-30T21:02:26","date_gmt":"2017-12-30T21:02:26","guid":{"rendered":"http:\/\/biblian.is\/biblian\/or_skvi_irnir-24-kafli\/"},"modified":"2021-02-15T19:13:42","modified_gmt":"2021-02-15T19:13:42","slug":"ordskvidirnir-24-kafli","status":"publish","type":"page","link":"https:\/\/biblian.is\/biblian\/ordskvidirnir-24-kafli\/","title":{"rendered":"Or\u00f0skvi\u00f0irnir 24. kafli"},"content":{"rendered":"<p><span class=\"ljodatexti\"> <a name=\"1\"><span class=\"versanumer_ljod\">1<\/span><\/a>\u00d6funda\u00f0u ekki vonda menn <br \/>og l\u00e1ttu \u00feig ekki langa til a\u00f0 vera me\u00f0 \u00feeim <br \/> <\/span> <span class=\"ljodatexti\"> <a name=\"2\"><span class=\"versanumer_ljod\">2<\/span><\/a>\u00fev\u00ed a\u00f0 hjarta \u00feeirra hyggur \u00e1 ofbeldi <br \/>og varir \u00feeirra r\u00e1\u00f0gera \u00f3g\u00e6fu. <br \/> <\/span> <span class=\"ljodatexti\"> <a name=\"3\"><span class=\"versanumer_ljod\">3<\/span><\/a>Af speki er h\u00fas reist <br \/>og af skynsemi ver\u00f0ur \u00fea\u00f0 sta\u00f0fast, <br \/> <\/span> <span class=\"ljodatexti\"> <a name=\"4\"><span class=\"versanumer_ljod\">4<\/span><\/a>fyrir \u00feekkingu fyllast herbergin<br \/>alls konar d\u00fdrum og f\u00f6grum gripum. <br \/> <\/span> <span class=\"ljodatexti\"> <a name=\"5\"><span class=\"versanumer_ljod\">5<\/span><\/a>Vitur ma\u00f0ur er betri en sterkur <br \/>og fr\u00f3\u00f0ur ma\u00f0ur betri en aflmikill, <br \/> <\/span> <span class=\"ljodatexti\"> <a name=\"6\"><span class=\"versanumer_ljod\">6<\/span><\/a>holl r\u00e1\u00f0 skalt \u00fe\u00fa hafa \u00feegar \u00fe\u00fa heyr str\u00ed\u00f0 <br \/>og \u00fear sem r\u00e1\u00f0gj\u00f6f er n\u00e6g fer allt vel. <br \/> <\/span> <span class=\"ljodatexti\"> <a name=\"7\"><span class=\"versanumer_ljod\">7<\/span><\/a>Viskan er afglapanum ofvi\u00f0a, <br \/>\u00ed borgarhli\u00f0inu l\u00fdkur hann ekki upp munni s\u00ednum. <br \/> <\/span> <span class=\"ljodatexti\"> <a name=\"8\"><span class=\"versanumer_ljod\">8<\/span><\/a>\u00deann sem leggur stund \u00e1 a\u00f0 gera illt <br \/>kalla menn varmenni. <br \/> <\/span> <span class=\"ljodatexti\"> <a name=\"9\"><span class=\"versanumer_ljod\">9<\/span><\/a>Syndin er f\u00edflslegt fyrirt\u00e6ki <br \/>og spottarinn er m\u00f6nnum andstygg\u00f0. <br \/> <\/span> <span class=\"ljodatexti\"> <a name=\"10\"><span class=\"versanumer_ljod\">10<\/span><\/a>L\u00e1tir \u00fe\u00fa hugfallast \u00e1 degi ney\u00f0arinnar <br \/>er m\u00e1ttur \u00feinn l\u00edtill. <br \/> <\/span> <span class=\"ljodatexti\"> <a name=\"11\"><span class=\"versanumer_ljod\">11<\/span><\/a>Bjarga\u00f0u \u00feeim sem leiddir eru til l\u00edfl\u00e1ts, <br \/>\u00feeim sem eru d\u00e6mdir til aft\u00f6ku. <br \/> <\/span> <span class=\"ljodatexti\"> <a name=\"12\"><span class=\"versanumer_ljod\">12<\/span><\/a>Ef \u00fe\u00fa segir: \u201eV\u00e9r vissum \u00fea\u00f0 ekki,\u201c<br \/>mun \u00fe\u00e1 ekki s\u00e1 sem gaumg\u00e6fir hj\u00f6rtun ver\u00f0a \u00feess var <br \/>og s\u00e1 sem vakir yfir l\u00edfi \u00fe\u00ednu vita \u00fea\u00f0? <br \/>Hann mun gjalda hverjum eftir verkum hans. <br \/> <\/span> <span class=\"ljodatexti\"> <a name=\"13\"><span class=\"versanumer_ljod\">13<\/span><\/a>G\u00e6ddu \u00fe\u00e9r \u00e1 hunangi, sonur minn, \u00fev\u00ed a\u00f0 \u00fea\u00f0 er gott <br \/>og hunangsdroparnir eru s\u00e6tir \u00ed munni. <br \/> <\/span> <span class=\"ljodatexti\"> <a name=\"14\"><span class=\"versanumer_ljod\">14<\/span><\/a>Vit a\u00f0 \u00feetta er s\u00e1l \u00feinni speki. <br \/>Finnir \u00fe\u00fa hana \u00e1ttu \u00fe\u00e9r framt\u00ed\u00f0 <br \/>og von \u00fe\u00edn mun ekki breg\u00f0ast. <br \/> <\/span> <span class=\"ljodatexti\"> <a name=\"15\"><span class=\"versanumer_ljod\">15<\/span><\/a>Rangl\u00e1ti ma\u00f0ur, sit ekki um b\u00fasta\u00f0 hins r\u00e9ttl\u00e1ta <br \/>og spilltu ekki heimkynnum hans <br \/> <\/span> <span class=\"ljodatexti\"> <a name=\"16\"><span class=\"versanumer_ljod\">16<\/span><\/a>\u00fev\u00ed a\u00f0 sj\u00f6 sinnum fellur hinn r\u00e9ttl\u00e1ti og stendur upp aftur <br \/>en hinir rangl\u00e1tu hrasa og tort\u00edmast. <br \/> <\/span> <span class=\"ljodatexti\"> <a name=\"17\"><span class=\"versanumer_ljod\">17<\/span><\/a>Gle\u00f0stu ekki yfir falli \u00f3vinar \u00fe\u00edns <br \/>og hjarta \u00feitt fagni ekki \u00fe\u00f3tt hann hrasi <br \/> <\/span> <span class=\"ljodatexti\"> <a name=\"18\"><span class=\"versanumer_ljod\">18<\/span><\/a>svo a\u00f0 Drottinn sj\u00e1i \u00fea\u00f0 ekki og honum misl\u00edki <br \/>og hann sn\u00fai rei\u00f0i sinni fr\u00e1 honum. <br \/> <\/span> <span class=\"ljodatexti\"> <a name=\"19\"><span class=\"versanumer_ljod\">19<\/span><\/a>Rei\u00f0stu ekki vegna illgj\u00f6r\u00f0amanna, <br \/>l\u00e1ttu ekki rangl\u00e1ta angra \u00feig <br \/> <\/span> <span class=\"ljodatexti\"> <a name=\"20\"><span class=\"versanumer_ljod\">20<\/span><\/a>\u00fev\u00ed a\u00f0 vondur ma\u00f0ur \u00e1 s\u00e9r enga framt\u00ed\u00f0, <br \/>\u00e1 lampa rangl\u00e1tra slokknar. <br \/> <\/span> <span class=\"ljodatexti\"> <a name=\"21\"><span class=\"versanumer_ljod\">21<\/span><\/a>Sonur minn, \u00f3ttastu Drottin og konunginn, <br \/>eig\u00f0u ekki samneyti vi\u00f0 uppreisnarseggi <br \/> <\/span> <span class=\"ljodatexti\"> <a name=\"22\"><span class=\"versanumer_ljod\">22<\/span><\/a> \u00fev\u00ed a\u00f0 \u00f3g\u00e6fa \u00feeirra r\u00ed\u00f0ur yfir \u00feegar minnst varir <br \/>og hver getur s\u00e9\u00f0 fyrir \u00f3farir \u00feeirra?<br \/> <\/span> <a name=\"23\"><span class=\"versanumer_2007\">23<\/span><\/a> \u00deessi spakm\u00e6li eru l\u00edka eftir spekinga:<br \/><span class=\"ljodatexti\">Hlutdr\u00e6gni \u00ed d\u00f3mi er r\u00f6ng. <br \/> <\/span> <span class=\"ljodatexti\"> <a name=\"24\"><span class=\"versanumer_ljod\">24<\/span><\/a> \u00deeim sem segir vi\u00f0 hinn seka: \u201e\u00de\u00fa hefur r\u00e9tt fyrir \u00fe\u00e9r,\u201c <br \/>honum form\u00e6la menn og \u00fej\u00f3\u00f0ir ford\u00e6ma hann. <br \/> <\/span> <span class=\"ljodatexti\"> <a name=\"25\"><span class=\"versanumer_ljod\">25<\/span><\/a> \u00deeim sem fella r\u00e9ttan \u00farskur\u00f0 mun farnast vel, <br \/>\u00feeir munu hlj\u00f3ta r\u00edkulega blessun. <br \/> <\/span> <span class=\"ljodatexti\"> <a name=\"26\"><span class=\"versanumer_ljod\">26<\/span><\/a> A\u00f0 veita r\u00e9tt sv\u00f6r <br \/>er eins og a\u00f0 gefa koss. <br \/> <\/span> <span class=\"ljodatexti\"> <a name=\"27\"><span class=\"versanumer_ljod\">27<\/span><\/a> Sinntu \u00fativerkunum og lj\u00faktu \u00feeim \u00e1 akrinum, <br \/>s\u00ed\u00f0an getur \u00fe\u00fa byggt \u00fe\u00e9r h\u00fas. <br \/> <\/span> <span class=\"ljodatexti\"> <a name=\"28\"><span class=\"versanumer_ljod\">28<\/span><\/a> Vitna\u00f0u ekki gegn n\u00e1unga \u00fe\u00ednum \u00e1n gildrar \u00e1st\u00e6\u00f0u, <br \/>e\u00f0a vilt \u00fe\u00fa sv\u00edkja me\u00f0 or\u00f0um \u00fe\u00ednum? <br \/> <\/span> <span class=\"ljodatexti\"> <a name=\"29\"><span class=\"versanumer_ljod\">29<\/span><\/a> Seg\u00f0u ekki: \u201eEins og hann ger\u00f0i m\u00e9r, <br \/>eins \u00e6tla \u00e9g a\u00f0 gera honum, <br \/>\u00e9g \u00e6tla a\u00f0 veita manninum makleg m\u00e1lagj\u00f6ld.\u201c <br \/> <\/span> <span class=\"ljodatexti\"> <a name=\"30\"><span class=\"versanumer_ljod\">30<\/span><\/a> \u00c9g gekk fram hj\u00e1 akri letingja nokkurs, <br \/>fram hj\u00e1 v\u00edngar\u00f0i heimsks manns. <br \/> <\/span> <span class=\"ljodatexti\"> <a name=\"31\"><span class=\"versanumer_ljod\">31<\/span><\/a> Hann var allur vaxinn \u00feistlum, <br \/>hann var al\u00feakinn netlum <br \/>og steingar\u00f0urinn umhverfis hann var hruninn. <br \/> <\/span> <span class=\"ljodatexti\"> <a name=\"32\"><span class=\"versanumer_ljod\">32<\/span><\/a> \u00c9g s\u00e1 \u00feetta og veitti \u00fev\u00ed athygli, <br \/>horf\u00f0i \u00e1 \u00fea\u00f0 og l\u00e9t m\u00e9r \u00fea\u00f0 a\u00f0 kenningu ver\u00f0a: <br \/> <\/span> <span class=\"ljodatexti\"> <a name=\"33\"><span class=\"versanumer_ljod\">33<\/span><\/a> Sofa \u00f6gn enn, blunda \u00f6gn enn, <br \/>leggja saman hendurnar \u00f6gn enn til a\u00f0 hv\u00edlast, <br \/> <\/span> <span class=\"ljodatexti\"> <a name=\"34\"><span class=\"versanumer_ljod\">34<\/span><\/a> \u00fe\u00e1 kemur f\u00e1t\u00e6ktin yfir \u00feig eins og r\u00e6ningi <br \/>og skorturinn eins og vopna\u00f0ur ma\u00f0ur. <\/span> <\/p>\n","protected":false},"excerpt":{"rendered":"<p>1\u00d6funda\u00f0u ekki vonda menn og l\u00e1ttu \u00feig ekki langa til a\u00f0 vera me\u00f0 \u00feeim 2\u00fev\u00ed a\u00f0 hjarta \u00feeirra hyggur \u00e1 ofbeldi og varir \u00feeirra r\u00e1\u00f0gera \u00f3g\u00e6fu. 3Af speki er h\u00fas reist og af skynsemi ver\u00f0ur \u00fea\u00f0 sta\u00f0fast, 4fyrir \u00feekkingu fyllast herberginalls konar d\u00fdrum og f\u00f6grum gripum. 5Vitur ma\u00f0ur er betri en sterkur og fr\u00f3\u00f0ur ma\u00f0ur betri en aflmikill, 6holl r\u00e1\u00f0 skalt \u00fe\u00fa hafa \u00feegar \u00fe\u00fa heyr str\u00ed\u00f0 og \u00fear sem r\u00e1\u00f0gj\u00f6f er n\u00e6g fer allt vel. 7Viskan er afglapanum ofvi\u00f0a, \u00ed borgarhli\u00f0inu l\u00fdkur hann ekki upp munni s\u00ednum. 8\u00deann sem leggur stund \u00e1 a\u00f0 gera illt kalla menn varmenni. 9Syndin <a href=\"https:\/\/biblian.is\/biblian\/ordskvidirnir-24-kafli\/\"> [&#8230;]<\/a><\/p>\n","protected":false},"author":1,"featured_media":0,"parent":0,"menu_order":0,"comment_status":"open","ping_status":"open","template":"bibliukaflar_okv.php","meta":{"footnotes":""},"class_list":["post-2269","page","type-page","status-publish","hentry"],"_links":{"self":[{"href":"https:\/\/biblian.is\/biblian\/wp-json\/wp\/v2\/pages\/2269","targetHints":{"allow":["GET"]}}],"collection":[{"href":"https:\/\/biblian.is\/biblian\/wp-json\/wp\/v2\/pages"}],"about":[{"href":"https:\/\/biblian.is\/biblian\/wp-json\/wp\/v2\/types\/page"}],"author":[{"embeddable":true,"href":"https:\/\/biblian.is\/biblian\/wp-json\/wp\/v2\/users\/1"}],"replies":[{"embeddable":true,"href":"https:\/\/biblian.is\/biblian\/wp-json\/wp\/v2\/comments?post=2269"}],"version-history":[{"count":0,"href":"https:\/\/biblian.is\/biblian\/wp-json\/wp\/v2\/pages\/2269\/revisions"}],"wp:attachment":[{"href":"https:\/\/biblian.is\/biblian\/wp-json\/wp\/v2\/media?parent=2269"}],"curies":[{"name":"wp","href":"https:\/\/api.w.org\/{rel}","templated":true}]}}