{"id":2268,"date":"2017-12-30T21:02:26","date_gmt":"2017-12-30T21:02:26","guid":{"rendered":"http:\/\/biblian.is\/biblian\/or_skvi_irnir-23-kafli\/"},"modified":"2021-02-15T19:13:41","modified_gmt":"2021-02-15T19:13:41","slug":"ordskvidirnir-23-kafli","status":"publish","type":"page","link":"https:\/\/biblian.is\/biblian\/ordskvidirnir-23-kafli\/","title":{"rendered":"Or\u00f0skvi\u00f0irnir 23. kafli"},"content":{"rendered":"<p><span class=\"ljodatexti\"> <a name=\"1\"><span class=\"versanumer_ljod\">1<\/span><\/a>\u00deegar \u00fe\u00fa situr til bor\u00f0s me\u00f0 valdhafa <br \/>g\u00e6ttu \u00feess \u00fe\u00e1 vel hvern \u00fe\u00fa hefur fyrir framan \u00feig <br \/> <\/span> <span class=\"ljodatexti\"> <a name=\"2\"><span class=\"versanumer_ljod\">2<\/span><\/a>og settu hn\u00edf vi\u00f0 barka \u00fe\u00e9r s\u00e9rtu gr\u00e1\u00f0ugur. <br \/> <\/span> <span class=\"ljodatexti\"> <a name=\"3\"><span class=\"versanumer_ljod\">3<\/span><\/a>L\u00e1ttu \u00feig ekki langa \u00ed kr\u00e6singar hans <br \/>\u00fev\u00ed a\u00f0 \u00fe\u00e6r eru hverful f\u00e6\u00f0a. <br \/> <\/span> <span class=\"ljodatexti\"> <a name=\"4\"><span class=\"versanumer_ljod\">4<\/span><\/a>Leitastu ekki vi\u00f0 a\u00f0 ver\u00f0a r\u00edkur, <br \/>haf\u00f0u vit \u00e1 a\u00f0 gera \u00fea\u00f0 ekki. <br \/> <\/span> <span class=\"ljodatexti\"> <a name=\"5\"><span class=\"versanumer_ljod\">5<\/span><\/a>Beinir \u00fe\u00fa augum \u00fe\u00ednum til au\u00f0sins er hann horfinn.<br \/>Hann \u00e1 s\u00e9r v\u00e6ngi sem \u00f6rn og hverfur til himins. <br \/> <\/span> <span class=\"ljodatexti\"> <a name=\"6\"><span class=\"versanumer_ljod\">6<\/span><\/a>Matastu ekki hj\u00e1 n\u00edskum manni <br \/>og l\u00e1ttu \u00feig ekki langa \u00ed kr\u00e6singar hans. <br \/> <\/span> <span class=\"ljodatexti\"> <a name=\"7\"><span class=\"versanumer_ljod\">7<\/span><\/a>Hann er eins og ma\u00f0ur sem telur eftir. <br \/>\u201eEt og drekk,\u201c segir hann vi\u00f0 \u00feig en hugur fylgir ekki m\u00e1li. <br \/> <\/span> <span class=\"ljodatexti\"> <a name=\"8\"><span class=\"versanumer_ljod\">8<\/span><\/a>Bitanum, sem \u00fe\u00fa kyngdir, ver\u00f0ur \u00fe\u00fa a\u00f0 sp\u00fdta upp aftur <br \/>og fagurgalanum hefur \u00fe\u00fa s\u00f3lunda\u00f0. <br \/> <\/span> <span class=\"ljodatexti\"> <a name=\"9\"><span class=\"versanumer_ljod\">9<\/span><\/a>Tala\u00f0u ekki fyrir eyrum heimskingjans <br \/>\u00fev\u00ed a\u00f0 hann fyrirl\u00edtur skynsemisor\u00f0 \u00fe\u00edn. <br \/> <\/span> <span class=\"ljodatexti\"> <a name=\"10\"><span class=\"versanumer_ljod\">10<\/span><\/a>F\u00e6r\u00f0u ekki \u00far sta\u00f0 landamerki ekkjunnar <br \/>og gakktu ekki inn \u00e1 akra muna\u00f0arleysingjanna <br \/> <\/span> <span class=\"ljodatexti\"> <a name=\"11\"><span class=\"versanumer_ljod\">11<\/span><\/a>\u00fev\u00ed a\u00f0 lausnari \u00feeirra er m\u00e1ttugur, <br \/>hann mun flytja m\u00e1l \u00feeirra gegn \u00fe\u00e9r. <br \/> <\/span> <span class=\"ljodatexti\"> <a name=\"12\"><span class=\"versanumer_ljod\">12<\/span><\/a>Sn\u00fa\u00f0u hjarta \u00fe\u00ednu a\u00f0 umv\u00f6nduninni<br \/>og eyrum \u00fe\u00ednum a\u00f0 or\u00f0um viskunnar. <br \/> <\/span> <span class=\"ljodatexti\"> <a name=\"13\"><span class=\"versanumer_ljod\">13<\/span><\/a>Spara\u00f0u ekki aga vi\u00f0 hinn unga, <br \/>ekki deyr hann \u00fe\u00f3tt \u00fe\u00fa sl\u00e1ir hann me\u00f0 vendi. <br \/> <\/span> <span class=\"ljodatexti\"> <a name=\"14\"><span class=\"versanumer_ljod\">14<\/span><\/a>\u00de\u00fa sl\u00e6r\u00f0 hann me\u00f0 vendinum <br \/>og frelsar l\u00edf hans fr\u00e1 helju.<br \/> <\/span> <span class=\"ljodatexti\"> <a name=\"15\"><span class=\"versanumer_ljod\">15<\/span><\/a>Sonur minn, ver\u00f0i hjarta \u00feitt viturt, <br \/>\u00fe\u00e1 gle\u00f0st \u00e9g l\u00edka \u00ed hjarta m\u00ednu <br \/> <\/span> <span class=\"ljodatexti\"> <a name=\"16\"><span class=\"versanumer_ljod\">16<\/span><\/a>og n\u00fdru m\u00edn fagna <br \/>\u00feegar varir \u00fe\u00ednar m\u00e6la \u00fea\u00f0 sem r\u00e9tt er. <br \/> <\/span> <span class=\"ljodatexti\"> <a name=\"17\"><span class=\"versanumer_ljod\">17<\/span><\/a>\u00d6funda\u00f0u ekki syndara \u00ed hjarta \u00fe\u00ednu <br \/>en gu\u00f0hr\u00e6dda menn \u00e6vinlega. <br \/> <\/span> <span class=\"ljodatexti\"> <a name=\"18\"><span class=\"versanumer_ljod\">18<\/span><\/a>\u00de\u00e1 \u00e1ttu \u00fe\u00e9r framt\u00ed\u00f0 <br \/>og von \u00fe\u00edn mun aldrei breg\u00f0ast. <br \/> <\/span> <span class=\"ljodatexti\"> <a name=\"19\"><span class=\"versanumer_ljod\">19<\/span><\/a>Hlusta\u00f0u, sonur minn, vertu vitur <br \/>og beindu hjarta \u00fe\u00ednu \u00e1 r\u00e9tta lei\u00f0. <br \/> <\/span> <span class=\"ljodatexti\"> <a name=\"20\"><span class=\"versanumer_ljod\">20<\/span><\/a>Vertu ekki me\u00f0 drykkjur\u00fatum <br \/>e\u00f0a \u00feeim sem h\u00e1ma \u00ed sig kj\u00f6t <br \/> <\/span> <span class=\"ljodatexti\"> <a name=\"21\"><span class=\"versanumer_ljod\">21<\/span><\/a>\u00fev\u00ed a\u00f0 drykkjumenn og math\u00e1kar ver\u00f0a snau\u00f0ir <br \/>og v\u00edman mun kl\u00e6\u00f0a \u00feig \u00ed t\u00f6tra. <br \/> <\/span> <span class=\"ljodatexti\"> <a name=\"22\"><span class=\"versanumer_ljod\">22<\/span><\/a> Hlusta\u00f0u \u00e1 f\u00f6\u00f0ur \u00feinn sem gat \u00feig <br \/>og fyrirl\u00edttu ekki m\u00f3\u00f0ur \u00fe\u00edna \u00feegar h\u00fan ver\u00f0ur g\u00f6mul. <br \/> <\/span> <span class=\"ljodatexti\"> <a name=\"23\"><span class=\"versanumer_ljod\">23<\/span><\/a> Kauptu sannleika, og seldu hann ekki, <br \/>visku, fr\u00e6\u00f0slu og skilning. <br \/> <\/span> <span class=\"ljodatexti\"> <a name=\"24\"><span class=\"versanumer_ljod\">24<\/span><\/a> Fa\u00f0ir r\u00e9ttl\u00e1ts manns fagnar <br \/>og s\u00e1 sem gat vitran son gle\u00f0st yfir honum. <br \/> <\/span> <span class=\"ljodatexti\"> <a name=\"25\"><span class=\"versanumer_ljod\">25<\/span><\/a> Fa\u00f0ir \u00feinn og m\u00f3\u00f0ir gle\u00f0jist <br \/>og fagni s\u00fa sem f\u00e6ddi \u00feig. <br \/> <\/span> <span class=\"ljodatexti\"> <a name=\"26\"><span class=\"versanumer_ljod\">26<\/span><\/a> Sonur minn, gef\u00f0u m\u00e9r hjarta \u00feitt <br \/>og l\u00e1ttu augu \u00fe\u00edn gaumg\u00e6fa vegu m\u00edna. <br \/> <\/span> <span class=\"ljodatexti\"> <a name=\"27\"><span class=\"versanumer_ljod\">27<\/span><\/a> Sk\u00e6kja er dj\u00fap gr\u00f6f <br \/>og framandi kona <span class=\"nedan_mal\" title=\" \u00d6nnur hugsanleg \u00fe\u00fd\u00f0ing: lausl\u00e1t kona. \">[<\/span> \u00fer\u00f6ngur pyttur. <br \/> <\/span> <span class=\"ljodatexti\"> <a name=\"28\"><span class=\"versanumer_ljod\">28<\/span><\/a> H\u00fan liggur \u00ed leyni eins og r\u00e6ningi <br \/>og fj\u00f6lgar hinum \u00f3tr\u00fau me\u00f0al mannanna. <br \/> <\/span> <span class=\"ljodatexti\"> <a name=\"29\"><span class=\"versanumer_ljod\">29<\/span><\/a> Hver barmar s\u00e9r? Hver veinar? Hver \u00e1 \u00ed st\u00e6lum? <br \/>Hver kvartar? Hver f\u00e6r s\u00e1r a\u00f0 \u00fearflausu? Hver rau\u00f0 augu? <br \/> <\/span> <span class=\"ljodatexti\"> <a name=\"30\"><span class=\"versanumer_ljod\">30<\/span><\/a> \u00deeir sem sitja vi\u00f0 v\u00edn fram \u00e1 n\u00e6tur, <br \/>\u00feeir sem koma saman til a\u00f0 bergja \u00e1 v\u00ednbl\u00f6ndu. <br \/> <\/span> <span class=\"ljodatexti\"> <a name=\"31\"><span class=\"versanumer_ljod\">31<\/span><\/a> Horf\u00f0u ekki \u00e1 v\u00edni\u00f0, hve rautt \u00fea\u00f0 er, <br \/>hvernig \u00fea\u00f0 gl\u00f3ir \u00ed bikarnum og rennur lj\u00faflega ni\u00f0ur. <br \/> <\/span> <span class=\"ljodatexti\"> <a name=\"32\"><span class=\"versanumer_ljod\">32<\/span><\/a> A\u00f0 s\u00ed\u00f0ustu b\u00edtur \u00fea\u00f0 sem h\u00f6ggormur <br \/>og sp\u00fdtir eitri sem na\u00f0ra. <br \/> <\/span> <span class=\"ljodatexti\"> <a name=\"33\"><span class=\"versanumer_ljod\">33<\/span><\/a> Augu \u00fe\u00edn munu sj\u00e1 kynlega hluti <br \/>og munnur \u00feinn m\u00e6la f\u00e1r\u00e1nleika. <br \/> <\/span> <span class=\"ljodatexti\"> <a name=\"34\"><span class=\"versanumer_ljod\">34<\/span><\/a> \u00de\u00fa ver\u00f0ur eins og s\u00e1 sem liggur \u00ed \u00fathafinu mi\u00f0ju, <br \/>eins og s\u00e1 er liggur efst uppi \u00e1 siglutr\u00e9. <br \/> <\/span> <span class=\"ljodatexti\"> <a name=\"35\"><span class=\"versanumer_ljod\">35<\/span><\/a> \u201e\u00deeir sl\u00f3gu mig, \u00e9g kenndi ekki til, <br \/>\u00feeir b\u00f6r\u00f0u mig, \u00e9g var\u00f0 \u00feess ekki var. <br \/>\u00deegar \u00e9g vakna af v\u00edninu f\u00e6 \u00e9g m\u00e9r meira.\u201c <\/span> <\/p>\n","protected":false},"excerpt":{"rendered":"<p>1\u00deegar \u00fe\u00fa situr til bor\u00f0s me\u00f0 valdhafa g\u00e6ttu \u00feess \u00fe\u00e1 vel hvern \u00fe\u00fa hefur fyrir framan \u00feig 2og settu hn\u00edf vi\u00f0 barka \u00fe\u00e9r s\u00e9rtu gr\u00e1\u00f0ugur. 3L\u00e1ttu \u00feig ekki langa \u00ed kr\u00e6singar hans \u00fev\u00ed a\u00f0 \u00fe\u00e6r eru hverful f\u00e6\u00f0a. 4Leitastu ekki vi\u00f0 a\u00f0 ver\u00f0a r\u00edkur, haf\u00f0u vit \u00e1 a\u00f0 gera \u00fea\u00f0 ekki. 5Beinir \u00fe\u00fa augum \u00fe\u00ednum til au\u00f0sins er hann horfinn.Hann \u00e1 s\u00e9r v\u00e6ngi sem \u00f6rn og hverfur til himins. 6Matastu ekki hj\u00e1 n\u00edskum manni og l\u00e1ttu \u00feig ekki langa \u00ed kr\u00e6singar hans. 7Hann er eins og ma\u00f0ur sem telur eftir. \u201eEt og drekk,\u201c segir hann vi\u00f0 \u00feig en hugur fylgir <a href=\"https:\/\/biblian.is\/biblian\/ordskvidirnir-23-kafli\/\"> [&#8230;]<\/a><\/p>\n","protected":false},"author":1,"featured_media":0,"parent":0,"menu_order":0,"comment_status":"open","ping_status":"open","template":"bibliukaflar_okv.php","meta":{"footnotes":""},"class_list":["post-2268","page","type-page","status-publish","hentry"],"_links":{"self":[{"href":"https:\/\/biblian.is\/biblian\/wp-json\/wp\/v2\/pages\/2268","targetHints":{"allow":["GET"]}}],"collection":[{"href":"https:\/\/biblian.is\/biblian\/wp-json\/wp\/v2\/pages"}],"about":[{"href":"https:\/\/biblian.is\/biblian\/wp-json\/wp\/v2\/types\/page"}],"author":[{"embeddable":true,"href":"https:\/\/biblian.is\/biblian\/wp-json\/wp\/v2\/users\/1"}],"replies":[{"embeddable":true,"href":"https:\/\/biblian.is\/biblian\/wp-json\/wp\/v2\/comments?post=2268"}],"version-history":[{"count":0,"href":"https:\/\/biblian.is\/biblian\/wp-json\/wp\/v2\/pages\/2268\/revisions"}],"wp:attachment":[{"href":"https:\/\/biblian.is\/biblian\/wp-json\/wp\/v2\/media?parent=2268"}],"curies":[{"name":"wp","href":"https:\/\/api.w.org\/{rel}","templated":true}]}}