{"id":2267,"date":"2017-12-30T21:02:26","date_gmt":"2017-12-30T21:02:26","guid":{"rendered":"http:\/\/biblian.is\/biblian\/or_skvi_irnir-22-kafli\/"},"modified":"2021-02-15T19:13:41","modified_gmt":"2021-02-15T19:13:41","slug":"ordskvidirnir-22-kafli","status":"publish","type":"page","link":"https:\/\/biblian.is\/biblian\/ordskvidirnir-22-kafli\/","title":{"rendered":"Or\u00f0skvi\u00f0irnir 22. kafli"},"content":{"rendered":"<p><span class=\"ljodatexti\"> <a name=\"1\"><span class=\"versanumer_ljod\">1<\/span><\/a>Gott mannor\u00f0 er d\u00fdrm\u00e6tara en mikill au\u00f0ur, <br \/>vins\u00e6ldir eru betri en silfur og gull. <br \/> <\/span> <span class=\"ljodatexti\"> <a name=\"2\"><span class=\"versanumer_ljod\">2<\/span><\/a>R\u00edkur og f\u00e1t\u00e6kur m\u00e6tast <br \/>en Drottinn skapa\u00f0i b\u00e1\u00f0a. <br \/> <\/span> <span class=\"ljodatexti\"> <a name=\"3\"><span class=\"versanumer_ljod\">3<\/span><\/a>Vitur ma\u00f0ur s\u00e9r \u00f3g\u00e6funa og felur sig <br \/>en einfeldningarnir halda \u00e1fram og gjalda \u00feess. <br \/> <\/span> <span class=\"ljodatexti\"> <a name=\"4\"><span class=\"versanumer_ljod\">4<\/span><\/a>Laun au\u00f0m\u00fdktar og \u00f3tta Drottins <br \/>eru au\u00f0ur, s\u00e6md og l\u00edf. <br \/> <\/span> <span class=\"ljodatexti\"> <a name=\"5\"><span class=\"versanumer_ljod\">5<\/span><\/a>\u00deyrnar og sn\u00f6rur eru \u00e1 vegi hinna fl\u00e1r\u00e1\u00f0u, <br \/>s\u00e1 sem annt er um l\u00edf sitt for\u00f0ast \u00fe\u00e1. <br \/> <\/span> <span class=\"ljodatexti\"> <a name=\"6\"><span class=\"versanumer_ljod\">6<\/span><\/a>Fr\u00e6\u00f0 hinn unga um veginn sem hann \u00e1 a\u00f0 halda <br \/>og \u00e1 gamals aldri mun hann ekki af honum v\u00edkja. <br \/> <\/span> <span class=\"ljodatexti\"> <a name=\"7\"><span class=\"versanumer_ljod\">7<\/span><\/a>R\u00edkur ma\u00f0ur drottnar yfir f\u00e1t\u00e6kum <br \/>og l\u00e1n\u00feeginn ver\u00f0ur \u00fer\u00e6ll l\u00e1nardrottins s\u00edns. <br \/> <\/span> <span class=\"ljodatexti\"> <a name=\"8\"><span class=\"versanumer_ljod\">8<\/span><\/a>S\u00e1 sem s\u00e1ir rangl\u00e6ti uppsker \u00f3g\u00e6fu, <br \/>sproti heiftar hans ver\u00f0ur a\u00f0 engu. <br \/> <\/span> <span class=\"ljodatexti\"> <a name=\"9\"><span class=\"versanumer_ljod\">9<\/span><\/a>Hinn \u00f6rl\u00e1ta munu menn blessa <br \/>\u00fev\u00ed a\u00f0 hann gefur hinum f\u00e1t\u00e6ka af brau\u00f0i s\u00ednu. <br \/> <\/span> <span class=\"ljodatexti\"> <a name=\"10\"><span class=\"versanumer_ljod\">10<\/span><\/a>Rektu spottarann burt, \u00fe\u00e1 hverfur deilan <br \/>og \u00fe\u00e1 linnir \u00fer\u00e6tu og sm\u00e1n. <br \/> <\/span> <span class=\"ljodatexti\"> <a name=\"11\"><span class=\"versanumer_ljod\">11<\/span><\/a>S\u00e1 sem \u00e1stundar hreinleika hjartans <br \/>vinnur hylli konungs me\u00f0 ge\u00f0felldum or\u00f0um vara sinna. <br \/> <\/span> <span class=\"ljodatexti\"> <a name=\"12\"><span class=\"versanumer_ljod\">12<\/span><\/a>Augu Drottins g\u00e6ta viskunnar <br \/>en or\u00f0um svikarans kollvarpar hann. <br \/> <\/span> <span class=\"ljodatexti\"> <a name=\"13\"><span class=\"versanumer_ljod\">13<\/span><\/a>Letinginn segir: \u201eLj\u00f3n er \u00fati fyrir, <br \/>\u00e9g ver\u00f0 drepinn fari \u00e9g \u00fat.\u201c <br \/> <\/span> <span class=\"ljodatexti\"> <a name=\"14\"><span class=\"versanumer_ljod\">14<\/span><\/a>Dj\u00fap gr\u00f6f er munnur framandi kvenna, <span class=\"nedan_mal\" title=\" \u00d6nnur hugsanleg \u00fe\u00fd\u00f0ing: lausl\u00e1tra kvenna.\">[<\/span> <br \/>s\u00e1 sem ver\u00f0ur fyrir rei\u00f0i Drottins fellur \u00ed hana. <br \/> <\/span> <span class=\"ljodatexti\"> <a name=\"15\"><span class=\"versanumer_ljod\">15<\/span><\/a>Setjist heimskan a\u00f0 \u00ed hjarta sveinsins, <br \/>\u00fe\u00e1 mun v\u00f6ndur agans reka hana \u00fea\u00f0an. <br \/> <\/span> <span class=\"ljodatexti\"> <a name=\"16\"><span class=\"versanumer_ljod\">16<\/span><\/a>A\u00f0 k\u00faga f\u00e1t\u00e6kan s\u00e9r til \u00e1vinnings <br \/>er eins og a\u00f0 gefa r\u00edkum manni; <br \/>hvort tveggja ver\u00f0ur til \u00feess eins a\u00f0 gera mann snau\u00f0an. <\/span> <\/p>\n<h3 class=\"millifyrirsogn_2007\">Or\u00f0 hinna vitru<\/h3>\n<p><span class=\"ljodatexti\"> <a name=\"17\"><span class=\"versanumer_ljod\">17<\/span><\/a>Hneig eyra \u00feitt og hlusta \u00e1 or\u00f0 hinna vitru, <br \/> <\/span> <span class=\"ljodatexti\"> veit fr\u00e6\u00f0slu minni athygli. <br \/> <\/span> <span class=\"ljodatexti\"> <a name=\"18\"><span class=\"versanumer_ljod\">18<\/span><\/a>Gott er a\u00f0 \u00fe\u00fa geymir \u00feau \u00ed brj\u00f3sti \u00fe\u00e9r, <br \/>a\u00f0 \u00feau ver\u00f0i s\u00edfellt \u00e1 v\u00f6rum \u00fe\u00e9r. <br \/> <\/span> <span class=\"ljodatexti\"> <a name=\"19\"><span class=\"versanumer_ljod\">19<\/span><\/a>Til \u00feess a\u00f0 traust \u00feitt s\u00e9 \u00e1 Drottni <br \/>fr\u00e6\u00f0i \u00e9g \u00feig \u00ed dag, j\u00e1, \u00feig. <br \/> <\/span> <span class=\"ljodatexti\"> <a name=\"20\"><span class=\"versanumer_ljod\">20<\/span><\/a>Hef \u00e9g ekki rita\u00f0 \u00fe\u00e9r \u00ferj\u00e1t\u00edu sinnum <br \/>heilr\u00e6\u00f0i og fr\u00e6\u00f0slu,<br \/> <\/span> <span class=\"ljodatexti\"> <a name=\"21\"><span class=\"versanumer_ljod\">21<\/span><\/a>til \u00feess a\u00f0 gera \u00fe\u00e9r lj\u00f3san sannleika, sannleiksor\u00f0, <br \/>svo a\u00f0 \u00fe\u00fa flytjir \u00feeim \u00e1rei\u00f0anleg or\u00f0 er senda \u00feig? <br \/> <\/span> <span class=\"ljodatexti\"> <a name=\"22\"><span class=\"versanumer_ljod\">22<\/span><\/a> R\u00e6ndu ekki f\u00e1t\u00e6klinginn af \u00fev\u00ed a\u00f0 hann er f\u00e1t\u00e6kur <br \/>og n\u00ed\u00f0stu ekki \u00e1 l\u00edtilmagnanum \u00ed borgarhli\u00f0inu <br \/> <\/span> <span class=\"ljodatexti\"> <a name=\"23\"><span class=\"versanumer_ljod\">23<\/span><\/a> \u00fev\u00ed a\u00f0 Drottinn mun flytja m\u00e1l \u00feeirra <br \/>og r\u00e6na \u00fe\u00e1 l\u00edfinu er \u00fe\u00e1 r\u00e6na. <br \/> <\/span> <span class=\"ljodatexti\"> <a name=\"24\"><span class=\"versanumer_ljod\">24<\/span><\/a> Legg\u00f0u ekki lag \u00feitt vi\u00f0 rei\u00f0igjarnan mann <br \/>og eig\u00f0u ekki samneyti vi\u00f0 hinn skapbr\u00e1\u00f0a <br \/> <\/span> <span class=\"ljodatexti\"> <a name=\"25\"><span class=\"versanumer_ljod\">25<\/span><\/a> til \u00feess a\u00f0 \u00fe\u00fa temjir \u00fe\u00e9r ekki heg\u00f0un hans <br \/>og leggir sn\u00f6rur fyrir l\u00edf \u00feitt. <br \/> <\/span> <span class=\"ljodatexti\"> <a name=\"26\"><span class=\"versanumer_ljod\">26<\/span><\/a> Vertu ekki einn af \u00feeim sem ganga til handsala, <br \/>\u00feeim sem ganga \u00ed \u00e1byrg\u00f0 fyrir skuldum. <br \/> <\/span> <span class=\"ljodatexti\"> <a name=\"27\"><span class=\"versanumer_ljod\">27<\/span><\/a> \u00deegar \u00fe\u00fa \u00e1tt ekkert a\u00f0 grei\u00f0a me\u00f0, <br \/>\u00fe\u00e1 ver\u00f0ur hv\u00edlan tekin undan \u00fe\u00e9r. <br \/> <\/span> <span class=\"ljodatexti\"> <a name=\"28\"><span class=\"versanumer_ljod\">28<\/span><\/a> F\u00e6r\u00f0u ekki \u00far sta\u00f0 hin fornu landamerki <br \/>sem forfe\u00f0ur \u00fe\u00ednir hafa sett. <br \/> <\/span> <span class=\"ljodatexti\"> <a name=\"29\"><span class=\"versanumer_ljod\">29<\/span><\/a> Sj\u00e1ir \u00fe\u00fa mann vel f\u00e6ran \u00ed verki s\u00ednu <br \/>mun hann veita konungum \u00fej\u00f3nustu s\u00edna<br \/>en ekki \u00fej\u00f3na \u00f3tignum m\u00f6nnum. <\/span> <\/p>\n","protected":false},"excerpt":{"rendered":"<p>1Gott mannor\u00f0 er d\u00fdrm\u00e6tara en mikill au\u00f0ur, vins\u00e6ldir eru betri en silfur og gull. 2R\u00edkur og f\u00e1t\u00e6kur m\u00e6tast en Drottinn skapa\u00f0i b\u00e1\u00f0a. 3Vitur ma\u00f0ur s\u00e9r \u00f3g\u00e6funa og felur sig en einfeldningarnir halda \u00e1fram og gjalda \u00feess. 4Laun au\u00f0m\u00fdktar og \u00f3tta Drottins eru au\u00f0ur, s\u00e6md og l\u00edf. 5\u00deyrnar og sn\u00f6rur eru \u00e1 vegi hinna fl\u00e1r\u00e1\u00f0u, s\u00e1 sem annt er um l\u00edf sitt for\u00f0ast \u00fe\u00e1. 6Fr\u00e6\u00f0 hinn unga um veginn sem hann \u00e1 a\u00f0 halda og \u00e1 gamals aldri mun hann ekki af honum v\u00edkja. 7R\u00edkur ma\u00f0ur drottnar yfir f\u00e1t\u00e6kum og l\u00e1n\u00feeginn ver\u00f0ur \u00fer\u00e6ll l\u00e1nardrottins s\u00edns. 8S\u00e1 sem s\u00e1ir rangl\u00e6ti uppsker \u00f3g\u00e6fu, <a href=\"https:\/\/biblian.is\/biblian\/ordskvidirnir-22-kafli\/\"> [&#8230;]<\/a><\/p>\n","protected":false},"author":1,"featured_media":0,"parent":0,"menu_order":0,"comment_status":"open","ping_status":"open","template":"bibliukaflar_okv.php","meta":{"footnotes":""},"class_list":["post-2267","page","type-page","status-publish","hentry"],"_links":{"self":[{"href":"https:\/\/biblian.is\/biblian\/wp-json\/wp\/v2\/pages\/2267","targetHints":{"allow":["GET"]}}],"collection":[{"href":"https:\/\/biblian.is\/biblian\/wp-json\/wp\/v2\/pages"}],"about":[{"href":"https:\/\/biblian.is\/biblian\/wp-json\/wp\/v2\/types\/page"}],"author":[{"embeddable":true,"href":"https:\/\/biblian.is\/biblian\/wp-json\/wp\/v2\/users\/1"}],"replies":[{"embeddable":true,"href":"https:\/\/biblian.is\/biblian\/wp-json\/wp\/v2\/comments?post=2267"}],"version-history":[{"count":0,"href":"https:\/\/biblian.is\/biblian\/wp-json\/wp\/v2\/pages\/2267\/revisions"}],"wp:attachment":[{"href":"https:\/\/biblian.is\/biblian\/wp-json\/wp\/v2\/media?parent=2267"}],"curies":[{"name":"wp","href":"https:\/\/api.w.org\/{rel}","templated":true}]}}