{"id":2266,"date":"2017-12-30T21:02:26","date_gmt":"2017-12-30T21:02:26","guid":{"rendered":"http:\/\/biblian.is\/biblian\/or_skvi_irnir-21-kafli\/"},"modified":"2021-02-15T19:13:41","modified_gmt":"2021-02-15T19:13:41","slug":"ordskvidirnir-21-kafli","status":"publish","type":"page","link":"https:\/\/biblian.is\/biblian\/ordskvidirnir-21-kafli\/","title":{"rendered":"Or\u00f0skvi\u00f0irnir 21. kafli"},"content":{"rendered":"<p><span class=\"ljodatexti\"> <a name=\"1\"><span class=\"versanumer_ljod\">1<\/span><\/a>Hjarta konungsins er sem l\u00e6kir \u00ed hendi Drottins, <br \/>hann sveigir \u00fe\u00e1 hvert sem honum \u00fe\u00f3knast. <br \/> <\/span> <span class=\"ljodatexti\"> <a name=\"2\"><span class=\"versanumer_ljod\">2<\/span><\/a>Ma\u00f0urinn telur alla h\u00e6tti s\u00edna r\u00e9tta <br \/>en Drottinn vegur hj\u00f6rtun. <br \/> <\/span> <span class=\"ljodatexti\"> <a name=\"3\"><span class=\"versanumer_ljod\">3<\/span><\/a>A\u00f0 \u00e1stunda r\u00e9ttl\u00e6ti og r\u00e9tt<br \/>er Drottni \u00fe\u00f3knanlegra en sl\u00e1turf\u00f3rn. <br \/> <\/span> <span class=\"ljodatexti\"> <a name=\"4\"><span class=\"versanumer_ljod\">4<\/span><\/a>Drembil\u00e1t augu og hrokafullt hjarta,<br \/>lampi rangl\u00e1tra er syndin. <br \/> <\/span> <span class=\"ljodatexti\"> <a name=\"5\"><span class=\"versanumer_ljod\">5<\/span><\/a>\u00c1form hins i\u00f0jusama f\u00e6ra ar\u00f0 <br \/>en hro\u00f0virkni endar \u00ed \u00f6rbirg\u00f0. <br \/> <\/span> <span class=\"ljodatexti\"> <a name=\"6\"><span class=\"versanumer_ljod\">6<\/span><\/a>Fj\u00e1rsj\u00f3\u00f0ir, fengnir me\u00f0 lygum, <br \/>eru sem svipull vindbl\u00e6r og sn\u00f6rur dau\u00f0ans. <br \/> <\/span> <span class=\"ljodatexti\"> <a name=\"7\"><span class=\"versanumer_ljod\">7<\/span><\/a>R\u00e1\u00f0r\u00edki rangl\u00e1tra feykir \u00feeim burt <br \/>\u00fev\u00ed a\u00f0 \u00feeir hafna r\u00e9ttl\u00e1tri breytni. <br \/> <\/span> <span class=\"ljodatexti\"> <a name=\"8\"><span class=\"versanumer_ljod\">8<\/span><\/a>Hlykkj\u00f3tt er lei\u00f0 hins seka <br \/>en verk hins hreina eru vammlaus. <br \/> <\/span> <span class=\"ljodatexti\"> <a name=\"9\"><span class=\"versanumer_ljod\">9<\/span><\/a>Betri er dv\u00f6l \u00ed horni \u00e1 h\u00fas\u00feaki <br \/>en samb\u00fa\u00f0 vi\u00f0 \u00ferasgjarna konu. <br \/> <\/span> <span class=\"ljodatexti\"> <a name=\"10\"><span class=\"versanumer_ljod\">10<\/span><\/a>Hinn rangl\u00e1ti girnist illt, <br \/>n\u00e1ungi hans finnur enga miskunn hj\u00e1 honum. <br \/> <\/span> <span class=\"ljodatexti\"> <a name=\"11\"><span class=\"versanumer_ljod\">11<\/span><\/a>S\u00e9 spottaranum refsa\u00f0 ver\u00f0ur hinn f\u00e1v\u00edsi hygginn <br \/>og s\u00e9 vitur ma\u00f0ur fr\u00e6ddur vex hann a\u00f0 viti. <br \/> <\/span> <span class=\"ljodatexti\"> <a name=\"12\"><span class=\"versanumer_ljod\">12<\/span><\/a>Hinn r\u00e9ttl\u00e1ti fylgist me\u00f0 h\u00fasi hins rangl\u00e1ta <br \/>og steypir \u00f3gu\u00f0legum \u00ed \u00f3g\u00e6fu. <br \/> <\/span> <span class=\"ljodatexti\"> <a name=\"13\"><span class=\"versanumer_ljod\">13<\/span><\/a>S\u00e1 sem daufheyrist vi\u00f0 kveini hins f\u00e1t\u00e6ka <br \/>mun sj\u00e1lfur kalla og ekki f\u00e1 b\u00e6nheyrslu. <br \/> <\/span> <span class=\"ljodatexti\"> <a name=\"14\"><span class=\"versanumer_ljod\">14<\/span><\/a>Gj\u00f6f \u00e1 laun sefar rei\u00f0i <br \/>og umbun \u00ed leyni \u00e1kafa br\u00e6\u00f0i. <br \/> <\/span> <span class=\"ljodatexti\"> <a name=\"15\"><span class=\"versanumer_ljod\">15<\/span><\/a>R\u00e9ttl\u00e1tum manni er gle\u00f0i a\u00f0 gera \u00fea\u00f0 sem r\u00e9tt er <br \/>en illvirkjum er \u00fea\u00f0 skelfing. <br \/> <\/span> <span class=\"ljodatexti\"> <a name=\"16\"><span class=\"versanumer_ljod\">16<\/span><\/a>S\u00e1 ma\u00f0ur sem villist af vegi viskunnar <br \/>mun br\u00e1tt hv\u00edlast \u00ed samneyti framli\u00f0inna. <br \/> <\/span> <span class=\"ljodatexti\"> <a name=\"17\"><span class=\"versanumer_ljod\">17<\/span><\/a>\u00d6reigi ver\u00f0ur s\u00e1 sem s\u00f3lginn er \u00ed skemmtanir, <br \/>s\u00e1 sem s\u00f3lginn er \u00ed v\u00edn og ol\u00edu ver\u00f0ur ekki r\u00edkur. <br \/> <\/span> <span class=\"ljodatexti\"> <a name=\"18\"><span class=\"versanumer_ljod\">18<\/span><\/a>Hinn rangl\u00e1ti er lausnargjald hins r\u00e9ttl\u00e1ta <br \/>og svikarinn kemur \u00ed sta\u00f0 hinna vammlausu. <br \/> <\/span> <span class=\"ljodatexti\"> <a name=\"19\"><span class=\"versanumer_ljod\">19<\/span><\/a>Betra er a\u00f0 b\u00faa \u00ed ey\u00f0im\u00f6rk <br \/>en me\u00f0 \u00ferasgjarnri og ge\u00f0illri konu. <br \/> <\/span> <span class=\"ljodatexti\"> <a name=\"20\"><span class=\"versanumer_ljod\">20<\/span><\/a>D\u00fdrm\u00e6tur fj\u00e1rsj\u00f3\u00f0ur og ol\u00eda er \u00ed heimkynnum hins vitra <br \/>en heimskur ma\u00f0ur s\u00f3lundar \u00fev\u00ed. <br \/> <\/span> <span class=\"ljodatexti\"> <a name=\"21\"><span class=\"versanumer_ljod\">21<\/span><\/a>S\u00e1 sem \u00e1stundar r\u00e9ttl\u00e6ti og k\u00e6rleika <br \/>\u00f6\u00f0last l\u00edf, velgengni og hei\u00f0ur. <br \/> <\/span> <span class=\"ljodatexti\"> <a name=\"22\"><span class=\"versanumer_ljod\">22<\/span><\/a> Vitur ma\u00f0ur vann borg kappanna <br \/>og reif ni\u00f0ur v\u00edgi\u00f0 sem h\u00fan treysti \u00e1. <br \/> <\/span> <span class=\"ljodatexti\"> <a name=\"23\"><span class=\"versanumer_ljod\">23<\/span><\/a> S\u00e1 sem g\u00e6tir munns s\u00edns og tungu <br \/>for\u00f0ar sj\u00e1lfum s\u00e9r fr\u00e1 nau\u00f0um. <br \/> <\/span> <span class=\"ljodatexti\"> <a name=\"24\"><span class=\"versanumer_ljod\">24<\/span><\/a> S\u00e1 sem er hrokafullur og drambl\u00e1tur kallast spottari,<br \/>hann l\u00e6tur st\u00fdrast af skefjalausum hroka. <br \/> <\/span> <span class=\"ljodatexti\"> <a name=\"25\"><span class=\"versanumer_ljod\">25<\/span><\/a> \u00d3skir letingjans ver\u00f0a honum a\u00f0 falli, <br \/>hendur hans vilja ekki vinna, <br \/> <\/span> <span class=\"ljodatexti\"> <a name=\"26\"><span class=\"versanumer_ljod\">26<\/span><\/a> langanir fylla hug hans daglangt <br \/>en hinn r\u00e9ttl\u00e1ti gefur og er ekki naumur. <br \/> <\/span> <span class=\"ljodatexti\"> <a name=\"27\"><span class=\"versanumer_ljod\">27<\/span><\/a> Sl\u00e1turf\u00f3rn hins rangl\u00e1ta er Drottni andstygg\u00f0, <br \/>einkum s\u00e9 h\u00fan f\u00e6r\u00f0 af illum \u00e1setningi. <br \/> <\/span> <span class=\"ljodatexti\"> <a name=\"28\"><span class=\"versanumer_ljod\">28<\/span><\/a> Falsvottur mun tort\u00edmast <br \/>en s\u00e1 sem hlustar grannt er vitnisb\u00e6r. <br \/> <\/span> <span class=\"ljodatexti\"> <a name=\"29\"><span class=\"versanumer_ljod\">29<\/span><\/a> Illmenni\u00f0 setur upp \u00fe\u00f3ttafullan svip <br \/>en hinn vammlausi hyggur a\u00f0 h\u00e1ttum s\u00ednum.<br \/> <\/span> <span class=\"ljodatexti\"> <a name=\"30\"><span class=\"versanumer_ljod\">30<\/span><\/a> Engin viska, engin skynsemi, <br \/>engin r\u00e1\u00f0 eru til gegn Drottni. <br \/> <\/span> <span class=\"ljodatexti\"> <a name=\"31\"><span class=\"versanumer_ljod\">31<\/span><\/a> Hesturinn er b\u00fainn til orrustudagsins <br \/>en sigurinn er \u00ed hendi Drottins. <\/span> <\/p>\n","protected":false},"excerpt":{"rendered":"<p>1Hjarta konungsins er sem l\u00e6kir \u00ed hendi Drottins, hann sveigir \u00fe\u00e1 hvert sem honum \u00fe\u00f3knast. 2Ma\u00f0urinn telur alla h\u00e6tti s\u00edna r\u00e9tta en Drottinn vegur hj\u00f6rtun. 3A\u00f0 \u00e1stunda r\u00e9ttl\u00e6ti og r\u00e9tter Drottni \u00fe\u00f3knanlegra en sl\u00e1turf\u00f3rn. 4Drembil\u00e1t augu og hrokafullt hjarta,lampi rangl\u00e1tra er syndin. 5\u00c1form hins i\u00f0jusama f\u00e6ra ar\u00f0 en hro\u00f0virkni endar \u00ed \u00f6rbirg\u00f0. 6Fj\u00e1rsj\u00f3\u00f0ir, fengnir me\u00f0 lygum, eru sem svipull vindbl\u00e6r og sn\u00f6rur dau\u00f0ans. 7R\u00e1\u00f0r\u00edki rangl\u00e1tra feykir \u00feeim burt \u00fev\u00ed a\u00f0 \u00feeir hafna r\u00e9ttl\u00e1tri breytni. 8Hlykkj\u00f3tt er lei\u00f0 hins seka en verk hins hreina eru vammlaus. 9Betri er dv\u00f6l \u00ed horni \u00e1 h\u00fas\u00feaki en samb\u00fa\u00f0 vi\u00f0 \u00ferasgjarna konu. 10Hinn rangl\u00e1ti girnist <a href=\"https:\/\/biblian.is\/biblian\/ordskvidirnir-21-kafli\/\"> [&#8230;]<\/a><\/p>\n","protected":false},"author":1,"featured_media":0,"parent":0,"menu_order":0,"comment_status":"open","ping_status":"open","template":"bibliukaflar_okv.php","meta":{"footnotes":""},"class_list":["post-2266","page","type-page","status-publish","hentry"],"_links":{"self":[{"href":"https:\/\/biblian.is\/biblian\/wp-json\/wp\/v2\/pages\/2266","targetHints":{"allow":["GET"]}}],"collection":[{"href":"https:\/\/biblian.is\/biblian\/wp-json\/wp\/v2\/pages"}],"about":[{"href":"https:\/\/biblian.is\/biblian\/wp-json\/wp\/v2\/types\/page"}],"author":[{"embeddable":true,"href":"https:\/\/biblian.is\/biblian\/wp-json\/wp\/v2\/users\/1"}],"replies":[{"embeddable":true,"href":"https:\/\/biblian.is\/biblian\/wp-json\/wp\/v2\/comments?post=2266"}],"version-history":[{"count":0,"href":"https:\/\/biblian.is\/biblian\/wp-json\/wp\/v2\/pages\/2266\/revisions"}],"wp:attachment":[{"href":"https:\/\/biblian.is\/biblian\/wp-json\/wp\/v2\/media?parent=2266"}],"curies":[{"name":"wp","href":"https:\/\/api.w.org\/{rel}","templated":true}]}}