{"id":2265,"date":"2017-12-30T21:02:26","date_gmt":"2017-12-30T21:02:26","guid":{"rendered":"http:\/\/biblian.is\/biblian\/or_skvi_irnir-20-kafli\/"},"modified":"2021-02-15T19:13:40","modified_gmt":"2021-02-15T19:13:40","slug":"ordskvidirnir-20-kafli","status":"publish","type":"page","link":"https:\/\/biblian.is\/biblian\/ordskvidirnir-20-kafli\/","title":{"rendered":"Or\u00f0skvi\u00f0irnir 20. kafli"},"content":{"rendered":"<p><span class=\"ljodatexti\"> <a name=\"1\"><span class=\"versanumer_ljod\">1<\/span><\/a>V\u00edni\u00f0 er illkvitti\u00f0, sterkur drykkur glaumsamur, <br \/>f\u00e1v\u00eds ver\u00f0ur s\u00e1 sem l\u00e6tur lei\u00f0ast afvega. <br \/> <\/span> <span class=\"ljodatexti\"> <a name=\"2\"><span class=\"versanumer_ljod\">2<\/span><\/a>Rei\u00f0i konungs er eins og lj\u00f3ns\u00f6skur, <br \/>s\u00e1 sem egnir hann gegn s\u00e9r h\u00e6ttir l\u00edfi s\u00ednu. <br \/> <\/span> <span class=\"ljodatexti\"> <a name=\"3\"><span class=\"versanumer_ljod\">3<\/span><\/a>\u00dea\u00f0 er manni s\u00f3mi a\u00f0 for\u00f0ast deilur <br \/>en afglapinn kveikir \u00fer\u00e6tur. <br \/> <\/span> <span class=\"ljodatexti\"> <a name=\"4\"><span class=\"versanumer_ljod\">4<\/span><\/a>Letinginn pl\u00e6gir ekki \u00e1 r\u00e9ttum t\u00edma, <br \/>\u00fev\u00ed leitar hann um uppskerut\u00edmann og gr\u00edpur \u00ed t\u00f3mt. <br \/> <\/span> <span class=\"ljodatexti\"> <a name=\"5\"><span class=\"versanumer_ljod\">5<\/span><\/a>R\u00e1\u00f0 mannshjartans eru sem dj\u00fap v\u00f6tn <br \/>og hygginn ma\u00f0ur eys af \u00feeim. <br \/> <\/span> <span class=\"ljodatexti\"> <a name=\"6\"><span class=\"versanumer_ljod\">6<\/span><\/a>Margir l\u00e1ta vingjarnlega <br \/>en tryggan vin, hver finnur hann? <br \/> <\/span> <span class=\"ljodatexti\"> <a name=\"7\"><span class=\"versanumer_ljod\">7<\/span><\/a>R\u00e9ttl\u00e1tur ma\u00f0ur \u00e1stundar r\u00e1\u00f0vendni, <br \/>s\u00e6l ver\u00f0a b\u00f6rn hans eftir hann. <br \/> <\/span> <span class=\"ljodatexti\"> <a name=\"8\"><span class=\"versanumer_ljod\">8<\/span><\/a>\u00deegar konungur situr \u00e1 d\u00f3mst\u00f3li <br \/>vinsar hann allt illt \u00far me\u00f0 augnar\u00e1\u00f0inu einu. <br \/> <\/span> <span class=\"ljodatexti\"> <a name=\"9\"><span class=\"versanumer_ljod\">9<\/span><\/a>Hver getur sagt: \u201e\u00c9g hef haldi\u00f0 hjarta m\u00ednu hreinu, <br \/>\u00e9g er hreinn af synd?\u201c <br \/> <\/span> <span class=\"ljodatexti\"> <a name=\"10\"><span class=\"versanumer_ljod\">10<\/span><\/a>Tvenns konar vog og tvenns konar m\u00e1l, <br \/>hvort tveggja er Drottni andstygg\u00f0. <br \/> <\/span> <span class=\"ljodatexti\"> <a name=\"11\"><span class=\"versanumer_ljod\">11<\/span><\/a>Jafnvel m\u00e1 \u00feekkja af verkum barnsins <br \/>hvort athafnir \u00feess eru hreinar og einl\u00e6gar. <br \/> <\/span> <span class=\"ljodatexti\"> <a name=\"12\"><span class=\"versanumer_ljod\">12<\/span><\/a>Eyra\u00f0 sem heyrir og auga\u00f0 sem s\u00e9r, <br \/>hvort tveggja hefur Drottinn skapa\u00f0. <br \/> <\/span> <span class=\"ljodatexti\"> <a name=\"13\"><span class=\"versanumer_ljod\">13<\/span><\/a>Elska\u00f0u ekki svefninn svo a\u00f0 \u00fe\u00fa ver\u00f0ir ekki snau\u00f0ur, <br \/>opna\u00f0u augun, \u00fe\u00e1 muntu mettast af brau\u00f0i. <br \/> <\/span> <span class=\"ljodatexti\"> <a name=\"14\"><span class=\"versanumer_ljod\">14<\/span><\/a>\u201eAfleitt, afleitt,\u201c segir kaupandinn <br \/>en \u00feegar hann gengur burt h\u00e6list hann um. <br \/> <\/span> <span class=\"ljodatexti\"> <a name=\"15\"><span class=\"versanumer_ljod\">15<\/span><\/a>Gn\u00e6g\u00f0 er af gulli og perlum <br \/>en d\u00fdrm\u00e6tastar eru \u00fe\u00f3 vitrar varir. <br \/> <\/span> <span class=\"ljodatexti\"> <a name=\"16\"><span class=\"versanumer_ljod\">16<\/span><\/a>Taktu skikkjuna af \u00feeim sem hefur gengi\u00f0 \u00ed \u00e1byrg\u00f0 fyrir \u00f3kunnugan, <br \/>taktu ve\u00f0 af \u00feeim sem hefur gengi\u00f0 \u00ed \u00e1byrg\u00f0 fyrir framandi. <br \/> <\/span> <span class=\"ljodatexti\"> <a name=\"17\"><span class=\"versanumer_ljod\">17<\/span><\/a>S\u00e6tt er svikabrau\u00f0i\u00f0 <br \/>en eftir \u00e1 fyllist munnurinn m\u00f6l. <br \/> <\/span> <span class=\"ljodatexti\"> <a name=\"18\"><span class=\"versanumer_ljod\">18<\/span><\/a>Vel r\u00e1\u00f0in \u00e1form f\u00e1 framgang, <br \/>\u00feigg\u00f0u hollr\u00e1\u00f0 ef \u00fe\u00fa heyr str\u00ed\u00f0. <br \/> <\/span> <span class=\"ljodatexti\"> <a name=\"19\"><span class=\"versanumer_ljod\">19<\/span><\/a>Ves\u00e6ll er s\u00e1 sem lj\u00f3strar upp leyndarm\u00e1lum, <br \/>haf\u00f0u ekki samneyti vi\u00f0 m\u00e1lugan mann. <br \/> <\/span> <span class=\"ljodatexti\"> <a name=\"20\"><span class=\"versanumer_ljod\">20<\/span><\/a>Form\u00e6li ma\u00f0ur f\u00f6\u00f0ur og m\u00f3\u00f0ur <br \/>mun lampi hans slokkna \u00ed n\u00e1ttmyrkrinu. <br \/> <\/span> <span class=\"ljodatexti\"> <a name=\"21\"><span class=\"versanumer_ljod\">21<\/span><\/a>Eignir, sem \u00ed upphafi voru skj\u00f3tfengnar, <br \/>blessast ekki a\u00f0 lokum. <br \/> <\/span> <span class=\"ljodatexti\"> <a name=\"22\"><span class=\"versanumer_ljod\">22<\/span><\/a> Seg\u00f0u ekki: \u201e\u00c9g hefni hins illa.\u201c<br \/>Treystu \u00e1 Drottin og hann mun bjarga \u00fe\u00e9r. <br \/> <\/span> <span class=\"ljodatexti\"> <a name=\"23\"><span class=\"versanumer_ljod\">23<\/span><\/a> Tvenns konar l\u00f3\u00f0 eru Drottni andstygg\u00f0 <br \/>og f\u00f6lsu\u00f0 vog er ekki g\u00f3\u00f0. <br \/> <\/span> <span class=\"ljodatexti\"> <a name=\"24\"><span class=\"versanumer_ljod\">24<\/span><\/a> Skref mannsins eru \u00e1kve\u00f0in af Drottni. <br \/>Hvernig f\u00e6r \u00fe\u00e1 ma\u00f0urinn skili\u00f0 veg sinn? <br \/> <\/span> <span class=\"ljodatexti\"> <a name=\"25\"><span class=\"versanumer_ljod\">25<\/span><\/a> \u00dea\u00f0 er gildra a\u00f0 gefa helgigj\u00f6f \u00ed fl\u00fdti <br \/>og hyggja fyrst a\u00f0 eftir a\u00f0 heit eru unnin. <br \/> <\/span> <span class=\"ljodatexti\"> <a name=\"26\"><span class=\"versanumer_ljod\">26<\/span><\/a> Vitur konungur vinsar hina rangl\u00e1tu \u00far <br \/>og l\u00e6tur s\u00ed\u00f0an \u00fereskihj\u00f3li\u00f0 ganga yfir \u00fe\u00e1. <br \/> <\/span> <span class=\"ljodatexti\"> <a name=\"27\"><span class=\"versanumer_ljod\">27<\/span><\/a> Andi mannsins er lampi Drottins <br \/>og rannsakar hvern afkima hjarta hans. <br \/> <\/span> <span class=\"ljodatexti\"> <a name=\"28\"><span class=\"versanumer_ljod\">28<\/span><\/a> Mildi og sannleikur vernda konunginn <br \/>og hann styrkir h\u00e1s\u00e6ti sitt me\u00f0 r\u00e9ttl\u00e6ti. <br \/> <\/span> <span class=\"ljodatexti\"> <a name=\"29\"><span class=\"versanumer_ljod\">29<\/span><\/a> \u00derek er ungs manns \u00feokki <br \/>en h\u00e6rurnar pr\u00fd\u00f0i \u00f6ldunganna. <br \/> <\/span> <span class=\"ljodatexti\"> <a name=\"30\"><span class=\"versanumer_ljod\">30<\/span><\/a> S\u00e1r undan svipu hreinsa burt hi\u00f0 illa <br \/>og h\u00f6gg sem taka dj\u00fapt \u00ed hold. <\/span> <\/p>\n","protected":false},"excerpt":{"rendered":"<p>1V\u00edni\u00f0 er illkvitti\u00f0, sterkur drykkur glaumsamur, f\u00e1v\u00eds ver\u00f0ur s\u00e1 sem l\u00e6tur lei\u00f0ast afvega. 2Rei\u00f0i konungs er eins og lj\u00f3ns\u00f6skur, s\u00e1 sem egnir hann gegn s\u00e9r h\u00e6ttir l\u00edfi s\u00ednu. 3\u00dea\u00f0 er manni s\u00f3mi a\u00f0 for\u00f0ast deilur en afglapinn kveikir \u00fer\u00e6tur. 4Letinginn pl\u00e6gir ekki \u00e1 r\u00e9ttum t\u00edma, \u00fev\u00ed leitar hann um uppskerut\u00edmann og gr\u00edpur \u00ed t\u00f3mt. 5R\u00e1\u00f0 mannshjartans eru sem dj\u00fap v\u00f6tn og hygginn ma\u00f0ur eys af \u00feeim. 6Margir l\u00e1ta vingjarnlega en tryggan vin, hver finnur hann? 7R\u00e9ttl\u00e1tur ma\u00f0ur \u00e1stundar r\u00e1\u00f0vendni, s\u00e6l ver\u00f0a b\u00f6rn hans eftir hann. 8\u00deegar konungur situr \u00e1 d\u00f3mst\u00f3li vinsar hann allt illt \u00far me\u00f0 augnar\u00e1\u00f0inu einu. 9Hver getur <a href=\"https:\/\/biblian.is\/biblian\/ordskvidirnir-20-kafli\/\"> [&#8230;]<\/a><\/p>\n","protected":false},"author":1,"featured_media":0,"parent":0,"menu_order":0,"comment_status":"open","ping_status":"open","template":"bibliukaflar_okv.php","meta":{"footnotes":""},"class_list":["post-2265","page","type-page","status-publish","hentry"],"_links":{"self":[{"href":"https:\/\/biblian.is\/biblian\/wp-json\/wp\/v2\/pages\/2265","targetHints":{"allow":["GET"]}}],"collection":[{"href":"https:\/\/biblian.is\/biblian\/wp-json\/wp\/v2\/pages"}],"about":[{"href":"https:\/\/biblian.is\/biblian\/wp-json\/wp\/v2\/types\/page"}],"author":[{"embeddable":true,"href":"https:\/\/biblian.is\/biblian\/wp-json\/wp\/v2\/users\/1"}],"replies":[{"embeddable":true,"href":"https:\/\/biblian.is\/biblian\/wp-json\/wp\/v2\/comments?post=2265"}],"version-history":[{"count":0,"href":"https:\/\/biblian.is\/biblian\/wp-json\/wp\/v2\/pages\/2265\/revisions"}],"wp:attachment":[{"href":"https:\/\/biblian.is\/biblian\/wp-json\/wp\/v2\/media?parent=2265"}],"curies":[{"name":"wp","href":"https:\/\/api.w.org\/{rel}","templated":true}]}}