{"id":2264,"date":"2017-12-30T21:02:26","date_gmt":"2017-12-30T21:02:26","guid":{"rendered":"http:\/\/biblian.is\/biblian\/or_skvi_irnir-19-kafli\/"},"modified":"2021-02-15T19:13:40","modified_gmt":"2021-02-15T19:13:40","slug":"ordskvidirnir-19-kafli","status":"publish","type":"page","link":"https:\/\/biblian.is\/biblian\/ordskvidirnir-19-kafli\/","title":{"rendered":"Or\u00f0skvi\u00f0irnir 19. kafli"},"content":{"rendered":"<p><span class=\"ljodatexti\"> <a name=\"1\"><span class=\"versanumer_ljod\">1<\/span><\/a>Betri er f\u00e1t\u00e6kur ma\u00f0ur og r\u00e1\u00f0vandur <br \/>en s\u00e1 sem er fl\u00e1r \u00ed or\u00f0um og heimskur. <br \/> <\/span> <span class=\"ljodatexti\"> <a name=\"2\"><span class=\"versanumer_ljod\">2<\/span><\/a>Kapp er best me\u00f0 forsj\u00e1 <br \/>og s\u00e1 hrasar sem hra\u00f0ar s\u00e9r. <br \/> <\/span> <span class=\"ljodatexti\"> <a name=\"3\"><span class=\"versanumer_ljod\">3<\/span><\/a>Fl\u00f3nska mannsins ey\u00f0ir efnum hans <br \/>en hjarta hans kennir Drottni um. <br \/> <\/span> <span class=\"ljodatexti\"> <a name=\"4\"><span class=\"versanumer_ljod\">4<\/span><\/a>Au\u00f0ur fj\u00f6lgar vinum <br \/>en f\u00e1t\u00e6kum manni bregst vinur. <br \/> <\/span> <span class=\"ljodatexti\"> <a name=\"5\"><span class=\"versanumer_ljod\">5<\/span><\/a>Falsvotti ver\u00f0ur ekki l\u00e1ti\u00f0 \u00f3refsa\u00f0, <br \/>s\u00e1 sem fer me\u00f0 lygar kemst ekki undan. <br \/> <\/span> <span class=\"ljodatexti\"> <a name=\"6\"><span class=\"versanumer_ljod\">6<\/span><\/a>Margir smja\u00f0ra fyrir tignarmanninum, <br \/>allir eru vinir hins \u00f6rl\u00e1ta. <br \/> <\/span> <span class=\"ljodatexti\"> <a name=\"7\"><span class=\"versanumer_ljod\">7<\/span><\/a>Allir br\u00e6\u00f0ur hins snau\u00f0a fyrirl\u00edta hann, <br \/>hve miklu fremur for\u00f0ast \u00fe\u00e1 vinir hans hann.<br \/> <\/span> <span class=\"ljodatexti\"> <a name=\"8\"><span class=\"versanumer_ljod\">8<\/span><\/a>S\u00e1 sem \u00f6\u00f0last skilning vinnur s\u00e9r mest gagn, <br \/>s\u00e1 sem ann skynseminni hl\u00fdtur hamingju. <br \/> <\/span> <span class=\"ljodatexti\"> <a name=\"9\"><span class=\"versanumer_ljod\">9<\/span><\/a>Falsvotti ver\u00f0ur ekki l\u00e1ti\u00f0 \u00f3refsa\u00f0 <br \/>og s\u00e1 sem fer me\u00f0 lygar tort\u00edmist. <br \/> <\/span> <span class=\"ljodatexti\"> <a name=\"10\"><span class=\"versanumer_ljod\">10<\/span><\/a>S\u00e6ll\u00edfi h\u00e6fir ekki heimskum manni, <br \/>hva\u00f0 \u00fe\u00e1 \u00fer\u00e6li a\u00f0 drottna yfir h\u00f6f\u00f0ingjum. <br \/> <\/span> <span class=\"ljodatexti\"> <a name=\"11\"><span class=\"versanumer_ljod\">11<\/span><\/a>\u00dea\u00f0 er viska a\u00f0 vera seinn til rei\u00f0i <br \/>og s\u00e6md a\u00f0 l\u00e1ta rangsleitni ekki \u00e1 sig f\u00e1. <br \/> <\/span> <span class=\"ljodatexti\"> <a name=\"12\"><span class=\"versanumer_ljod\">12<\/span><\/a>Rei\u00f0i konungs er eins og lj\u00f3ns\u00f6skur <br \/>en hylli hans sem d\u00f6gg \u00e1 grasi. <br \/> <\/span> <span class=\"ljodatexti\"> <a name=\"13\"><span class=\"versanumer_ljod\">13<\/span><\/a>Heimskur sonur steypir f\u00f6\u00f0ur s\u00ednum \u00ed gl\u00f6tun, <br \/>konu\u00feras er sem s\u00edfelldur \u00feakleki. <br \/> <\/span> <span class=\"ljodatexti\"> <a name=\"14\"><span class=\"versanumer_ljod\">14<\/span><\/a>H\u00fas og au\u00f0ur er arfur fr\u00e1 fe\u00f0runum <br \/>en hyggin kona er gj\u00f6f fr\u00e1 Drottni. <br \/> <\/span> <span class=\"ljodatexti\"> <a name=\"15\"><span class=\"versanumer_ljod\">15<\/span><\/a>Letin sv\u00e6fir \u00feungum svefni <br \/>og i\u00f0juleysingjann mun hungra. <br \/> <\/span> <span class=\"ljodatexti\"> <a name=\"16\"><span class=\"versanumer_ljod\">16<\/span><\/a>S\u00e1 sem hl\u00fd\u00f0ir l\u00f6gm\u00e1linu var\u00f0veitir l\u00edf sitt <br \/>en s\u00e1 deyr sem ekki hefur g\u00e1t \u00e1 vegum s\u00ednum. <br \/> <\/span> <span class=\"ljodatexti\"> <a name=\"17\"><span class=\"versanumer_ljod\">17<\/span><\/a>S\u00e1 l\u00e1nar Drottni sem l\u00edknar f\u00e1t\u00e6kum, <br \/>hann mun endurgjalda honum. <br \/> <\/span> <span class=\"ljodatexti\"> <a name=\"18\"><span class=\"versanumer_ljod\">18<\/span><\/a>Aga\u00f0u son \u00feinn me\u00f0an enn er von, <br \/>g\u00e6ttu \u00feess a\u00f0 gera ekki \u00fat af vi\u00f0 hann.<br \/> <\/span> <span class=\"ljodatexti\"> <a name=\"19\"><span class=\"versanumer_ljod\">19<\/span><\/a>Hinn skapbr\u00e1\u00f0i mun hlj\u00f3ta refsingu, <br \/>reynir \u00fe\u00fa a\u00f0 bjarga honum gerir \u00fe\u00fa illt verra. <br \/> <\/span> <span class=\"ljodatexti\"> <a name=\"20\"><span class=\"versanumer_ljod\">20<\/span><\/a>Hl\u00fdddu r\u00e1\u00f0um og taktu umv\u00f6ndun<br \/>svo a\u00f0 \u00fe\u00fa ver\u00f0ir vitur a\u00f0 lokum. <br \/> <\/span> <span class=\"ljodatexti\"> <a name=\"21\"><span class=\"versanumer_ljod\">21<\/span><\/a>M\u00f6rg er r\u00e1\u00f0ager\u00f0 mannshjartans <br \/>en \u00e1form Drottins standa. <br \/> <\/span> <span class=\"ljodatexti\"> <a name=\"22\"><span class=\"versanumer_ljod\">22<\/span><\/a> Ma\u00f0urinn \u00fer\u00e1ir miskunnarverk <br \/>og betri er f\u00e1t\u00e6kur ma\u00f0ur en lygari. <br \/> <\/span> <span class=\"ljodatexti\"> <a name=\"23\"><span class=\"versanumer_ljod\">23<\/span><\/a> A\u00f0 \u00f3ttast Drottin lei\u00f0ir til l\u00edfs, <br \/>\u00fe\u00e1 hv\u00edlast menn mettir og \u00f3hultir. <br \/> <\/span> <span class=\"ljodatexti\"> <a name=\"24\"><span class=\"versanumer_ljod\">24<\/span><\/a> Latur ma\u00f0ur d\u00fdfir hendinni ofan \u00ed sk\u00e1lina <br \/>en nennir ekki a\u00f0 bera hana upp a\u00f0 munni s\u00e9r. <br \/> <\/span> <span class=\"ljodatexti\"> <a name=\"25\"><span class=\"versanumer_ljod\">25<\/span><\/a> Sl\u00e1ir \u00fe\u00fa spottarann ver\u00f0ur hinn f\u00e1v\u00edsi hygginn, <br \/>s\u00e9 vanda\u00f0 um vi\u00f0 skynsaman mann vex hann a\u00f0 viti. <br \/> <\/span> <span class=\"ljodatexti\"> <a name=\"26\"><span class=\"versanumer_ljod\">26<\/span><\/a> S\u00e1 sem mis\u00feyrmir f\u00f6\u00f0ur s\u00ednum og rekur burt m\u00f3\u00f0ur s\u00edna, <br \/>s\u00e1 sonur fremur sm\u00e1n og \u00f3h\u00e6fu. <br \/> <\/span> <span class=\"ljodatexti\"> <a name=\"27\"><span class=\"versanumer_ljod\">27<\/span><\/a> Sonur minn, h\u00e6ttu a\u00f0 hl\u00fd\u00f0a \u00e1 umv\u00f6ndun <br \/>og \u00fe\u00fa fjarl\u00e6gist or\u00f0 \u00feekkingarinnar. <br \/> <\/span> <span class=\"ljodatexti\"> <a name=\"28\"><span class=\"versanumer_ljod\">28<\/span><\/a> Gagnslaust vitni h\u00e6\u00f0ir r\u00e9ttinn <br \/>og illkvittni b\u00fdr \u00ed munni rangl\u00e1tra. <br \/> <\/span> <span class=\"ljodatexti\"> <a name=\"29\"><span class=\"versanumer_ljod\">29<\/span><\/a> Spottarar eiga refsingar \u00ed v\u00e6ndum <br \/>og b\u00f6k heimskingjanna ver\u00f0a barin. <\/span> <\/p>\n","protected":false},"excerpt":{"rendered":"<p>1Betri er f\u00e1t\u00e6kur ma\u00f0ur og r\u00e1\u00f0vandur en s\u00e1 sem er fl\u00e1r \u00ed or\u00f0um og heimskur. 2Kapp er best me\u00f0 forsj\u00e1 og s\u00e1 hrasar sem hra\u00f0ar s\u00e9r. 3Fl\u00f3nska mannsins ey\u00f0ir efnum hans en hjarta hans kennir Drottni um. 4Au\u00f0ur fj\u00f6lgar vinum en f\u00e1t\u00e6kum manni bregst vinur. 5Falsvotti ver\u00f0ur ekki l\u00e1ti\u00f0 \u00f3refsa\u00f0, s\u00e1 sem fer me\u00f0 lygar kemst ekki undan. 6Margir smja\u00f0ra fyrir tignarmanninum, allir eru vinir hins \u00f6rl\u00e1ta. 7Allir br\u00e6\u00f0ur hins snau\u00f0a fyrirl\u00edta hann, hve miklu fremur for\u00f0ast \u00fe\u00e1 vinir hans hann. 8S\u00e1 sem \u00f6\u00f0last skilning vinnur s\u00e9r mest gagn, s\u00e1 sem ann skynseminni hl\u00fdtur hamingju. 9Falsvotti ver\u00f0ur ekki l\u00e1ti\u00f0 \u00f3refsa\u00f0 <a href=\"https:\/\/biblian.is\/biblian\/ordskvidirnir-19-kafli\/\"> [&#8230;]<\/a><\/p>\n","protected":false},"author":1,"featured_media":0,"parent":0,"menu_order":0,"comment_status":"open","ping_status":"open","template":"bibliukaflar_okv.php","meta":{"footnotes":""},"class_list":["post-2264","page","type-page","status-publish","hentry"],"_links":{"self":[{"href":"https:\/\/biblian.is\/biblian\/wp-json\/wp\/v2\/pages\/2264","targetHints":{"allow":["GET"]}}],"collection":[{"href":"https:\/\/biblian.is\/biblian\/wp-json\/wp\/v2\/pages"}],"about":[{"href":"https:\/\/biblian.is\/biblian\/wp-json\/wp\/v2\/types\/page"}],"author":[{"embeddable":true,"href":"https:\/\/biblian.is\/biblian\/wp-json\/wp\/v2\/users\/1"}],"replies":[{"embeddable":true,"href":"https:\/\/biblian.is\/biblian\/wp-json\/wp\/v2\/comments?post=2264"}],"version-history":[{"count":0,"href":"https:\/\/biblian.is\/biblian\/wp-json\/wp\/v2\/pages\/2264\/revisions"}],"wp:attachment":[{"href":"https:\/\/biblian.is\/biblian\/wp-json\/wp\/v2\/media?parent=2264"}],"curies":[{"name":"wp","href":"https:\/\/api.w.org\/{rel}","templated":true}]}}