{"id":2263,"date":"2017-12-30T21:02:26","date_gmt":"2017-12-30T21:02:26","guid":{"rendered":"http:\/\/biblian.is\/biblian\/or_skvi_irnir-18-kafli\/"},"modified":"2021-02-15T19:13:40","modified_gmt":"2021-02-15T19:13:40","slug":"ordskvidirnir-18-kafli","status":"publish","type":"page","link":"https:\/\/biblian.is\/biblian\/ordskvidirnir-18-kafli\/","title":{"rendered":"Or\u00f0skvi\u00f0irnir 18. kafli"},"content":{"rendered":"<p><span class=\"ljodatexti\"> <a name=\"1\"><span class=\"versanumer_ljod\">1<\/span><\/a>S\u00e9rlyndur ma\u00f0ur fer a\u00f0 eigin ge\u00f0\u00fe\u00f3tta <br \/>og hafnar hverju hollr\u00e1\u00f0i. <br \/> <\/span> <span class=\"ljodatexti\"> <a name=\"2\"><span class=\"versanumer_ljod\">2<\/span><\/a>Heimskinginn keppir ekki a\u00f0 hyggindum <br \/>heldur a\u00f0 gera sko\u00f0anir s\u00ednar kunnar. <br \/> <\/span> <span class=\"ljodatexti\"> <a name=\"3\"><span class=\"versanumer_ljod\">3<\/span><\/a>Komi illmenni\u00f0 kemur h\u00e1\u00f0ungin einnig <br \/>og sm\u00e1ninni fylgir sk\u00f6mm. <br \/> <\/span> <span class=\"ljodatexti\"> <a name=\"4\"><span class=\"versanumer_ljod\">4<\/span><\/a>Dj\u00fap v\u00f6tn eru or\u00f0 af manns munni, <br \/>lind viskunnar er sem rennandi l\u00e6kur. <br \/> <\/span> <span class=\"ljodatexti\"> <a name=\"5\"><span class=\"versanumer_ljod\">5<\/span><\/a>\u00dea\u00f0 er ekki r\u00e9tt a\u00f0 draga taum hins rangl\u00e1ta <br \/>og halla r\u00e9tti hins saklausa \u00ed d\u00f3mi. <br \/> <\/span> <span class=\"ljodatexti\"> <a name=\"6\"><span class=\"versanumer_ljod\">6<\/span><\/a>Or\u00f0 heimskingjans valda deilum, <br \/>munnur hans b\u00fd\u00f0ur h\u00f6ggunum heim. <br \/> <\/span> <span class=\"ljodatexti\"> <a name=\"7\"><span class=\"versanumer_ljod\">7<\/span><\/a>Munnur heimskingjans ver\u00f0ur honum a\u00f0 falli <br \/>og varirnar eru l\u00edfi hans snara.<br \/> <\/span> <span class=\"ljodatexti\"> <a name=\"8\"><span class=\"versanumer_ljod\">8<\/span><\/a>S\u00e6t eru or\u00f0 r\u00f3gberans, <br \/>\u00feau n\u00e1 til innstu fylgsna mannsins. <br \/> <\/span> <span class=\"ljodatexti\"> <a name=\"9\"><span class=\"versanumer_ljod\">9<\/span><\/a>K\u00e6rulaus verkma\u00f0ur er albr\u00f3\u00f0ir ni\u00f0urrifsmannsins. <br \/> <\/span> <span class=\"ljodatexti\"> <a name=\"10\"><span class=\"versanumer_ljod\">10<\/span><\/a>Nafn Drottins er sterkur turn, <br \/>\u00feanga\u00f0 hleypur hinn r\u00e9ttl\u00e1ti og er \u00f3hultur. <br \/> <\/span> <span class=\"ljodatexti\"> <a name=\"11\"><span class=\"versanumer_ljod\">11<\/span><\/a>Au\u00f0ur r\u00edks manns er honum \u00f6flugt v\u00edgi <br \/>og \u00f3kleifur m\u00farveggur a\u00f0 hans hyggju. <br \/> <\/span> <span class=\"ljodatexti\"> <a name=\"12\"><span class=\"versanumer_ljod\">12<\/span><\/a>Dramb hjartans er undanfari falls, <br \/>h\u00f3gv\u00e6r\u00f0 er undanfari s\u00e6mdar. <br \/> <\/span> <span class=\"ljodatexti\"> <a name=\"13\"><span class=\"versanumer_ljod\">13<\/span><\/a>Svari einhver \u00e1\u00f0ur en hann hlustar <br \/>er \u00fea\u00f0 heimska hans og sk\u00f6mm. <br \/> <\/span> <span class=\"ljodatexti\"> <a name=\"14\"><span class=\"versanumer_ljod\">14<\/span><\/a>Kjarkur styrkir menn \u00ed sj\u00fakleika <br \/>en hver f\u00e6r bori\u00f0 dapurt ge\u00f0? <br \/> <\/span> <span class=\"ljodatexti\"> <a name=\"15\"><span class=\"versanumer_ljod\">15<\/span><\/a>Hjarta hins hyggna aflar s\u00e9r \u00feekkingar <br \/>og eyra hinna vitru leitar \u00feekkingar. <br \/> <\/span> <span class=\"ljodatexti\"> <a name=\"16\"><span class=\"versanumer_ljod\">16<\/span><\/a>Gj\u00f6f grei\u00f0ir \u00feeim veg sem gefur<br \/>og lei\u00f0ir hann fram fyrir st\u00f3rmenni. <br \/> <\/span> <span class=\"ljodatexti\"> <a name=\"17\"><span class=\"versanumer_ljod\">17<\/span><\/a>S\u00e1 er fyrst flytur m\u00e1l sitt vir\u00f0ist hafa \u00e1 r\u00e9ttu a\u00f0 standa <br \/>uns andst\u00e6\u00f0ingurinn vefengir r\u00f6k hans. <br \/> <\/span> <span class=\"ljodatexti\"> <a name=\"18\"><span class=\"versanumer_ljod\">18<\/span><\/a>Hlutkesti\u00f0 bindur enda \u00e1 deilu <br \/>og sker \u00far m\u00e1lum hinna voldugu. <br \/> <\/span> <span class=\"ljodatexti\"> <a name=\"19\"><span class=\"versanumer_ljod\">19<\/span><\/a>Hlunnfarinn br\u00f3\u00f0ir er sem rammbyggt virki, <br \/>deilur sem slagbrandar fyrir hallardyrum. <br \/> <\/span> <span class=\"ljodatexti\"> <a name=\"20\"><span class=\"versanumer_ljod\">20<\/span><\/a>Af \u00e1vexti munnsins mettast kvi\u00f0urinn, <br \/>uppskera varanna se\u00f0ur manninn. <br \/> <\/span> <span class=\"ljodatexti\"> <a name=\"21\"><span class=\"versanumer_ljod\">21<\/span><\/a>Dau\u00f0i og l\u00edf eru \u00e1 valdi tungunnar, <br \/>s\u00e1 sem henni beitir mun og \u00feiggja \u00e1v\u00f6xt hennar. <br \/> <\/span> <span class=\"ljodatexti\"> <a name=\"22\"><span class=\"versanumer_ljod\">22<\/span><\/a> S\u00e1 sem eignast konu eignast gersemi <br \/>og hl\u00fdtur n\u00e1\u00f0argj\u00f6f fr\u00e1 Drottni. <br \/> <\/span> <span class=\"ljodatexti\"> <a name=\"23\"><span class=\"versanumer_ljod\">23<\/span><\/a> Hinn f\u00e1t\u00e6ki bi\u00f0ur \u00ed au\u00f0m\u00fdkt <br \/>en hinn r\u00edki svarar me\u00f0 h\u00f6rku.<br \/> <\/span> <span class=\"ljodatexti\"> <a name=\"24\"><span class=\"versanumer_ljod\">24<\/span><\/a> Til eru vinir sem breg\u00f0ast <br \/>og til er s\u00e1 vinur sem reynist tryggari en br\u00f3\u00f0ir. <\/span> <\/p>\n","protected":false},"excerpt":{"rendered":"<p>1S\u00e9rlyndur ma\u00f0ur fer a\u00f0 eigin ge\u00f0\u00fe\u00f3tta og hafnar hverju hollr\u00e1\u00f0i. 2Heimskinginn keppir ekki a\u00f0 hyggindum heldur a\u00f0 gera sko\u00f0anir s\u00ednar kunnar. 3Komi illmenni\u00f0 kemur h\u00e1\u00f0ungin einnig og sm\u00e1ninni fylgir sk\u00f6mm. 4Dj\u00fap v\u00f6tn eru or\u00f0 af manns munni, lind viskunnar er sem rennandi l\u00e6kur. 5\u00dea\u00f0 er ekki r\u00e9tt a\u00f0 draga taum hins rangl\u00e1ta og halla r\u00e9tti hins saklausa \u00ed d\u00f3mi. 6Or\u00f0 heimskingjans valda deilum, munnur hans b\u00fd\u00f0ur h\u00f6ggunum heim. 7Munnur heimskingjans ver\u00f0ur honum a\u00f0 falli og varirnar eru l\u00edfi hans snara. 8S\u00e6t eru or\u00f0 r\u00f3gberans, \u00feau n\u00e1 til innstu fylgsna mannsins. 9K\u00e6rulaus verkma\u00f0ur er albr\u00f3\u00f0ir ni\u00f0urrifsmannsins. 10Nafn Drottins er sterkur turn, <a href=\"https:\/\/biblian.is\/biblian\/ordskvidirnir-18-kafli\/\"> [&#8230;]<\/a><\/p>\n","protected":false},"author":1,"featured_media":0,"parent":0,"menu_order":0,"comment_status":"open","ping_status":"open","template":"bibliukaflar_okv.php","meta":{"footnotes":""},"class_list":["post-2263","page","type-page","status-publish","hentry"],"_links":{"self":[{"href":"https:\/\/biblian.is\/biblian\/wp-json\/wp\/v2\/pages\/2263","targetHints":{"allow":["GET"]}}],"collection":[{"href":"https:\/\/biblian.is\/biblian\/wp-json\/wp\/v2\/pages"}],"about":[{"href":"https:\/\/biblian.is\/biblian\/wp-json\/wp\/v2\/types\/page"}],"author":[{"embeddable":true,"href":"https:\/\/biblian.is\/biblian\/wp-json\/wp\/v2\/users\/1"}],"replies":[{"embeddable":true,"href":"https:\/\/biblian.is\/biblian\/wp-json\/wp\/v2\/comments?post=2263"}],"version-history":[{"count":0,"href":"https:\/\/biblian.is\/biblian\/wp-json\/wp\/v2\/pages\/2263\/revisions"}],"wp:attachment":[{"href":"https:\/\/biblian.is\/biblian\/wp-json\/wp\/v2\/media?parent=2263"}],"curies":[{"name":"wp","href":"https:\/\/api.w.org\/{rel}","templated":true}]}}