{"id":2262,"date":"2017-12-30T21:02:26","date_gmt":"2017-12-30T21:02:26","guid":{"rendered":"http:\/\/biblian.is\/biblian\/or_skvi_irnir-17-kafli\/"},"modified":"2021-02-15T19:13:39","modified_gmt":"2021-02-15T19:13:39","slug":"ordskvidirnir-17-kafli","status":"publish","type":"page","link":"https:\/\/biblian.is\/biblian\/ordskvidirnir-17-kafli\/","title":{"rendered":"Or\u00f0skvi\u00f0irnir 17. kafli"},"content":{"rendered":"<p><span class=\"ljodatexti\"> <a name=\"1\"><span class=\"versanumer_ljod\">1<\/span><\/a>Betri er \u00feurr brau\u00f0biti \u00ed n\u00e6\u00f0i<br \/>en veisla \u00ed h\u00fasi fullu af deilum. <br \/> <\/span> <span class=\"ljodatexti\"> <a name=\"2\"><span class=\"versanumer_ljod\">2<\/span><\/a>Hygginn \u00fer\u00e6ll mun drottna yfir spilltum syni <br \/>og taka erf\u00f0ahlut me\u00f0 br\u00e6\u00f0runum. <br \/> <\/span> <span class=\"ljodatexti\"> <a name=\"3\"><span class=\"versanumer_ljod\">3<\/span><\/a>Deiglan er fyrir silfri\u00f0 og br\u00e6\u00f0sluofninn fyrir gulli\u00f0 <br \/>en Drottinn pr\u00f3far hj\u00f6rtun. <br \/> <\/span> <span class=\"ljodatexti\"> <a name=\"4\"><span class=\"versanumer_ljod\">4<\/span><\/a>Illmenni\u00f0 lj\u00e6r illm\u00e6lginni eyra, <br \/>lygarinn hl\u00fd\u00f0ir \u00e1 r\u00f3ginn. <br \/> <\/span> <span class=\"ljodatexti\"> <a name=\"5\"><span class=\"versanumer_ljod\">5<\/span><\/a>S\u00e1 sem h\u00e6\u00f0ir f\u00e1t\u00e6kling \u00f3vir\u00f0ir skapara hans, <br \/>s\u00e1 sem hlakkar yfir \u00f3g\u00e6fu mun svara til saka. <br \/> <\/span> <span class=\"ljodatexti\"> <a name=\"6\"><span class=\"versanumer_ljod\">6<\/span><\/a>Barnab\u00f6rnin eru k\u00f3r\u00f3na \u00f6ldunganna <br \/>og foreldrarnir eru s\u00e6md barnanna. <span class=\"nedan_mal\" title=\" Or\u00f0r\u00e9tt: og fe\u00f0urnir eru s\u00e6md sonanna.\">[<\/span> <br \/> <\/span> <span class=\"ljodatexti\"> <a name=\"7\"><span class=\"versanumer_ljod\">7<\/span><\/a>Ekki h\u00e6fa heimskum manni st\u00f3ryr\u00f0i <br \/>og lygin h\u00e6fir enn s\u00ed\u00f0ur g\u00f6fugum manni. <br \/> <\/span> <span class=\"ljodatexti\"> <a name=\"8\"><span class=\"versanumer_ljod\">8<\/span><\/a>M\u00fatan er sem t\u00f6fragripur \u00feeim er hana \u00feiggur, <br \/>hvarvetna kemur hann s\u00ednu fram. <br \/> <\/span> <span class=\"ljodatexti\"> <a name=\"9\"><span class=\"versanumer_ljod\">9<\/span><\/a>S\u00e1 sem brei\u00f0ir yfir bresti annars leitar vinfengis <br \/>en s\u00e1 sem bregst tr\u00fana\u00f0i veldur vinaskilna\u00f0i. <br \/> <\/span> <span class=\"ljodatexti\"> <a name=\"10\"><span class=\"versanumer_ljod\">10<\/span><\/a>\u00c1v\u00edtur f\u00e1 meira \u00e1 hygginn mann <br \/>en hundra\u00f0 h\u00f6gg \u00e1 heimskingja. <br \/> <\/span> <span class=\"ljodatexti\"> <a name=\"11\"><span class=\"versanumer_ljod\">11<\/span><\/a>Illvirkinn hyggur \u00e1 uppreisn <br \/>en \u00f3v\u00e6ginn sendibo\u00f0i ver\u00f0ur sendur gegn honum. <br \/> <\/span> <span class=\"ljodatexti\"> <a name=\"12\"><span class=\"versanumer_ljod\">12<\/span><\/a>Betra er a\u00f0 m\u00e6ta birnu sem svipt er h\u00fanum s\u00ednum <br \/>en heimskingja \u00ed fl\u00f3nsku hans. <br \/> <\/span> <span class=\"ljodatexti\"> <a name=\"13\"><span class=\"versanumer_ljod\">13<\/span><\/a>Launi ma\u00f0ur gott me\u00f0 illu <br \/>v\u00edkur \u00f3g\u00e6fan aldrei fr\u00e1 h\u00fasi hans. <br \/> <\/span> <span class=\"ljodatexti\"> <a name=\"14\"><span class=\"versanumer_ljod\">14<\/span><\/a>\u00deegar deila kviknar er sem tekin s\u00e9 \u00far st\u00edfla, <br \/>l\u00e1ttu hana \u00fev\u00ed ni\u00f0ur falla \u00e1\u00f0ur en sennan hefst. <br \/> <\/span> <span class=\"ljodatexti\"> <a name=\"15\"><span class=\"versanumer_ljod\">15<\/span><\/a>A\u00f0 s\u00fdkna sekan og sakfella saklausan, <br \/>hvort tveggja er Drottni andstygg\u00f0. <br \/> <\/span> <span class=\"ljodatexti\"> <a name=\"16\"><span class=\"versanumer_ljod\">16<\/span><\/a>Hva\u00f0 sto\u00f0a peningar \u00ed hendi heimskingjans <br \/>til \u00feess a\u00f0 kaupa speki \u00fear sem viti\u00f0 er ekkert? <br \/> <\/span> <span class=\"ljodatexti\"> <a name=\"17\"><span class=\"versanumer_ljod\">17<\/span><\/a>Vinur l\u00e6tur aldrei af vin\u00e1ttu sinni, <br \/>\u00ed andstreymi reynist hann sem br\u00f3\u00f0ir. <br \/> <\/span> <span class=\"ljodatexti\"> <a name=\"18\"><span class=\"versanumer_ljod\">18<\/span><\/a>F\u00e1v\u00eds er s\u00e1 sem handsalar fyrir n\u00e1unga sinn <br \/>og gengur \u00ed \u00e1byrg\u00f0 fyrir hann. <br \/> <\/span> <span class=\"ljodatexti\"> <a name=\"19\"><span class=\"versanumer_ljod\">19<\/span><\/a>S\u00e1 sem ann \u00fer\u00e6tum s\u00e6kir \u00ed yfirsj\u00f3n, <br \/>s\u00e1 sem gerir \u00fer\u00f6skuld sinn h\u00e1an hn\u00fdtur um hann. <br \/> <\/span> <span class=\"ljodatexti\"> <a name=\"20\"><span class=\"versanumer_ljod\">20<\/span><\/a>Hinn meinf\u00fdsni \u00f6\u00f0last enga g\u00e6fu <br \/>og s\u00e1 sem fer me\u00f0 lygar ratar \u00ed vanda. <br \/> <\/span> <span class=\"ljodatexti\"> <a name=\"21\"><span class=\"versanumer_ljod\">21<\/span><\/a>\u00dea\u00f0 er m\u00e6\u00f0a a\u00f0 geta af s\u00e9r heimskingja <br \/>og fa\u00f0ir gl\u00f3psins fagnar ekki. <br \/> <\/span> <span class=\"ljodatexti\"> <a name=\"22\"><span class=\"versanumer_ljod\">22<\/span><\/a> Glatt hjarta veitir g\u00f3\u00f0a heilsub\u00f3t <br \/>en dapurt ge\u00f0 t\u00e6rir beinin. <br \/> <\/span> <span class=\"ljodatexti\"> <a name=\"23\"><span class=\"versanumer_ljod\">23<\/span><\/a> Hinn rangl\u00e1ti dregur fram m\u00fatur \u00e1 laun <br \/>til a\u00f0 halla r\u00e9ttinum. <br \/> <\/span> <span class=\"ljodatexti\"> <a name=\"24\"><span class=\"versanumer_ljod\">24<\/span><\/a> Hygginn ma\u00f0ur hefur viskuna fyrir augum s\u00e9r <br \/>en augu heimskingjans r\u00e1sa me\u00f0 himinskautum. <br \/> <\/span> <span class=\"ljodatexti\"> <a name=\"25\"><span class=\"versanumer_ljod\">25<\/span><\/a> Heimskur sonur er f\u00f6\u00f0ur s\u00ednum til ama <br \/>og angur konunni sem \u00f3l hann. <br \/> <\/span> <span class=\"ljodatexti\"> <a name=\"26\"><span class=\"versanumer_ljod\">26<\/span><\/a> A\u00f0 refsa saklausum er ekki lofsvert, <br \/>n\u00e9 heldur a\u00f0 berja \u00e1 g\u00f6fugmennum.<br \/> <\/span> <span class=\"ljodatexti\"> <a name=\"27\"><span class=\"versanumer_ljod\">27<\/span><\/a> Hygginn ma\u00f0ur er or\u00f0var <br \/>og skynsamur ma\u00f0ur er f\u00e1or\u00f0ur. <br \/> <\/span> <span class=\"ljodatexti\"> <a name=\"28\"><span class=\"versanumer_ljod\">28<\/span><\/a> Jafnvel heimskinginn vir\u00f0ist vitur, \u00feegi hann, <br \/>og skynsamur, loki hann v\u00f6rum s\u00ednum. <\/span> <\/p>\n","protected":false},"excerpt":{"rendered":"<p>1Betri er \u00feurr brau\u00f0biti \u00ed n\u00e6\u00f0ien veisla \u00ed h\u00fasi fullu af deilum. 2Hygginn \u00fer\u00e6ll mun drottna yfir spilltum syni og taka erf\u00f0ahlut me\u00f0 br\u00e6\u00f0runum. 3Deiglan er fyrir silfri\u00f0 og br\u00e6\u00f0sluofninn fyrir gulli\u00f0 en Drottinn pr\u00f3far hj\u00f6rtun. 4Illmenni\u00f0 lj\u00e6r illm\u00e6lginni eyra, lygarinn hl\u00fd\u00f0ir \u00e1 r\u00f3ginn. 5S\u00e1 sem h\u00e6\u00f0ir f\u00e1t\u00e6kling \u00f3vir\u00f0ir skapara hans, s\u00e1 sem hlakkar yfir \u00f3g\u00e6fu mun svara til saka. 6Barnab\u00f6rnin eru k\u00f3r\u00f3na \u00f6ldunganna og foreldrarnir eru s\u00e6md barnanna. [ 7Ekki h\u00e6fa heimskum manni st\u00f3ryr\u00f0i og lygin h\u00e6fir enn s\u00ed\u00f0ur g\u00f6fugum manni. 8M\u00fatan er sem t\u00f6fragripur \u00feeim er hana \u00feiggur, hvarvetna kemur hann s\u00ednu fram. 9S\u00e1 sem brei\u00f0ir yfir bresti <a href=\"https:\/\/biblian.is\/biblian\/ordskvidirnir-17-kafli\/\"> [&#8230;]<\/a><\/p>\n","protected":false},"author":1,"featured_media":0,"parent":0,"menu_order":0,"comment_status":"open","ping_status":"open","template":"bibliukaflar_okv.php","meta":{"footnotes":""},"class_list":["post-2262","page","type-page","status-publish","hentry"],"_links":{"self":[{"href":"https:\/\/biblian.is\/biblian\/wp-json\/wp\/v2\/pages\/2262","targetHints":{"allow":["GET"]}}],"collection":[{"href":"https:\/\/biblian.is\/biblian\/wp-json\/wp\/v2\/pages"}],"about":[{"href":"https:\/\/biblian.is\/biblian\/wp-json\/wp\/v2\/types\/page"}],"author":[{"embeddable":true,"href":"https:\/\/biblian.is\/biblian\/wp-json\/wp\/v2\/users\/1"}],"replies":[{"embeddable":true,"href":"https:\/\/biblian.is\/biblian\/wp-json\/wp\/v2\/comments?post=2262"}],"version-history":[{"count":0,"href":"https:\/\/biblian.is\/biblian\/wp-json\/wp\/v2\/pages\/2262\/revisions"}],"wp:attachment":[{"href":"https:\/\/biblian.is\/biblian\/wp-json\/wp\/v2\/media?parent=2262"}],"curies":[{"name":"wp","href":"https:\/\/api.w.org\/{rel}","templated":true}]}}