{"id":2260,"date":"2017-12-30T21:02:26","date_gmt":"2017-12-30T21:02:26","guid":{"rendered":"http:\/\/biblian.is\/biblian\/or_skvi_irnir-15-kafli\/"},"modified":"2021-02-15T19:13:39","modified_gmt":"2021-02-15T19:13:39","slug":"ordskvidirnir-15-kafli","status":"publish","type":"page","link":"https:\/\/biblian.is\/biblian\/ordskvidirnir-15-kafli\/","title":{"rendered":"Or\u00f0skvi\u00f0irnir 15. kafli"},"content":{"rendered":"<p><span class=\"ljodatexti\"> <a name=\"1\"><span class=\"versanumer_ljod\">1<\/span><\/a>Mildilegt svar st\u00f6\u00f0var br\u00e6\u00f0i <br \/>en f\u00fakyr\u00f0i vekja rei\u00f0i. <br \/> <\/span> <span class=\"ljodatexti\"> <a name=\"2\"><span class=\"versanumer_ljod\">2<\/span><\/a>Af tungu hinna vitru dr\u00fdpur \u00feekking, <br \/>af munni heimskingjanna streymir fl\u00f3nskan. <br \/> <\/span> <span class=\"ljodatexti\"> <a name=\"3\"><span class=\"versanumer_ljod\">3<\/span><\/a>Augu Drottins eru alls sta\u00f0ar <br \/>og vaka yfir vondum og g\u00f3\u00f0um. <br \/> <\/span> <span class=\"ljodatexti\"> <a name=\"4\"><span class=\"versanumer_ljod\">4<\/span><\/a>H\u00f3gv\u00e6r\u00f0 tungunnar er l\u00edfstr\u00e9 <br \/>en fals hennar veldur hugarkv\u00f6l. <br \/> <\/span> <span class=\"ljodatexti\"> <a name=\"5\"><span class=\"versanumer_ljod\">5<\/span><\/a>Afglapinn sm\u00e1ir lei\u00f0s\u00f6gn f\u00f6\u00f0ur s\u00edns <br \/>en s\u00e1 sem tekur umv\u00f6ndun ver\u00f0ur hygginn. <br \/> <\/span> <span class=\"ljodatexti\"> <a name=\"6\"><span class=\"versanumer_ljod\">6<\/span><\/a>\u00cd h\u00fasi hins r\u00e9ttl\u00e1ta er mikill au\u00f0ur <br \/>en \u00ed gr\u00f3\u00f0a hins rangl\u00e1ta er \u00f3rei\u00f0a. <br \/> <\/span> <span class=\"ljodatexti\"> <a name=\"7\"><span class=\"versanumer_ljod\">7<\/span><\/a>Varir hinna vitru dreifa \u00feekkingu <br \/>en hjarta heimskingjanna fer villt vegar. <br \/> <\/span> <span class=\"ljodatexti\"> <a name=\"8\"><span class=\"versanumer_ljod\">8<\/span><\/a>F\u00f3rn rangl\u00e1tra er Drottni andstygg\u00f0 <br \/>en b\u00e6n r\u00e9tts\u00fdnna er honum \u00fe\u00f3knanleg. <br \/> <\/span> <span class=\"ljodatexti\"> <a name=\"9\"><span class=\"versanumer_ljod\">9<\/span><\/a>Vegur hins rangl\u00e1ta er Drottni andstyggilegur <br \/>en \u00feann sem \u00e1stundar r\u00e9ttl\u00e6ti elskar hann. <br \/> <\/span> <span class=\"ljodatexti\"> <a name=\"10\"><span class=\"versanumer_ljod\">10<\/span><\/a>V\u00e6g\u00f0arlaus hirting b\u00ed\u00f0ur \u00feess sem hverfur af r\u00e9ttri lei\u00f0,<br \/>s\u00e1 sem hatar umv\u00f6ndun hl\u00fdtur a\u00f0 deyja. <br \/> <\/span> <span class=\"ljodatexti\"> <a name=\"11\"><span class=\"versanumer_ljod\">11<\/span><\/a>D\u00e1narheimur og undirdj\u00fapin eru Drottni au\u00f0s\u00e6, <br \/>hve miklu fremur hj\u00f6rtu mannanna. <br \/> <\/span> <span class=\"ljodatexti\"> <a name=\"12\"><span class=\"versanumer_ljod\">12<\/span><\/a>Spottaranum hugnast ekki fort\u00f6lur, <br \/>til viturra manna leitar hann ekki. <br \/> <\/span> <span class=\"ljodatexti\"> <a name=\"13\"><span class=\"versanumer_ljod\">13<\/span><\/a>Glatt hjarta gerir andliti\u00f0 h\u00fdrlegt <br \/>en s\u00e9 hrygg\u00f0 \u00ed hjarta er hugurinn dapur. <br \/> <\/span> <span class=\"ljodatexti\"> <a name=\"14\"><span class=\"versanumer_ljod\">14<\/span><\/a>Hjarta hins vitra leitar a\u00f0 \u00feekkingu <br \/>en heimskinginn g\u00e6\u00f0ir s\u00e9r \u00e1 f\u00edflsku. <br \/> <\/span> <span class=\"ljodatexti\"> <a name=\"15\"><span class=\"versanumer_ljod\">15<\/span><\/a>F\u00e1t\u00e6klingurinn l\u00edtur aldrei gla\u00f0an dag <br \/>en s\u00e1 sem vel liggur \u00e1 er s\u00edfellt \u00ed veislu. <br \/> <\/span> <span class=\"ljodatexti\"> <a name=\"16\"><span class=\"versanumer_ljod\">16<\/span><\/a>Betra er a\u00f0 eiga l\u00edti\u00f0 og \u00f3ttast Drottin <br \/>en mikinn fj\u00e1rsj\u00f3\u00f0 me\u00f0 \u00e1hyggjum. <br \/> <\/span> <span class=\"ljodatexti\"> <a name=\"17\"><span class=\"versanumer_ljod\">17<\/span><\/a>Betri er einn skammtur k\u00e1lmetis me\u00f0 k\u00e6rleika <br \/>en alinaut me\u00f0 hatri. <br \/> <\/span> <span class=\"ljodatexti\"> <a name=\"18\"><span class=\"versanumer_ljod\">18<\/span><\/a>Br\u00e1\u00f0lyndur ma\u00f0ur vekur deilur <br \/>en s\u00e1 sem seinn er til rei\u00f0i stillir \u00fer\u00e6tur. <br \/> <\/span> <span class=\"ljodatexti\"> <a name=\"19\"><span class=\"versanumer_ljod\">19<\/span><\/a>Vegur letingjans er eins og \u00feyrniger\u00f0i <br \/>en gata tr\u00famennskunnar sem rudd braut. <br \/> <\/span> <span class=\"ljodatexti\"> <a name=\"20\"><span class=\"versanumer_ljod\">20<\/span><\/a>Vitur sonur gle\u00f0ur f\u00f6\u00f0ur sinn <br \/>en heimskinginn fyrirl\u00edtur m\u00f3\u00f0ur s\u00edna. <br \/> <\/span> <span class=\"ljodatexti\"> <a name=\"21\"><span class=\"versanumer_ljod\">21<\/span><\/a>Heimskingjanum er f\u00edflskan gle\u00f0i <br \/>en skynsamur ma\u00f0ur gengur beinar brautir. <br \/> <\/span> <span class=\"ljodatexti\"> <a name=\"22\"><span class=\"versanumer_ljod\">22<\/span><\/a> \u00c1form ver\u00f0a a\u00f0 engu \u00fear sem engin er r\u00e1\u00f0ager\u00f0in <br \/>en ef margir leggja \u00e1 r\u00e1\u00f0in r\u00e6tast \u00feau. <br \/> <\/span> <span class=\"ljodatexti\"> <a name=\"23\"><span class=\"versanumer_ljod\">23<\/span><\/a> S\u00e1 fagnar sem svara kann <br \/>og fagurt er or\u00f0 \u00ed t\u00edma tala\u00f0. <br \/> <\/span> <span class=\"ljodatexti\"> <a name=\"24\"><span class=\"versanumer_ljod\">24<\/span><\/a> Lei\u00f0 l\u00edfsins liggur upp \u00e1 vi\u00f0 fyrir hinn hyggna <br \/>til \u00feess a\u00f0 hann lendi ekki ni\u00f0ri \u00ed helju. <br \/> <\/span> <span class=\"ljodatexti\"> <a name=\"25\"><span class=\"versanumer_ljod\">25<\/span><\/a> Drottinn r\u00edfur ni\u00f0ur h\u00fas hrokagikksins <br \/>en setur f\u00f6st landamerki ekkjunnar. <br \/> <\/span> <span class=\"ljodatexti\"> <a name=\"26\"><span class=\"versanumer_ljod\">26<\/span><\/a> Ill \u00e1form eru Drottni andstygg\u00f0 <br \/>en hrein eru vingjarnleg or\u00f0. <br \/> <\/span> <span class=\"ljodatexti\"> <a name=\"27\"><span class=\"versanumer_ljod\">27<\/span><\/a> S\u00e1 spillir heimilish\u00f6gum s\u00ednum sem girnist rangfenginn gr\u00f3\u00f0a <br \/>en s\u00e1 lifir lengi sem hatar m\u00fatugjafir. <br \/> <\/span> <span class=\"ljodatexti\"> <a name=\"28\"><span class=\"versanumer_ljod\">28<\/span><\/a> Hjarta hins r\u00e9ttl\u00e1ta \u00edhugar hverju svara skuli <br \/>en munnur rangl\u00e1tra eys \u00far s\u00e9r illsku. <br \/> <\/span> <span class=\"ljodatexti\"> <a name=\"29\"><span class=\"versanumer_ljod\">29<\/span><\/a> Drottinn er fjarl\u00e6gur rangl\u00e1tum <br \/>en b\u00e6n r\u00e9ttl\u00e1tra heyrir hann. <br \/> <\/span> <span class=\"ljodatexti\"> <a name=\"30\"><span class=\"versanumer_ljod\">30<\/span><\/a> Vingjarnlegt augnar\u00e1\u00f0 gle\u00f0ur hjarta\u00f0, <br \/>g\u00f3\u00f0 fr\u00e9tt eykur holdi \u00e1 bein. <br \/> <\/span> <span class=\"ljodatexti\"> <a name=\"31\"><span class=\"versanumer_ljod\">31<\/span><\/a> S\u00e1 sem hl\u00fd\u00f0ir \u00e1 holla umv\u00f6ndun <br \/>mun b\u00faa me\u00f0al hinna vitru. <br \/> <\/span> <span class=\"ljodatexti\"> <a name=\"32\"><span class=\"versanumer_ljod\">32<\/span><\/a> S\u00e1 sem hafnar lei\u00f0s\u00f6gn l\u00edtilsvir\u00f0ir sj\u00e1lfan sig <br \/>en s\u00e1 sem hl\u00fd\u00f0ir \u00e1 umv\u00f6ndun eykur skynsemi s\u00edna. <br \/> <\/span> <span class=\"ljodatexti\"> <a name=\"33\"><span class=\"versanumer_ljod\">33<\/span><\/a> A\u00f0 \u00f3ttast Drottin er lei\u00f0s\u00f6gn til visku, <br \/>h\u00f3gv\u00e6r\u00f0 er undanfari s\u00e6mdar. <\/span> <\/p>\n","protected":false},"excerpt":{"rendered":"<p>1Mildilegt svar st\u00f6\u00f0var br\u00e6\u00f0i en f\u00fakyr\u00f0i vekja rei\u00f0i. 2Af tungu hinna vitru dr\u00fdpur \u00feekking, af munni heimskingjanna streymir fl\u00f3nskan. 3Augu Drottins eru alls sta\u00f0ar og vaka yfir vondum og g\u00f3\u00f0um. 4H\u00f3gv\u00e6r\u00f0 tungunnar er l\u00edfstr\u00e9 en fals hennar veldur hugarkv\u00f6l. 5Afglapinn sm\u00e1ir lei\u00f0s\u00f6gn f\u00f6\u00f0ur s\u00edns en s\u00e1 sem tekur umv\u00f6ndun ver\u00f0ur hygginn. 6\u00cd h\u00fasi hins r\u00e9ttl\u00e1ta er mikill au\u00f0ur en \u00ed gr\u00f3\u00f0a hins rangl\u00e1ta er \u00f3rei\u00f0a. 7Varir hinna vitru dreifa \u00feekkingu en hjarta heimskingjanna fer villt vegar. 8F\u00f3rn rangl\u00e1tra er Drottni andstygg\u00f0 en b\u00e6n r\u00e9tts\u00fdnna er honum \u00fe\u00f3knanleg. 9Vegur hins rangl\u00e1ta er Drottni andstyggilegur en \u00feann sem \u00e1stundar r\u00e9ttl\u00e6ti elskar hann. <a href=\"https:\/\/biblian.is\/biblian\/ordskvidirnir-15-kafli\/\"> [&#8230;]<\/a><\/p>\n","protected":false},"author":1,"featured_media":0,"parent":0,"menu_order":0,"comment_status":"open","ping_status":"open","template":"bibliukaflar_okv.php","meta":{"footnotes":""},"class_list":["post-2260","page","type-page","status-publish","hentry"],"_links":{"self":[{"href":"https:\/\/biblian.is\/biblian\/wp-json\/wp\/v2\/pages\/2260","targetHints":{"allow":["GET"]}}],"collection":[{"href":"https:\/\/biblian.is\/biblian\/wp-json\/wp\/v2\/pages"}],"about":[{"href":"https:\/\/biblian.is\/biblian\/wp-json\/wp\/v2\/types\/page"}],"author":[{"embeddable":true,"href":"https:\/\/biblian.is\/biblian\/wp-json\/wp\/v2\/users\/1"}],"replies":[{"embeddable":true,"href":"https:\/\/biblian.is\/biblian\/wp-json\/wp\/v2\/comments?post=2260"}],"version-history":[{"count":0,"href":"https:\/\/biblian.is\/biblian\/wp-json\/wp\/v2\/pages\/2260\/revisions"}],"wp:attachment":[{"href":"https:\/\/biblian.is\/biblian\/wp-json\/wp\/v2\/media?parent=2260"}],"curies":[{"name":"wp","href":"https:\/\/api.w.org\/{rel}","templated":true}]}}