{"id":2259,"date":"2017-12-30T21:02:26","date_gmt":"2017-12-30T21:02:26","guid":{"rendered":"http:\/\/biblian.is\/biblian\/or_skvi_irnir-14-kafli\/"},"modified":"2021-02-15T19:13:39","modified_gmt":"2021-02-15T19:13:39","slug":"ordskvidirnir-14-kafli","status":"publish","type":"page","link":"https:\/\/biblian.is\/biblian\/ordskvidirnir-14-kafli\/","title":{"rendered":"Or\u00f0skvi\u00f0irnir 14. kafli"},"content":{"rendered":"<p><span class=\"ljodatexti\"> <a name=\"1\"><span class=\"versanumer_ljod\">1<\/span><\/a>Viska kvennanna reisir h\u00fasi\u00f0 <br \/>en f\u00edflska \u00feeirra r\u00edfur \u00fea\u00f0 ni\u00f0ur me\u00f0 berum h\u00f6ndum. <br \/> <\/span> <span class=\"ljodatexti\"> <a name=\"2\"><span class=\"versanumer_ljod\">2<\/span><\/a>S\u00e1 sem breytir r\u00e9tt \u00f3ttast Drottin <br \/>en s\u00e1 sem fyrirl\u00edtur hann fer villur vegar. <br \/> <\/span> <span class=\"ljodatexti\"> <a name=\"3\"><span class=\"versanumer_ljod\">3<\/span><\/a>\u00cd munni heimskingjans b\u00fdr v\u00f6ndur gegn hroka hans <br \/>en varir hinna vitru var\u00f0veita \u00fe\u00e1. <br \/> <\/span> <span class=\"ljodatexti\"> <a name=\"4\"><span class=\"versanumer_ljod\">4<\/span><\/a>\u00dear sem engin naut eru, er jatan t\u00f3m <br \/>en af krafti uxans f\u00e6st mikill \u00e1g\u00f3\u00f0i. <br \/> <\/span> <span class=\"ljodatexti\"> <a name=\"5\"><span class=\"versanumer_ljod\">5<\/span><\/a>Sannor\u00f0ur vottur l\u00fdgur ekki <br \/>en falsvottur fer me\u00f0 lygar. <br \/> <\/span> <span class=\"ljodatexti\"> <a name=\"6\"><span class=\"versanumer_ljod\">6<\/span><\/a>Spottarinn leitar visku en finnur ekki <br \/>en hyggnum manni er h\u00fan au\u00f0fengin. <br \/> <\/span> <span class=\"ljodatexti\"> <a name=\"7\"><span class=\"versanumer_ljod\">7<\/span><\/a>Haltu \u00feig fjarri heimskum manni, <br \/>engin viskuor\u00f0 hl\u00fdtur \u00fe\u00fa af honum. <br \/> <\/span> <span class=\"ljodatexti\"> <a name=\"8\"><span class=\"versanumer_ljod\">8<\/span><\/a>Viska hins hyggna er a\u00f0 \u00feekkja r\u00e9ttan veg <br \/>en f\u00edflska heimskingjanna er blekking. <br \/> <\/span> <span class=\"ljodatexti\"> <a name=\"9\"><span class=\"versanumer_ljod\">9<\/span><\/a>Heimskingja m\u00e1 s\u00e6tta me\u00f0 me\u00f0alg\u00f6ngu <br \/>en hreinskilnum n\u00e6gir g\u00f3\u00f0vild. <br \/> <\/span> <span class=\"ljodatexti\"> <a name=\"10\"><span class=\"versanumer_ljod\">10<\/span><\/a>Hjarta\u00f0 eitt \u00feekkir kv\u00f6l s\u00edna <br \/>og \u00ed gle\u00f0i \u00feess getur enginn annar blanda\u00f0 s\u00e9r. <br \/> <\/span> <span class=\"ljodatexti\"> <a name=\"11\"><span class=\"versanumer_ljod\">11<\/span><\/a>H\u00fas rangl\u00e1tra ey\u00f0ast <br \/>en tjald hreinskilinna bl\u00f3mgast. <br \/> <\/span> <span class=\"ljodatexti\"> <a name=\"12\"><span class=\"versanumer_ljod\">12<\/span><\/a>Margur vegurinn vir\u00f0ist grei\u00f0f\u00e6r <br \/>en endar \u00fe\u00f3 \u00ed helju. <br \/> <\/span> <span class=\"ljodatexti\"> <a name=\"13\"><span class=\"versanumer_ljod\">13<\/span><\/a>\u00de\u00f3tt hlegi\u00f0 s\u00e9 kennir hjarta\u00f0 til, <br \/>gle\u00f0i kann a\u00f0 enda \u00ed trega. <br \/> <\/span> <span class=\"ljodatexti\"> <a name=\"14\"><span class=\"versanumer_ljod\">14<\/span><\/a>Rangsn\u00fai\u00f0 hjarta hl\u00fdtur s\u00edn m\u00e1lagj\u00f6ld, <br \/>svo og g\u00f3\u00f0ur ma\u00f0ur af verkum s\u00ednum. <br \/> <\/span> <span class=\"ljodatexti\"> <a name=\"15\"><span class=\"versanumer_ljod\">15<\/span><\/a>Einfaldur ma\u00f0ur tr\u00fair \u00f6llu <br \/>en hygginn ma\u00f0ur kann f\u00f3tum s\u00ednum forr\u00e1\u00f0.<br \/> <\/span> <span class=\"ljodatexti\"> <a name=\"16\"><span class=\"versanumer_ljod\">16<\/span><\/a>Vitur ma\u00f0ur \u00f3ttast hi\u00f0 illa og for\u00f0ast \u00fea\u00f0 <br \/>en heimskinginn anar ugglaus \u00e1fram. <br \/> <\/span> <span class=\"ljodatexti\"> <a name=\"17\"><span class=\"versanumer_ljod\">17<\/span><\/a>Uppst\u00f6kkan mann henda gl\u00f6p <br \/>en hinn meinf\u00fdsni ver\u00f0ur hata\u00f0ur. <br \/> <\/span> <span class=\"ljodatexti\"> <a name=\"18\"><span class=\"versanumer_ljod\">18<\/span><\/a>Einfeldningarnir erfa f\u00edflsku <br \/>en vitrir menn kr\u00fdnast \u00feekkingu. <br \/> <\/span> <span class=\"ljodatexti\"> <a name=\"19\"><span class=\"versanumer_ljod\">19<\/span><\/a>Hinir vondu ver\u00f0a a\u00f0 l\u00fata hinum g\u00f3\u00f0u <br \/>og hinir rangl\u00e1tu a\u00f0 standa fyrir dyrum r\u00e9ttl\u00e1tra.<br \/> <\/span> <span class=\"ljodatexti\"> <a name=\"20\"><span class=\"versanumer_ljod\">20<\/span><\/a>F\u00e1t\u00e6klingurinn ver\u00f0ur jafnvel hvimlei\u00f0ur jafningja s\u00ednum <br \/>en au\u00f0ma\u00f0urinn eignast fj\u00f6lda vina. <br \/> <\/span> <span class=\"ljodatexti\"> <a name=\"21\"><span class=\"versanumer_ljod\">21<\/span><\/a>S\u00e1 sem fyrirl\u00edtur vin sinn dr\u00fdgir synd <br \/>en l\u00e1nsamur er s\u00e1 sem s\u00fdnir nau\u00f0st\u00f6ddum miskunn. <br \/> <\/span> <span class=\"ljodatexti\"> <a name=\"22\"><span class=\"versanumer_ljod\">22<\/span><\/a> Vissulega villast \u00feeir sem \u00e1forma illt <br \/>en hinir g\u00f3\u00f0vilju\u00f0u \u00e1vinna s\u00e9r trausta vin\u00e1ttu. <br \/> <\/span> <span class=\"ljodatexti\"> <a name=\"23\"><span class=\"versanumer_ljod\">23<\/span><\/a> Allt erfi\u00f0i f\u00e6rir \u00e1g\u00f3\u00f0a <br \/>en f\u00e1n\u00fdtt hjal lei\u00f0ir til skorts. <br \/> <\/span> <span class=\"ljodatexti\"> <a name=\"24\"><span class=\"versanumer_ljod\">24<\/span><\/a> Pr\u00fd\u00f0i hinna vitru er au\u00f0ur \u00feeirra <br \/>en f\u00edflska heimskingjanna er og ver\u00f0ur f\u00edflska. <br \/> <\/span> <span class=\"ljodatexti\"> <a name=\"25\"><span class=\"versanumer_ljod\">25<\/span><\/a> Sannor\u00f0ur vottur bjargar l\u00edfi <br \/>en s\u00e1 sem fer me\u00f0 lygar er svikari. <br \/> <\/span> <span class=\"ljodatexti\"> <a name=\"26\"><span class=\"versanumer_ljod\">26<\/span><\/a> A\u00f0 \u00f3ttast Drottin veitir manni \u00f6ryggi, <br \/>b\u00f6rn hans munu eiga s\u00e9r athvarf.<br \/> <\/span> <span class=\"ljodatexti\"> <a name=\"27\"><span class=\"versanumer_ljod\">27<\/span><\/a> A\u00f0 \u00f3ttast Drottin er l\u00edfslind <br \/>og for\u00f0ar fr\u00e1 sn\u00f6rum dau\u00f0ans. <br \/> <\/span> <span class=\"ljodatexti\"> <a name=\"28\"><span class=\"versanumer_ljod\">28<\/span><\/a> Mannfj\u00f6ldi er konungspr\u00fd\u00f0i <br \/>en mannf\u00e6\u00f0 steypir h\u00f6f\u00f0ingjum. <br \/> <\/span> <span class=\"ljodatexti\"> <a name=\"29\"><span class=\"versanumer_ljod\">29<\/span><\/a> S\u00e1 sem er seinn til rei\u00f0i er skynsamur <br \/>en hinn br\u00e1\u00f0l\u00e1ti setur heimskuna \u00ed h\u00e1s\u00e6ti. <br \/> <\/span> <span class=\"ljodatexti\"> <a name=\"30\"><span class=\"versanumer_ljod\">30<\/span><\/a> Hugarr\u00f3 er l\u00edkamanum l\u00edf <br \/>en \u00f6fund er eitur \u00ed beinum hans. <br \/> <\/span> <span class=\"ljodatexti\"> <a name=\"31\"><span class=\"versanumer_ljod\">31<\/span><\/a> S\u00e1 sem k\u00fagar snau\u00f0an mann \u00f3vir\u00f0ir skapara hans <br \/>en s\u00e1 sem miskunnar snau\u00f0um hei\u00f0rar hann.<br \/> <\/span> <span class=\"ljodatexti\"> <a name=\"32\"><span class=\"versanumer_ljod\">32<\/span><\/a> Hinn rangl\u00e1ti fellur \u00e1 illsku sinni <br \/>en hinum r\u00e9ttl\u00e1ta er r\u00e1\u00f0vendnin athvarf. <br \/> <\/span> <span class=\"ljodatexti\"> <a name=\"33\"><span class=\"versanumer_ljod\">33<\/span><\/a> \u00cd hjarta hyggins manns hefur viskan h\u00e6gt um sig, <br \/>\u00e1 me\u00f0al heimskingja l\u00e6tur h\u00fan miki\u00f0 yfir s\u00e9r. <br \/> <\/span> <span class=\"ljodatexti\"> <a name=\"34\"><span class=\"versanumer_ljod\">34<\/span><\/a> R\u00e9ttl\u00e6ti er s\u00e6md \u00fej\u00f3\u00f0ar <br \/>en syndin er sm\u00e1n \u00fej\u00f3\u00f0anna. <br \/> <\/span> <span class=\"ljodatexti\"> <a name=\"35\"><span class=\"versanumer_ljod\">35<\/span><\/a> H\u00e6fur \u00fej\u00f3nn hl\u00fdtur hylli konungsins <br \/>en duglaus \u00fej\u00f3nn uppsker br\u00e6\u00f0i hans. <\/span> <\/p>\n","protected":false},"excerpt":{"rendered":"<p>1Viska kvennanna reisir h\u00fasi\u00f0 en f\u00edflska \u00feeirra r\u00edfur \u00fea\u00f0 ni\u00f0ur me\u00f0 berum h\u00f6ndum. 2S\u00e1 sem breytir r\u00e9tt \u00f3ttast Drottin en s\u00e1 sem fyrirl\u00edtur hann fer villur vegar. 3\u00cd munni heimskingjans b\u00fdr v\u00f6ndur gegn hroka hans en varir hinna vitru var\u00f0veita \u00fe\u00e1. 4\u00dear sem engin naut eru, er jatan t\u00f3m en af krafti uxans f\u00e6st mikill \u00e1g\u00f3\u00f0i. 5Sannor\u00f0ur vottur l\u00fdgur ekki en falsvottur fer me\u00f0 lygar. 6Spottarinn leitar visku en finnur ekki en hyggnum manni er h\u00fan au\u00f0fengin. 7Haltu \u00feig fjarri heimskum manni, engin viskuor\u00f0 hl\u00fdtur \u00fe\u00fa af honum. 8Viska hins hyggna er a\u00f0 \u00feekkja r\u00e9ttan veg en f\u00edflska heimskingjanna er <a href=\"https:\/\/biblian.is\/biblian\/ordskvidirnir-14-kafli\/\"> [&#8230;]<\/a><\/p>\n","protected":false},"author":1,"featured_media":0,"parent":0,"menu_order":0,"comment_status":"open","ping_status":"open","template":"bibliukaflar_okv.php","meta":{"footnotes":""},"class_list":["post-2259","page","type-page","status-publish","hentry"],"_links":{"self":[{"href":"https:\/\/biblian.is\/biblian\/wp-json\/wp\/v2\/pages\/2259","targetHints":{"allow":["GET"]}}],"collection":[{"href":"https:\/\/biblian.is\/biblian\/wp-json\/wp\/v2\/pages"}],"about":[{"href":"https:\/\/biblian.is\/biblian\/wp-json\/wp\/v2\/types\/page"}],"author":[{"embeddable":true,"href":"https:\/\/biblian.is\/biblian\/wp-json\/wp\/v2\/users\/1"}],"replies":[{"embeddable":true,"href":"https:\/\/biblian.is\/biblian\/wp-json\/wp\/v2\/comments?post=2259"}],"version-history":[{"count":0,"href":"https:\/\/biblian.is\/biblian\/wp-json\/wp\/v2\/pages\/2259\/revisions"}],"wp:attachment":[{"href":"https:\/\/biblian.is\/biblian\/wp-json\/wp\/v2\/media?parent=2259"}],"curies":[{"name":"wp","href":"https:\/\/api.w.org\/{rel}","templated":true}]}}