{"id":2258,"date":"2017-12-30T21:02:26","date_gmt":"2017-12-30T21:02:26","guid":{"rendered":"http:\/\/biblian.is\/biblian\/or_skvi_irnir-13-kafli\/"},"modified":"2021-02-15T19:13:38","modified_gmt":"2021-02-15T19:13:38","slug":"ordskvidirnir-13-kafli","status":"publish","type":"page","link":"https:\/\/biblian.is\/biblian\/ordskvidirnir-13-kafli\/","title":{"rendered":"Or\u00f0skvi\u00f0irnir 13. kafli"},"content":{"rendered":"<p><span class=\"ljodatexti\"> <a name=\"1\"><span class=\"versanumer_ljod\">1<\/span><\/a>Vitur sonur hl\u00fd\u00f0ir fyrirm\u00e6lum f\u00f6\u00f0ur s\u00edns <br \/>en hinn \u00feverm\u00f3\u00f0skufulli sinnir engri umv\u00f6ndun. <br \/> <\/span> <span class=\"ljodatexti\"> <a name=\"2\"><span class=\"versanumer_ljod\">2<\/span><\/a>G\u00f3\u00f0s m\u00e1 nj\u00f3ta af \u00e1vexti munnsins <br \/>en svikarana \u00feyrstir \u00ed ofbeldi. <br \/> <\/span> <span class=\"ljodatexti\"> <a name=\"3\"><span class=\"versanumer_ljod\">3<\/span><\/a>S\u00e1 sem g\u00e6tir munns s\u00edns var\u00f0veitir l\u00edf sitt <br \/>en gl\u00f6tun b\u00ed\u00f0ur hins lausm\u00e1la. <br \/> <\/span> <span class=\"ljodatexti\"> <a name=\"4\"><span class=\"versanumer_ljod\">4<\/span><\/a>S\u00e1l letingjans girnist og f\u00e6r ekki <br \/>en s\u00e1l hins eljusama mettast r\u00edkulega. <br \/> <\/span> <span class=\"ljodatexti\"> <a name=\"5\"><span class=\"versanumer_ljod\">5<\/span><\/a>R\u00e9ttl\u00e1tur ma\u00f0ur hatast vi\u00f0 lygi <br \/>en hinn rangl\u00e1ti fremur sm\u00e1n og sv\u00edvir\u00f0u. <br \/> <\/span> <span class=\"ljodatexti\"> <a name=\"6\"><span class=\"versanumer_ljod\">6<\/span><\/a>R\u00e9ttl\u00e6ti\u00f0 verndar hinn grandvara <br \/>en rangl\u00e6ti\u00f0 ver\u00f0ur syndaranum a\u00f0 falli. <br \/> <\/span> <span class=\"ljodatexti\"> <a name=\"7\"><span class=\"versanumer_ljod\">7<\/span><\/a>Einn \u00feykist r\u00edkur en \u00e1 \u00fe\u00f3 ekkert, <br \/>annar l\u00e6st f\u00e1t\u00e6kur \u00fe\u00f3tt au\u00f0ugur s\u00e9. <br \/> <\/span> <span class=\"ljodatexti\"> <a name=\"8\"><span class=\"versanumer_ljod\">8<\/span><\/a>Au\u00f0\u00e6fi manns eru l\u00edfi hans lausnargjald <br \/>en enginn h\u00f3tar hinum f\u00e1t\u00e6ka. <br \/> <\/span> <span class=\"ljodatexti\"> <a name=\"9\"><span class=\"versanumer_ljod\">9<\/span><\/a>Lj\u00f3s r\u00e9ttl\u00e1tra logar sk\u00e6rt <br \/>en \u00e1 lampa rangl\u00e1tra slokknar. <br \/> <\/span> <span class=\"ljodatexti\"> <a name=\"10\"><span class=\"versanumer_ljod\">10<\/span><\/a>Af hroka kvikna deilur <br \/>en hj\u00e1 r\u00e1\u00f0\u00fe\u00e6gnum m\u00f6nnum er viska. <br \/> <\/span> <span class=\"ljodatexti\"> <a name=\"11\"><span class=\"versanumer_ljod\">11<\/span><\/a>Skj\u00f3tfenginn au\u00f0ur hja\u00f0nar <br \/>en \u00feeim sem safnar sm\u00e1tt og sm\u00e1tt vex au\u00f0ur.<br \/> <\/span> <span class=\"ljodatexti\"> <a name=\"12\"><span class=\"versanumer_ljod\">12<\/span><\/a>L\u00f6ng eftirv\u00e6nting gerir hjarta\u00f0 sj\u00fakt <br \/>en uppfyllt \u00f3sk er l\u00edfstr\u00e9. <br \/> <\/span> <span class=\"ljodatexti\"> <a name=\"13\"><span class=\"versanumer_ljod\">13<\/span><\/a>S\u00e1 sem fyrirl\u00edtur hollr\u00e1\u00f0 b\u00fdr s\u00e9r gl\u00f6tun <br \/>en s\u00e1 sem hl\u00edtir lei\u00f0s\u00f6gn hl\u00fdtur umbun. <br \/> <\/span> <span class=\"ljodatexti\"> <a name=\"14\"><span class=\"versanumer_ljod\">14<\/span><\/a>Kennsla hins vitra er l\u00edfslind <br \/>og for\u00f0ar fr\u00e1 sn\u00f6rum dau\u00f0ans. <br \/> <\/span> <span class=\"ljodatexti\"> <a name=\"15\"><span class=\"versanumer_ljod\">15<\/span><\/a>G\u00f3\u00f0ir vitsmunir veita hylli <br \/>en vegur svikaranna lei\u00f0ir \u00ed gl\u00f6tun. <br \/> <\/span> <span class=\"ljodatexti\"> <a name=\"16\"><span class=\"versanumer_ljod\">16<\/span><\/a>Vitur ma\u00f0ur fer a\u00f0 \u00f6llu me\u00f0 hyggindum <br \/>en fl\u00f3ni\u00f0 dreifir um sig heimsku. <br \/> <\/span> <span class=\"ljodatexti\"> <a name=\"17\"><span class=\"versanumer_ljod\">17<\/span><\/a>\u00d3tr\u00far sendibo\u00f0i f\u00e6rir \u00f3g\u00e6fu <br \/>en tr\u00far sendima\u00f0ur l\u00e6kningu. <br \/> <\/span> <span class=\"ljodatexti\"> <a name=\"18\"><span class=\"versanumer_ljod\">18<\/span><\/a>F\u00e1t\u00e6kt og sm\u00e1n hl\u00fdtur s\u00e1 sem ekki skeytir um \u00e1minningar <br \/>en s\u00e1 sem tekur umv\u00f6ndun hl\u00fdtur s\u00e6md. <br \/> <\/span> <span class=\"ljodatexti\"> <a name=\"19\"><span class=\"versanumer_ljod\">19<\/span><\/a>Uppfyllt \u00f3sk er s\u00e1linni s\u00e6t <br \/>en a\u00f0 for\u00f0ast illt er heimskingjunum andstygg\u00f0. <br \/> <\/span> <span class=\"ljodatexti\"> <a name=\"20\"><span class=\"versanumer_ljod\">20<\/span><\/a>Eig\u00f0u samneyti vi\u00f0 vitra menn, \u00fe\u00e1 ver\u00f0ur \u00fe\u00fa vitur, <br \/>en illa fer \u00feeim sem leggur lag sitt vi\u00f0 heimskingja. <br \/> <\/span> <span class=\"ljodatexti\"> <a name=\"21\"><span class=\"versanumer_ljod\">21<\/span><\/a>\u00d3hamingjan eltir syndarana <br \/>en g\u00e6fan hlotnast hinum r\u00e9ttl\u00e1tu. <br \/> <\/span> <span class=\"ljodatexti\"> <a name=\"22\"><span class=\"versanumer_ljod\">22<\/span><\/a> G\u00f3\u00f0ur ma\u00f0ur l\u00e6tur eftir sig arf handa b\u00f6rnum og barnab\u00f6rnum <br \/>en eigur syndarans koma \u00ed hlut hins r\u00e9ttl\u00e1ta. <br \/> <\/span> <span class=\"ljodatexti\"> <a name=\"23\"><span class=\"versanumer_ljod\">23<\/span><\/a> N\u00fdr\u00e6kt f\u00e1t\u00e6klinga gefur \u00e6rna f\u00e6\u00f0u <br \/>en \u00f3h\u00f3f sviptir marga efnum. <br \/> <\/span> <span class=\"ljodatexti\"> <a name=\"24\"><span class=\"versanumer_ljod\">24<\/span><\/a> S\u00e1 sem sparar v\u00f6ndinn hatar son sinn <br \/>en s\u00e1 sem elskar hann agar hann snemma. <br \/> <\/span> <span class=\"ljodatexti\"> <a name=\"25\"><span class=\"versanumer_ljod\">25<\/span><\/a> Hinn r\u00e9ttl\u00e1ti f\u00e6r n\u00e6gju s\u00edna <br \/>en kvi\u00f0ur rangl\u00e1tra er galt\u00f3mur. <\/span> <\/p>\n","protected":false},"excerpt":{"rendered":"<p>1Vitur sonur hl\u00fd\u00f0ir fyrirm\u00e6lum f\u00f6\u00f0ur s\u00edns en hinn \u00feverm\u00f3\u00f0skufulli sinnir engri umv\u00f6ndun. 2G\u00f3\u00f0s m\u00e1 nj\u00f3ta af \u00e1vexti munnsins en svikarana \u00feyrstir \u00ed ofbeldi. 3S\u00e1 sem g\u00e6tir munns s\u00edns var\u00f0veitir l\u00edf sitt en gl\u00f6tun b\u00ed\u00f0ur hins lausm\u00e1la. 4S\u00e1l letingjans girnist og f\u00e6r ekki en s\u00e1l hins eljusama mettast r\u00edkulega. 5R\u00e9ttl\u00e1tur ma\u00f0ur hatast vi\u00f0 lygi en hinn rangl\u00e1ti fremur sm\u00e1n og sv\u00edvir\u00f0u. 6R\u00e9ttl\u00e6ti\u00f0 verndar hinn grandvara en rangl\u00e6ti\u00f0 ver\u00f0ur syndaranum a\u00f0 falli. 7Einn \u00feykist r\u00edkur en \u00e1 \u00fe\u00f3 ekkert, annar l\u00e6st f\u00e1t\u00e6kur \u00fe\u00f3tt au\u00f0ugur s\u00e9. 8Au\u00f0\u00e6fi manns eru l\u00edfi hans lausnargjald en enginn h\u00f3tar hinum f\u00e1t\u00e6ka. 9Lj\u00f3s r\u00e9ttl\u00e1tra logar sk\u00e6rt en \u00e1 <a href=\"https:\/\/biblian.is\/biblian\/ordskvidirnir-13-kafli\/\"> [&#8230;]<\/a><\/p>\n","protected":false},"author":1,"featured_media":0,"parent":0,"menu_order":0,"comment_status":"open","ping_status":"open","template":"bibliukaflar_okv.php","meta":{"footnotes":""},"class_list":["post-2258","page","type-page","status-publish","hentry"],"_links":{"self":[{"href":"https:\/\/biblian.is\/biblian\/wp-json\/wp\/v2\/pages\/2258","targetHints":{"allow":["GET"]}}],"collection":[{"href":"https:\/\/biblian.is\/biblian\/wp-json\/wp\/v2\/pages"}],"about":[{"href":"https:\/\/biblian.is\/biblian\/wp-json\/wp\/v2\/types\/page"}],"author":[{"embeddable":true,"href":"https:\/\/biblian.is\/biblian\/wp-json\/wp\/v2\/users\/1"}],"replies":[{"embeddable":true,"href":"https:\/\/biblian.is\/biblian\/wp-json\/wp\/v2\/comments?post=2258"}],"version-history":[{"count":0,"href":"https:\/\/biblian.is\/biblian\/wp-json\/wp\/v2\/pages\/2258\/revisions"}],"wp:attachment":[{"href":"https:\/\/biblian.is\/biblian\/wp-json\/wp\/v2\/media?parent=2258"}],"curies":[{"name":"wp","href":"https:\/\/api.w.org\/{rel}","templated":true}]}}