{"id":2257,"date":"2017-12-30T21:02:21","date_gmt":"2017-12-30T21:02:21","guid":{"rendered":"http:\/\/biblian.is\/biblian\/or_skvi_irnir-12-kafli\/"},"modified":"2021-02-15T19:13:38","modified_gmt":"2021-02-15T19:13:38","slug":"ordskvidirnir-12-kafli","status":"publish","type":"page","link":"https:\/\/biblian.is\/biblian\/ordskvidirnir-12-kafli\/","title":{"rendered":"Or\u00f0skvi\u00f0irnir 12. kafli"},"content":{"rendered":"<p><span class=\"ljodatexti\"> <a name=\"1\"><span class=\"versanumer_ljod\">1<\/span><\/a>S\u00e1 sem elskar aga elskar \u00feekkingu <br \/>en s\u00e1 sem hatar umv\u00f6ndun er heimskur. <br \/> <\/span> <span class=\"ljodatexti\"> <a name=\"2\"><span class=\"versanumer_ljod\">2<\/span><\/a>Hinn g\u00f3\u00f0i hl\u00fdtur vel\u00fe\u00f3knun Drottins <br \/>en meinf\u00fdsinn mann fyrird\u00e6mir hann. <br \/> <\/span> <span class=\"ljodatexti\"> <a name=\"3\"><span class=\"versanumer_ljod\">3<\/span><\/a>Rangl\u00e6ti\u00f0 veitir engum f\u00f3tfestu <br \/>en r\u00e9ttl\u00e6ti\u00f0 stendur dj\u00fapum r\u00f3tum. <br \/> <\/span> <span class=\"ljodatexti\"> <a name=\"4\"><span class=\"versanumer_ljod\">4<\/span><\/a>V\u00e6n kona er k\u00f3r\u00f3na manns s\u00edns <br \/>en vond kona er sem rotnun \u00ed beinum hans. <br \/> <\/span> <span class=\"ljodatexti\"> <a name=\"5\"><span class=\"versanumer_ljod\">5<\/span><\/a>R\u00e9ttl\u00e1tir hyggja \u00e1 r\u00e9ttl\u00e6ti <br \/>en rangl\u00e1tir hafa svik \u00ed huga.<br \/> <\/span> <span class=\"ljodatexti\"> <a name=\"6\"><span class=\"versanumer_ljod\">6<\/span><\/a>Or\u00f0 rangl\u00e1tra eru banv\u00e6n <br \/>en tunga hinna r\u00e9tts\u00fdnu frelsar \u00fe\u00e1. <br \/> <\/span> <span class=\"ljodatexti\"> <a name=\"7\"><span class=\"versanumer_ljod\">7<\/span><\/a>Rangl\u00e1tir kollsteypast og hverfa <br \/>en h\u00fas r\u00e9ttl\u00e1tra stendur. <br \/> <\/span> <span class=\"ljodatexti\"> <a name=\"8\"><span class=\"versanumer_ljod\">8<\/span><\/a>Af vitsmunum s\u00ednum hl\u00fdtur ma\u00f0urinn lof <br \/>en hinn fl\u00e1r\u00e1\u00f0i ver\u00f0ur fyrirlitinn. <br \/> <\/span> <span class=\"ljodatexti\"> <a name=\"9\"><span class=\"versanumer_ljod\">9<\/span><\/a>Betra er a\u00f0 vera l\u00edtils metinn og eiga \u00fe\u00f3 \u00fer\u00e6l <br \/>en a\u00f0 berast \u00e1 og skorta brau\u00f0. <br \/> <\/span> <span class=\"ljodatexti\"> <a name=\"10\"><span class=\"versanumer_ljod\">10<\/span><\/a>Hinn r\u00e9ttl\u00e1ti annast b\u00faf\u00e9 sitt vel <br \/>en har\u00f0neskja er \u00ed hjarta rangl\u00e1tra. <br \/> <\/span> <span class=\"ljodatexti\"> <a name=\"11\"><span class=\"versanumer_ljod\">11<\/span><\/a>S\u00e1 sem yrkir land sitt mettast af brau\u00f0i <br \/>en s\u00e1 sem s\u00e6kist eftir h\u00e9g\u00f3ma er heimskur. <br \/> <\/span> <span class=\"ljodatexti\"> <a name=\"12\"><span class=\"versanumer_ljod\">12<\/span><\/a>Hinn rangl\u00e1ti girnist illan feng <br \/>en hinn r\u00e9ttl\u00e1ti \u00e1 s\u00e9r trygga sta\u00f0festu.<br \/> <\/span> <span class=\"ljodatexti\"> <a name=\"13\"><span class=\"versanumer_ljod\">13<\/span><\/a>Yfirsj\u00f3n varanna er ill snara <br \/>en hinn r\u00e9ttl\u00e1ti bjargast \u00far nau\u00f0um. <br \/> <\/span> <span class=\"ljodatexti\"> <a name=\"14\"><span class=\"versanumer_ljod\">14<\/span><\/a>\u00c1vextir varanna metta mann g\u00e6\u00f0um <br \/>og af handaverkum s\u00ednum hl\u00fdtur hann umbun.<br \/> <\/span> <span class=\"ljodatexti\"> <a name=\"15\"><span class=\"versanumer_ljod\">15<\/span><\/a>Heimskingi telur sig breyta r\u00e9tt <br \/>en vitur ma\u00f0ur \u00feiggur r\u00e1\u00f0. <br \/> <\/span> <span class=\"ljodatexti\"> <a name=\"16\"><span class=\"versanumer_ljod\">16<\/span><\/a>Br\u00e6\u00f0i afglapans birtist strax, <br \/>greindur ma\u00f0ur dylur gremju s\u00edna. <br \/> <\/span> <span class=\"ljodatexti\"> <a name=\"17\"><span class=\"versanumer_ljod\">17<\/span><\/a>Sanns\u00f6gult vitni m\u00e6lir \u00fea\u00f0 sem r\u00e9tt er <br \/>en falsvotturinn svik. <br \/> <\/span> <span class=\"ljodatexti\"> <a name=\"18\"><span class=\"versanumer_ljod\">18<\/span><\/a>Vanhugsu\u00f0 or\u00f0 eru sem sver\u00f0al\u00f6g <br \/>en tunga hins vitra gr\u00e6\u00f0ir. <br \/> <\/span> <span class=\"ljodatexti\"> <a name=\"19\"><span class=\"versanumer_ljod\">19<\/span><\/a>S\u00f6nn or\u00f0 standa a\u00f0 eil\u00edfu <br \/>en lygim\u00e1l a\u00f0eins skamma hr\u00ed\u00f0. <br \/> <\/span> <span class=\"ljodatexti\"> <a name=\"20\"><span class=\"versanumer_ljod\">20<\/span><\/a>Svik eru \u00ed hjarta hins meinf\u00fdsna <br \/>en s\u00e1 gle\u00f0st sem stu\u00f0lar a\u00f0 fri\u00f0i.<br \/> <\/span> <span class=\"ljodatexti\"> <a name=\"21\"><span class=\"versanumer_ljod\">21<\/span><\/a>Hins r\u00e9ttl\u00e1ta b\u00ed\u00f0ur ekkert b\u00f6l <br \/>en \u00f3g\u00e6fan hle\u00f0st \u00e1 hinn rangl\u00e1ta. <br \/> <\/span> <span class=\"ljodatexti\"> <a name=\"22\"><span class=\"versanumer_ljod\">22<\/span><\/a> Lygarar eru Drottni andstygg\u00f0 <br \/>en hinir sannor\u00f0u eru yndi hans. <br \/> <\/span> <span class=\"ljodatexti\"> <a name=\"23\"><span class=\"versanumer_ljod\">23<\/span><\/a> Vitur ma\u00f0ur dylur \u00feekkingu s\u00edna <br \/>en heimskinginn fl\u00edkar fl\u00f3nsku sinni.<br \/> <\/span> <span class=\"ljodatexti\"> <a name=\"24\"><span class=\"versanumer_ljod\">24<\/span><\/a> H\u00f6nd hinna i\u00f0nu mun drottna <br \/>en hangandi h\u00f6nd \u00e1 erfi\u00f0i \u00ed v\u00e6ndum.<br \/> <\/span> <span class=\"ljodatexti\"> <a name=\"25\"><span class=\"versanumer_ljod\">25<\/span><\/a> Hugs\u00fdki \u00ed\u00feyngir hjartanu,<br \/>eitt vingjarnlegt or\u00f0 gle\u00f0ur \u00fea\u00f0. <br \/> <\/span> <span class=\"ljodatexti\"> <a name=\"26\"><span class=\"versanumer_ljod\">26<\/span><\/a> Hinn r\u00e9ttl\u00e1ti v\u00edsar \u00f6\u00f0rum veginn <br \/>en vegur rangl\u00e1tra lei\u00f0ir \u00fe\u00e1 \u00ed villu. <br \/> <\/span> <span class=\"ljodatexti\"> <a name=\"27\"><span class=\"versanumer_ljod\">27<\/span><\/a> Letin n\u00e6r ekki br\u00e1\u00f0inni <br \/>en i\u00f0nin er d\u00fdrm\u00e6tur au\u00f0ur. <br \/> <\/span> <span class=\"ljodatexti\"> <a name=\"28\"><span class=\"versanumer_ljod\">28<\/span><\/a> \u00c1 vegi r\u00e9ttl\u00e6tisins er l\u00edf<br \/>en gl\u00e6palei\u00f0in liggur \u00ed dau\u00f0ann. <\/span> <\/p>\n","protected":false},"excerpt":{"rendered":"<p>1S\u00e1 sem elskar aga elskar \u00feekkingu en s\u00e1 sem hatar umv\u00f6ndun er heimskur. 2Hinn g\u00f3\u00f0i hl\u00fdtur vel\u00fe\u00f3knun Drottins en meinf\u00fdsinn mann fyrird\u00e6mir hann. 3Rangl\u00e6ti\u00f0 veitir engum f\u00f3tfestu en r\u00e9ttl\u00e6ti\u00f0 stendur dj\u00fapum r\u00f3tum. 4V\u00e6n kona er k\u00f3r\u00f3na manns s\u00edns en vond kona er sem rotnun \u00ed beinum hans. 5R\u00e9ttl\u00e1tir hyggja \u00e1 r\u00e9ttl\u00e6ti en rangl\u00e1tir hafa svik \u00ed huga. 6Or\u00f0 rangl\u00e1tra eru banv\u00e6n en tunga hinna r\u00e9tts\u00fdnu frelsar \u00fe\u00e1. 7Rangl\u00e1tir kollsteypast og hverfa en h\u00fas r\u00e9ttl\u00e1tra stendur. 8Af vitsmunum s\u00ednum hl\u00fdtur ma\u00f0urinn lof en hinn fl\u00e1r\u00e1\u00f0i ver\u00f0ur fyrirlitinn. 9Betra er a\u00f0 vera l\u00edtils metinn og eiga \u00fe\u00f3 \u00fer\u00e6l en a\u00f0 berast \u00e1 <a href=\"https:\/\/biblian.is\/biblian\/ordskvidirnir-12-kafli\/\"> [&#8230;]<\/a><\/p>\n","protected":false},"author":1,"featured_media":0,"parent":0,"menu_order":0,"comment_status":"open","ping_status":"open","template":"bibliukaflar_okv.php","meta":{"footnotes":""},"class_list":["post-2257","page","type-page","status-publish","hentry"],"_links":{"self":[{"href":"https:\/\/biblian.is\/biblian\/wp-json\/wp\/v2\/pages\/2257","targetHints":{"allow":["GET"]}}],"collection":[{"href":"https:\/\/biblian.is\/biblian\/wp-json\/wp\/v2\/pages"}],"about":[{"href":"https:\/\/biblian.is\/biblian\/wp-json\/wp\/v2\/types\/page"}],"author":[{"embeddable":true,"href":"https:\/\/biblian.is\/biblian\/wp-json\/wp\/v2\/users\/1"}],"replies":[{"embeddable":true,"href":"https:\/\/biblian.is\/biblian\/wp-json\/wp\/v2\/comments?post=2257"}],"version-history":[{"count":0,"href":"https:\/\/biblian.is\/biblian\/wp-json\/wp\/v2\/pages\/2257\/revisions"}],"wp:attachment":[{"href":"https:\/\/biblian.is\/biblian\/wp-json\/wp\/v2\/media?parent=2257"}],"curies":[{"name":"wp","href":"https:\/\/api.w.org\/{rel}","templated":true}]}}