{"id":2255,"date":"2017-12-30T21:02:21","date_gmt":"2017-12-30T21:02:21","guid":{"rendered":"http:\/\/biblian.is\/biblian\/or_skvi_irnir-10-kafli\/"},"modified":"2021-02-15T19:13:38","modified_gmt":"2021-02-15T19:13:38","slug":"ordskvidirnir-10-kafli","status":"publish","type":"page","link":"https:\/\/biblian.is\/biblian\/ordskvidirnir-10-kafli\/","title":{"rendered":"Or\u00f0skvi\u00f0irnir 10. kafli"},"content":{"rendered":"<h3 class=\"millifyrirsogn_2007\"> Safn spakm\u00e6la<\/h3>\n<p><a name=\"1\"><span class=\"versanumer_2007\">1<\/span><\/a> Or\u00f0skvi\u00f0ir Sal\u00f3mons:<br \/><span class=\"ljodatexti\">Vitur sonur gle\u00f0ur f\u00f6\u00f0ur sinn <br \/>en heimskur sonur er m\u00f3\u00f0ur sinni til m\u00e6\u00f0u. <br \/> <\/span> <span class=\"ljodatexti\"> <a name=\"2\"><span class=\"versanumer_ljod\">2<\/span><\/a>Rangfenginn au\u00f0ur sto\u00f0ar ekki <br \/>en r\u00e9ttl\u00e6ti frelsar fr\u00e1 dau\u00f0a. <br \/> <\/span> <span class=\"ljodatexti\"> <a name=\"3\"><span class=\"versanumer_ljod\">3<\/span><\/a>Drottinn l\u00e6tur ekki r\u00e9ttl\u00e1tan mann \u00feola hungur <br \/>en kr\u00f6fum hinna rangl\u00e1tu hafnar hann. <br \/> <\/span> <span class=\"ljodatexti\"> <a name=\"4\"><span class=\"versanumer_ljod\">4<\/span><\/a>I\u00f0juleysi f\u00e6rir \u00f6rbirg\u00f0 <br \/>en au\u00f0s aflar i\u00f0in h\u00f6nd. <br \/> <\/span> <span class=\"ljodatexti\"> <a name=\"5\"><span class=\"versanumer_ljod\">5<\/span><\/a>Hygginn er s\u00e1 er safnar \u00e1 sumri <br \/>en illa fer \u00feeim sem sefur af s\u00e9r uppskeruna. <br \/> <\/span> <span class=\"ljodatexti\"> <a name=\"6\"><span class=\"versanumer_ljod\">6<\/span><\/a>Blessun hv\u00edlir yfir h\u00f6f\u00f0i hins r\u00e9ttl\u00e1ta <br \/>en l\u00f6gleysan hylst \u00ed munni hins illa. <br \/> <\/span> <span class=\"ljodatexti\"> <a name=\"7\"><span class=\"versanumer_ljod\">7<\/span><\/a>Minning hins r\u00e9ttl\u00e1ta ver\u00f0ur blessu\u00f0 <br \/>en nafn \u00f3gu\u00f0legra t\u00e6rist burt. <br \/> <\/span> <span class=\"ljodatexti\"> <a name=\"8\"><span class=\"versanumer_ljod\">8<\/span><\/a>S\u00e1 sem er vitur \u00ed hjarta \u00fe\u00fd\u00f0ist \u00e1minningar <br \/>en \u00feeim farnast illa sem talar af g\u00e1leysi.<br \/> <\/span> <span class=\"ljodatexti\"> <a name=\"9\"><span class=\"versanumer_ljod\">9<\/span><\/a>S\u00e1 sem fer r\u00e9tta vegu gengur \u00f3hultur <br \/>en upp kemst um \u00feann sem \u00fer\u00e6\u00f0ir hlykkj\u00f3ttan veg. <br \/> <\/span> <span class=\"ljodatexti\"> <a name=\"10\"><span class=\"versanumer_ljod\">10<\/span><\/a>S\u00e1 sem deplar auga veldur s\u00e1rindum <br \/>en s\u00e1 sem finnur a\u00f0 af hreinskilni stillir til fri\u00f0ar. <span class=\"nedan_mal\" title=\" Annar lesh\u00e1ttur: en \u00feeim farnast illa sem talar af g\u00e1leysi. \">[<\/span> <br \/> <\/span> <span class=\"ljodatexti\"> <a name=\"11\"><span class=\"versanumer_ljod\">11<\/span><\/a>L\u00edfslind er munnur r\u00e9ttl\u00e1ts manns <br \/>en l\u00f6gleysan hylst \u00ed munni hins illa. <br \/> <\/span> <span class=\"ljodatexti\"> <a name=\"12\"><span class=\"versanumer_ljod\">12<\/span><\/a>Hatur vekur illdeilur <br \/>en k\u00e6rleikurinn brei\u00f0ir yfir alla bresti. <br \/> <\/span> <span class=\"ljodatexti\"> <a name=\"13\"><span class=\"versanumer_ljod\">13<\/span><\/a>Viska er \u00e1 v\u00f6rum hyggins manns <br \/>en \u00e1 baki hins \u00f3vitra dynur v\u00f6ndurinn. <br \/> <\/span> <span class=\"ljodatexti\"> <a name=\"14\"><span class=\"versanumer_ljod\">14<\/span><\/a>Vitrir menn geyma \u00feekkingu s\u00edna <br \/>en or\u00f0 afglapans bo\u00f0a br\u00e1\u00f0a gl\u00f6tun. <br \/> <\/span> <span class=\"ljodatexti\"> <a name=\"15\"><span class=\"versanumer_ljod\">15<\/span><\/a>Au\u00f0ur r\u00edks manns er honum \u00f6flugt v\u00edgi <br \/>en f\u00e1t\u00e6kt hinna snau\u00f0u ver\u00f0ur \u00feeim a\u00f0 falli. <br \/> <\/span> <span class=\"ljodatexti\"> <a name=\"16\"><span class=\"versanumer_ljod\">16<\/span><\/a>Eljusemi hins r\u00e9ttl\u00e1ta ver\u00f0ur til l\u00edfs <br \/>en gr\u00f3\u00f0i hins rangl\u00e1ta til syndar. <br \/> <\/span> <span class=\"ljodatexti\"> <a name=\"17\"><span class=\"versanumer_ljod\">17<\/span><\/a>S\u00e1 fer lei\u00f0 l\u00edfsins sem hl\u00edtir lei\u00f0s\u00f6gn <br \/>en s\u00e1 villist af lei\u00f0 sem hafnar umv\u00f6ndun. <br \/> <\/span> <span class=\"ljodatexti\"> <a name=\"18\"><span class=\"versanumer_ljod\">18<\/span><\/a>S\u00e1 sem leynir hatri er hr\u00e6snari, <br \/>s\u00e1 sem dreifir hviks\u00f6gum er heimskingi. <br \/> <\/span> <span class=\"ljodatexti\"> <a name=\"19\"><span class=\"versanumer_ljod\">19<\/span><\/a>M\u00e1l\u00e6\u00f0inu fylgja yfirsj\u00f3nir <br \/>en s\u00e1 breytir hyggilega sem hefur taumhald \u00e1 tungu sinni. <br \/> <\/span> <span class=\"ljodatexti\"> <a name=\"20\"><span class=\"versanumer_ljod\">20<\/span><\/a>Tunga hins r\u00e9ttl\u00e1ta er hreint silfur, <br \/>vit hins \u00f3gu\u00f0lega er l\u00edtils vir\u00f0i. <br \/> <\/span> <span class=\"ljodatexti\"> <a name=\"21\"><span class=\"versanumer_ljod\">21<\/span><\/a>Or\u00f0 hins r\u00e9ttl\u00e1ta eru margra framf\u00e6ri <br \/>en afglaparnir deyja \u00far f\u00e1k\u00e6nsku. <br \/> <\/span> <span class=\"ljodatexti\"> <a name=\"22\"><span class=\"versanumer_ljod\">22<\/span><\/a> Blessun Drottins au\u00f0gar <br \/>og erfi\u00f0i mannsins b\u00e6tir engu vi\u00f0 hana. <br \/> <\/span> <span class=\"ljodatexti\"> <a name=\"23\"><span class=\"versanumer_ljod\">23<\/span><\/a> Heimskingjanum er \u00f3s\u00f3minn \u00e1n\u00e6gja <br \/>en viskan er hyggnum manni gle\u00f0i. <br \/> <\/span> <span class=\"ljodatexti\"> <a name=\"24\"><span class=\"versanumer_ljod\">24<\/span><\/a> \u00dea\u00f0 sem hinn \u00f3gu\u00f0legi \u00f3ttast kemur yfir hann <br \/>en r\u00e9ttl\u00e1tum ver\u00f0ur a\u00f0 von sinni. <br \/> <\/span> <span class=\"ljodatexti\"> <a name=\"25\"><span class=\"versanumer_ljod\">25<\/span><\/a> Stormur feykir burt hinum rangl\u00e1ta <br \/>en hinn r\u00e9ttl\u00e1ti stendur \u00e1 \u00e6varandi grunni. <br \/> <\/span> <span class=\"ljodatexti\"> <a name=\"26\"><span class=\"versanumer_ljod\">26<\/span><\/a> \u00dea\u00f0 sem t\u00f6nnunum er v\u00edns\u00fdra og augunum reykur, <br \/>\u00fea\u00f0 er letinginn \u00feeim sem fela honum erindi. <br \/> <\/span> <span class=\"ljodatexti\"> <a name=\"27\"><span class=\"versanumer_ljod\">27<\/span><\/a> \u00d3tti Drottins lengir l\u00edfdagana <br \/>en \u00e6vi\u00e1r rangl\u00e1tra ver\u00f0a stytt. <br \/> <\/span> <span class=\"ljodatexti\"> <a name=\"28\"><span class=\"versanumer_ljod\">28<\/span><\/a> Eftirv\u00e6nting r\u00e9ttl\u00e1tra endar \u00ed gle\u00f0i <br \/>en vonir rangl\u00e1tra r\u00e6tast ekki. <br \/> <\/span> <span class=\"ljodatexti\"> <a name=\"29\"><span class=\"versanumer_ljod\">29<\/span><\/a> Vegur Drottins er athvarf vammlausum <br \/>en illvirkjum tort\u00edming. <br \/> <\/span> <span class=\"ljodatexti\"> <a name=\"30\"><span class=\"versanumer_ljod\">30<\/span><\/a> Hinum r\u00e9ttl\u00e1ta ver\u00f0ur ekki \u00feoka\u00f0 <br \/>og hinir \u00f3gu\u00f0legu munu ekki byggja landi\u00f0. <br \/> <\/span> <span class=\"ljodatexti\"> <a name=\"31\"><span class=\"versanumer_ljod\">31<\/span><\/a> Af munni hins r\u00e9ttl\u00e1ta streymir viska <br \/>en lygatungan ver\u00f0ur skorin burt. <br \/> <\/span> <span class=\"ljodatexti\"> <a name=\"32\"><span class=\"versanumer_ljod\">32<\/span><\/a> Varir hins r\u00e9ttl\u00e1ta vita hva\u00f0 ge\u00f0fellt er <br \/>en munnur \u00f3gu\u00f0legra er fl\u00e6r\u00f0in ein. <\/span> <\/p>\n","protected":false},"excerpt":{"rendered":"<p>Safn spakm\u00e6la 1 Or\u00f0skvi\u00f0ir Sal\u00f3mons:Vitur sonur gle\u00f0ur f\u00f6\u00f0ur sinn en heimskur sonur er m\u00f3\u00f0ur sinni til m\u00e6\u00f0u. 2Rangfenginn au\u00f0ur sto\u00f0ar ekki en r\u00e9ttl\u00e6ti frelsar fr\u00e1 dau\u00f0a. 3Drottinn l\u00e6tur ekki r\u00e9ttl\u00e1tan mann \u00feola hungur en kr\u00f6fum hinna rangl\u00e1tu hafnar hann. 4I\u00f0juleysi f\u00e6rir \u00f6rbirg\u00f0 en au\u00f0s aflar i\u00f0in h\u00f6nd. 5Hygginn er s\u00e1 er safnar \u00e1 sumri en illa fer \u00feeim sem sefur af s\u00e9r uppskeruna. 6Blessun hv\u00edlir yfir h\u00f6f\u00f0i hins r\u00e9ttl\u00e1ta en l\u00f6gleysan hylst \u00ed munni hins illa. 7Minning hins r\u00e9ttl\u00e1ta ver\u00f0ur blessu\u00f0 en nafn \u00f3gu\u00f0legra t\u00e6rist burt. 8S\u00e1 sem er vitur \u00ed hjarta \u00fe\u00fd\u00f0ist \u00e1minningar en \u00feeim farnast illa sem talar <a href=\"https:\/\/biblian.is\/biblian\/ordskvidirnir-10-kafli\/\"> [&#8230;]<\/a><\/p>\n","protected":false},"author":1,"featured_media":0,"parent":0,"menu_order":0,"comment_status":"open","ping_status":"open","template":"bibliukaflar_okv.php","meta":{"footnotes":""},"class_list":["post-2255","page","type-page","status-publish","hentry"],"_links":{"self":[{"href":"https:\/\/biblian.is\/biblian\/wp-json\/wp\/v2\/pages\/2255","targetHints":{"allow":["GET"]}}],"collection":[{"href":"https:\/\/biblian.is\/biblian\/wp-json\/wp\/v2\/pages"}],"about":[{"href":"https:\/\/biblian.is\/biblian\/wp-json\/wp\/v2\/types\/page"}],"author":[{"embeddable":true,"href":"https:\/\/biblian.is\/biblian\/wp-json\/wp\/v2\/users\/1"}],"replies":[{"embeddable":true,"href":"https:\/\/biblian.is\/biblian\/wp-json\/wp\/v2\/comments?post=2255"}],"version-history":[{"count":0,"href":"https:\/\/biblian.is\/biblian\/wp-json\/wp\/v2\/pages\/2255\/revisions"}],"wp:attachment":[{"href":"https:\/\/biblian.is\/biblian\/wp-json\/wp\/v2\/media?parent=2255"}],"curies":[{"name":"wp","href":"https:\/\/api.w.org\/{rel}","templated":true}]}}