{"id":2254,"date":"2017-12-30T21:02:21","date_gmt":"2017-12-30T21:02:21","guid":{"rendered":"http:\/\/biblian.is\/biblian\/or_skvi_irnir-9-kafli\/"},"modified":"2021-02-15T19:13:46","modified_gmt":"2021-02-15T19:13:46","slug":"ordskvidirnir-9-kafli","status":"publish","type":"page","link":"https:\/\/biblian.is\/biblian\/ordskvidirnir-9-kafli\/","title":{"rendered":"Or\u00f0skvi\u00f0irnir 9. kafli"},"content":{"rendered":"<h3 class=\"millifyrirsogn_2007\"> Speki og heimska<\/h3>\n<p><span class=\"ljodatexti\"> <a name=\"1\"><span class=\"versanumer_ljod\">1<\/span><\/a>Spekin hefur reist s\u00e9r h\u00fas <br \/>og h\u00f6ggvi\u00f0 til sj\u00f6 st\u00f3lpa s\u00edna. <br \/> <\/span> <span class=\"ljodatexti\"> <a name=\"2\"><span class=\"versanumer_ljod\">2<\/span><\/a>H\u00fan hefur sl\u00e1tra\u00f0 sl\u00e1turf\u00e9 s\u00ednu, <br \/>blanda\u00f0 v\u00edn sitt og b\u00fai\u00f0 bor\u00f0 sitt. <br \/> <\/span> <span class=\"ljodatexti\"> <a name=\"3\"><span class=\"versanumer_ljod\">3<\/span><\/a>H\u00fan hefur sent \u00fat \u00feernur s\u00ednar, <br \/>h\u00fan kallar af h\u00e6\u00f0unum \u00ed borginni: <br \/> <\/span> <span class=\"ljodatexti\"> <a name=\"4\"><span class=\"versanumer_ljod\">4<\/span><\/a>\u201eHver sem \u00f3reyndur er komi hinga\u00f0.\u201c <br \/>Og vi\u00f0 hinn f\u00e1v\u00edsa segir h\u00fan: <br \/> <\/span> <span class=\"ljodatexti\"> <a name=\"5\"><span class=\"versanumer_ljod\">5<\/span><\/a>\u201eKomi\u00f0, eti\u00f0 mat minn og drekki\u00f0 v\u00edni\u00f0 <br \/>sem \u00e9g hef blanda\u00f0. <br \/> <\/span> <span class=\"ljodatexti\"> <a name=\"6\"><span class=\"versanumer_ljod\">6<\/span><\/a>L\u00e1ti\u00f0 af fl\u00f3nsku, \u00fe\u00e1 munu\u00f0 \u00fe\u00e9r lifa, <br \/>gangi\u00f0 \u00e1 braut skynseminnar.\u201c <br \/> <\/span> <span class=\"ljodatexti\"> <a name=\"7\"><span class=\"versanumer_ljod\">7<\/span><\/a>S\u00e1 sem \u00e1telur h\u00e1\u00f0skan mann ver\u00f0ur a\u00f0hl\u00e1tursefni <br \/>og s\u00e1 sem \u00e1v\u00edtar hinn rangl\u00e1ta ver\u00f0ur haf\u00f0ur a\u00f0 h\u00e1\u00f0i. <br \/> <\/span> <span class=\"ljodatexti\"> <a name=\"8\"><span class=\"versanumer_ljod\">8<\/span><\/a>\u00c1v\u00edta\u00f0u ekki hinn h\u00e1\u00f0ska svo a\u00f0 hann hati \u00feig ekki, <br \/>\u00e1v\u00edta\u00f0u hinn vitra og hann mun elska \u00feig. <br \/> <\/span> <span class=\"ljodatexti\"> <a name=\"9\"><span class=\"versanumer_ljod\">9<\/span><\/a>Gef\u00f0u hinum vitra, \u00fe\u00e1 ver\u00f0ur hann a\u00f0 vitrari, <br \/>fr\u00e6ddu hinn r\u00e9ttl\u00e1ta og hann mun auka l\u00e6rd\u00f3m sinn. <br \/> <\/span> <span class=\"ljodatexti\"> <a name=\"10\"><span class=\"versanumer_ljod\">10<\/span><\/a>A\u00f0 \u00f3ttast Drottin er upphaf spekinnar <br \/>og a\u00f0 \u00feekkja Hinn heilaga er hyggindi. <br \/> <\/span> <span class=\"ljodatexti\"> <a name=\"11\"><span class=\"versanumer_ljod\">11<\/span><\/a>Me\u00f0 m\u00ednu fulltingi ver\u00f0a dagar \u00fe\u00ednir margir <br \/>og \u00e1rum l\u00edfs \u00fe\u00edns fj\u00f6lgar. <br \/> <\/span> <span class=\"ljodatexti\"> <a name=\"12\"><span class=\"versanumer_ljod\">12<\/span><\/a>S\u00e9rtu vitur ver\u00f0ur viti\u00f0 \u00fe\u00e9r til g\u00f3\u00f0s <br \/>en s\u00e9rtu spottari \u00fe\u00e1 mun \u00fea\u00f0 bitna \u00e1 \u00fe\u00e9r einum. <br \/> <\/span> <span class=\"ljodatexti\"> <a name=\"13\"><span class=\"versanumer_ljod\">13<\/span><\/a>Heimskan er eir\u00f0arlaus, <br \/>l\u00e9tt\u00fa\u00f0ug og veit ekkert. <br \/> <\/span> <span class=\"ljodatexti\"> <a name=\"14\"><span class=\"versanumer_ljod\">14<\/span><\/a>H\u00fan situr vi\u00f0 dyr s\u00ednar, <br \/>b\u00fdr s\u00e9r sess \u00e1 h\u00e6\u00f0um borgarinnar <br \/> <\/span> <span class=\"ljodatexti\"> <a name=\"15\"><span class=\"versanumer_ljod\">15<\/span><\/a>til \u00feess a\u00f0 kalla \u00e1 \u00fe\u00e1 sem fara hj\u00e1, <br \/>\u00fe\u00e1 sem stefna fram \u00e1 lei\u00f0 sinni: <br \/> <\/span> <span class=\"ljodatexti\"> <a name=\"16\"><span class=\"versanumer_ljod\">16<\/span><\/a>\u201eHver sem \u00f3reyndur er komi hinga\u00f0.\u201c <br \/>Og vi\u00f0 hinn f\u00e1v\u00edsa segir h\u00fan: <br \/> <\/span> <span class=\"ljodatexti\"> <a name=\"17\"><span class=\"versanumer_ljod\">17<\/span><\/a>\u201eStoli\u00f0 vatn er s\u00e6tt <br \/>og lost\u00e6tt er launeti\u00f0 brau\u00f0.\u201c <br \/> <\/span> <span class=\"ljodatexti\"> <a name=\"18\"><span class=\"versanumer_ljod\">18<\/span><\/a>Og hann veit ekki a\u00f0 \u00fear eru heimkynni hinna dau\u00f0u, <br \/>a\u00f0 gestir hennar hafna \u00ed dj\u00fapum heljar. <\/span> <\/p>\n","protected":false},"excerpt":{"rendered":"<p>Speki og heimska 1Spekin hefur reist s\u00e9r h\u00fas og h\u00f6ggvi\u00f0 til sj\u00f6 st\u00f3lpa s\u00edna. 2H\u00fan hefur sl\u00e1tra\u00f0 sl\u00e1turf\u00e9 s\u00ednu, blanda\u00f0 v\u00edn sitt og b\u00fai\u00f0 bor\u00f0 sitt. 3H\u00fan hefur sent \u00fat \u00feernur s\u00ednar, h\u00fan kallar af h\u00e6\u00f0unum \u00ed borginni: 4\u201eHver sem \u00f3reyndur er komi hinga\u00f0.\u201c Og vi\u00f0 hinn f\u00e1v\u00edsa segir h\u00fan: 5\u201eKomi\u00f0, eti\u00f0 mat minn og drekki\u00f0 v\u00edni\u00f0 sem \u00e9g hef blanda\u00f0. 6L\u00e1ti\u00f0 af fl\u00f3nsku, \u00fe\u00e1 munu\u00f0 \u00fe\u00e9r lifa, gangi\u00f0 \u00e1 braut skynseminnar.\u201c 7S\u00e1 sem \u00e1telur h\u00e1\u00f0skan mann ver\u00f0ur a\u00f0hl\u00e1tursefni og s\u00e1 sem \u00e1v\u00edtar hinn rangl\u00e1ta ver\u00f0ur haf\u00f0ur a\u00f0 h\u00e1\u00f0i. 8\u00c1v\u00edta\u00f0u ekki hinn h\u00e1\u00f0ska svo a\u00f0 hann hati \u00feig ekki, \u00e1v\u00edta\u00f0u <a href=\"https:\/\/biblian.is\/biblian\/ordskvidirnir-9-kafli\/\"> [&#8230;]<\/a><\/p>\n","protected":false},"author":1,"featured_media":0,"parent":0,"menu_order":0,"comment_status":"open","ping_status":"open","template":"bibliukaflar_okv.php","meta":{"footnotes":""},"class_list":["post-2254","page","type-page","status-publish","hentry"],"_links":{"self":[{"href":"https:\/\/biblian.is\/biblian\/wp-json\/wp\/v2\/pages\/2254","targetHints":{"allow":["GET"]}}],"collection":[{"href":"https:\/\/biblian.is\/biblian\/wp-json\/wp\/v2\/pages"}],"about":[{"href":"https:\/\/biblian.is\/biblian\/wp-json\/wp\/v2\/types\/page"}],"author":[{"embeddable":true,"href":"https:\/\/biblian.is\/biblian\/wp-json\/wp\/v2\/users\/1"}],"replies":[{"embeddable":true,"href":"https:\/\/biblian.is\/biblian\/wp-json\/wp\/v2\/comments?post=2254"}],"version-history":[{"count":0,"href":"https:\/\/biblian.is\/biblian\/wp-json\/wp\/v2\/pages\/2254\/revisions"}],"wp:attachment":[{"href":"https:\/\/biblian.is\/biblian\/wp-json\/wp\/v2\/media?parent=2254"}],"curies":[{"name":"wp","href":"https:\/\/api.w.org\/{rel}","templated":true}]}}