{"id":2253,"date":"2017-12-30T21:02:21","date_gmt":"2017-12-30T21:02:21","guid":{"rendered":"http:\/\/biblian.is\/biblian\/or_skvi_irnir-8-kafli\/"},"modified":"2021-02-15T19:13:45","modified_gmt":"2021-02-15T19:13:45","slug":"ordskvidirnir-8-kafli","status":"publish","type":"page","link":"https:\/\/biblian.is\/biblian\/ordskvidirnir-8-kafli\/","title":{"rendered":"Or\u00f0skvi\u00f0irnir 8. kafli"},"content":{"rendered":"<h3 class=\"millifyrirsogn_2007\"> Spekin tekur til m\u00e1ls<\/h3>\n<p><span class=\"ljodatexti\"> <a name=\"1\"><span class=\"versanumer_ljod\">1<\/span><\/a>Heyr, spekin kallar. <br \/>Viskan hefur upp raust s\u00edna. <br \/> <\/span> <span class=\"ljodatexti\"> <a name=\"2\"><span class=\"versanumer_ljod\">2<\/span><\/a>Uppi \u00e1 h\u00e6\u00f0unum, vi\u00f0 veginn <br \/>og vi\u00f0 krossg\u00f6turnar stendur h\u00fan, <br \/> <\/span> <span class=\"ljodatexti\"> <a name=\"3\"><span class=\"versanumer_ljod\">3<\/span><\/a>vi\u00f0 hli\u00f0in \u00fat \u00far borginni, \u00fear sem gengi\u00f0 er inn, <br \/>kallar h\u00fan h\u00e1st\u00f6fum: <br \/> <\/span> <span class=\"ljodatexti\"> <a name=\"4\"><span class=\"versanumer_ljod\">4<\/span><\/a>Til y\u00f0ar tala \u00e9g, menn, <br \/>og r\u00f6dd minni er beint til mannanna barna. <br \/> <\/span> <span class=\"ljodatexti\"> <a name=\"5\"><span class=\"versanumer_ljod\">5<\/span><\/a>\u00de\u00e9r \u00f3reyndu, l\u00e6ri\u00f0 hyggindi, <br \/>og \u00fe\u00e9r heimskingjar, l\u00e6ri\u00f0 skynsemi. <br \/> <\/span> <span class=\"ljodatexti\"> <a name=\"6\"><span class=\"versanumer_ljod\">6<\/span><\/a>Hl\u00fd\u00f0i\u00f0 \u00e1 \u00fev\u00ed a\u00f0 \u00e9g bo\u00f0a \u00fea\u00f0 sem mikilv\u00e6gt er <br \/>og varir m\u00ednar tj\u00e1 \u00fea\u00f0 sem r\u00e9tt er. <br \/> <\/span> <span class=\"ljodatexti\"> <a name=\"7\"><span class=\"versanumer_ljod\">7<\/span><\/a>Sannleikur kemur af munni m\u00ednum <br \/>og lygi er vi\u00f0bj\u00f3\u00f0ur v\u00f6rum m\u00ednum. <br \/> <\/span> <span class=\"ljodatexti\"> <a name=\"8\"><span class=\"versanumer_ljod\">8<\/span><\/a>R\u00e9ttv\u00edsi bo\u00f0a \u00f6ll or\u00f0 munns m\u00edns, <br \/>\u00ed \u00feeim er hvorki fals n\u00e9 fl\u00e1r\u00e6\u00f0i. <br \/> <\/span> <span class=\"ljodatexti\"> <a name=\"9\"><span class=\"versanumer_ljod\">9<\/span><\/a>\u00d6ll eru \u00feau au\u00f0skilin hinum skilningsr\u00edka <br \/>og auglj\u00f3s \u00feeim sem hloti\u00f0 hefur \u00feekkingu. <br \/> <\/span> <span class=\"ljodatexti\"> <a name=\"10\"><span class=\"versanumer_ljod\">10<\/span><\/a>\u00deiggi\u00f0 lei\u00f0s\u00f6gn m\u00edna fremur en silfur <br \/>og fr\u00e6\u00f0slu m\u00edna fremur en sk\u00edragull. <br \/> <\/span> <span class=\"ljodatexti\"> <a name=\"11\"><span class=\"versanumer_ljod\">11<\/span><\/a>Viska er betri en perlur, <br \/>engir fj\u00e1rsj\u00f3\u00f0ir jafnast \u00e1 vi\u00f0 hana. <br \/> <\/span> <span class=\"ljodatexti\"> <a name=\"12\"><span class=\"versanumer_ljod\">12<\/span><\/a>\u00c9g, spekin, dvelst hj\u00e1 viskunni, <br \/>hj\u00e1 m\u00e9r b\u00fdr d\u00f3mgreind og \u00feekking. <br \/> <\/span> <span class=\"ljodatexti\"> <a name=\"13\"><span class=\"versanumer_ljod\">13<\/span><\/a>A\u00f0 \u00f3ttast Drottin er a\u00f0 hata hi\u00f0 illa, <br \/>hroka og dramb, meinf\u00fdsi og \u00f3sanns\u00f6gli hata \u00e9g. <br \/> <\/span> <span class=\"ljodatexti\"> <a name=\"14\"><span class=\"versanumer_ljod\">14<\/span><\/a>R\u00e1\u00f0 veiti \u00e9g og velgengni, <br \/>hj\u00e1 m\u00e9r er hyggnin og minn er m\u00e1tturinn. <br \/> <\/span> <span class=\"ljodatexti\"> <a name=\"15\"><span class=\"versanumer_ljod\">15<\/span><\/a>Vegna m\u00edn halda konungar v\u00f6ldum <br \/>og valdhafar \u00farskur\u00f0a \u00fea\u00f0 sem r\u00e9tt er. <br \/> <\/span> <span class=\"ljodatexti\"> <a name=\"16\"><span class=\"versanumer_ljod\">16<\/span><\/a>Vegna m\u00edn stj\u00f3rna menn og hlj\u00f3ta mannaforr\u00e1\u00f0, <br \/>allir valdsmenn veraldar. <br \/> <\/span> <span class=\"ljodatexti\"> <a name=\"17\"><span class=\"versanumer_ljod\">17<\/span><\/a>\u00c9g elska \u00fe\u00e1 sem mig elska <br \/>og \u00feeir finna mig sem leita m\u00edn. <br \/> <\/span> <span class=\"ljodatexti\"> <a name=\"18\"><span class=\"versanumer_ljod\">18<\/span><\/a>Au\u00f0ur og s\u00e6md eru hj\u00e1 m\u00e9r, <br \/>varanlegir sj\u00f3\u00f0ir og velgengni. <br \/> <\/span> <span class=\"ljodatexti\"> <a name=\"19\"><span class=\"versanumer_ljod\">19<\/span><\/a>\u00c1vextir m\u00ednir eru betri en gull og gimsteinar <br \/>og afrakstur minn betri en hreint silfur. <br \/> <\/span> <span class=\"ljodatexti\"> <a name=\"20\"><span class=\"versanumer_ljod\">20<\/span><\/a>\u00c9g geng \u00e1 g\u00f6tu r\u00e9ttl\u00e6tisins <br \/>og stigum r\u00e9tts\u00fdninnar. <br \/> <\/span> <span class=\"ljodatexti\"> <a name=\"21\"><span class=\"versanumer_ljod\">21<\/span><\/a>\u00c9g f\u00e6ri \u00feeim sanna au\u00f0leg\u00f0 sem elska mig<br \/>og fylli sj\u00f3\u00f0i \u00feeirra. <br \/> <\/span> <span class=\"ljodatexti\"> <a name=\"22\"><span class=\"versanumer_ljod\">22<\/span><\/a> Drottinn skapa\u00f0i mig \u00ed upphafi, <br \/>\u00e1 undan \u00f6\u00f0rum verkum s\u00ednum, \u00ed \u00e1rdaga. <br \/> <\/span> <span class=\"ljodatexti\"> <a name=\"23\"><span class=\"versanumer_ljod\">23<\/span><\/a> Fyrir \u00f3ral\u00f6ngu var \u00e9g myndu\u00f0, <br \/>\u00ed upphafi, \u00e1\u00f0ur en j\u00f6r\u00f0in var\u00f0 til. <br \/> <\/span> <span class=\"ljodatexti\"> <a name=\"24\"><span class=\"versanumer_ljod\">24<\/span><\/a> \u00c9g f\u00e6ddist \u00e1\u00f0ur en hafdj\u00fapin ur\u00f0u til, <br \/>\u00feegar engar vatnslindir voru til. <br \/> <\/span> <span class=\"ljodatexti\"> <a name=\"25\"><span class=\"versanumer_ljod\">25<\/span><\/a> \u00c1\u00f0ur en fj\u00f6llunum var hleypt ni\u00f0ur, <br \/>\u00e1 undan h\u00e6\u00f0unum f\u00e6ddist \u00e9g, <br \/> <\/span> <span class=\"ljodatexti\"> <a name=\"26\"><span class=\"versanumer_ljod\">26<\/span><\/a> \u00e1\u00f0ur en hann skapa\u00f0i l\u00f6nd og akra <br \/>og fyrstu moldark\u00f6ggla jar\u00f0ar. <br \/> <\/span> <span class=\"ljodatexti\"> <a name=\"27\"><span class=\"versanumer_ljod\">27<\/span><\/a> \u00deegar hann \u00feandi \u00fat himininn var \u00e9g \u00fear, <br \/>\u00feegar hann steypti hvelfingunni yfir hafdj\u00fapin, <br \/> <\/span> <span class=\"ljodatexti\"> <a name=\"28\"><span class=\"versanumer_ljod\">28<\/span><\/a> \u00feegar hann festi upp sk\u00fdin af m\u00e6tti s\u00ednum <br \/>og l\u00e9t uppsprettur undirdj\u00fapanna streyma fram, <br \/> <\/span> <span class=\"ljodatexti\"> <a name=\"29\"><span class=\"versanumer_ljod\">29<\/span><\/a> \u00feegar hann setti hafinu skor\u00f0ur <br \/>til \u00feess a\u00f0 v\u00f6tnin sta\u00f0n\u00e6mdust \u00fear sem hann bau\u00f0, <br \/>\u00feegar hann \u00e1kva\u00f0 grundv\u00f6ll jar\u00f0arinnar, <br \/> <\/span> <span class=\"ljodatexti\"> <a name=\"30\"><span class=\"versanumer_ljod\">30<\/span><\/a> \u00fe\u00e1 var \u00e9g me\u00f0 \u00ed r\u00e1\u00f0um vi\u00f0 hli\u00f0 honum, <br \/>var yndi hans dag hvern<br \/>og l\u00e9k m\u00e9r fyrir augliti hans alla t\u00edma, <br \/> <\/span> <span class=\"ljodatexti\"> <a name=\"31\"><span class=\"versanumer_ljod\">31<\/span><\/a> \u00e9g l\u00e9k m\u00e9r \u00ed bygg\u00f0um heimi hans <br \/>og fagna\u00f0i me\u00f0 mannanna b\u00f6rnum. <br \/> <\/span> <span class=\"ljodatexti\"> <a name=\"32\"><span class=\"versanumer_ljod\">32<\/span><\/a> Hl\u00fd\u00f0i\u00f0 m\u00e9r, synir, \u00fev\u00ed a\u00f0 s\u00e6lir eru \u00feeir <br \/>sem halda sig \u00e1 vegum m\u00ednum. <br \/> <\/span> <span class=\"ljodatexti\"> <a name=\"33\"><span class=\"versanumer_ljod\">33<\/span><\/a> Hlusti\u00f0 \u00e1 hvatningu m\u00edna, <br \/>svo a\u00f0 \u00fe\u00e9r ver\u00f0i\u00f0 vitrir, og hafni\u00f0 henni ekki. <br \/> <\/span> <span class=\"ljodatexti\"> <a name=\"34\"><span class=\"versanumer_ljod\">34<\/span><\/a> S\u00e6ll er s\u00e1 ma\u00f0ur sem hl\u00fd\u00f0ir \u00e1 mig, <br \/>kemur daglega a\u00f0 hli\u00f0um m\u00ednum og dvelst vi\u00f0 dyr m\u00ednar. <br \/> <\/span> <span class=\"ljodatexti\"> <a name=\"35\"><span class=\"versanumer_ljod\">35<\/span><\/a> S\u00e1 sem finnur mig finnur l\u00edfi\u00f0 <br \/>og \u00f6\u00f0last vel\u00fe\u00f3knun Drottins. <br \/> <\/span> <span class=\"ljodatexti\"> <a name=\"36\"><span class=\"versanumer_ljod\">36<\/span><\/a> S\u00e1 sem missir m\u00edn vinnur sj\u00e1lfum s\u00e9r mein. <br \/>\u00deeir sem hata mig elska dau\u00f0ann. <\/span> <\/p>\n","protected":false},"excerpt":{"rendered":"<p>Spekin tekur til m\u00e1ls 1Heyr, spekin kallar. Viskan hefur upp raust s\u00edna. 2Uppi \u00e1 h\u00e6\u00f0unum, vi\u00f0 veginn og vi\u00f0 krossg\u00f6turnar stendur h\u00fan, 3vi\u00f0 hli\u00f0in \u00fat \u00far borginni, \u00fear sem gengi\u00f0 er inn, kallar h\u00fan h\u00e1st\u00f6fum: 4Til y\u00f0ar tala \u00e9g, menn, og r\u00f6dd minni er beint til mannanna barna. 5\u00de\u00e9r \u00f3reyndu, l\u00e6ri\u00f0 hyggindi, og \u00fe\u00e9r heimskingjar, l\u00e6ri\u00f0 skynsemi. 6Hl\u00fd\u00f0i\u00f0 \u00e1 \u00fev\u00ed a\u00f0 \u00e9g bo\u00f0a \u00fea\u00f0 sem mikilv\u00e6gt er og varir m\u00ednar tj\u00e1 \u00fea\u00f0 sem r\u00e9tt er. 7Sannleikur kemur af munni m\u00ednum og lygi er vi\u00f0bj\u00f3\u00f0ur v\u00f6rum m\u00ednum. 8R\u00e9ttv\u00edsi bo\u00f0a \u00f6ll or\u00f0 munns m\u00edns, \u00ed \u00feeim er hvorki fals n\u00e9 fl\u00e1r\u00e6\u00f0i. 9\u00d6ll <a href=\"https:\/\/biblian.is\/biblian\/ordskvidirnir-8-kafli\/\"> [&#8230;]<\/a><\/p>\n","protected":false},"author":1,"featured_media":0,"parent":0,"menu_order":0,"comment_status":"open","ping_status":"open","template":"bibliukaflar_okv.php","meta":{"footnotes":""},"class_list":["post-2253","page","type-page","status-publish","hentry"],"_links":{"self":[{"href":"https:\/\/biblian.is\/biblian\/wp-json\/wp\/v2\/pages\/2253","targetHints":{"allow":["GET"]}}],"collection":[{"href":"https:\/\/biblian.is\/biblian\/wp-json\/wp\/v2\/pages"}],"about":[{"href":"https:\/\/biblian.is\/biblian\/wp-json\/wp\/v2\/types\/page"}],"author":[{"embeddable":true,"href":"https:\/\/biblian.is\/biblian\/wp-json\/wp\/v2\/users\/1"}],"replies":[{"embeddable":true,"href":"https:\/\/biblian.is\/biblian\/wp-json\/wp\/v2\/comments?post=2253"}],"version-history":[{"count":0,"href":"https:\/\/biblian.is\/biblian\/wp-json\/wp\/v2\/pages\/2253\/revisions"}],"wp:attachment":[{"href":"https:\/\/biblian.is\/biblian\/wp-json\/wp\/v2\/media?parent=2253"}],"curies":[{"name":"wp","href":"https:\/\/api.w.org\/{rel}","templated":true}]}}