{"id":2252,"date":"2017-12-30T21:02:21","date_gmt":"2017-12-30T21:02:21","guid":{"rendered":"http:\/\/biblian.is\/biblian\/or_skvi_irnir-7-kafli\/"},"modified":"2021-02-15T19:13:45","modified_gmt":"2021-02-15T19:13:45","slug":"ordskvidirnir-7-kafli","status":"publish","type":"page","link":"https:\/\/biblian.is\/biblian\/ordskvidirnir-7-kafli\/","title":{"rendered":"Or\u00f0skvi\u00f0irnir 7. kafli"},"content":{"rendered":"<p><span class=\"ljodatexti\"> <a name=\"1\"><span class=\"versanumer_ljod\">1<\/span><\/a>Sonur minn, var\u00f0veittu or\u00f0 m\u00edn <br \/>og hugfestu fyrirm\u00e6li m\u00edn. <br \/> <\/span> <span class=\"ljodatexti\"> <a name=\"2\"><span class=\"versanumer_ljod\">2<\/span><\/a>Var\u00f0veittu fyrirm\u00e6li m\u00edn, \u00fev\u00ed a\u00f0 \u00fe\u00e1 munt \u00fe\u00fa lifa, <br \/>og lei\u00f0s\u00f6gn m\u00edna eins og sj\u00e1aldur auga \u00fe\u00edns. <br \/> <\/span> <span class=\"ljodatexti\"> <a name=\"3\"><span class=\"versanumer_ljod\">3<\/span><\/a>Bind \u00feau \u00e1 fingur \u00fe\u00edna <br \/>og skr\u00e1\u00f0u \u00feau \u00e1 spjald hjarta \u00fe\u00edns. <br \/> <\/span> <span class=\"ljodatexti\"> <a name=\"4\"><span class=\"versanumer_ljod\">4<\/span><\/a>Seg\u00f0u vi\u00f0 spekina: \u201e\u00de\u00fa ert systir m\u00edn,\u201c <br \/>og kalla\u00f0u skynsemina vinkonu <br \/> <\/span> <span class=\"ljodatexti\"> <a name=\"5\"><span class=\"versanumer_ljod\">5<\/span><\/a>svo a\u00f0 \u00fe\u00e6r var\u00f0veiti \u00feig fyrir hinni framandi konu, <br \/>hinni bl\u00ed\u00f0m\u00e1lgu konu. <br \/> <\/span> <span class=\"ljodatexti\"> <a name=\"6\"><span class=\"versanumer_ljod\">6<\/span><\/a>\u00dat um gluggann \u00e1 h\u00fasi m\u00ednu<br \/>skima\u00f0i \u00e9g milli rimlanna<br \/> <\/span> <span class=\"ljodatexti\"> <a name=\"7\"><span class=\"versanumer_ljod\">7<\/span><\/a>og s\u00e1 \u00fear me\u00f0al sveinanna <br \/>ungan og vitstola mann. <br \/> <\/span> <span class=\"ljodatexti\"> <a name=\"8\"><span class=\"versanumer_ljod\">8<\/span><\/a>Hann kom a\u00f0 g\u00f6tuhorni <br \/>og feta\u00f0i lei\u00f0ina a\u00f0 h\u00fasi hennar, <br \/> <\/span> <span class=\"ljodatexti\"> <a name=\"9\"><span class=\"versanumer_ljod\">9<\/span><\/a>\u00ed r\u00f6kkrinu, a\u00f0 kv\u00f6ldi dags, <br \/>um mi\u00f0ja n\u00f3tt og \u00ed ni\u00f0dimmu. <br \/> <\/span> <span class=\"ljodatexti\"> <a name=\"10\"><span class=\"versanumer_ljod\">10<\/span><\/a>Kona gekk til m\u00f3ts vi\u00f0 hann, <br \/>kl\u00e6dd sem sk\u00e6kja og undirf\u00f6rul \u00ed hjarta, <br \/> <\/span> <span class=\"ljodatexti\"> <a name=\"11\"><span class=\"versanumer_ljod\">11<\/span><\/a>eir\u00f0arlaus \u00f3hemja er h\u00fan <br \/>og hefst aldrei vi\u00f0 heima, <br \/> <\/span> <span class=\"ljodatexti\"> <a name=\"12\"><span class=\"versanumer_ljod\">12<\/span><\/a>h\u00fan er \u00fdmist \u00e1 g\u00f6tunum e\u00f0a \u00e1 torgunum <br \/>og liggur \u00ed leyni vi\u00f0 hvert horn, <br \/> <\/span> <span class=\"ljodatexti\"> <a name=\"13\"><span class=\"versanumer_ljod\">13<\/span><\/a>\u00fer\u00edfur \u00ed hann og kyssir hann <br \/>og segir \u00ed blyg\u00f0unarleysi: <br \/> <\/span> <span class=\"ljodatexti\"> <a name=\"14\"><span class=\"versanumer_ljod\">14<\/span><\/a>\u201e\u00c9g \u00e1tti a\u00f0 f\u00e6ra heillaf\u00f3rn, <br \/>\u00ed dag hef \u00e9g goldi\u00f0 heit mitt. <br \/> <\/span> <span class=\"ljodatexti\"> <a name=\"15\"><span class=\"versanumer_ljod\">15<\/span><\/a>\u00deess vegna f\u00f3r \u00e9g \u00fat a\u00f0 finna \u00feig <br \/>til \u00feess a\u00f0 leita \u00fe\u00edn, og hef n\u00fa fundi\u00f0 \u00feig. <br \/> <\/span> <span class=\"ljodatexti\"> <a name=\"16\"><span class=\"versanumer_ljod\">16<\/span><\/a>\u00c9g hef b\u00fai\u00f0 r\u00fam mitt \u00e1brei\u00f0um, <br \/>marglitum \u00e1brei\u00f0um \u00far egypsku l\u00edni. <br \/> <\/span> <span class=\"ljodatexti\"> <a name=\"17\"><span class=\"versanumer_ljod\">17<\/span><\/a>Myrru, al\u00f3e og kanel <br \/>hef \u00e9g st\u00f6kkt \u00e1 hv\u00edlu m\u00edna. <br \/> <\/span> <span class=\"ljodatexti\"> <a name=\"18\"><span class=\"versanumer_ljod\">18<\/span><\/a>Komdu, vi\u00f0 drekkum okkur \u00e1stdrukkin, <br \/>nj\u00f3tum \u00e1sta fram \u00e1 morgun. <br \/> <\/span> <span class=\"ljodatexti\"> <a name=\"19\"><span class=\"versanumer_ljod\">19<\/span><\/a>Ma\u00f0urinn minn er a\u00f0 heiman, <br \/>hann er farinn \u00ed langfer\u00f0. <br \/> <\/span> <span class=\"ljodatexti\"> <a name=\"20\"><span class=\"versanumer_ljod\">20<\/span><\/a>Peningapyngjuna t\u00f3k hann me\u00f0 s\u00e9r, <br \/>hann kemur ekki heim fyrr en \u00ed tunglfyllingu.\u201c <br \/> <\/span> <span class=\"ljodatexti\"> <a name=\"21\"><span class=\"versanumer_ljod\">21<\/span><\/a>H\u00fan t\u00e6lir hann me\u00f0 fort\u00f6lum <br \/>og ginnir hann me\u00f0 bl\u00ed\u00f0m\u00e6lgi. <br \/> <\/span> <span class=\"ljodatexti\"> <a name=\"22\"><span class=\"versanumer_ljod\">22<\/span><\/a> Hann fer raklei\u00f0is \u00e1 eftir henni <br \/>eins og naut \u00e1 lei\u00f0 til sl\u00e1trunar, <br \/>eins og hj\u00f6rtur sem anar \u00ed neti\u00f0 <br \/> <\/span> <span class=\"ljodatexti\"> <a name=\"23\"><span class=\"versanumer_ljod\">23<\/span><\/a> uns \u00f6rin sm\u00fdgur gegnum lifur hans, <br \/>eins og fuglinn hra\u00f0ar s\u00e9r \u00ed sn\u00f6runa <br \/>og veit ekki a\u00f0 l\u00edf hans er \u00ed ve\u00f0i. <br \/> <\/span> <span class=\"ljodatexti\"> <a name=\"24\"><span class=\"versanumer_ljod\">24<\/span><\/a> \u00de\u00e9r yngismenn, hl\u00fd\u00f0i\u00f0 \u00fev\u00ed \u00e1 mig <br \/>og gefi\u00f0 gaum a\u00f0 or\u00f0um m\u00ednum. <br \/> <\/span> <span class=\"ljodatexti\"> <a name=\"25\"><span class=\"versanumer_ljod\">25<\/span><\/a> L\u00e1ttu ekki hjarta\u00f0 t\u00e6last \u00e1 lei\u00f0 hennar, <br \/>villstu ekki inn \u00e1 g\u00f6tur hennar. <br \/> <\/span> <span class=\"ljodatexti\"> <a name=\"26\"><span class=\"versanumer_ljod\">26<\/span><\/a> Marga hefur h\u00fan s\u00e6rt \u00f3l\u00edfiss\u00e1ri <br \/>og f\u00f3rnarl\u00f6mb hennar eru \u00f3teljandi.<br \/> <\/span> <span class=\"ljodatexti\"> <a name=\"27\"><span class=\"versanumer_ljod\">27<\/span><\/a> H\u00fas hennar er helvegur <br \/>ni\u00f0ur til heimkynna dau\u00f0ans. <\/span> <\/p>\n","protected":false},"excerpt":{"rendered":"<p>1Sonur minn, var\u00f0veittu or\u00f0 m\u00edn og hugfestu fyrirm\u00e6li m\u00edn. 2Var\u00f0veittu fyrirm\u00e6li m\u00edn, \u00fev\u00ed a\u00f0 \u00fe\u00e1 munt \u00fe\u00fa lifa, og lei\u00f0s\u00f6gn m\u00edna eins og sj\u00e1aldur auga \u00fe\u00edns. 3Bind \u00feau \u00e1 fingur \u00fe\u00edna og skr\u00e1\u00f0u \u00feau \u00e1 spjald hjarta \u00fe\u00edns. 4Seg\u00f0u vi\u00f0 spekina: \u201e\u00de\u00fa ert systir m\u00edn,\u201c og kalla\u00f0u skynsemina vinkonu 5svo a\u00f0 \u00fe\u00e6r var\u00f0veiti \u00feig fyrir hinni framandi konu, hinni bl\u00ed\u00f0m\u00e1lgu konu. 6\u00dat um gluggann \u00e1 h\u00fasi m\u00ednuskima\u00f0i \u00e9g milli rimlanna 7og s\u00e1 \u00fear me\u00f0al sveinanna ungan og vitstola mann. 8Hann kom a\u00f0 g\u00f6tuhorni og feta\u00f0i lei\u00f0ina a\u00f0 h\u00fasi hennar, 9\u00ed r\u00f6kkrinu, a\u00f0 kv\u00f6ldi dags, um mi\u00f0ja n\u00f3tt og \u00ed ni\u00f0dimmu. <a href=\"https:\/\/biblian.is\/biblian\/ordskvidirnir-7-kafli\/\"> [&#8230;]<\/a><\/p>\n","protected":false},"author":1,"featured_media":0,"parent":0,"menu_order":0,"comment_status":"open","ping_status":"open","template":"bibliukaflar_okv.php","meta":{"footnotes":""},"class_list":["post-2252","page","type-page","status-publish","hentry"],"_links":{"self":[{"href":"https:\/\/biblian.is\/biblian\/wp-json\/wp\/v2\/pages\/2252","targetHints":{"allow":["GET"]}}],"collection":[{"href":"https:\/\/biblian.is\/biblian\/wp-json\/wp\/v2\/pages"}],"about":[{"href":"https:\/\/biblian.is\/biblian\/wp-json\/wp\/v2\/types\/page"}],"author":[{"embeddable":true,"href":"https:\/\/biblian.is\/biblian\/wp-json\/wp\/v2\/users\/1"}],"replies":[{"embeddable":true,"href":"https:\/\/biblian.is\/biblian\/wp-json\/wp\/v2\/comments?post=2252"}],"version-history":[{"count":0,"href":"https:\/\/biblian.is\/biblian\/wp-json\/wp\/v2\/pages\/2252\/revisions"}],"wp:attachment":[{"href":"https:\/\/biblian.is\/biblian\/wp-json\/wp\/v2\/media?parent=2252"}],"curies":[{"name":"wp","href":"https:\/\/api.w.org\/{rel}","templated":true}]}}