{"id":2251,"date":"2017-12-30T21:02:21","date_gmt":"2017-12-30T21:02:21","guid":{"rendered":"http:\/\/biblian.is\/biblian\/or_skvi_irnir-6-kafli\/"},"modified":"2021-02-15T19:13:45","modified_gmt":"2021-02-15T19:13:45","slug":"ordskvidirnir-6-kafli","status":"publish","type":"page","link":"https:\/\/biblian.is\/biblian\/ordskvidirnir-6-kafli\/","title":{"rendered":"Or\u00f0skvi\u00f0irnir 6. kafli"},"content":{"rendered":"<h3 class=\"millifyrirsogn_2007\"> Hagn\u00fdt r\u00e1\u00f0<\/h3>\n<p><span class=\"ljodatexti\"> <a name=\"1\"><span class=\"versanumer_ljod\">1<\/span><\/a>Sonur minn, hafir \u00fe\u00fa gengi\u00f0 \u00ed \u00e1byrg\u00f0 fyrir n\u00e1unga \u00feinn, <br \/>hafir \u00fe\u00fa \u00e1tt handsal vi\u00f0 framandi mann, <br \/> <\/span> <span class=\"ljodatexti\"> <a name=\"2\"><span class=\"versanumer_ljod\">2<\/span><\/a>\u00fe\u00e1 hefur\u00f0u bundi\u00f0 \u00feig eigin or\u00f0um, <br \/>l\u00e1ti\u00f0 fangast af or\u00f0um munns \u00fe\u00edns. <br \/> <\/span> <span class=\"ljodatexti\"> <a name=\"3\"><span class=\"versanumer_ljod\">3<\/span><\/a>Ger\u00f0u \u00fe\u00e1 \u00feetta, sonur minn, til a\u00f0 losa \u00feig <br \/>\u00fev\u00ed a\u00f0 \u00fe\u00fa ert kominn \u00e1 vald n\u00e1unga \u00fe\u00edns: <br \/>Far\u00f0u \u00ed fl\u00fdti og legg\u00f0u a\u00f0 n\u00e1unga \u00fe\u00ednum. <br \/> <\/span> <span class=\"ljodatexti\"> <a name=\"4\"><span class=\"versanumer_ljod\">4<\/span><\/a>L\u00e1ttu \u00fe\u00e9r hvorki koma d\u00far \u00e1 auga n\u00e9 blundur \u00e1 br\u00e1. <br \/> <\/span> <span class=\"ljodatexti\"> <a name=\"5\"><span class=\"versanumer_ljod\">5<\/span><\/a>Losa\u00f0u \u00feig eins og d\u00e1d\u00fdr \u00far h\u00f6ndum hans, <br \/>eins og fugl \u00far h\u00f6ndum fuglarans. <br \/> <\/span> <span class=\"ljodatexti\"> <a name=\"6\"><span class=\"versanumer_ljod\">6<\/span><\/a>Far\u00f0u til maursins, letingi. <br \/>Sko\u00f0a\u00f0u h\u00e1ttu hans og l\u00e6r\u00f0u hyggindi. <br \/> <\/span> <span class=\"ljodatexti\"> <a name=\"7\"><span class=\"versanumer_ljod\">7<\/span><\/a>\u00de\u00f3tt hann hafi engan h\u00f6f\u00f0ingja, <br \/>engan yfirbo\u00f0ara e\u00f0a valdsherra, <br \/> <\/span> <span class=\"ljodatexti\"> <a name=\"8\"><span class=\"versanumer_ljod\">8<\/span><\/a>\u00fe\u00e1 aflar hann s\u00e9r samt vista \u00e1 sumrin <br \/>og dregur saman f\u00e6\u00f0una um uppskerut\u00edmann. <br \/> <\/span> <span class=\"ljodatexti\"> <a name=\"9\"><span class=\"versanumer_ljod\">9<\/span><\/a>Hve lengi \u00e6tlar \u00fe\u00fa a\u00f0 hv\u00edlast, letingi? <br \/>Hven\u00e6r \u00e6tlar \u00fe\u00fa a\u00f0 r\u00edsa af svefni? <br \/> <\/span> <span class=\"ljodatexti\"> <a name=\"10\"><span class=\"versanumer_ljod\">10<\/span><\/a>Sofa \u00f6gn enn, blunda \u00f6gn enn, <br \/>leggja saman hendur til a\u00f0 hv\u00edlast \u00f6gn enn. <br \/> <\/span> <span class=\"ljodatexti\"> <a name=\"11\"><span class=\"versanumer_ljod\">11<\/span><\/a>\u00de\u00e1 kemur f\u00e1t\u00e6ktin yfir \u00feig eins og r\u00e6ningi, <br \/>skorturinn eins og vopna\u00f0ur ma\u00f0ur. <br \/> <\/span> <span class=\"ljodatexti\"> <a name=\"12\"><span class=\"versanumer_ljod\">12<\/span><\/a>Varmenni\u00f0, illmenni\u00f0, talar tveimur tungum, <br \/> <\/span> <span class=\"ljodatexti\"> <a name=\"13\"><span class=\"versanumer_ljod\">13<\/span><\/a>deplar augunum, gefur merki me\u00f0 f\u00f3tunum <br \/>og bendir fingrunum, <br \/> <\/span> <span class=\"ljodatexti\"> <a name=\"14\"><span class=\"versanumer_ljod\">14<\/span><\/a>bruggar v\u00e9lr\u00e1\u00f0 \u00ed hjarta s\u00ednu, <br \/>\u00e1formar \u00f3d\u00e6\u00f0i, kveikir illdeilur. <br \/> <\/span> <span class=\"ljodatexti\"> <a name=\"15\"><span class=\"versanumer_ljod\">15<\/span><\/a>\u00dev\u00ed mun \u00f3g\u00e6fan steypast yfir hann, <br \/>\u00e1 augabrag\u00f0i kemur hrun hans <br \/>og ekkert er til bjargar. <br \/> <\/span> <span class=\"ljodatexti\"> <a name=\"16\"><span class=\"versanumer_ljod\">16<\/span><\/a>Sex hluti hatar Drottinn <br \/>og sj\u00f6 eru s\u00e1lu hans andstygg\u00f0: <br \/> <\/span> <span class=\"ljodatexti\"> <a name=\"17\"><span class=\"versanumer_ljod\">17<\/span><\/a>hrokafullt augnar\u00e1\u00f0, lygin tunga <br \/>og hendur sem \u00fathella saklausu bl\u00f3\u00f0i, <br \/> <\/span> <span class=\"ljodatexti\"> <a name=\"18\"><span class=\"versanumer_ljod\">18<\/span><\/a>hjarta sem bruggar fj\u00f6rr\u00e1\u00f0, <br \/>f\u00e6tur sem fr\u00e1ir eru til illverka, <br \/> <\/span> <span class=\"ljodatexti\"> <a name=\"19\"><span class=\"versanumer_ljod\">19<\/span><\/a>lj\u00fagvottur sem sver meins\u00e6ri <br \/>og s\u00e1 sem kveikir illdeilur me\u00f0al br\u00e6\u00f0ra. <br \/> <\/span> <span class=\"ljodatexti\"> <a name=\"20\"><span class=\"versanumer_ljod\">20<\/span><\/a>Var\u00f0veittu, sonur minn, fyrirm\u00e6li f\u00f6\u00f0ur \u00fe\u00edns <br \/>og hafna\u00f0u ekki vi\u00f0v\u00f6run m\u00f3\u00f0ur \u00feinnar. <br \/> <\/span> <span class=\"ljodatexti\"> <a name=\"21\"><span class=\"versanumer_ljod\">21<\/span><\/a>Festu \u00feau \u00e1 hjarta \u00feitt, <br \/>bittu \u00feau um h\u00e1ls \u00feinn. <br \/> <\/span> <span class=\"ljodatexti\"> <a name=\"22\"><span class=\"versanumer_ljod\">22<\/span><\/a> \u00deau lei\u00f0a \u00feig hvar sem \u00fe\u00fa fer\u00f0, <br \/>\u00feegar \u00fe\u00fa hv\u00edlist vaka \u00feau yfir \u00fe\u00e9r <br \/>og \u00feegar \u00fe\u00fa vaknar, \u00fe\u00e1 tala \u00feau til \u00fe\u00edn. <br \/> <\/span> <span class=\"ljodatexti\"> <a name=\"23\"><span class=\"versanumer_ljod\">23<\/span><\/a> \u00dev\u00ed a\u00f0 fyrirm\u00e6li eru lampi og vi\u00f0v\u00f6run lj\u00f3s, <br \/>og hvatning og handlei\u00f0sla lei\u00f0 til l\u00edfsins <br \/> <\/span> <span class=\"ljodatexti\"> <a name=\"24\"><span class=\"versanumer_ljod\">24<\/span><\/a> \u00fev\u00ed a\u00f0 \u00fe\u00e6r var\u00f0veita \u00feig fyrir vondri konu, <br \/>fyrir h\u00e1lli tungu framandi konu. <br \/> <\/span> <span class=\"ljodatexti\"> <a name=\"25\"><span class=\"versanumer_ljod\">25<\/span><\/a> Girnstu ekki fegur\u00f0 hennar \u00ed hjarta \u00fe\u00ednu <br \/>og l\u00e1ttu hana ekki ginna \u00feig me\u00f0 augnar\u00e1\u00f0i s\u00ednu. <br \/> <\/span> <span class=\"ljodatexti\"> <a name=\"26\"><span class=\"versanumer_ljod\">26<\/span><\/a> \u00dev\u00ed a\u00f0 sk\u00e6kja f\u00e6st fyrir einn brau\u00f0hleif <br \/>en \u00f3tr\u00fa kona n\u00e1unga \u00fe\u00edns s\u00e6kist eftir l\u00edfi \u00fe\u00ednu. <br \/> <\/span> <span class=\"ljodatexti\"> <a name=\"27\"><span class=\"versanumer_ljod\">27<\/span><\/a> Getur nokkur bori\u00f0 gl\u00f3\u00f0 \u00ed kl\u00e6\u00f0afaldi <br \/>\u00e1n \u00feess a\u00f0 f\u00f6t hans svi\u00f0ni? <br \/> <\/span> <span class=\"ljodatexti\"> <a name=\"28\"><span class=\"versanumer_ljod\">28<\/span><\/a> Getur nokkur gengi\u00f0 \u00e1 gl\u00f3\u00f0um <br \/>\u00e1n \u00feess a\u00f0 sv\u00ed\u00f0a iljar s\u00ednar? <br \/> <\/span> <span class=\"ljodatexti\"> <a name=\"29\"><span class=\"versanumer_ljod\">29<\/span><\/a> Svo fer \u00feeim sem hefur m\u00f6k vi\u00f0 konu n\u00e1unga s\u00edns, <br \/>s\u00e1 hl\u00fdtur refsingu sem hana snertir. <br \/> <\/span> <span class=\"ljodatexti\"> <a name=\"30\"><span class=\"versanumer_ljod\">30<\/span><\/a> Enginn fyrirl\u00edtur \u00fej\u00f3finn <br \/>\u00feegar hann stelur til a\u00f0 se\u00f0ja hungur sitt. <br \/> <\/span> <span class=\"ljodatexti\"> <a name=\"31\"><span class=\"versanumer_ljod\">31<\/span><\/a> N\u00e1ist hann ver\u00f0ur hann \u00fe\u00f3 a\u00f0 grei\u00f0a sj\u00f6falt <br \/>og l\u00e1ta fr\u00e1 s\u00e9r allar eigur s\u00ednar. <br \/> <\/span> <span class=\"ljodatexti\"> <a name=\"32\"><span class=\"versanumer_ljod\">32<\/span><\/a> S\u00e1 sem dr\u00fdgir h\u00f3r me\u00f0 giftri konu <br \/>er vitstola, hann steypir sj\u00e1lfum s\u00e9r \u00ed gl\u00f6tun. <br \/> <\/span> <span class=\"ljodatexti\"> <a name=\"33\"><span class=\"versanumer_ljod\">33<\/span><\/a> H\u00f6gg og sm\u00e1n mun hann hlj\u00f3ta <br \/>og vans\u00e6md hans ver\u00f0ur aldrei afm\u00e1\u00f0. <br \/> <\/span> <span class=\"ljodatexti\"> <a name=\"34\"><span class=\"versanumer_ljod\">34<\/span><\/a> Eiginma\u00f0urinn ver\u00f0ur hamstola af rei\u00f0i <br \/>og hefnd hans ver\u00f0ur v\u00e6g\u00f0arlaus, <br \/> <\/span> <span class=\"ljodatexti\"> <a name=\"35\"><span class=\"versanumer_ljod\">35<\/span><\/a> hann l\u00edtur ekki vi\u00f0 neinum b\u00f3tum <br \/>og hafnar gj\u00f6fum \u00fe\u00ednum hversu r\u00edkulegar sem \u00fe\u00e6r eru. <\/span> <\/p>\n","protected":false},"excerpt":{"rendered":"<p>Hagn\u00fdt r\u00e1\u00f0 1Sonur minn, hafir \u00fe\u00fa gengi\u00f0 \u00ed \u00e1byrg\u00f0 fyrir n\u00e1unga \u00feinn, hafir \u00fe\u00fa \u00e1tt handsal vi\u00f0 framandi mann, 2\u00fe\u00e1 hefur\u00f0u bundi\u00f0 \u00feig eigin or\u00f0um, l\u00e1ti\u00f0 fangast af or\u00f0um munns \u00fe\u00edns. 3Ger\u00f0u \u00fe\u00e1 \u00feetta, sonur minn, til a\u00f0 losa \u00feig \u00fev\u00ed a\u00f0 \u00fe\u00fa ert kominn \u00e1 vald n\u00e1unga \u00fe\u00edns: Far\u00f0u \u00ed fl\u00fdti og legg\u00f0u a\u00f0 n\u00e1unga \u00fe\u00ednum. 4L\u00e1ttu \u00fe\u00e9r hvorki koma d\u00far \u00e1 auga n\u00e9 blundur \u00e1 br\u00e1. 5Losa\u00f0u \u00feig eins og d\u00e1d\u00fdr \u00far h\u00f6ndum hans, eins og fugl \u00far h\u00f6ndum fuglarans. 6Far\u00f0u til maursins, letingi. Sko\u00f0a\u00f0u h\u00e1ttu hans og l\u00e6r\u00f0u hyggindi. 7\u00de\u00f3tt hann hafi engan h\u00f6f\u00f0ingja, engan yfirbo\u00f0ara e\u00f0a <a href=\"https:\/\/biblian.is\/biblian\/ordskvidirnir-6-kafli\/\"> [&#8230;]<\/a><\/p>\n","protected":false},"author":1,"featured_media":0,"parent":0,"menu_order":0,"comment_status":"open","ping_status":"open","template":"bibliukaflar_okv.php","meta":{"footnotes":""},"class_list":["post-2251","page","type-page","status-publish","hentry"],"_links":{"self":[{"href":"https:\/\/biblian.is\/biblian\/wp-json\/wp\/v2\/pages\/2251","targetHints":{"allow":["GET"]}}],"collection":[{"href":"https:\/\/biblian.is\/biblian\/wp-json\/wp\/v2\/pages"}],"about":[{"href":"https:\/\/biblian.is\/biblian\/wp-json\/wp\/v2\/types\/page"}],"author":[{"embeddable":true,"href":"https:\/\/biblian.is\/biblian\/wp-json\/wp\/v2\/users\/1"}],"replies":[{"embeddable":true,"href":"https:\/\/biblian.is\/biblian\/wp-json\/wp\/v2\/comments?post=2251"}],"version-history":[{"count":0,"href":"https:\/\/biblian.is\/biblian\/wp-json\/wp\/v2\/pages\/2251\/revisions"}],"wp:attachment":[{"href":"https:\/\/biblian.is\/biblian\/wp-json\/wp\/v2\/media?parent=2251"}],"curies":[{"name":"wp","href":"https:\/\/api.w.org\/{rel}","templated":true}]}}