{"id":2248,"date":"2017-12-30T21:02:21","date_gmt":"2017-12-30T21:02:21","guid":{"rendered":"http:\/\/biblian.is\/biblian\/or_skvi_irnir-3-kafli\/"},"modified":"2021-02-15T19:13:43","modified_gmt":"2021-02-15T19:13:43","slug":"ordskvidirnir-3-kafli","status":"publish","type":"page","link":"https:\/\/biblian.is\/biblian\/ordskvidirnir-3-kafli\/","title":{"rendered":"Or\u00f0skvi\u00f0irnir 3. kafli"},"content":{"rendered":"<h3 class=\"millifyrirsogn_2007\"> Lei\u00f0in til spekinnar<\/h3>\n<p><span class=\"ljodatexti\"> <a name=\"1\"><span class=\"versanumer_ljod\">1<\/span><\/a>Sonur minn, gleymdu ekki kenningu minni <br \/> <\/span> <span class=\"ljodatexti\"> og hjarta \u00feitt var\u00f0veiti r\u00e1\u00f0 m\u00edn <br \/> <\/span> <span class=\"ljodatexti\"> <a name=\"2\"><span class=\"versanumer_ljod\">2<\/span><\/a>\u00fev\u00ed a\u00f0 langa l\u00edfdaga, fars\u00e6l \u00e1r <br \/>og velgengni munu \u00feau veita \u00fe\u00e9r r\u00edkulega. <br \/> <\/span> <span class=\"ljodatexti\"> <a name=\"3\"><span class=\"versanumer_ljod\">3<\/span><\/a>K\u00e6rleikur og trygg\u00f0 munu aldrei yfirgefa \u00feig. <br \/>Festu \u00feau um h\u00e1ls \u00fe\u00e9r og rita\u00f0u \u00feau \u00e1 spjald hjarta \u00fe\u00edns, <br \/> <\/span> <span class=\"ljodatexti\"> <a name=\"4\"><span class=\"versanumer_ljod\">4<\/span><\/a>\u00fe\u00e1 muntu hlj\u00f3ta hylli og g\u00f3\u00f0 hyggindi, <br \/>jafnt \u00ed augum Gu\u00f0s sem manna. <br \/> <\/span> <span class=\"ljodatexti\"> <a name=\"5\"><span class=\"versanumer_ljod\">5<\/span><\/a>Treystu Drottni af \u00f6llu hjarta <br \/>en reiddu \u00feig ekki \u00e1 eigi\u00f0 hyggjuvit. <br \/> <\/span> <span class=\"ljodatexti\"> <a name=\"6\"><span class=\"versanumer_ljod\">6<\/span><\/a>Minnstu hans \u00e1 \u00f6llum vegum \u00fe\u00ednum, <br \/>\u00fe\u00e1 mun hann gera lei\u00f0ir \u00fe\u00ednar grei\u00f0ar. <br \/> <\/span> <span class=\"ljodatexti\"> <a name=\"7\"><span class=\"versanumer_ljod\">7<\/span><\/a>\u00de\u00fa skalt ekki \u00feykjast vitur<br \/>en \u00f3ttast Drottin og for\u00f0ast illt, <br \/> <\/span> <span class=\"ljodatexti\"> <a name=\"8\"><span class=\"versanumer_ljod\">8<\/span><\/a>\u00fea\u00f0 er heiln\u00e6mt l\u00edkama \u00fe\u00ednum <br \/>og hressing beinum \u00fe\u00ednum. <br \/> <\/span> <span class=\"ljodatexti\"> <a name=\"9\"><span class=\"versanumer_ljod\">9<\/span><\/a>Tigna\u00f0u Drottin me\u00f0 eigum \u00fe\u00ednum <br \/>og me\u00f0 frumgr\u00f3\u00f0a allrar uppskeru \u00feinnar, <br \/> <\/span> <span class=\"ljodatexti\"> <a name=\"10\"><span class=\"versanumer_ljod\">10<\/span><\/a>\u00fe\u00e1 ver\u00f0a hl\u00f6\u00f0ur \u00fe\u00ednar fullar <br \/>og v\u00ednberjal\u00f6gurinn mun fl\u00f3a \u00far v\u00edn\u00fer\u00f3m \u00fe\u00ednum. <br \/> <\/span> <span class=\"ljodatexti\"> <a name=\"11\"><span class=\"versanumer_ljod\">11<\/span><\/a>Sonur minn, hafna\u00f0u ekki lei\u00f0s\u00f6gn Drottins <br \/>og l\u00e1ttu \u00fe\u00e9r ekki gremjast umv\u00f6ndun hans. <br \/> <\/span> <span class=\"ljodatexti\"> <a name=\"12\"><span class=\"versanumer_ljod\">12<\/span><\/a>Drottinn agar \u00feann sem hann elskar <br \/>og l\u00e6tur \u00feann son finna til sem hann hefur m\u00e6tur \u00e1.<br \/> <\/span> <span class=\"ljodatexti\"> <a name=\"13\"><span class=\"versanumer_ljod\">13<\/span><\/a>S\u00e6ll er s\u00e1 ma\u00f0ur sem \u00f6\u00f0last speki, <br \/>s\u00e1 sem hl\u00fdtur hyggindi. <br \/> <\/span> <span class=\"ljodatexti\"> <a name=\"14\"><span class=\"versanumer_ljod\">14<\/span><\/a>\u00dev\u00ed a\u00f0 betra er a\u00f0 afla s\u00e9r hennar en silfurs <br \/>og ar\u00f0urinn af henni er betri en gull. <br \/> <\/span> <span class=\"ljodatexti\"> <a name=\"15\"><span class=\"versanumer_ljod\">15<\/span><\/a>H\u00fan er d\u00fdrm\u00e6tari en perlur, <br \/>allir d\u00fdrgripir \u00fe\u00ednir jafnast ekki \u00e1 vi\u00f0 hana. <br \/> <\/span> <span class=\"ljodatexti\"> <a name=\"16\"><span class=\"versanumer_ljod\">16<\/span><\/a>Langir l\u00edfdagar eru \u00ed h\u00e6gri hendi hennar, <br \/>au\u00f0ur og s\u00e6md \u00ed vinstri hendi hennar. <br \/> <\/span> <span class=\"ljodatexti\"> <a name=\"17\"><span class=\"versanumer_ljod\">17<\/span><\/a>Vegir hennar eru yndislegir vegir <br \/>og allar g\u00f6tur hennar liggja til velfarna\u00f0ar. <br \/> <\/span> <span class=\"ljodatexti\"> <a name=\"18\"><span class=\"versanumer_ljod\">18<\/span><\/a>H\u00fan er tr\u00e9 l\u00edfsins \u00feeim sem h\u00f6ndla hana <br \/>og s\u00e6ll er hver s\u00e1 er heldur fast \u00ed hana. <br \/> <\/span> <span class=\"ljodatexti\"> <a name=\"19\"><span class=\"versanumer_ljod\">19<\/span><\/a>Drottinn grundvalla\u00f0i j\u00f6r\u00f0ina me\u00f0 visku <br \/>og kom himninum fyrir af speki. <br \/> <\/span> <span class=\"ljodatexti\"> <a name=\"20\"><span class=\"versanumer_ljod\">20<\/span><\/a>Fyrir \u00feekkingu hans myndu\u00f0ust hafdj\u00fapin <br \/>og d\u00f6ggin dr\u00fdpur \u00far sk\u00fdjunum. <br \/> <\/span> <span class=\"ljodatexti\"> <a name=\"21\"><span class=\"versanumer_ljod\">21<\/span><\/a>Sonur minn, var\u00f0veittu visku og g\u00e6tni, <br \/>l\u00e1ttu \u00fe\u00e6r ekki v\u00edkja fr\u00e1 augum \u00fe\u00ednum, <br \/> <\/span> <span class=\"ljodatexti\"> <a name=\"22\"><span class=\"versanumer_ljod\">22<\/span><\/a> \u00fe\u00e1 ver\u00f0a \u00fe\u00e6r s\u00e1lu \u00feinni til l\u00edfs <br \/>og h\u00e1lsi \u00fe\u00ednum til pr\u00fd\u00f0i. <br \/> <\/span> <span class=\"ljodatexti\"> <a name=\"23\"><span class=\"versanumer_ljod\">23<\/span><\/a> \u00de\u00e1 muntu ganga veg \u00feinn \u00f3hultur <br \/>og ekki hrasa. <br \/> <\/span> <span class=\"ljodatexti\"> <a name=\"24\"><span class=\"versanumer_ljod\">24<\/span><\/a> \u00deegar \u00fe\u00fa leggst til hv\u00edldar \u00fearftu ekki a\u00f0 hr\u00e6\u00f0ast <br \/>og sofnir \u00fe\u00fa ver\u00f0ur svefninn v\u00e6r. <br \/> <\/span> <span class=\"ljodatexti\"> <a name=\"25\"><span class=\"versanumer_ljod\">25<\/span><\/a> \u00de\u00fa \u00fearft hvorki a\u00f0 kv\u00ed\u00f0a felmtrinu <br \/>n\u00e9 ey\u00f0ingu hinna rangl\u00e1tu \u00feegar h\u00fan dynur yfir <br \/> <\/span> <span class=\"ljodatexti\"> <a name=\"26\"><span class=\"versanumer_ljod\">26<\/span><\/a> \u00fev\u00ed a\u00f0 Drottinn ver\u00f0ur athvarf \u00feitt <br \/>og var\u00f0veitir f\u00f3t \u00feinn svo a\u00f0 hann ver\u00f0i ekki fanginn. <br \/> <\/span> <span class=\"ljodatexti\"> <a name=\"27\"><span class=\"versanumer_ljod\">27<\/span><\/a> Synja\u00f0u ekki g\u00f3\u00f0s \u00feeim sem \u00fearfnast <br \/>ef \u00fea\u00f0 er \u00e1 \u00fe\u00ednu valdi a\u00f0 veita \u00fea\u00f0. <br \/> <\/span> <span class=\"ljodatexti\"> <a name=\"28\"><span class=\"versanumer_ljod\">28<\/span><\/a> Seg\u00f0u ekki vi\u00f0 n\u00e1unga \u00feinn: \u201eFar\u00f0u og komdu aftur. <br \/>\u00c1 morgun skal \u00e9g gefa \u00fe\u00e9r,\u201c ef \u00fe\u00fa \u00e1tt \u00fea\u00f0 til. <br \/> <\/span> <span class=\"ljodatexti\"> <a name=\"29\"><span class=\"versanumer_ljod\">29<\/span><\/a> Brugga\u00f0u ekki v\u00e9lr\u00e6\u00f0i gegn n\u00e1unga \u00fe\u00ednum <br \/>me\u00f0an hann dvelst \u00f6ruggur hj\u00e1 \u00fe\u00e9r. <br \/> <\/span> <span class=\"ljodatexti\"> <a name=\"30\"><span class=\"versanumer_ljod\">30<\/span><\/a> Deildu ekki vi\u00f0 neinn a\u00f0 \u00e1st\u00e6\u00f0ulausu <br \/>hafi hann ekki gert neitt \u00e1 hlut \u00feinn. <br \/> <\/span> <span class=\"ljodatexti\"> <a name=\"31\"><span class=\"versanumer_ljod\">31<\/span><\/a> \u00d6funda\u00f0u ekki ofbeldismanninn <br \/>og s\u00e6kstu ekki eftir neinum verkum hans. <br \/> <\/span> <span class=\"ljodatexti\"> <a name=\"32\"><span class=\"versanumer_ljod\">32<\/span><\/a> \u00dev\u00ed a\u00f0 andstygg\u00f0 er s\u00e1 Drottni sem afvega fer <br \/>en r\u00e1\u00f0vandir menn eru al\u00fa\u00f0arvinir hans. <br \/> <\/span> <span class=\"ljodatexti\"> <a name=\"33\"><span class=\"versanumer_ljod\">33<\/span><\/a> B\u00f6lvun Drottins er yfir h\u00fasi hins rangl\u00e1ta <br \/>en b\u00fasta\u00f0 r\u00e9ttl\u00e1tra blessar hann. <br \/> <\/span> <span class=\"ljodatexti\"> <a name=\"34\"><span class=\"versanumer_ljod\">34<\/span><\/a> H\u00e1\u00f0ska menn h\u00e6\u00f0ir hann <br \/>en h\u00f3gv\u00e6rum veitir hann n\u00e1\u00f0. <br \/> <\/span> <span class=\"ljodatexti\"> <a name=\"35\"><span class=\"versanumer_ljod\">35<\/span><\/a> Vitrir menn hlj\u00f3ta hei\u00f0ur <br \/>en heimskingjar bera sm\u00e1n \u00far b\u00fdtum. <\/span> <\/p>\n","protected":false},"excerpt":{"rendered":"<p>Lei\u00f0in til spekinnar 1Sonur minn, gleymdu ekki kenningu minni og hjarta \u00feitt var\u00f0veiti r\u00e1\u00f0 m\u00edn 2\u00fev\u00ed a\u00f0 langa l\u00edfdaga, fars\u00e6l \u00e1r og velgengni munu \u00feau veita \u00fe\u00e9r r\u00edkulega. 3K\u00e6rleikur og trygg\u00f0 munu aldrei yfirgefa \u00feig. Festu \u00feau um h\u00e1ls \u00fe\u00e9r og rita\u00f0u \u00feau \u00e1 spjald hjarta \u00fe\u00edns, 4\u00fe\u00e1 muntu hlj\u00f3ta hylli og g\u00f3\u00f0 hyggindi, jafnt \u00ed augum Gu\u00f0s sem manna. 5Treystu Drottni af \u00f6llu hjarta en reiddu \u00feig ekki \u00e1 eigi\u00f0 hyggjuvit. 6Minnstu hans \u00e1 \u00f6llum vegum \u00fe\u00ednum, \u00fe\u00e1 mun hann gera lei\u00f0ir \u00fe\u00ednar grei\u00f0ar. 7\u00de\u00fa skalt ekki \u00feykjast vituren \u00f3ttast Drottin og for\u00f0ast illt, 8\u00fea\u00f0 er heiln\u00e6mt l\u00edkama \u00fe\u00ednum <a href=\"https:\/\/biblian.is\/biblian\/ordskvidirnir-3-kafli\/\"> [&#8230;]<\/a><\/p>\n","protected":false},"author":1,"featured_media":0,"parent":0,"menu_order":0,"comment_status":"open","ping_status":"open","template":"bibliukaflar_okv.php","meta":{"footnotes":""},"class_list":["post-2248","page","type-page","status-publish","hentry"],"_links":{"self":[{"href":"https:\/\/biblian.is\/biblian\/wp-json\/wp\/v2\/pages\/2248","targetHints":{"allow":["GET"]}}],"collection":[{"href":"https:\/\/biblian.is\/biblian\/wp-json\/wp\/v2\/pages"}],"about":[{"href":"https:\/\/biblian.is\/biblian\/wp-json\/wp\/v2\/types\/page"}],"author":[{"embeddable":true,"href":"https:\/\/biblian.is\/biblian\/wp-json\/wp\/v2\/users\/1"}],"replies":[{"embeddable":true,"href":"https:\/\/biblian.is\/biblian\/wp-json\/wp\/v2\/comments?post=2248"}],"version-history":[{"count":0,"href":"https:\/\/biblian.is\/biblian\/wp-json\/wp\/v2\/pages\/2248\/revisions"}],"wp:attachment":[{"href":"https:\/\/biblian.is\/biblian\/wp-json\/wp\/v2\/media?parent=2248"}],"curies":[{"name":"wp","href":"https:\/\/api.w.org\/{rel}","templated":true}]}}