{"id":2247,"date":"2017-12-30T21:02:21","date_gmt":"2017-12-30T21:02:21","guid":{"rendered":"http:\/\/biblian.is\/biblian\/or_skvi_irnir-2-kafli\/"},"modified":"2021-02-15T19:13:40","modified_gmt":"2021-02-15T19:13:40","slug":"ordskvidirnir-2-kafli","status":"publish","type":"page","link":"https:\/\/biblian.is\/biblian\/ordskvidirnir-2-kafli\/","title":{"rendered":"Or\u00f0skvi\u00f0irnir 2. kafli"},"content":{"rendered":"<h3 class=\"millifyrirsogn_2007\"> Spekin, v\u00f6rn gegn illu<\/h3>\n<p><span class=\"ljodatexti\"> <a name=\"1\"><span class=\"versanumer_ljod\">1<\/span><\/a>Sonur minn, ef \u00fe\u00fa hl\u00fd\u00f0ir or\u00f0um m\u00ednum <br \/>og geymir bo\u00f0or\u00f0 m\u00edn hj\u00e1 \u00fe\u00e9r, <\/span> <span class=\"ljodatexti\"> <a name=\"2\"><span class=\"versanumer_ljod\">2<\/span><\/a>veitir spekinni athygli \u00fe\u00edna <br \/>og hneigir hjarta \u00feitt a\u00f0 hyggindum, <br \/> <\/span> <span class=\"ljodatexti\"> <a name=\"3\"><span class=\"versanumer_ljod\">3<\/span><\/a>j\u00e1, ef \u00fe\u00fa kallar \u00e1 skynsemina og hr\u00f3par \u00e1 hyggindin, <br \/> <\/span> <span class=\"ljodatexti\"> <a name=\"4\"><span class=\"versanumer_ljod\">4<\/span><\/a>ef \u00fe\u00fa leitar a\u00f0 \u00feeim eins og silfri <br \/>og grefur eftir \u00feeim eins og f\u00f3lgnum fj\u00e1rsj\u00f3\u00f0um, <br \/> <\/span> <span class=\"ljodatexti\"> <a name=\"5\"><span class=\"versanumer_ljod\">5<\/span><\/a>\u00fe\u00e1 mun \u00fe\u00e9r l\u00e6rast a\u00f0 \u00f3ttast Drottin <br \/>og veitast \u00feekking \u00e1 Gu\u00f0i. <br \/> <\/span> <span class=\"ljodatexti\"> <a name=\"6\"><span class=\"versanumer_ljod\">6<\/span><\/a>Drottinn veitir speki, <br \/>af munni hans kemur \u00feekking og hyggindi. <br \/> <\/span> <span class=\"ljodatexti\"> <a name=\"7\"><span class=\"versanumer_ljod\">7<\/span><\/a>Hann geymir hinum r\u00e1\u00f0v\u00f6ndu g\u00e6funa <br \/>og er skj\u00f6ldur \u00feeirra sem breyta grandvarlega <br \/> <\/span> <span class=\"ljodatexti\"> <a name=\"8\"><span class=\"versanumer_ljod\">8<\/span><\/a>\u00fev\u00ed a\u00f0 hann vakir yfir st\u00edgum r\u00e9ttl\u00e6tisins <br \/>og var\u00f0veitir veg sinna r\u00e9tts\u00fdnu. <br \/> <\/span> <span class=\"ljodatexti\"> <a name=\"9\"><span class=\"versanumer_ljod\">9<\/span><\/a>\u00de\u00e1 skilur \u00fe\u00fa einnig hva\u00f0 r\u00e9ttl\u00e6ti er, r\u00e9ttur og r\u00e9tts\u00fdni, <br \/>skilur s\u00e9rhverja braut hins g\u00f3\u00f0a. <br \/> <\/span> <span class=\"ljodatexti\"> <a name=\"10\"><span class=\"versanumer_ljod\">10<\/span><\/a>Speki mun \u00fe\u00e1 koma til hjarta \u00fe\u00edns, <br \/>og \u00feekkingin ver\u00f0a s\u00e1lu \u00feinni til yndis. <br \/> <\/span> <span class=\"ljodatexti\"> <a name=\"11\"><span class=\"versanumer_ljod\">11<\/span><\/a>A\u00f0g\u00e6tnin mun vernda \u00feig <br \/>og hyggindin var\u00f0veita \u00feig <br \/> <\/span> <span class=\"ljodatexti\"> <a name=\"12\"><span class=\"versanumer_ljod\">12<\/span><\/a>til \u00feess a\u00f0 frelsa \u00feig fr\u00e1 vegi hins illa, <br \/>fr\u00e1 \u00feeim m\u00f6nnum sem fara me\u00f0 fals, <br \/> <\/span> <span class=\"ljodatexti\"> <a name=\"13\"><span class=\"versanumer_ljod\">13<\/span><\/a>sem hverfa af lei\u00f0 einl\u00e6gninnar <br \/>og ganga \u00e1 vegum myrkursins, <br \/> <\/span> <span class=\"ljodatexti\"> <a name=\"14\"><span class=\"versanumer_ljod\">14<\/span><\/a>sem gamna s\u00e9r vi\u00f0 \u00f3d\u00e6\u00f0i <br \/>og fagna yfir illskuverkum, <br \/> <\/span> <span class=\"ljodatexti\"> <a name=\"15\"><span class=\"versanumer_ljod\">15<\/span><\/a>sem fara hlykkj\u00f3ttar lei\u00f0ir <br \/>og eru komnir \u00e1 glapstigu \u00ed breytni sinni,<br \/> <\/span> <span class=\"ljodatexti\"> <a name=\"16\"><span class=\"versanumer_ljod\">16<\/span><\/a>til a\u00f0 frelsa \u00feig fr\u00e1 l\u00e9tt\u00fa\u00f0ardr\u00f3s <br \/>og bl\u00ed\u00f0m\u00e6lgi hinnar framandi konu <span class=\"nedan_mal\" title=\" \u00d6nnur hugsanleg \u00fe\u00fd\u00f0ing: konu annars manns.\">[<\/span> <br \/> <\/span> <span class=\"ljodatexti\"> <a name=\"17\"><span class=\"versanumer_ljod\">17<\/span><\/a>sem hefur yfirgefi\u00f0 unnusta \u00e6sku sinnar <br \/>og gleymt s\u00e1ttm\u00e1la Gu\u00f0s s\u00edns, <br \/> <\/span> <span class=\"ljodatexti\"> <a name=\"18\"><span class=\"versanumer_ljod\">18<\/span><\/a>h\u00fasi hennar hallar til dau\u00f0ans <br \/>og brautir hennar liggja ni\u00f0ur til framli\u00f0inna, <br \/> <\/span> <span class=\"ljodatexti\"> <a name=\"19\"><span class=\"versanumer_ljod\">19<\/span><\/a>\u00feeir sem inn til hennar fara sn\u00faa ekki aftur <br \/>og aldrei n\u00e1 \u00feeir aftur \u00e1 l\u00edfsins stigu,<br \/> <\/span> <span class=\"ljodatexti\"> <a name=\"20\"><span class=\"versanumer_ljod\">20<\/span><\/a>til \u00feess a\u00f0 \u00fe\u00fa gangir \u00e1 vegi g\u00f3\u00f0ra manna <br \/>og haldir \u00feig \u00e1 lei\u00f0 r\u00e9ttl\u00e1tra. <br \/> <\/span> <span class=\"ljodatexti\"> <a name=\"21\"><span class=\"versanumer_ljod\">21<\/span><\/a>Hinir hreinlyndu munu byggja landi\u00f0 <br \/>og hinir r\u00e1\u00f0v\u00f6ndu ver\u00f0a \u00fear \u00e1fram. <br \/> <\/span> <span class=\"ljodatexti\"> <a name=\"22\"><span class=\"versanumer_ljod\">22<\/span><\/a> En hinir rangl\u00e1tu ver\u00f0a uppr\u00e6ttir \u00far landinu <br \/>og hinum svikulu ver\u00f0ur tort\u00edmt. <\/span> <span class=\"ljodatexti\"> <br \/> <\/span><\/p>\n","protected":false},"excerpt":{"rendered":"<p>Spekin, v\u00f6rn gegn illu 1Sonur minn, ef \u00fe\u00fa hl\u00fd\u00f0ir or\u00f0um m\u00ednum og geymir bo\u00f0or\u00f0 m\u00edn hj\u00e1 \u00fe\u00e9r, 2veitir spekinni athygli \u00fe\u00edna og hneigir hjarta \u00feitt a\u00f0 hyggindum, 3j\u00e1, ef \u00fe\u00fa kallar \u00e1 skynsemina og hr\u00f3par \u00e1 hyggindin, 4ef \u00fe\u00fa leitar a\u00f0 \u00feeim eins og silfri og grefur eftir \u00feeim eins og f\u00f3lgnum fj\u00e1rsj\u00f3\u00f0um, 5\u00fe\u00e1 mun \u00fe\u00e9r l\u00e6rast a\u00f0 \u00f3ttast Drottin og veitast \u00feekking \u00e1 Gu\u00f0i. 6Drottinn veitir speki, af munni hans kemur \u00feekking og hyggindi. 7Hann geymir hinum r\u00e1\u00f0v\u00f6ndu g\u00e6funa og er skj\u00f6ldur \u00feeirra sem breyta grandvarlega 8\u00fev\u00ed a\u00f0 hann vakir yfir st\u00edgum r\u00e9ttl\u00e6tisins og var\u00f0veitir veg sinna r\u00e9tts\u00fdnu. 9\u00de\u00e1 <a href=\"https:\/\/biblian.is\/biblian\/ordskvidirnir-2-kafli\/\"> [&#8230;]<\/a><\/p>\n","protected":false},"author":1,"featured_media":0,"parent":0,"menu_order":0,"comment_status":"open","ping_status":"open","template":"bibliukaflar_okv.php","meta":{"footnotes":""},"class_list":["post-2247","page","type-page","status-publish","hentry"],"_links":{"self":[{"href":"https:\/\/biblian.is\/biblian\/wp-json\/wp\/v2\/pages\/2247","targetHints":{"allow":["GET"]}}],"collection":[{"href":"https:\/\/biblian.is\/biblian\/wp-json\/wp\/v2\/pages"}],"about":[{"href":"https:\/\/biblian.is\/biblian\/wp-json\/wp\/v2\/types\/page"}],"author":[{"embeddable":true,"href":"https:\/\/biblian.is\/biblian\/wp-json\/wp\/v2\/users\/1"}],"replies":[{"embeddable":true,"href":"https:\/\/biblian.is\/biblian\/wp-json\/wp\/v2\/comments?post=2247"}],"version-history":[{"count":0,"href":"https:\/\/biblian.is\/biblian\/wp-json\/wp\/v2\/pages\/2247\/revisions"}],"wp:attachment":[{"href":"https:\/\/biblian.is\/biblian\/wp-json\/wp\/v2\/media?parent=2247"}],"curies":[{"name":"wp","href":"https:\/\/api.w.org\/{rel}","templated":true}]}}