{"id":2246,"date":"2017-12-30T21:02:21","date_gmt":"2017-12-30T21:02:21","guid":{"rendered":"http:\/\/biblian.is\/biblian\/or_skvi_irnir-1-kafli\/"},"modified":"2021-02-15T19:13:37","modified_gmt":"2021-02-15T19:13:37","slug":"ordskvidirnir-1-kafli","status":"publish","type":"page","link":"https:\/\/biblian.is\/biblian\/ordskvidirnir-1-kafli\/","title":{"rendered":"Or\u00f0skvi\u00f0irnir 1. kafli"},"content":{"rendered":"<h3 class=\"millifyrirsogn_2007\"> Spekin lofu\u00f0<\/h3>\n<p><a name=\"1\"><span class=\"versanumer_2007\">1<\/span><\/a> Or\u00f0skvi\u00f0ir Sal\u00f3mons Dav\u00ed\u00f0ssonar, konungs \u00ed \u00cdsrael,<br \/> <span class=\"ljodatexti\"> <a name=\"2\"><span class=\"versanumer_ljod\">2<\/span><\/a>til \u00feess a\u00f0 menn nemi visku og lei\u00f0s\u00f6gn <br \/>og l\u00e6ri a\u00f0 meta or\u00f0 skynseminnar, <br \/> <\/span> <span class=\"ljodatexti\"> <a name=\"3\"><span class=\"versanumer_ljod\">3<\/span><\/a>til \u00feess a\u00f0 menn hlj\u00f3ti viturlega lei\u00f0s\u00f6gn, <br \/>r\u00e9tts\u00fdni, sanngirni og hei\u00f0arleika, <br \/> <\/span> <span class=\"ljodatexti\"> <a name=\"4\"><span class=\"versanumer_ljod\">4<\/span><\/a>til \u00feess a\u00f0 \u00feeir ver\u00f0i \u00f3reyndum til r\u00e1\u00f0gjafar <br \/>og veiti unglingum \u00feekkingu og forsj\u00e1lni, <br \/> <\/span> <span class=\"ljodatexti\"> <a name=\"5\"><span class=\"versanumer_ljod\">5<\/span><\/a>hinn vitri hl\u00fd\u00f0ir \u00e1 og eykur l\u00e6rd\u00f3m sinn, <br \/>og hinn hyggni \u00feiggur hollr\u00e1\u00f0, <br \/> <\/span> <span class=\"ljodatexti\"> <a name=\"6\"><span class=\"versanumer_ljod\">6<\/span><\/a>til \u00feess a\u00f0 menn skilji or\u00f0skvi\u00f0i og l\u00edkingar, <br \/>or\u00f0 spekinganna og g\u00e1tur \u00feeirra. <\/span> <\/p>\n<h3 class=\"millifyrirsogn_2007\">Varastu sl\u00e6man f\u00e9lagsskap<\/h3>\n<p><span class=\"ljodatexti\"> <a name=\"7\"><span class=\"versanumer_ljod\">7<\/span><\/a>A\u00f0 \u00f3ttast Drottin er upphaf \u00feekkingar, <br \/> <\/span> <span class=\"ljodatexti\"> afgl\u00f6pum einum er \u00ed n\u00f6p vi\u00f0 visku og tils\u00f6gn. <br \/> <\/span> <span class=\"ljodatexti\"> <a name=\"8\"><span class=\"versanumer_ljod\">8<\/span><\/a>Hl\u00fdddu, sonur minn, \u00e1 \u00e1minningar f\u00f6\u00f0ur \u00fe\u00edns <br \/>og hafna\u00f0u ekki vi\u00f0v\u00f6run m\u00f3\u00f0ur \u00feinnar, <br \/> <\/span> <span class=\"ljodatexti\"> <a name=\"9\"><span class=\"versanumer_ljod\">9<\/span><\/a>\u00fe\u00e6r eru yndislegur sveigur \u00e1 h\u00f6f\u00f0i \u00fe\u00e9r <br \/>og men um h\u00e1ls \u00feinn. <br \/> <\/span> <span class=\"ljodatexti\"> <a name=\"10\"><span class=\"versanumer_ljod\">10<\/span><\/a>Sonur minn, \u00feegar sk\u00e1lkar ginna \u00feig <br \/>gegndu \u00feeim \u00fe\u00e1 ekki. <br \/> <\/span> <span class=\"ljodatexti\"> <a name=\"11\"><span class=\"versanumer_ljod\">11<\/span><\/a>\u00deegar \u00feeir segja: \u201eKom me\u00f0 oss. <br \/>Leggjumst \u00ed launs\u00e1tur til manndr\u00e1pa, <br \/>sitjum \u00e1n tilefnis um saklausa menn, <br \/> <\/span> <span class=\"ljodatexti\"> <a name=\"12\"><span class=\"versanumer_ljod\">12<\/span><\/a>gleypum \u00fe\u00e1 lifandi eins og hel, <br \/>me\u00f0 h\u00fa\u00f0 og h\u00e1ri eins og \u00fe\u00e1 sem eru horfnir til d\u00e1narheima. <br \/> <\/span> <span class=\"ljodatexti\"> <a name=\"13\"><span class=\"versanumer_ljod\">13<\/span><\/a>Alls kyns d\u00fdrgripi eignumst v\u00e9r <br \/>og fyllum h\u00fas vor r\u00e1nsfeng. <br \/> <\/span> <span class=\"ljodatexti\"> <a name=\"14\"><span class=\"versanumer_ljod\">14<\/span><\/a>\u00de\u00fa skalt taka jafnan hlut me\u00f0 oss, <br \/>einn sj\u00f3\u00f0 skulum v\u00e9r allir hafa.\u201c <br \/> <\/span> <span class=\"ljodatexti\"> <a name=\"15\"><span class=\"versanumer_ljod\">15<\/span><\/a>Sonur minn, gakktu ekki \u00e1 vegi \u00feeirra, <br \/>haltu f\u00e6ti \u00fe\u00ednum fr\u00e1 sl\u00f3\u00f0 \u00feeirra. <br \/> <\/span> <span class=\"ljodatexti\"> <a name=\"16\"><span class=\"versanumer_ljod\">16<\/span><\/a>F\u00e6tur \u00feeirra eru skj\u00f3tir til ills <br \/>og flj\u00f3tir eru \u00feeir til a\u00f0 \u00fathella bl\u00f3\u00f0i. <br \/> <\/span> <span class=\"ljodatexti\"> <a name=\"17\"><span class=\"versanumer_ljod\">17<\/span><\/a>Til einskis \u00feenja menn \u00fat neti\u00f0 <br \/>\u00ed augs\u00fdn allra fleygra fugla, <br \/> <\/span> <span class=\"ljodatexti\"> <a name=\"18\"><span class=\"versanumer_ljod\">18<\/span><\/a>sl\u00edkir menn sitja um eigi\u00f0 l\u00edf <br \/>og liggja \u00ed launs\u00e1tri fyrir sj\u00e1lfum s\u00e9r. <br \/> <\/span> <span class=\"ljodatexti\"> <a name=\"19\"><span class=\"versanumer_ljod\">19<\/span><\/a>\u00deannig fer \u00f6llum \u00feeim sem f\u00edknir eru \u00ed rangfenginn gr\u00f3\u00f0a: <br \/>f\u00edknin ver\u00f0ur \u00feeim a\u00f0 falli. <\/span> <\/p>\n<h3 class=\"millifyrirsogn_2007\">Spekin pr\u00e9dikar sinnaskipti<\/h3>\n<p><span class=\"ljodatexti\"> <a name=\"20\"><span class=\"versanumer_ljod\">20<\/span><\/a>Spekin kallar h\u00e1tt \u00e1 str\u00e6tunum <br \/> <\/span> <span class=\"ljodatexti\"> og l\u00e6tur r\u00f6dd s\u00edna gjalla \u00e1 torgunum. <br \/> <\/span> <span class=\"ljodatexti\"> <a name=\"21\"><span class=\"versanumer_ljod\">21<\/span><\/a>H\u00fan hr\u00f3par \u00e1 glaummiklum gatnam\u00f3tum, <br \/>vi\u00f0 borgarhli\u00f0in hefur h\u00fan upp r\u00f6dd s\u00edna: <br \/> <\/span> <span class=\"ljodatexti\"> <a name=\"22\"><span class=\"versanumer_ljod\">22<\/span><\/a> Hve lengi \u00e6tli\u00f0 \u00fe\u00e9r, f\u00e1v\u00edsu menn, a\u00f0 elska f\u00e1v\u00edsina <br \/>og hinir h\u00e1\u00f0gj\u00f6rnu a\u00f0 hafa yndi af h\u00e1\u00f0i <br \/>og heimskingjar a\u00f0 amast vi\u00f0 \u00feekkingu? <br \/> <\/span> <span class=\"ljodatexti\"> <a name=\"23\"><span class=\"versanumer_ljod\">23<\/span><\/a> L\u00e1ti\u00f0 skipast vi\u00f0 umv\u00f6ndun m\u00edna, <br \/>\u00e9g l\u00e6t anda minn streyma yfir y\u00f0ur <br \/>og kunngj\u00f6ri y\u00f0ur or\u00f0 m\u00edn. <br \/> <\/span> <span class=\"ljodatexti\"> <a name=\"24\"><span class=\"versanumer_ljod\">24<\/span><\/a> En \u00fe\u00e9r f\u00e6r\u00f0ust undan \u00feegar \u00e9g kalla\u00f0i <br \/>og enginn gaf \u00fev\u00ed gaum \u00fe\u00f3tt \u00e9g r\u00e9tti \u00fat h\u00f6ndina, <br \/> <\/span> <span class=\"ljodatexti\"> <a name=\"25\"><span class=\"versanumer_ljod\">25<\/span><\/a> heldur l\u00e9tu\u00f0 \u00fe\u00e9r \u00f6ll m\u00edn r\u00e1\u00f0 sem vind um eyru \u00fej\u00f3ta <br \/>og skeyttu\u00f0 ekki um a\u00f0finnslur m\u00ednar <br \/> <\/span> <span class=\"ljodatexti\"> <a name=\"26\"><span class=\"versanumer_ljod\">26<\/span><\/a> og \u00fev\u00ed mun \u00e9g hl\u00e6ja a\u00f0 \u00f3g\u00e6fu y\u00f0ar <br \/>og h\u00e6\u00f0a y\u00f0ur \u00feegar \u00f3g\u00e6fan dynur yfir y\u00f0ur, <br \/> <\/span> <span class=\"ljodatexti\"> <a name=\"27\"><span class=\"versanumer_ljod\">27<\/span><\/a> \u00feegar skelfingin hvolfist yfir y\u00f0ur eins og \u00ferumuve\u00f0ur <br \/>og \u00f3g\u00e6fa y\u00f0ar n\u00e1lgast eins og fellibylur, <br \/>\u00feegar ney\u00f0 og angist dynja yfir y\u00f0ur. <br \/> <\/span> <span class=\"ljodatexti\"> <a name=\"28\"><span class=\"versanumer_ljod\">28<\/span><\/a> \u00de\u00e1 munu \u00feeir kalla \u00e1 mig en \u00e9g mun ekki svara, <br \/>\u00feeir munu leita m\u00edn en ekki finna mig. <br \/> <\/span> <span class=\"ljodatexti\"> <a name=\"29\"><span class=\"versanumer_ljod\">29<\/span><\/a> \u00deeir h\u00f6tu\u00f0ust vi\u00f0 \u00feekkingu <br \/>og l\u00e9tu hj\u00e1 l\u00ed\u00f0a a\u00f0 \u00f3ttast Drottin, <br \/> <\/span> <span class=\"ljodatexti\"> <a name=\"30\"><span class=\"versanumer_ljod\">30<\/span><\/a> \u00feeir sinntu ekki r\u00e1\u00f0um m\u00ednum <br \/>og sm\u00e1\u00f0u alla umv\u00f6ndun m\u00edna <br \/> <\/span> <span class=\"ljodatexti\"> <a name=\"31\"><span class=\"versanumer_ljod\">31<\/span><\/a> og \u00fev\u00ed skulu \u00feeir f\u00e1 a\u00f0 neyta \u00e1vaxta breytni sinnar <br \/>og mettast af eigin v\u00e9lr\u00e6\u00f0i. <br \/> <\/span> <span class=\"ljodatexti\"> <a name=\"32\"><span class=\"versanumer_ljod\">32<\/span><\/a> \u00dev\u00ed a\u00f0 fr\u00e1hvarf f\u00e1v\u00edsra drepur \u00fe\u00e1 <br \/>og uggleysi heimskingjanna tort\u00edmir \u00feeim. <br \/> <\/span> <span class=\"ljodatexti\"> <a name=\"33\"><span class=\"versanumer_ljod\">33<\/span><\/a> En s\u00e1 sem hl\u00fd\u00f0ir \u00e1 mig mun b\u00faa \u00f3hultur og \u00f6ruggur <br \/>og engri \u00f3g\u00e6fu kv\u00ed\u00f0a. <\/span> <\/p>\n","protected":false},"excerpt":{"rendered":"<p>Spekin lofu\u00f0 1 Or\u00f0skvi\u00f0ir Sal\u00f3mons Dav\u00ed\u00f0ssonar, konungs \u00ed \u00cdsrael, 2til \u00feess a\u00f0 menn nemi visku og lei\u00f0s\u00f6gn og l\u00e6ri a\u00f0 meta or\u00f0 skynseminnar, 3til \u00feess a\u00f0 menn hlj\u00f3ti viturlega lei\u00f0s\u00f6gn, r\u00e9tts\u00fdni, sanngirni og hei\u00f0arleika, 4til \u00feess a\u00f0 \u00feeir ver\u00f0i \u00f3reyndum til r\u00e1\u00f0gjafar og veiti unglingum \u00feekkingu og forsj\u00e1lni, 5hinn vitri hl\u00fd\u00f0ir \u00e1 og eykur l\u00e6rd\u00f3m sinn, og hinn hyggni \u00feiggur hollr\u00e1\u00f0, 6til \u00feess a\u00f0 menn skilji or\u00f0skvi\u00f0i og l\u00edkingar, or\u00f0 spekinganna og g\u00e1tur \u00feeirra. Varastu sl\u00e6man f\u00e9lagsskap 7A\u00f0 \u00f3ttast Drottin er upphaf \u00feekkingar, afgl\u00f6pum einum er \u00ed n\u00f6p vi\u00f0 visku og tils\u00f6gn. 8Hl\u00fdddu, sonur minn, \u00e1 \u00e1minningar f\u00f6\u00f0ur \u00fe\u00edns og <a href=\"https:\/\/biblian.is\/biblian\/ordskvidirnir-1-kafli\/\"> [&#8230;]<\/a><\/p>\n","protected":false},"author":1,"featured_media":0,"parent":0,"menu_order":0,"comment_status":"open","ping_status":"open","template":"bibliukaflar_okv.php","meta":{"footnotes":""},"class_list":["post-2246","page","type-page","status-publish","hentry"],"_links":{"self":[{"href":"https:\/\/biblian.is\/biblian\/wp-json\/wp\/v2\/pages\/2246","targetHints":{"allow":["GET"]}}],"collection":[{"href":"https:\/\/biblian.is\/biblian\/wp-json\/wp\/v2\/pages"}],"about":[{"href":"https:\/\/biblian.is\/biblian\/wp-json\/wp\/v2\/types\/page"}],"author":[{"embeddable":true,"href":"https:\/\/biblian.is\/biblian\/wp-json\/wp\/v2\/users\/1"}],"replies":[{"embeddable":true,"href":"https:\/\/biblian.is\/biblian\/wp-json\/wp\/v2\/comments?post=2246"}],"version-history":[{"count":0,"href":"https:\/\/biblian.is\/biblian\/wp-json\/wp\/v2\/pages\/2246\/revisions"}],"wp:attachment":[{"href":"https:\/\/biblian.is\/biblian\/wp-json\/wp\/v2\/media?parent=2246"}],"curies":[{"name":"wp","href":"https:\/\/api.w.org\/{rel}","templated":true}]}}