{"id":2245,"date":"2017-12-30T21:02:21","date_gmt":"2017-12-30T21:02:21","guid":{"rendered":"http:\/\/biblian.is\/biblian\/s%c2%87lmarnir-150-kafli\/"},"modified":"2020-05-30T18:12:32","modified_gmt":"2020-05-30T18:12:32","slug":"salmarnir-150-kafli","status":"publish","type":"page","link":"https:\/\/biblian.is\/biblian\/salmarnir-150-kafli\/","title":{"rendered":"S\u00e1lmarnir 150. kafli"},"content":{"rendered":"<p><span class=\"ljodatexti\"> <a name=\"1\"><span class=\"versanumer_ljod\">1<\/span><\/a>Hallel\u00faja.<br \/>Lofi\u00f0 Gu\u00f0 \u00ed helgid\u00f3mi hans,<br \/>lofi\u00f0 hann \u00ed voldugri festingu hans.<br \/> <\/span> <span class=\"ljodatexti\"> <a name=\"2\"><span class=\"versanumer_ljod\">2<\/span><\/a>Lofi\u00f0 hann fyrir m\u00e1ttarverk hans,<br \/>lofi\u00f0 hann vegna mikillar h\u00e1tignar hans.<br \/> <\/span> <span class=\"ljodatexti\"> <a name=\"3\"><span class=\"versanumer_ljod\">3<\/span><\/a>Lofi\u00f0 hann me\u00f0 l\u00fa\u00f0urhlj\u00f3mi,<br \/>lofi\u00f0 hann me\u00f0 h\u00f6rpu og g\u00edgju.<br \/> <\/span> <span class=\"ljodatexti\"> <a name=\"4\"><span class=\"versanumer_ljod\">4<\/span><\/a>Lofi\u00f0 hann me\u00f0 bumbum og gle\u00f0idansi,<br \/>lofi\u00f0 hann me\u00f0 flautum og strengjaleik.<br \/> <\/span> <span class=\"ljodatexti\"> <a name=\"5\"><span class=\"versanumer_ljod\">5<\/span><\/a>Lofi\u00f0 hann me\u00f0 hlj\u00f3mandi sk\u00e1labumbum,<br \/>lofi\u00f0 hann me\u00f0 hvellum sk\u00e1labumbum.<br \/> <\/span> <span class=\"ljodatexti\"> <a name=\"6\"><span class=\"versanumer_ljod\">6<\/span><\/a>Allt, sem andardr\u00e1tt hefur, lofi Drottin.<br \/>Hallel\u00faja. <\/span> <\/p>\n","protected":false},"excerpt":{"rendered":"<p>1Hallel\u00faja.Lofi\u00f0 Gu\u00f0 \u00ed helgid\u00f3mi hans,lofi\u00f0 hann \u00ed voldugri festingu hans. 2Lofi\u00f0 hann fyrir m\u00e1ttarverk hans,lofi\u00f0 hann vegna mikillar h\u00e1tignar hans. 3Lofi\u00f0 hann me\u00f0 l\u00fa\u00f0urhlj\u00f3mi,lofi\u00f0 hann me\u00f0 h\u00f6rpu og g\u00edgju. 4Lofi\u00f0 hann me\u00f0 bumbum og gle\u00f0idansi,lofi\u00f0 hann me\u00f0 flautum og strengjaleik. 5Lofi\u00f0 hann me\u00f0 hlj\u00f3mandi sk\u00e1labumbum,lofi\u00f0 hann me\u00f0 hvellum sk\u00e1labumbum. 6Allt, sem andardr\u00e1tt hefur, lofi Drottin.Hallel\u00faja.<\/p>\n","protected":false},"author":1,"featured_media":0,"parent":0,"menu_order":0,"comment_status":"open","ping_status":"open","template":"bibliukaflar_salmarnir.php","meta":{"footnotes":""},"class_list":["post-2245","page","type-page","status-publish","hentry"],"_links":{"self":[{"href":"https:\/\/biblian.is\/biblian\/wp-json\/wp\/v2\/pages\/2245","targetHints":{"allow":["GET"]}}],"collection":[{"href":"https:\/\/biblian.is\/biblian\/wp-json\/wp\/v2\/pages"}],"about":[{"href":"https:\/\/biblian.is\/biblian\/wp-json\/wp\/v2\/types\/page"}],"author":[{"embeddable":true,"href":"https:\/\/biblian.is\/biblian\/wp-json\/wp\/v2\/users\/1"}],"replies":[{"embeddable":true,"href":"https:\/\/biblian.is\/biblian\/wp-json\/wp\/v2\/comments?post=2245"}],"version-history":[{"count":0,"href":"https:\/\/biblian.is\/biblian\/wp-json\/wp\/v2\/pages\/2245\/revisions"}],"wp:attachment":[{"href":"https:\/\/biblian.is\/biblian\/wp-json\/wp\/v2\/media?parent=2245"}],"curies":[{"name":"wp","href":"https:\/\/api.w.org\/{rel}","templated":true}]}}