{"id":2244,"date":"2017-12-30T21:02:21","date_gmt":"2017-12-30T21:02:21","guid":{"rendered":"http:\/\/biblian.is\/biblian\/s%c2%87lmarnir-149-kafli\/"},"modified":"2020-05-30T18:12:32","modified_gmt":"2020-05-30T18:12:32","slug":"salmarnir-149-kafli","status":"publish","type":"page","link":"https:\/\/biblian.is\/biblian\/salmarnir-149-kafli\/","title":{"rendered":"S\u00e1lmarnir 149. kafli"},"content":{"rendered":"<p><span class=\"ljodatexti\"> <a name=\"1\"><span class=\"versanumer_ljod\">1<\/span><\/a>Hallel\u00faja. <br \/>Syngi\u00f0 Drottni n\u00fdjan s\u00f6ng,<br \/>lofs\u00f6ngur hans hlj\u00f3mi \u00ed s\u00f6fnu\u00f0i tr\u00fafastra.<br \/> <\/span> <span class=\"ljodatexti\"> <a name=\"2\"><span class=\"versanumer_ljod\">2<\/span><\/a>\u00cdsrael gle\u00f0jist yfir skapara s\u00ednum,<br \/>b\u00f6rn S\u00edonar fagni konungi s\u00ednum,<br \/> <\/span> <span class=\"ljodatexti\"> <a name=\"3\"><span class=\"versanumer_ljod\">3<\/span><\/a>lofi nafn hans me\u00f0 dansi,<br \/>flytji honum lofgj\u00f6r\u00f0 me\u00f0 bumbu og g\u00edgju.<br \/> <\/span> <span class=\"ljodatexti\"> <a name=\"4\"><span class=\"versanumer_ljod\">4<\/span><\/a>\u00dev\u00ed a\u00f0 Drottinn hefur \u00fe\u00f3knun \u00e1 l\u00fd\u00f0 s\u00ednum,<br \/>kr\u00fdnir hrj\u00e1\u00f0a sigri.<br \/> <\/span> <span class=\"ljodatexti\"> <a name=\"5\"><span class=\"versanumer_ljod\">5<\/span><\/a>Hinir tr\u00fau\u00f0u fagni \u00ed d\u00fdr\u00f0arlj\u00f3ma,<br \/>hr\u00f3pi gle\u00f0i\u00f3p \u00ed hv\u00edlum s\u00ednum <br \/> <\/span> <span class=\"ljodatexti\"> <a name=\"6\"><span class=\"versanumer_ljod\">6<\/span><\/a>me\u00f0 lofgj\u00f6r\u00f0 Gu\u00f0s \u00e1 tungu<br \/>og tv\u00edeggja\u00f0 sver\u00f0 \u00ed hendi<br \/> <\/span> <span class=\"ljodatexti\"> <a name=\"7\"><span class=\"versanumer_ljod\">7<\/span><\/a>til hefnda \u00e1 \u00f6\u00f0rum \u00fej\u00f3\u00f0um,<br \/>refsingar framandi \u00fej\u00f3\u00f0flokkum,<br \/> <\/span> <span class=\"ljodatexti\"> <a name=\"8\"><span class=\"versanumer_ljod\">8<\/span><\/a>til a\u00f0 hlekkja konunga \u00feeirra<br \/>og leggja h\u00f6f\u00f0ingja \u00feeirra \u00ed j\u00e1rn.<br \/> <\/span> <span class=\"ljodatexti\"> <a name=\"9\"><span class=\"versanumer_ljod\">9<\/span><\/a>\u00deeir skulu fulln\u00e6gja \u00e1 \u00feeim skr\u00e1\u00f0um d\u00f3mi.<br \/>\u00dea\u00f0 er til vegsemdar \u00f6llum sem honum eru tr\u00fair.<br \/>Hallel\u00faja. <\/span> <\/p>\n","protected":false},"excerpt":{"rendered":"<p>1Hallel\u00faja. Syngi\u00f0 Drottni n\u00fdjan s\u00f6ng,lofs\u00f6ngur hans hlj\u00f3mi \u00ed s\u00f6fnu\u00f0i tr\u00fafastra. 2\u00cdsrael gle\u00f0jist yfir skapara s\u00ednum,b\u00f6rn S\u00edonar fagni konungi s\u00ednum, 3lofi nafn hans me\u00f0 dansi,flytji honum lofgj\u00f6r\u00f0 me\u00f0 bumbu og g\u00edgju. 4\u00dev\u00ed a\u00f0 Drottinn hefur \u00fe\u00f3knun \u00e1 l\u00fd\u00f0 s\u00ednum,kr\u00fdnir hrj\u00e1\u00f0a sigri. 5Hinir tr\u00fau\u00f0u fagni \u00ed d\u00fdr\u00f0arlj\u00f3ma,hr\u00f3pi gle\u00f0i\u00f3p \u00ed hv\u00edlum s\u00ednum 6me\u00f0 lofgj\u00f6r\u00f0 Gu\u00f0s \u00e1 tunguog tv\u00edeggja\u00f0 sver\u00f0 \u00ed hendi 7til hefnda \u00e1 \u00f6\u00f0rum \u00fej\u00f3\u00f0um,refsingar framandi \u00fej\u00f3\u00f0flokkum, 8til a\u00f0 hlekkja konunga \u00feeirraog leggja h\u00f6f\u00f0ingja \u00feeirra \u00ed j\u00e1rn. 9\u00deeir skulu fulln\u00e6gja \u00e1 \u00feeim skr\u00e1\u00f0um d\u00f3mi.\u00dea\u00f0 er til vegsemdar \u00f6llum sem honum eru tr\u00fair.Hallel\u00faja.<\/p>\n","protected":false},"author":1,"featured_media":0,"parent":0,"menu_order":0,"comment_status":"open","ping_status":"open","template":"bibliukaflar_salmarnir.php","meta":{"footnotes":""},"class_list":["post-2244","page","type-page","status-publish","hentry"],"_links":{"self":[{"href":"https:\/\/biblian.is\/biblian\/wp-json\/wp\/v2\/pages\/2244","targetHints":{"allow":["GET"]}}],"collection":[{"href":"https:\/\/biblian.is\/biblian\/wp-json\/wp\/v2\/pages"}],"about":[{"href":"https:\/\/biblian.is\/biblian\/wp-json\/wp\/v2\/types\/page"}],"author":[{"embeddable":true,"href":"https:\/\/biblian.is\/biblian\/wp-json\/wp\/v2\/users\/1"}],"replies":[{"embeddable":true,"href":"https:\/\/biblian.is\/biblian\/wp-json\/wp\/v2\/comments?post=2244"}],"version-history":[{"count":0,"href":"https:\/\/biblian.is\/biblian\/wp-json\/wp\/v2\/pages\/2244\/revisions"}],"wp:attachment":[{"href":"https:\/\/biblian.is\/biblian\/wp-json\/wp\/v2\/media?parent=2244"}],"curies":[{"name":"wp","href":"https:\/\/api.w.org\/{rel}","templated":true}]}}