{"id":2243,"date":"2017-12-30T21:02:21","date_gmt":"2017-12-30T21:02:21","guid":{"rendered":"http:\/\/biblian.is\/biblian\/s%c2%87lmarnir-148-kafli\/"},"modified":"2020-05-30T18:12:32","modified_gmt":"2020-05-30T18:12:32","slug":"salmarnir-148-kafli","status":"publish","type":"page","link":"https:\/\/biblian.is\/biblian\/salmarnir-148-kafli\/","title":{"rendered":"S\u00e1lmarnir 148. kafli"},"content":{"rendered":"<p><span class=\"ljodatexti\"> <a name=\"1\"><span class=\"versanumer_ljod\">1<\/span><\/a>Hallel\u00faja.<br \/>Lofi\u00f0 Drottin af himnum,<br \/>lofi\u00f0 hann \u00e1 h\u00e6\u00f0um,<br \/> <\/span> <span class=\"ljodatexti\"> <a name=\"2\"><span class=\"versanumer_ljod\">2<\/span><\/a>lofi\u00f0 hann, allir englar hans,<br \/>lofi\u00f0 hann, allir herskarar hans.<br \/> <\/span> <span class=\"ljodatexti\"> <a name=\"3\"><span class=\"versanumer_ljod\">3<\/span><\/a>Lofi\u00f0 hann, s\u00f3l og tungl,<br \/>lofi\u00f0 hann, allar l\u00fdsandi stj\u00f6rnur,<br \/> <\/span> <span class=\"ljodatexti\"> <a name=\"4\"><span class=\"versanumer_ljod\">4<\/span><\/a>lofi\u00f0 hann, himnanna himnar,<br \/>og v\u00f6tnin himni ofar.<br \/> <\/span> <span class=\"ljodatexti\"> <a name=\"5\"><span class=\"versanumer_ljod\">5<\/span><\/a>Lofi \u00feau nafn Drottins<br \/>\u00fev\u00ed a\u00f0 \u00feau voru sk\u00f6pu\u00f0 a\u00f0 bo\u00f0i hans.<br \/> <\/span> <span class=\"ljodatexti\"> <a name=\"6\"><span class=\"versanumer_ljod\">6<\/span><\/a>Hann f\u00e9kk \u00feeim sta\u00f0 um aldur og \u00e6vi,<br \/>setti \u00feeim l\u00f6g sem \u00feau f\u00e1 ekki broti\u00f0.<br \/> <\/span> <span class=\"ljodatexti\"> <a name=\"7\"><span class=\"versanumer_ljod\">7<\/span><\/a>Lofi\u00f0 Drottin fr\u00e1 j\u00f6r\u00f0u,<br \/>\u00fe\u00e9r st\u00f3ru sj\u00e1vard\u00fdr og \u00f6ll dj\u00fap hafsins,<br \/> <\/span> <span class=\"ljodatexti\"> <a name=\"8\"><span class=\"versanumer_ljod\">8<\/span><\/a>eldur og hagl, snj\u00f3r og \u00feoka,<br \/>\u00fe\u00fa stormur, sem framfylgir bo\u00f0i hans,<br \/> <\/span> <span class=\"ljodatexti\"> <a name=\"9\"><span class=\"versanumer_ljod\">9<\/span><\/a>\u00fe\u00e9r fj\u00f6ll og allar h\u00e6\u00f0ir,<br \/>\u00e1vaxtatr\u00e9n og \u00f6ll sedrustr\u00e9,<br \/> <\/span> <span class=\"ljodatexti\"> <a name=\"10\"><span class=\"versanumer_ljod\">10<\/span><\/a>\u00fe\u00e9r villid\u00fdr og allt b\u00faf\u00e9,<br \/>skri\u00f0d\u00fdr og flj\u00fagandi fuglar,<br \/> <\/span> <span class=\"ljodatexti\"> <a name=\"11\"><span class=\"versanumer_ljod\">11<\/span><\/a>\u00fe\u00e9r konungar jar\u00f0ar og allar \u00fej\u00f3\u00f0ir,<br \/>h\u00f6f\u00f0ingjar og allir valdsmenn jar\u00f0ar,<br \/> <\/span> <span class=\"ljodatexti\"> <a name=\"12\"><span class=\"versanumer_ljod\">12<\/span><\/a>yngismenn og yngismeyjar,<br \/>aldnir og ungir.<br \/> <\/span> <span class=\"ljodatexti\"> <a name=\"13\"><span class=\"versanumer_ljod\">13<\/span><\/a>\u00deau lofi nafn Drottins<br \/>\u00fev\u00ed a\u00f0 nafn hans eitt er h\u00e1tt upp hafi\u00f0,<br \/>h\u00e1tign hans lj\u00f3mar um himin og j\u00f6r\u00f0.<br \/> <\/span> <span class=\"ljodatexti\"> <a name=\"14\"><span class=\"versanumer_ljod\">14<\/span><\/a>Hann hefur gert \u00fej\u00f3\u00f0 s\u00edna volduga, <span class=\"nedan_mal\" title=\" Or\u00f0r\u00e9tt: Hann h\u00f3f horn \u00fej\u00f3\u00f0ar sinnar.\">[<\/span> <br \/>\u00fev\u00ed hlj\u00f3mi lofs\u00f6ngur hj\u00e1 \u00f6llum d\u00fdrkendum hans, <br \/>hj\u00e1 sonum \u00cdsraels, l\u00fd\u00f0num sem er honum n\u00e1l\u00e6gur. <br \/>Hallel\u00faja. <\/span> <\/p>\n","protected":false},"excerpt":{"rendered":"<p>1Hallel\u00faja.Lofi\u00f0 Drottin af himnum,lofi\u00f0 hann \u00e1 h\u00e6\u00f0um, 2lofi\u00f0 hann, allir englar hans,lofi\u00f0 hann, allir herskarar hans. 3Lofi\u00f0 hann, s\u00f3l og tungl,lofi\u00f0 hann, allar l\u00fdsandi stj\u00f6rnur, 4lofi\u00f0 hann, himnanna himnar,og v\u00f6tnin himni ofar. 5Lofi \u00feau nafn Drottins\u00fev\u00ed a\u00f0 \u00feau voru sk\u00f6pu\u00f0 a\u00f0 bo\u00f0i hans. 6Hann f\u00e9kk \u00feeim sta\u00f0 um aldur og \u00e6vi,setti \u00feeim l\u00f6g sem \u00feau f\u00e1 ekki broti\u00f0. 7Lofi\u00f0 Drottin fr\u00e1 j\u00f6r\u00f0u,\u00fe\u00e9r st\u00f3ru sj\u00e1vard\u00fdr og \u00f6ll dj\u00fap hafsins, 8eldur og hagl, snj\u00f3r og \u00feoka,\u00fe\u00fa stormur, sem framfylgir bo\u00f0i hans, 9\u00fe\u00e9r fj\u00f6ll og allar h\u00e6\u00f0ir,\u00e1vaxtatr\u00e9n og \u00f6ll sedrustr\u00e9, 10\u00fe\u00e9r villid\u00fdr og allt b\u00faf\u00e9,skri\u00f0d\u00fdr og flj\u00fagandi fuglar, 11\u00fe\u00e9r konungar jar\u00f0ar og allar <a href=\"https:\/\/biblian.is\/biblian\/salmarnir-148-kafli\/\"> [&#8230;]<\/a><\/p>\n","protected":false},"author":1,"featured_media":0,"parent":0,"menu_order":0,"comment_status":"open","ping_status":"open","template":"bibliukaflar_salmarnir.php","meta":{"footnotes":""},"class_list":["post-2243","page","type-page","status-publish","hentry"],"_links":{"self":[{"href":"https:\/\/biblian.is\/biblian\/wp-json\/wp\/v2\/pages\/2243","targetHints":{"allow":["GET"]}}],"collection":[{"href":"https:\/\/biblian.is\/biblian\/wp-json\/wp\/v2\/pages"}],"about":[{"href":"https:\/\/biblian.is\/biblian\/wp-json\/wp\/v2\/types\/page"}],"author":[{"embeddable":true,"href":"https:\/\/biblian.is\/biblian\/wp-json\/wp\/v2\/users\/1"}],"replies":[{"embeddable":true,"href":"https:\/\/biblian.is\/biblian\/wp-json\/wp\/v2\/comments?post=2243"}],"version-history":[{"count":0,"href":"https:\/\/biblian.is\/biblian\/wp-json\/wp\/v2\/pages\/2243\/revisions"}],"wp:attachment":[{"href":"https:\/\/biblian.is\/biblian\/wp-json\/wp\/v2\/media?parent=2243"}],"curies":[{"name":"wp","href":"https:\/\/api.w.org\/{rel}","templated":true}]}}