{"id":2242,"date":"2017-12-30T21:02:21","date_gmt":"2017-12-30T21:02:21","guid":{"rendered":"http:\/\/biblian.is\/biblian\/s%c2%87lmarnir-147-kafli\/"},"modified":"2020-05-30T18:12:31","modified_gmt":"2020-05-30T18:12:31","slug":"salmarnir-147-kafli","status":"publish","type":"page","link":"https:\/\/biblian.is\/biblian\/salmarnir-147-kafli\/","title":{"rendered":"S\u00e1lmarnir 147. kafli"},"content":{"rendered":"<p><span class=\"ljodatexti\"> <a name=\"1\"><span class=\"versanumer_ljod\">1<\/span><\/a>Hallel\u00faja.<br \/>Gott er a\u00f0 syngja Gu\u00f0i vorum lof.<br \/>\u00dea\u00f0 er yndislegt, honum h\u00e6fir lofs\u00f6ngur.<br \/> <\/span> <span class=\"ljodatexti\"> <a name=\"2\"><span class=\"versanumer_ljod\">2<\/span><\/a>Drottinn endurreisir Jer\u00fasalem,<br \/>safnar saman hinum tv\u00edstru\u00f0u \u00cdsraels.<br \/> <\/span> <span class=\"ljodatexti\"> <a name=\"3\"><span class=\"versanumer_ljod\">3<\/span><\/a>Hann gr\u00e6\u00f0ir \u00fe\u00e1 sem hafa sundurkrami\u00f0 hjarta<br \/>og bindur um benjar \u00feeirra.<br \/> <\/span> <span class=\"ljodatexti\"> <a name=\"4\"><span class=\"versanumer_ljod\">4<\/span><\/a>Hann \u00e1kve\u00f0ur t\u00f6lu stjarnanna,<br \/>nefnir \u00fe\u00e6r allar me\u00f0 nafni.<br \/> <\/span> <span class=\"ljodatexti\"> <a name=\"5\"><span class=\"versanumer_ljod\">5<\/span><\/a>Mikill er Drottinn vor og voldugur \u00ed m\u00e6tti s\u00ednum,<br \/>speki hans \u00f3m\u00e6lanleg.<br \/> <\/span> <span class=\"ljodatexti\"> <a name=\"6\"><span class=\"versanumer_ljod\">6<\/span><\/a>Drottinn sty\u00f0ur hj\u00e1lparlausa<br \/>en \u00f3gu\u00f0lega fellir hann til jar\u00f0ar.<br \/> <\/span> <span class=\"ljodatexti\"> <a name=\"7\"><span class=\"versanumer_ljod\">7<\/span><\/a>Syngi\u00f0 Drottni \u00feakkargj\u00f6r\u00f0,<br \/>leiki\u00f0 fyrir Gu\u00f0i vorum \u00e1 g\u00edgju.<br \/> <\/span> <span class=\"ljodatexti\"> <a name=\"8\"><span class=\"versanumer_ljod\">8<\/span><\/a>Hann hylur himininn sk\u00fdjum,<br \/>s\u00e9r j\u00f6r\u00f0inni fyrir regni,<br \/>l\u00e6tur gras spretta \u00e1 fj\u00f6llunum,<br \/> <\/span> <span class=\"ljodatexti\"> <a name=\"9\"><span class=\"versanumer_ljod\">9<\/span><\/a>gefur skepnunum f\u00f3\u00f0ur \u00feeirra,<br \/>hrafnsungunum \u00feegar \u00feeir krunka.<br \/> <\/span> <span class=\"ljodatexti\"> <a name=\"10\"><span class=\"versanumer_ljod\">10<\/span><\/a>Hann hefur ekki m\u00e6tur \u00e1 styrk hestsins,<br \/>hr\u00edfst ekki af fr\u00e1um f\u00f3tum mannsins.<br \/> <\/span> <span class=\"ljodatexti\"> <a name=\"11\"><span class=\"versanumer_ljod\">11<\/span><\/a>Drottinn hefur \u00fe\u00f3knun \u00e1 \u00feeim sem \u00f3ttast hann,<br \/>\u00feeim sem setja von s\u00edna \u00e1 miskunn hans.<br \/> <\/span> <span class=\"ljodatexti\"> <a name=\"12\"><span class=\"versanumer_ljod\">12<\/span><\/a>Lofa Drottin, Jer\u00fasalem,<br \/>tigna \u00fe\u00fa Gu\u00f0 \u00feinn, S\u00edon,<br \/> <\/span> <span class=\"ljodatexti\"> <a name=\"13\"><span class=\"versanumer_ljod\">13<\/span><\/a>\u00fev\u00ed a\u00f0 hann hefur gert sterka slagbrandana fyrir hli\u00f0um \u00fe\u00ednum,<br \/>blessa\u00f0 b\u00f6rn \u00fe\u00edn sem \u00ed \u00fe\u00e9r eru.<br \/> <\/span> <span class=\"ljodatexti\"> <a name=\"14\"><span class=\"versanumer_ljod\">14<\/span><\/a>Hann stillir til fri\u00f0ar vi\u00f0 landam\u00e6ri \u00fe\u00edn,<br \/>se\u00f0ur \u00feig \u00e1 \u00farvalshveiti.<br \/> <\/span> <span class=\"ljodatexti\"> <a name=\"15\"><span class=\"versanumer_ljod\">15<\/span><\/a>Hann sendir bo\u00f0skap sinn um j\u00f6r\u00f0ina,<br \/>skj\u00f3tt berst or\u00f0 hans.<br \/> <\/span> <span class=\"ljodatexti\"> <a name=\"16\"><span class=\"versanumer_ljod\">16<\/span><\/a>Hann gefur snj\u00f3 eins og ull,<br \/>str\u00e1ir hr\u00edmi sem \u00f6sku.<br \/> <\/span> <span class=\"ljodatexti\"> <a name=\"17\"><span class=\"versanumer_ljod\">17<\/span><\/a>Hann str\u00e1ir hagli s\u00ednu eins og brau\u00f0mylsnu,<br \/>hver f\u00e6r sta\u00f0ist frost hans? <br \/> <\/span> <span class=\"ljodatexti\"> <a name=\"18\"><span class=\"versanumer_ljod\">18<\/span><\/a>Hann sendir \u00fat or\u00f0 sitt og l\u00e6tur \u00edsinn \u00fei\u00f0na, <br \/>l\u00e6tur vind sinn bl\u00e1sa og v\u00f6tnin renna.<br \/> <\/span> <span class=\"ljodatexti\"> <a name=\"19\"><span class=\"versanumer_ljod\">19<\/span><\/a>Hann bo\u00f0ar Jakobi or\u00f0 sitt,<br \/>\u00cdsrael l\u00f6g s\u00edn og \u00e1kv\u00e6\u00f0i.<br \/> <\/span> <span class=\"ljodatexti\"> <a name=\"20\"><span class=\"versanumer_ljod\">20<\/span><\/a>Sl\u00edkt hefur hann ekki gert fyrir neina a\u00f0ra \u00fej\u00f3\u00f0,<br \/>\u00fe\u00e6r \u00feekkja ekki l\u00f6g hans.<br \/>Hallel\u00faja. <\/span> <\/p>\n","protected":false},"excerpt":{"rendered":"<p>1Hallel\u00faja.Gott er a\u00f0 syngja Gu\u00f0i vorum lof.\u00dea\u00f0 er yndislegt, honum h\u00e6fir lofs\u00f6ngur. 2Drottinn endurreisir Jer\u00fasalem,safnar saman hinum tv\u00edstru\u00f0u \u00cdsraels. 3Hann gr\u00e6\u00f0ir \u00fe\u00e1 sem hafa sundurkrami\u00f0 hjartaog bindur um benjar \u00feeirra. 4Hann \u00e1kve\u00f0ur t\u00f6lu stjarnanna,nefnir \u00fe\u00e6r allar me\u00f0 nafni. 5Mikill er Drottinn vor og voldugur \u00ed m\u00e6tti s\u00ednum,speki hans \u00f3m\u00e6lanleg. 6Drottinn sty\u00f0ur hj\u00e1lparlausaen \u00f3gu\u00f0lega fellir hann til jar\u00f0ar. 7Syngi\u00f0 Drottni \u00feakkargj\u00f6r\u00f0,leiki\u00f0 fyrir Gu\u00f0i vorum \u00e1 g\u00edgju. 8Hann hylur himininn sk\u00fdjum,s\u00e9r j\u00f6r\u00f0inni fyrir regni,l\u00e6tur gras spretta \u00e1 fj\u00f6llunum, 9gefur skepnunum f\u00f3\u00f0ur \u00feeirra,hrafnsungunum \u00feegar \u00feeir krunka. 10Hann hefur ekki m\u00e6tur \u00e1 styrk hestsins,hr\u00edfst ekki af fr\u00e1um f\u00f3tum mannsins. 11Drottinn hefur \u00fe\u00f3knun \u00e1 \u00feeim <a href=\"https:\/\/biblian.is\/biblian\/salmarnir-147-kafli\/\"> [&#8230;]<\/a><\/p>\n","protected":false},"author":1,"featured_media":0,"parent":0,"menu_order":0,"comment_status":"open","ping_status":"open","template":"bibliukaflar_salmarnir.php","meta":{"footnotes":""},"class_list":["post-2242","page","type-page","status-publish","hentry"],"_links":{"self":[{"href":"https:\/\/biblian.is\/biblian\/wp-json\/wp\/v2\/pages\/2242","targetHints":{"allow":["GET"]}}],"collection":[{"href":"https:\/\/biblian.is\/biblian\/wp-json\/wp\/v2\/pages"}],"about":[{"href":"https:\/\/biblian.is\/biblian\/wp-json\/wp\/v2\/types\/page"}],"author":[{"embeddable":true,"href":"https:\/\/biblian.is\/biblian\/wp-json\/wp\/v2\/users\/1"}],"replies":[{"embeddable":true,"href":"https:\/\/biblian.is\/biblian\/wp-json\/wp\/v2\/comments?post=2242"}],"version-history":[{"count":0,"href":"https:\/\/biblian.is\/biblian\/wp-json\/wp\/v2\/pages\/2242\/revisions"}],"wp:attachment":[{"href":"https:\/\/biblian.is\/biblian\/wp-json\/wp\/v2\/media?parent=2242"}],"curies":[{"name":"wp","href":"https:\/\/api.w.org\/{rel}","templated":true}]}}