{"id":2241,"date":"2017-12-30T21:02:21","date_gmt":"2017-12-30T21:02:21","guid":{"rendered":"http:\/\/biblian.is\/biblian\/s%c2%87lmarnir-146-kafli\/"},"modified":"2020-05-30T18:12:31","modified_gmt":"2020-05-30T18:12:31","slug":"salmarnir-146-kafli","status":"publish","type":"page","link":"https:\/\/biblian.is\/biblian\/salmarnir-146-kafli\/","title":{"rendered":"S\u00e1lmarnir 146. kafli"},"content":{"rendered":"<p><span class=\"ljodatexti\"> <a name=\"1\"><span class=\"versanumer_ljod\">1<\/span><\/a>Hallel\u00faja.<br \/>Lofa \u00fe\u00fa Drottin, s\u00e1la m\u00edn.<br \/> <\/span> <span class=\"ljodatexti\"> <a name=\"2\"><span class=\"versanumer_ljod\">2<\/span><\/a>\u00c9g vil lofa Drottin \u00e1 me\u00f0an \u00e9g lifi,<br \/>lofsyngja Gu\u00f0i m\u00ednum me\u00f0an \u00e9g er til.<br \/> <\/span> <span class=\"ljodatexti\"> <a name=\"3\"><span class=\"versanumer_ljod\">3<\/span><\/a>Treysti\u00f0 eigi tignarm\u00f6nnum,<br \/>m\u00f6nnum sem enga hj\u00e1lp geta veitt.<br \/> <\/span> <span class=\"ljodatexti\"> <a name=\"4\"><span class=\"versanumer_ljod\">4<\/span><\/a>\u00deegar \u00f6ndin skilur vi\u00f0 \u00fe\u00e1<br \/>ver\u00f0a \u00feeir aftur a\u00f0 moldu<br \/>og \u00e1form \u00feeirra ver\u00f0a a\u00f0 engu.<br \/> <\/span> <span class=\"ljodatexti\"> <a name=\"5\"><span class=\"versanumer_ljod\">5<\/span><\/a>S\u00e6ll er s\u00e1 sem \u00e1 Jakobs Gu\u00f0 s\u00e9r til hj\u00e1lpar <br \/>og setur von s\u00edna \u00e1 Drottin, Gu\u00f0 sinn,<br \/> <\/span> <span class=\"ljodatexti\"> <a name=\"6\"><span class=\"versanumer_ljod\">6<\/span><\/a>hann sem skapa\u00f0i himin og j\u00f6r\u00f0,<br \/>hafi\u00f0 og allt sem \u00ed \u00fev\u00ed er,<br \/>hann sem er \u00e6vinlega tr\u00fafastur.<br \/> <\/span> <span class=\"ljodatexti\"> <a name=\"7\"><span class=\"versanumer_ljod\">7<\/span><\/a>Hann rekur r\u00e9ttar k\u00faga\u00f0ra,<br \/>gefur hungru\u00f0um brau\u00f0.<br \/>Drottinn leysir bandingja,<br \/> <\/span> <span class=\"ljodatexti\"> <a name=\"8\"><span class=\"versanumer_ljod\">8<\/span><\/a>Drottinn opnar augu blindra,<br \/>Drottinn reisir upp ni\u00f0urbeyg\u00f0a,<br \/>Drottinn elskar r\u00e9ttl\u00e1ta,<br \/> <\/span> <span class=\"ljodatexti\"> <a name=\"9\"><span class=\"versanumer_ljod\">9<\/span><\/a>Drottinn verndar \u00fatlendinga, <br \/>hann annast ekkjur og muna\u00f0arlausa<br \/>en \u00f3gu\u00f0lega l\u00e6tur hann fara villa vegar.<br \/> <\/span> <span class=\"ljodatexti\"> <a name=\"10\"><span class=\"versanumer_ljod\">10<\/span><\/a>Drottinn er konungur a\u00f0 eil\u00edfu,<br \/>Gu\u00f0 \u00feinn, S\u00edon, fr\u00e1 kyni til kyns.<br \/>Hallel\u00faja. <\/span> <\/p>\n","protected":false},"excerpt":{"rendered":"<p>1Hallel\u00faja.Lofa \u00fe\u00fa Drottin, s\u00e1la m\u00edn. 2\u00c9g vil lofa Drottin \u00e1 me\u00f0an \u00e9g lifi,lofsyngja Gu\u00f0i m\u00ednum me\u00f0an \u00e9g er til. 3Treysti\u00f0 eigi tignarm\u00f6nnum,m\u00f6nnum sem enga hj\u00e1lp geta veitt. 4\u00deegar \u00f6ndin skilur vi\u00f0 \u00fe\u00e1ver\u00f0a \u00feeir aftur a\u00f0 molduog \u00e1form \u00feeirra ver\u00f0a a\u00f0 engu. 5S\u00e6ll er s\u00e1 sem \u00e1 Jakobs Gu\u00f0 s\u00e9r til hj\u00e1lpar og setur von s\u00edna \u00e1 Drottin, Gu\u00f0 sinn, 6hann sem skapa\u00f0i himin og j\u00f6r\u00f0,hafi\u00f0 og allt sem \u00ed \u00fev\u00ed er,hann sem er \u00e6vinlega tr\u00fafastur. 7Hann rekur r\u00e9ttar k\u00faga\u00f0ra,gefur hungru\u00f0um brau\u00f0.Drottinn leysir bandingja, 8Drottinn opnar augu blindra,Drottinn reisir upp ni\u00f0urbeyg\u00f0a,Drottinn elskar r\u00e9ttl\u00e1ta, 9Drottinn verndar \u00fatlendinga, hann annast ekkjur og muna\u00f0arlausaen <a href=\"https:\/\/biblian.is\/biblian\/salmarnir-146-kafli\/\"> [&#8230;]<\/a><\/p>\n","protected":false},"author":1,"featured_media":0,"parent":0,"menu_order":0,"comment_status":"open","ping_status":"open","template":"bibliukaflar_salmarnir.php","meta":{"footnotes":""},"class_list":["post-2241","page","type-page","status-publish","hentry"],"_links":{"self":[{"href":"https:\/\/biblian.is\/biblian\/wp-json\/wp\/v2\/pages\/2241","targetHints":{"allow":["GET"]}}],"collection":[{"href":"https:\/\/biblian.is\/biblian\/wp-json\/wp\/v2\/pages"}],"about":[{"href":"https:\/\/biblian.is\/biblian\/wp-json\/wp\/v2\/types\/page"}],"author":[{"embeddable":true,"href":"https:\/\/biblian.is\/biblian\/wp-json\/wp\/v2\/users\/1"}],"replies":[{"embeddable":true,"href":"https:\/\/biblian.is\/biblian\/wp-json\/wp\/v2\/comments?post=2241"}],"version-history":[{"count":0,"href":"https:\/\/biblian.is\/biblian\/wp-json\/wp\/v2\/pages\/2241\/revisions"}],"wp:attachment":[{"href":"https:\/\/biblian.is\/biblian\/wp-json\/wp\/v2\/media?parent=2241"}],"curies":[{"name":"wp","href":"https:\/\/api.w.org\/{rel}","templated":true}]}}