{"id":2240,"date":"2017-12-30T21:02:21","date_gmt":"2017-12-30T21:02:21","guid":{"rendered":"http:\/\/biblian.is\/biblian\/s%c2%87lmarnir-145-kafli\/"},"modified":"2020-05-30T18:12:31","modified_gmt":"2020-05-30T18:12:31","slug":"salmarnir-145-kafli","status":"publish","type":"page","link":"https:\/\/biblian.is\/biblian\/salmarnir-145-kafli\/","title":{"rendered":"S\u00e1lmarnir 145. kafli"},"content":{"rendered":"<p><a name=\"1\"><span class=\"versanumer_2007\">1<\/span><\/a> Lofs\u00f6ngur Dav\u00ed\u00f0s.<br \/> <span class=\"ljodatexti\"> \u00c9g tigna \u00feig, Gu\u00f0 minn og konungur,<br \/>og lofa nafn \u00feitt um aldur og \u00e6vi.<br \/> <\/span> <span class=\"ljodatexti\"> <a name=\"2\"><span class=\"versanumer_ljod\">2<\/span><\/a>\u00c9g vegsama \u00feig hvern dag<br \/>og lofa nafn \u00feitt um aldur og \u00e6vi.<br \/> <\/span> <span class=\"ljodatexti\"> <a name=\"3\"><span class=\"versanumer_ljod\">3<\/span><\/a>Mikill er Drottinn og mj\u00f6g vegsamlegur,<br \/>veldi hans er \u00f3rannsakanlegt.<br \/> <\/span> <span class=\"ljodatexti\"> <a name=\"4\"><span class=\"versanumer_ljod\">4<\/span><\/a>Kynsl\u00f3\u00f0 eftir kynsl\u00f3\u00f0 vegsamar verk \u00fe\u00edn,<br \/>segir fr\u00e1 m\u00e1ttarverkum \u00fe\u00ednum<br \/> <\/span> <span class=\"ljodatexti\"> <a name=\"5\"><span class=\"versanumer_ljod\">5<\/span><\/a>og d\u00fdrlegum lj\u00f3ma h\u00e1tignar \u00feinnar:<br \/>\u201e\u00c9g vil syngja um d\u00e1semdir \u00fe\u00ednar.\u201c <br \/> <\/span> <span class=\"ljodatexti\"> <a name=\"6\"><span class=\"versanumer_ljod\">6<\/span><\/a>\u00de\u00e6r tala um m\u00e1tt \u00f3gnarverka \u00feinna:<br \/>\u201e\u00c9g vil segja fr\u00e1 st\u00f3rvirkjum \u00fe\u00ednum.\u201c<br \/> <\/span> <span class=\"ljodatexti\"> <a name=\"7\"><span class=\"versanumer_ljod\">7<\/span><\/a>\u00de\u00e6r v\u00ed\u00f0fr\u00e6gja mikla g\u00e6sku \u00fe\u00edna<br \/>og fagna yfir r\u00e9ttl\u00e6ti \u00fe\u00ednu.<br \/> <\/span> <span class=\"ljodatexti\"> <a name=\"8\"><span class=\"versanumer_ljod\">8<\/span><\/a>N\u00e1\u00f0ugur og miskunnsamur er Drottinn,<br \/>\u00feolinm\u00f3\u00f0ur og mj\u00f6g g\u00e6skur\u00edkur.<br \/> <\/span> <span class=\"ljodatexti\"> <a name=\"9\"><span class=\"versanumer_ljod\">9<\/span><\/a>Drottinn er \u00f6llum g\u00f3\u00f0ur<br \/>og miskunn hans hv\u00edlir yfir allri sk\u00f6pun hans.<br \/> <\/span> <span class=\"ljodatexti\"> <a name=\"10\"><span class=\"versanumer_ljod\">10<\/span><\/a>\u00d6ll verk \u00fe\u00edn lofa \u00feig, Drottinn,<br \/>og d\u00fdrkendur \u00fe\u00ednir vegsama \u00feig.<br \/> <\/span> <span class=\"ljodatexti\"> <a name=\"11\"><span class=\"versanumer_ljod\">11<\/span><\/a>\u00deeir segja fr\u00e1 d\u00fdr\u00f0 r\u00edkis \u00fe\u00edns<br \/>og tala um m\u00e1tt \u00feinn<br \/> <\/span> <span class=\"ljodatexti\"> <a name=\"12\"><span class=\"versanumer_ljod\">12<\/span><\/a>til a\u00f0 bo\u00f0a m\u00f6nnum veldi \u00feitt,<br \/>hina d\u00fdrlegu h\u00e1tign konungd\u00e6mis \u00fe\u00edns.<br \/> <\/span> <span class=\"ljodatexti\"> <a name=\"13\"><span class=\"versanumer_ljod\">13<\/span><\/a>Konungd\u00e6mi \u00feitt varir um allar aldir<br \/>og vald \u00feitt stendur fr\u00e1 kyni til kyns.<br \/> <\/span> <span class=\"ljodatexti\"> <a name=\"14\"><span class=\"versanumer_ljod\">14<\/span><\/a>Drottinn sty\u00f0ur alla \u00fe\u00e1 sem hn\u00edga<br \/>og reisir upp alla ni\u00f0urbeyg\u00f0a.<br \/> <\/span> <span class=\"ljodatexti\"> <a name=\"15\"><span class=\"versanumer_ljod\">15<\/span><\/a>Allra augu vona \u00e1 \u00feig,<br \/>\u00fe\u00fa gefur \u00feeim f\u00e6\u00f0u \u00feeirra \u00e1 r\u00e9ttum t\u00edma,<br \/> <\/span> <span class=\"ljodatexti\"> <a name=\"16\"><span class=\"versanumer_ljod\">16<\/span><\/a>l\u00fdkur upp hendi \u00feinni<br \/>og se\u00f0ur allt sem lifir me\u00f0 blessun.<br \/> <\/span> <span class=\"ljodatexti\"> <a name=\"17\"><span class=\"versanumer_ljod\">17<\/span><\/a>Drottinn er r\u00e9ttl\u00e1tur \u00e1 \u00f6llum vegum s\u00ednum<br \/>og miskunnsamur \u00ed \u00f6llum verkum s\u00ednum.<br \/> <\/span> <span class=\"ljodatexti\"> <a name=\"18\"><span class=\"versanumer_ljod\">18<\/span><\/a>Drottinn er n\u00e1l\u00e6gur \u00f6llum sem \u00e1kalla hann,<br \/>\u00f6llum sem \u00e1kalla hann \u00ed einl\u00e6gni.<br \/> <\/span> <span class=\"ljodatexti\"> <a name=\"19\"><span class=\"versanumer_ljod\">19<\/span><\/a>Hann uppfyllir \u00f3skir \u00feeirra sem \u00f3ttast hann<br \/>og hr\u00f3p \u00feeirra heyrir hann og hj\u00e1lpar \u00feeim.<br \/> <\/span> <span class=\"ljodatexti\"> <a name=\"20\"><span class=\"versanumer_ljod\">20<\/span><\/a>Drottinn var\u00f0veitir \u00fe\u00e1 sem elska hann<br \/>en ey\u00f0ir \u00f6llum \u00f3gu\u00f0legum.<br \/> <\/span> <span class=\"ljodatexti\"> <a name=\"21\"><span class=\"versanumer_ljod\">21<\/span><\/a>Munnur minn skal syngja Drottni lof,<br \/>allt hold skal lofa hans heilaga nafn um aldur og \u00e6vi. <\/span> <\/p>\n","protected":false},"excerpt":{"rendered":"<p>1 Lofs\u00f6ngur Dav\u00ed\u00f0s. \u00c9g tigna \u00feig, Gu\u00f0 minn og konungur,og lofa nafn \u00feitt um aldur og \u00e6vi. 2\u00c9g vegsama \u00feig hvern dagog lofa nafn \u00feitt um aldur og \u00e6vi. 3Mikill er Drottinn og mj\u00f6g vegsamlegur,veldi hans er \u00f3rannsakanlegt. 4Kynsl\u00f3\u00f0 eftir kynsl\u00f3\u00f0 vegsamar verk \u00fe\u00edn,segir fr\u00e1 m\u00e1ttarverkum \u00fe\u00ednum 5og d\u00fdrlegum lj\u00f3ma h\u00e1tignar \u00feinnar:\u201e\u00c9g vil syngja um d\u00e1semdir \u00fe\u00ednar.\u201c 6\u00de\u00e6r tala um m\u00e1tt \u00f3gnarverka \u00feinna:\u201e\u00c9g vil segja fr\u00e1 st\u00f3rvirkjum \u00fe\u00ednum.\u201c 7\u00de\u00e6r v\u00ed\u00f0fr\u00e6gja mikla g\u00e6sku \u00fe\u00ednaog fagna yfir r\u00e9ttl\u00e6ti \u00fe\u00ednu. 8N\u00e1\u00f0ugur og miskunnsamur er Drottinn,\u00feolinm\u00f3\u00f0ur og mj\u00f6g g\u00e6skur\u00edkur. 9Drottinn er \u00f6llum g\u00f3\u00f0urog miskunn hans hv\u00edlir yfir allri sk\u00f6pun hans. 10\u00d6ll verk \u00fe\u00edn lofa <a href=\"https:\/\/biblian.is\/biblian\/salmarnir-145-kafli\/\"> [&#8230;]<\/a><\/p>\n","protected":false},"author":1,"featured_media":0,"parent":0,"menu_order":0,"comment_status":"open","ping_status":"open","template":"bibliukaflar_salmarnir.php","meta":{"footnotes":""},"class_list":["post-2240","page","type-page","status-publish","hentry"],"_links":{"self":[{"href":"https:\/\/biblian.is\/biblian\/wp-json\/wp\/v2\/pages\/2240","targetHints":{"allow":["GET"]}}],"collection":[{"href":"https:\/\/biblian.is\/biblian\/wp-json\/wp\/v2\/pages"}],"about":[{"href":"https:\/\/biblian.is\/biblian\/wp-json\/wp\/v2\/types\/page"}],"author":[{"embeddable":true,"href":"https:\/\/biblian.is\/biblian\/wp-json\/wp\/v2\/users\/1"}],"replies":[{"embeddable":true,"href":"https:\/\/biblian.is\/biblian\/wp-json\/wp\/v2\/comments?post=2240"}],"version-history":[{"count":0,"href":"https:\/\/biblian.is\/biblian\/wp-json\/wp\/v2\/pages\/2240\/revisions"}],"wp:attachment":[{"href":"https:\/\/biblian.is\/biblian\/wp-json\/wp\/v2\/media?parent=2240"}],"curies":[{"name":"wp","href":"https:\/\/api.w.org\/{rel}","templated":true}]}}