{"id":2239,"date":"2017-12-30T21:02:21","date_gmt":"2017-12-30T21:02:21","guid":{"rendered":"http:\/\/biblian.is\/biblian\/s%c2%87lmarnir-144-kafli\/"},"modified":"2020-05-30T18:12:31","modified_gmt":"2020-05-30T18:12:31","slug":"salmarnir-144-kafli","status":"publish","type":"page","link":"https:\/\/biblian.is\/biblian\/salmarnir-144-kafli\/","title":{"rendered":"S\u00e1lmarnir 144. kafli"},"content":{"rendered":"<p><a name=\"1\"><span class=\"versanumer_2007\">1<\/span><\/a> Eftir Dav\u00ed\u00f0.<br \/> <span class=\"ljodatexti\"> Lofa\u00f0ur s\u00e9 Drottinn, bjarg mitt,<br \/>sem \u00e6fir hendur m\u00ednar til bardaga,<br \/>fingur m\u00edna til orrustu.<br \/> <\/span> <span class=\"ljodatexti\"> <a name=\"2\"><span class=\"versanumer_ljod\">2<\/span><\/a>\u00de\u00fa ert miskunn m\u00edn og v\u00edgi,<br \/>v\u00f6rn m\u00edn og hj\u00e1lparhella,<br \/>skj\u00f6ldur minn og athvarf,<br \/>hann leggur undir mig \u00fej\u00f3\u00f0ir.<br \/> <\/span> <span class=\"ljodatexti\"> <a name=\"3\"><span class=\"versanumer_ljod\">3<\/span><\/a>Drottinn, hva\u00f0 er ma\u00f0urinn, a\u00f0 \u00fe\u00fa \u00feekkir hann, <br \/>mannsins barn, a\u00f0 \u00fe\u00fa gefir \u00fev\u00ed gaum?<br \/> <\/span> <span class=\"ljodatexti\"> <a name=\"4\"><span class=\"versanumer_ljod\">4<\/span><\/a>Ma\u00f0urinn er sem vindbl\u00e6r,<br \/>dagar hans l\u00ed\u00f0a hj\u00e1 eins og skuggi.<br \/> <\/span> <span class=\"ljodatexti\"> <a name=\"5\"><span class=\"versanumer_ljod\">5<\/span><\/a>Drottinn, sveig \u00fe\u00fa himin \u00feinn og st\u00edg ni\u00f0ur,<br \/>snertu fj\u00f6llin svo a\u00f0 \u00far \u00feeim rj\u00faki,<br \/> <\/span> <span class=\"ljodatexti\"> <a name=\"6\"><span class=\"versanumer_ljod\">6<\/span><\/a>l\u00e1t eldingar leiftra og tv\u00edstra \u00f3vinum \u00fe\u00ednum,<br \/>skj\u00f3t \u00f6rvum \u00fe\u00ednum og hrek \u00fe\u00e1 burt.<br \/> <\/span> <span class=\"ljodatexti\"> <a name=\"7\"><span class=\"versanumer_ljod\">7<\/span><\/a>R\u00e9tt \u00fat h\u00f6nd \u00fe\u00edna fr\u00e1 h\u00e6\u00f0um,<br \/>hr\u00edf mig burt og bjarga m\u00e9r<br \/>\u00far beljandi vatnsflaumi,<br \/>\u00far greipum framandi manna<br \/> <\/span> <span class=\"ljodatexti\"> <a name=\"8\"><span class=\"versanumer_ljod\">8<\/span><\/a>sem tala lygi me\u00f0 munni s\u00ednum<br \/>og sv\u00edkja me\u00f0 h\u00e6gri hendi sinni.<br \/> <\/span> <span class=\"ljodatexti\"> <a name=\"9\"><span class=\"versanumer_ljod\">9<\/span><\/a>Gu\u00f0, \u00e9g vil syngja \u00fe\u00e9r n\u00fdjan s\u00f6ng,<br \/>leika fyrir \u00feig \u00e1 t\u00edstrengja\u00f0a h\u00f6rpu,<br \/> <\/span> <span class=\"ljodatexti\"> <a name=\"10\"><span class=\"versanumer_ljod\">10<\/span><\/a>fyrir \u00feig, sem veitir konungum sigur,<br \/>bjargar Dav\u00ed\u00f0 \u00fej\u00f3ni s\u00ednum<br \/> <\/span> <span class=\"ljodatexti\"> <a name=\"11\"><span class=\"versanumer_ljod\">11<\/span><\/a>undan \u00f3gnandi sver\u00f0i.<br \/>Hr\u00edf mig burt og bjarga m\u00e9r \u00far greipum framandi manna <br \/>sem tala lygi me\u00f0 munni s\u00ednum <br \/>og sv\u00edkja me\u00f0 h\u00e6gri hendi sinni.<br \/> <\/span> <span class=\"ljodatexti\"> <a name=\"12\"><span class=\"versanumer_ljod\">12<\/span><\/a>Synir vorir l\u00edkjast vi\u00f0arteinungum<br \/>sem uxu h\u00e1tt \u00ed \u00e6sku\u00fer\u00f3tti s\u00ednum,<br \/>d\u00e6tur vorar eru sem s\u00falur,<br \/>\u00fath\u00f6ggnar til hallarpr\u00fd\u00f0i.<br \/> <\/span> <span class=\"ljodatexti\"> <a name=\"13\"><span class=\"versanumer_ljod\">13<\/span><\/a>Hl\u00f6\u00f0ur vorar eru fullar<br \/>og geyma afur\u00f0ir af hverri tegund.<br \/>B\u00faf\u00e9 vort fj\u00f6lgar s\u00e9r \u00fe\u00fasundfalt,<br \/>marg\u00fe\u00fasundfalt \u00e1 haglendum vorum. <br \/> <\/span> <span class=\"ljodatexti\"> <a name=\"14\"><span class=\"versanumer_ljod\">14<\/span><\/a>K\u00fdrnar eru k\u00e1lffullar.<br \/>Engin innr\u00e1s og engir hernumdir,<br \/>engin ney\u00f0ar\u00f3p \u00e1 str\u00e6tum vorum.<br \/> <\/span> <span class=\"ljodatexti\"> <a name=\"15\"><span class=\"versanumer_ljod\">15<\/span><\/a>S\u00e6l er s\u00fa \u00fej\u00f3\u00f0 sem \u00feannig farnast,<br \/>s\u00e6l er s\u00fa \u00fej\u00f3\u00f0 sem \u00e1 Drottin a\u00f0 Gu\u00f0i. <\/span> <\/p>\n","protected":false},"excerpt":{"rendered":"<p>1 Eftir Dav\u00ed\u00f0. Lofa\u00f0ur s\u00e9 Drottinn, bjarg mitt,sem \u00e6fir hendur m\u00ednar til bardaga,fingur m\u00edna til orrustu. 2\u00de\u00fa ert miskunn m\u00edn og v\u00edgi,v\u00f6rn m\u00edn og hj\u00e1lparhella,skj\u00f6ldur minn og athvarf,hann leggur undir mig \u00fej\u00f3\u00f0ir. 3Drottinn, hva\u00f0 er ma\u00f0urinn, a\u00f0 \u00fe\u00fa \u00feekkir hann, mannsins barn, a\u00f0 \u00fe\u00fa gefir \u00fev\u00ed gaum? 4Ma\u00f0urinn er sem vindbl\u00e6r,dagar hans l\u00ed\u00f0a hj\u00e1 eins og skuggi. 5Drottinn, sveig \u00fe\u00fa himin \u00feinn og st\u00edg ni\u00f0ur,snertu fj\u00f6llin svo a\u00f0 \u00far \u00feeim rj\u00faki, 6l\u00e1t eldingar leiftra og tv\u00edstra \u00f3vinum \u00fe\u00ednum,skj\u00f3t \u00f6rvum \u00fe\u00ednum og hrek \u00fe\u00e1 burt. 7R\u00e9tt \u00fat h\u00f6nd \u00fe\u00edna fr\u00e1 h\u00e6\u00f0um,hr\u00edf mig burt og bjarga m\u00e9r\u00far beljandi vatnsflaumi,\u00far greipum framandi manna <a href=\"https:\/\/biblian.is\/biblian\/salmarnir-144-kafli\/\"> [&#8230;]<\/a><\/p>\n","protected":false},"author":1,"featured_media":0,"parent":0,"menu_order":0,"comment_status":"open","ping_status":"open","template":"bibliukaflar_salmarnir.php","meta":{"footnotes":""},"class_list":["post-2239","page","type-page","status-publish","hentry"],"_links":{"self":[{"href":"https:\/\/biblian.is\/biblian\/wp-json\/wp\/v2\/pages\/2239","targetHints":{"allow":["GET"]}}],"collection":[{"href":"https:\/\/biblian.is\/biblian\/wp-json\/wp\/v2\/pages"}],"about":[{"href":"https:\/\/biblian.is\/biblian\/wp-json\/wp\/v2\/types\/page"}],"author":[{"embeddable":true,"href":"https:\/\/biblian.is\/biblian\/wp-json\/wp\/v2\/users\/1"}],"replies":[{"embeddable":true,"href":"https:\/\/biblian.is\/biblian\/wp-json\/wp\/v2\/comments?post=2239"}],"version-history":[{"count":0,"href":"https:\/\/biblian.is\/biblian\/wp-json\/wp\/v2\/pages\/2239\/revisions"}],"wp:attachment":[{"href":"https:\/\/biblian.is\/biblian\/wp-json\/wp\/v2\/media?parent=2239"}],"curies":[{"name":"wp","href":"https:\/\/api.w.org\/{rel}","templated":true}]}}