{"id":2237,"date":"2017-12-30T21:02:16","date_gmt":"2017-12-30T21:02:16","guid":{"rendered":"http:\/\/biblian.is\/biblian\/s%c2%87lmarnir-142-kafli\/"},"modified":"2020-05-30T18:12:30","modified_gmt":"2020-05-30T18:12:30","slug":"salmarnir-142-kafli","status":"publish","type":"page","link":"https:\/\/biblian.is\/biblian\/salmarnir-142-kafli\/","title":{"rendered":"S\u00e1lmarnir 142. kafli"},"content":{"rendered":"<p><a name=\"1\"><span class=\"versanumer_2007\">1<\/span><\/a> Mask\u00edl eftir Dav\u00ed\u00f0 \u00feegar hann var \u00ed hellinum. B\u00e6n.<br \/> <span class=\"ljodatexti\"> <a name=\"2\"><span class=\"versanumer_ljod\">2<\/span><\/a>\u00c9g hr\u00f3pa h\u00e1tt til Drottins,<br \/>hef r\u00f6dd m\u00edna til Drottins og bi\u00f0 um miskunn.<br \/> <\/span> <span class=\"ljodatexti\"> <a name=\"3\"><span class=\"versanumer_ljod\">3<\/span><\/a>\u00c9g \u00fathelli fyrir honum kv\u00ed\u00f0a m\u00ednum,<br \/>tj\u00e1i honum ney\u00f0 m\u00edna.<br \/> <\/span> <span class=\"ljodatexti\"> <a name=\"4\"><span class=\"versanumer_ljod\">4<\/span><\/a>\u00deegar kjarkurinn bregst m\u00e9r<br \/>\u00feekkir \u00fe\u00fa g\u00f6tu m\u00edna.<br \/>\u00c1 veginn, sem \u00e9g geng,<br \/>l\u00f6g\u00f0u menn sn\u00f6rur fyrir mig.<br \/> <\/span> <span class=\"ljodatexti\"> <a name=\"5\"><span class=\"versanumer_ljod\">5<\/span><\/a>\u00c9g l\u00edt til h\u00e6gri og skyggnist um<br \/>en enginn kannast vi\u00f0 mig.<br \/>M\u00e9r er varna\u00f0 s\u00e9rhvers athvarfs,<br \/>enginn spyr hvort \u00e9g s\u00e9 \u00e1 l\u00edfi.<br \/> <\/span> <span class=\"ljodatexti\"> <a name=\"6\"><span class=\"versanumer_ljod\">6<\/span><\/a>\u00c9g hr\u00f3pa til \u00fe\u00edn, Drottinn,<br \/>og segi: \u00de\u00fa ert h\u00e6li mitt,<br \/>hlutskipti mitt \u00e1 landi lifenda.<br \/> <\/span> <span class=\"ljodatexti\"> <a name=\"7\"><span class=\"versanumer_ljod\">7<\/span><\/a>Gef gaum a\u00f0 kveini m\u00ednu<br \/>\u00fev\u00ed a\u00f0 \u00e9g er \u00fejaka\u00f0ur mj\u00f6g.<br \/>Bjarga m\u00e9r fr\u00e1 ofs\u00e6kjendum m\u00ednum<br \/>\u00fev\u00ed a\u00f0 \u00feeir eru sterkari en \u00e9g.<br \/> <\/span> <span class=\"ljodatexti\"> <a name=\"8\"><span class=\"versanumer_ljod\">8<\/span><\/a>Lei\u00f0 mig \u00fat \u00far fangelsinu<br \/>svo a\u00f0 \u00e9g geti lofa\u00f0 nafn \u00feitt.<br \/>R\u00e9ttl\u00e1tir h\u00f3past \u00fe\u00e1 um mig<br \/>\u00fev\u00ed a\u00f0 \u00fe\u00fa reynist m\u00e9r vel. <\/span> <\/p>\n","protected":false},"excerpt":{"rendered":"<p>1 Mask\u00edl eftir Dav\u00ed\u00f0 \u00feegar hann var \u00ed hellinum. B\u00e6n. 2\u00c9g hr\u00f3pa h\u00e1tt til Drottins,hef r\u00f6dd m\u00edna til Drottins og bi\u00f0 um miskunn. 3\u00c9g \u00fathelli fyrir honum kv\u00ed\u00f0a m\u00ednum,tj\u00e1i honum ney\u00f0 m\u00edna. 4\u00deegar kjarkurinn bregst m\u00e9r\u00feekkir \u00fe\u00fa g\u00f6tu m\u00edna.\u00c1 veginn, sem \u00e9g geng,l\u00f6g\u00f0u menn sn\u00f6rur fyrir mig. 5\u00c9g l\u00edt til h\u00e6gri og skyggnist umen enginn kannast vi\u00f0 mig.M\u00e9r er varna\u00f0 s\u00e9rhvers athvarfs,enginn spyr hvort \u00e9g s\u00e9 \u00e1 l\u00edfi. 6\u00c9g hr\u00f3pa til \u00fe\u00edn, Drottinn,og segi: \u00de\u00fa ert h\u00e6li mitt,hlutskipti mitt \u00e1 landi lifenda. 7Gef gaum a\u00f0 kveini m\u00ednu\u00fev\u00ed a\u00f0 \u00e9g er \u00fejaka\u00f0ur mj\u00f6g.Bjarga m\u00e9r fr\u00e1 ofs\u00e6kjendum m\u00ednum\u00fev\u00ed a\u00f0 \u00feeir eru sterkari <a href=\"https:\/\/biblian.is\/biblian\/salmarnir-142-kafli\/\"> [&#8230;]<\/a><\/p>\n","protected":false},"author":1,"featured_media":0,"parent":0,"menu_order":0,"comment_status":"open","ping_status":"open","template":"bibliukaflar_salmarnir.php","meta":{"footnotes":""},"class_list":["post-2237","page","type-page","status-publish","hentry"],"_links":{"self":[{"href":"https:\/\/biblian.is\/biblian\/wp-json\/wp\/v2\/pages\/2237","targetHints":{"allow":["GET"]}}],"collection":[{"href":"https:\/\/biblian.is\/biblian\/wp-json\/wp\/v2\/pages"}],"about":[{"href":"https:\/\/biblian.is\/biblian\/wp-json\/wp\/v2\/types\/page"}],"author":[{"embeddable":true,"href":"https:\/\/biblian.is\/biblian\/wp-json\/wp\/v2\/users\/1"}],"replies":[{"embeddable":true,"href":"https:\/\/biblian.is\/biblian\/wp-json\/wp\/v2\/comments?post=2237"}],"version-history":[{"count":0,"href":"https:\/\/biblian.is\/biblian\/wp-json\/wp\/v2\/pages\/2237\/revisions"}],"wp:attachment":[{"href":"https:\/\/biblian.is\/biblian\/wp-json\/wp\/v2\/media?parent=2237"}],"curies":[{"name":"wp","href":"https:\/\/api.w.org\/{rel}","templated":true}]}}