{"id":2236,"date":"2017-12-30T21:02:16","date_gmt":"2017-12-30T21:02:16","guid":{"rendered":"http:\/\/biblian.is\/biblian\/s%c2%87lmarnir-141-kafli\/"},"modified":"2020-05-30T18:12:30","modified_gmt":"2020-05-30T18:12:30","slug":"salmarnir-141-kafli","status":"publish","type":"page","link":"https:\/\/biblian.is\/biblian\/salmarnir-141-kafli\/","title":{"rendered":"S\u00e1lmarnir 141. kafli"},"content":{"rendered":"<p><a name=\"1\"><span class=\"versanumer_2007\">1<\/span><\/a> Dav\u00ed\u00f0ss\u00e1lmur.<br \/> <span class=\"ljodatexti\"> Drottinn, \u00e9g \u00e1kalla \u00feig, skunda \u00fe\u00fa til m\u00edn,<br \/>lj\u00e1 eyra b\u00e6n minni \u00feegar \u00e9g \u00e1kalla \u00feig.<br \/> <\/span> <span class=\"ljodatexti\"> <a name=\"2\"><span class=\"versanumer_ljod\">2<\/span><\/a>B\u00e6n m\u00edn berist sem reykelsi fyrir auglit \u00feitt<br \/>og upplyfting handa minna sem kv\u00f6ldf\u00f3rn.<br \/> <\/span> <span class=\"ljodatexti\"> <a name=\"3\"><span class=\"versanumer_ljod\">3<\/span><\/a>Set \u00fe\u00fa, Drottinn, v\u00f6r\u00f0 vi\u00f0 munn minn,<br \/>g\u00e6t hli\u00f0s vara minna.<br \/> <\/span> <span class=\"ljodatexti\"> <a name=\"4\"><span class=\"versanumer_ljod\">4<\/span><\/a>L\u00e1t hjarta mitt eigi hneigjast a\u00f0 neinu illu<br \/>svo a\u00f0 \u00e9g fremji ekki \u00f3gu\u00f0leg verk me\u00f0 illvirkjum.<br \/>\u00c9g vil ekki brag\u00f0a kr\u00e1sir \u00feeirra.<br \/> <\/span> <span class=\"ljodatexti\"> <a name=\"5\"><span class=\"versanumer_ljod\">5<\/span><\/a>Hinir r\u00e9ttl\u00e1tu geta slegi\u00f0 mig<br \/>og hirt mig \u00ed k\u00e6rleika <br \/>en ol\u00eda gu\u00f0lausra skal ekki smyrja h\u00f6fu\u00f0 mitt. <br \/>St\u00f6\u00f0ugt bi\u00f0 \u00e9g um hj\u00e1lp gegn illsku \u00feeirra.<br \/> <\/span> <span class=\"ljodatexti\"> <a name=\"6\"><span class=\"versanumer_ljod\">6<\/span><\/a>\u00deegar h\u00f6f\u00f0ingjum \u00feeirra ver\u00f0ur hrundi\u00f0 ni\u00f0ur af kletti<br \/>munu menn skilja a\u00f0 or\u00f0 m\u00edn voru mild.<br \/> <\/span> <span class=\"ljodatexti\"> <a name=\"7\"><span class=\"versanumer_ljod\">7<\/span><\/a>Eins og \u00feegar j\u00f6r\u00f0 er pl\u00e6g\u00f0 og henni bylt<br \/>ver\u00f0ur beinum \u00feeirra dreift vi\u00f0 gin heljar.<br \/> <\/span> <span class=\"ljodatexti\"> <a name=\"8\"><span class=\"versanumer_ljod\">8<\/span><\/a>Augu m\u00edn horfa til \u00fe\u00edn, Drottinn,<br \/>hj\u00e1 \u00fe\u00e9r leita \u00e9g h\u00e6lis,<br \/>sel mig ekki dau\u00f0anum \u00e1 vald.<br \/> <\/span> <span class=\"ljodatexti\"> <a name=\"9\"><span class=\"versanumer_ljod\">9<\/span><\/a>Var\u00f0veit mig fyrir gildru \u00feeirra er sitja um mig<br \/>og fyrir sn\u00f6rum illvirkjanna.<br \/>Hinir \u00f3gu\u00f0legu falli \u00ed eigi\u00f0 net<br \/>\u00feegar \u00e9g geng \u00f3hultur hj\u00e1. <\/span> <\/p>\n","protected":false},"excerpt":{"rendered":"<p>1 Dav\u00ed\u00f0ss\u00e1lmur. Drottinn, \u00e9g \u00e1kalla \u00feig, skunda \u00fe\u00fa til m\u00edn,lj\u00e1 eyra b\u00e6n minni \u00feegar \u00e9g \u00e1kalla \u00feig. 2B\u00e6n m\u00edn berist sem reykelsi fyrir auglit \u00feittog upplyfting handa minna sem kv\u00f6ldf\u00f3rn. 3Set \u00fe\u00fa, Drottinn, v\u00f6r\u00f0 vi\u00f0 munn minn,g\u00e6t hli\u00f0s vara minna. 4L\u00e1t hjarta mitt eigi hneigjast a\u00f0 neinu illusvo a\u00f0 \u00e9g fremji ekki \u00f3gu\u00f0leg verk me\u00f0 illvirkjum.\u00c9g vil ekki brag\u00f0a kr\u00e1sir \u00feeirra. 5Hinir r\u00e9ttl\u00e1tu geta slegi\u00f0 migog hirt mig \u00ed k\u00e6rleika en ol\u00eda gu\u00f0lausra skal ekki smyrja h\u00f6fu\u00f0 mitt. St\u00f6\u00f0ugt bi\u00f0 \u00e9g um hj\u00e1lp gegn illsku \u00feeirra. 6\u00deegar h\u00f6f\u00f0ingjum \u00feeirra ver\u00f0ur hrundi\u00f0 ni\u00f0ur af klettimunu menn skilja a\u00f0 or\u00f0 m\u00edn voru <a href=\"https:\/\/biblian.is\/biblian\/salmarnir-141-kafli\/\"> [&#8230;]<\/a><\/p>\n","protected":false},"author":1,"featured_media":0,"parent":0,"menu_order":0,"comment_status":"open","ping_status":"open","template":"bibliukaflar_salmarnir.php","meta":{"footnotes":""},"class_list":["post-2236","page","type-page","status-publish","hentry"],"_links":{"self":[{"href":"https:\/\/biblian.is\/biblian\/wp-json\/wp\/v2\/pages\/2236","targetHints":{"allow":["GET"]}}],"collection":[{"href":"https:\/\/biblian.is\/biblian\/wp-json\/wp\/v2\/pages"}],"about":[{"href":"https:\/\/biblian.is\/biblian\/wp-json\/wp\/v2\/types\/page"}],"author":[{"embeddable":true,"href":"https:\/\/biblian.is\/biblian\/wp-json\/wp\/v2\/users\/1"}],"replies":[{"embeddable":true,"href":"https:\/\/biblian.is\/biblian\/wp-json\/wp\/v2\/comments?post=2236"}],"version-history":[{"count":0,"href":"https:\/\/biblian.is\/biblian\/wp-json\/wp\/v2\/pages\/2236\/revisions"}],"wp:attachment":[{"href":"https:\/\/biblian.is\/biblian\/wp-json\/wp\/v2\/media?parent=2236"}],"curies":[{"name":"wp","href":"https:\/\/api.w.org\/{rel}","templated":true}]}}