{"id":2234,"date":"2017-12-30T21:02:16","date_gmt":"2017-12-30T21:02:16","guid":{"rendered":"http:\/\/biblian.is\/biblian\/s%c2%87lmarnir-139-kafli\/"},"modified":"2020-05-30T18:12:29","modified_gmt":"2020-05-30T18:12:29","slug":"salmarnir-139-kafli","status":"publish","type":"page","link":"https:\/\/biblian.is\/biblian\/salmarnir-139-kafli\/","title":{"rendered":"S\u00e1lmarnir 139. kafli"},"content":{"rendered":"<p><a name=\"1\"><span class=\"versanumer_2007\">1<\/span><\/a> Til s\u00f6ngstj\u00f3rans. Dav\u00ed\u00f0ss\u00e1lmur. <br \/> <span class=\"ljodatexti\"> Drottinn, \u00fe\u00fa rannsakar og \u00feekkir mig,<br \/>hvort sem \u00e9g sit e\u00f0a stend, \u00fe\u00e1 veist \u00fe\u00fa \u00fea\u00f0,<br \/> <\/span> <span class=\"ljodatexti\"> <a name=\"2\"><span class=\"versanumer_ljod\">2<\/span><\/a>\u00fe\u00fa skynjar hugrenningar m\u00ednar \u00e1lengdar.<br \/> <\/span> <span class=\"ljodatexti\"> <a name=\"3\"><span class=\"versanumer_ljod\">3<\/span><\/a>Hvort sem \u00e9g geng e\u00f0a ligg, \u00fe\u00e1 athugar \u00fe\u00fa \u00fea\u00f0<br \/>og alla vegu m\u00edna gj\u00f6r\u00feekkir \u00fe\u00fa.<br \/> <\/span> <span class=\"ljodatexti\"> <a name=\"4\"><span class=\"versanumer_ljod\">4<\/span><\/a>Eigi er \u00fea\u00f0 or\u00f0 \u00e1 tungu minni <br \/>a\u00f0 \u00fe\u00fa, Drottinn, \u00feekkir \u00fea\u00f0 eigi til fulls.<br \/> <\/span> <span class=\"ljodatexti\"> <a name=\"5\"><span class=\"versanumer_ljod\">5<\/span><\/a>\u00de\u00fa umlykur mig \u00e1 bak og brj\u00f3st <br \/>og h\u00f6nd \u00fe\u00edna hefur \u00fe\u00fa lagt \u00e1 mig.<br \/> <\/span> <span class=\"ljodatexti\"> <a name=\"6\"><span class=\"versanumer_ljod\">6<\/span><\/a>S\u00fa \u00feekking er undursamlegri en svo a\u00f0 \u00e9g f\u00e1i skili\u00f0,<br \/>of h\u00e1leit, \u00e9g er henni eigi vaxinn.<br \/> <\/span> <span class=\"ljodatexti\"> <a name=\"7\"><span class=\"versanumer_ljod\">7<\/span><\/a>Hvert get \u00e9g fari\u00f0 fr\u00e1 anda \u00fe\u00ednum, <br \/>hvert fl\u00fai\u00f0 fr\u00e1 augliti \u00fe\u00ednu?<br \/> <\/span> <span class=\"ljodatexti\"> <a name=\"8\"><span class=\"versanumer_ljod\">8<\/span><\/a>\u00de\u00f3tt \u00e9g stigi upp \u00ed himininn, \u00fe\u00e1 ertu \u00fear,<br \/>\u00fe\u00f3tt \u00e9g ger\u00f0i undirheima a\u00f0 hv\u00edlu minni, \u00fe\u00e1 ertu einnig \u00fear.<br \/> <\/span> <span class=\"ljodatexti\"> <a name=\"9\"><span class=\"versanumer_ljod\">9<\/span><\/a>\u00de\u00f3tt \u00e9g lyfti m\u00e9r \u00e1 v\u00e6ngjum morgunro\u00f0ans<br \/>og settist vi\u00f0 hi\u00f0 ysta haf,<br \/> <\/span> <span class=\"ljodatexti\"> <a name=\"10\"><span class=\"versanumer_ljod\">10<\/span><\/a>einnig \u00fear mundi h\u00f6nd \u00fe\u00edn lei\u00f0a mig <br \/>og h\u00e6gri h\u00f6nd \u00fe\u00edn halda m\u00e9r.<br \/> <\/span> <span class=\"ljodatexti\"> <a name=\"11\"><span class=\"versanumer_ljod\">11<\/span><\/a>Og \u00fe\u00f3tt \u00e9g seg\u00f0i: \u201eMyrkri\u00f0 hylji mig<br \/>og lj\u00f3si\u00f0 \u00ed kringum mig ver\u00f0i n\u00f3tt,\u201c<br \/> <\/span> <span class=\"ljodatexti\"> <a name=\"12\"><span class=\"versanumer_ljod\">12<\/span><\/a>\u00fe\u00e1 mundi myrkri\u00f0 eigi ver\u00f0a \u00fe\u00e9r of myrkt<br \/>og n\u00f3ttin l\u00fdsa eins og dagur,<br \/>myrkur og lj\u00f3s eru j\u00f6fn fyrir \u00fe\u00e9r.<br \/> <\/span> <span class=\"ljodatexti\"> <a name=\"13\"><span class=\"versanumer_ljod\">13<\/span><\/a>\u00de\u00fa hefur mynda\u00f0 n\u00fdru m\u00edn, <br \/>ofi\u00f0 mig \u00ed m\u00f3\u00f0url\u00edfi.<br \/> <\/span> <span class=\"ljodatexti\"> <a name=\"14\"><span class=\"versanumer_ljod\">14<\/span><\/a>\u00c9g lofa \u00feig fyrir \u00fea\u00f0 a\u00f0 \u00e9g er undursamlega skapa\u00f0ur,<br \/>undursamleg eru verk \u00fe\u00edn, <br \/>\u00fea\u00f0 veit \u00e9g n\u00e6sta vel.<br \/> <\/span> <span class=\"ljodatexti\"> <a name=\"15\"><span class=\"versanumer_ljod\">15<\/span><\/a>Bein m\u00edn voru \u00fe\u00e9r eigi hulin<br \/>\u00feegar \u00e9g var ger\u00f0ur \u00ed leyndum,<br \/>mynda\u00f0ur \u00ed dj\u00fapum jar\u00f0ar.<br \/> <\/span> <span class=\"ljodatexti\"> <a name=\"16\"><span class=\"versanumer_ljod\">16<\/span><\/a>Augu \u00fe\u00edn s\u00e1u mig er \u00e9g enn var \u00f3mynda\u00f0 efni,<br \/>\u00e6vidagar m\u00ednir voru \u00e1kve\u00f0nir<br \/>og allir skr\u00e1\u00f0ir \u00ed b\u00f3k \u00fe\u00edna <br \/>\u00e1\u00f0ur en nokkur \u00feeirra var til or\u00f0inn. <br \/> <\/span> <span class=\"ljodatexti\"> <a name=\"17\"><span class=\"versanumer_ljod\">17<\/span><\/a>Gu\u00f0, hversu torskildar eru m\u00e9r hugsanir \u00fe\u00ednar, <br \/>hversu st\u00f3rfenglegur er fj\u00f6ldi \u00feeirra. <br \/> <\/span> <span class=\"ljodatexti\"> <a name=\"18\"><span class=\"versanumer_ljod\">18<\/span><\/a>Ef \u00e9g vildi telja \u00fe\u00e6r v\u00e6ru \u00fe\u00e6r fleiri en sandkornin,<br \/>lyki \u00e9g vi\u00f0 a\u00f0 telja \u00fe\u00e6r vakna\u00f0i \u00e9g og \u00e9g v\u00e6ri enn hj\u00e1 \u00fe\u00e9r.<br \/> <\/span> <span class=\"ljodatexti\"> <a name=\"19\"><span class=\"versanumer_ljod\">19<\/span><\/a>\u00d3, a\u00f0 \u00fe\u00fa, Gu\u00f0, vildir fella n\u00ed\u00f0ingana.<br \/>V\u00edki\u00f0 fr\u00e1 m\u00e9r, mor\u00f0ingjar.<br \/> <\/span> <span class=\"ljodatexti\"> <a name=\"20\"><span class=\"versanumer_ljod\">20<\/span><\/a>\u00deeir tala um \u00feig me\u00f0 illt \u00ed huga<br \/>og leggja nafn \u00feitt vi\u00f0 h\u00e9g\u00f3ma.<br \/> <\/span> <span class=\"ljodatexti\"> <a name=\"21\"><span class=\"versanumer_ljod\">21<\/span><\/a>\u00c6tti \u00e9g ekki a\u00f0 hata hatursmenn \u00fe\u00edna, Drottinn,<br \/>og hafa andstygg\u00f0 \u00e1 \u00feeim sem r\u00edsa gegn \u00fe\u00e9r?<br \/> <\/span> <span class=\"ljodatexti\"> <a name=\"22\"><span class=\"versanumer_ljod\">22<\/span><\/a> \u00c9g hata \u00fe\u00e1 fullu hatri,<br \/>\u00feeir eru or\u00f0nir \u00f3vinir m\u00ednir.<br \/> <\/span> <span class=\"ljodatexti\"> <a name=\"23\"><span class=\"versanumer_ljod\">23<\/span><\/a> Pr\u00f3fa mig, Gu\u00f0, og \u00feekktu hjarta mitt,<br \/>rannsaka mig og \u00feekktu hugsanir m\u00ednar<br \/> <\/span> <span class=\"ljodatexti\"> <a name=\"24\"><span class=\"versanumer_ljod\">24<\/span><\/a> og sj\u00e1 \u00fe\u00fa hvort \u00e9g geng \u00e1 gl\u00f6tunarvegi <span class=\"nedan_mal\" title=\" \u00d6nnur hugsanleg \u00fe\u00fd\u00f0ing: vegi hj\u00e1gu\u00f0a.\">[<\/span> <br \/>og lei\u00f0 mig hinn eil\u00edfa veg. <\/span> <\/p>\n","protected":false},"excerpt":{"rendered":"<p>1 Til s\u00f6ngstj\u00f3rans. Dav\u00ed\u00f0ss\u00e1lmur. Drottinn, \u00fe\u00fa rannsakar og \u00feekkir mig,hvort sem \u00e9g sit e\u00f0a stend, \u00fe\u00e1 veist \u00fe\u00fa \u00fea\u00f0, 2\u00fe\u00fa skynjar hugrenningar m\u00ednar \u00e1lengdar. 3Hvort sem \u00e9g geng e\u00f0a ligg, \u00fe\u00e1 athugar \u00fe\u00fa \u00fea\u00f0og alla vegu m\u00edna gj\u00f6r\u00feekkir \u00fe\u00fa. 4Eigi er \u00fea\u00f0 or\u00f0 \u00e1 tungu minni a\u00f0 \u00fe\u00fa, Drottinn, \u00feekkir \u00fea\u00f0 eigi til fulls. 5\u00de\u00fa umlykur mig \u00e1 bak og brj\u00f3st og h\u00f6nd \u00fe\u00edna hefur \u00fe\u00fa lagt \u00e1 mig. 6S\u00fa \u00feekking er undursamlegri en svo a\u00f0 \u00e9g f\u00e1i skili\u00f0,of h\u00e1leit, \u00e9g er henni eigi vaxinn. 7Hvert get \u00e9g fari\u00f0 fr\u00e1 anda \u00fe\u00ednum, hvert fl\u00fai\u00f0 fr\u00e1 augliti \u00fe\u00ednu? 8\u00de\u00f3tt \u00e9g stigi <a href=\"https:\/\/biblian.is\/biblian\/salmarnir-139-kafli\/\"> [&#8230;]<\/a><\/p>\n","protected":false},"author":1,"featured_media":0,"parent":0,"menu_order":0,"comment_status":"open","ping_status":"open","template":"bibliukaflar_salmarnir.php","meta":{"footnotes":""},"class_list":["post-2234","page","type-page","status-publish","hentry"],"_links":{"self":[{"href":"https:\/\/biblian.is\/biblian\/wp-json\/wp\/v2\/pages\/2234","targetHints":{"allow":["GET"]}}],"collection":[{"href":"https:\/\/biblian.is\/biblian\/wp-json\/wp\/v2\/pages"}],"about":[{"href":"https:\/\/biblian.is\/biblian\/wp-json\/wp\/v2\/types\/page"}],"author":[{"embeddable":true,"href":"https:\/\/biblian.is\/biblian\/wp-json\/wp\/v2\/users\/1"}],"replies":[{"embeddable":true,"href":"https:\/\/biblian.is\/biblian\/wp-json\/wp\/v2\/comments?post=2234"}],"version-history":[{"count":0,"href":"https:\/\/biblian.is\/biblian\/wp-json\/wp\/v2\/pages\/2234\/revisions"}],"wp:attachment":[{"href":"https:\/\/biblian.is\/biblian\/wp-json\/wp\/v2\/media?parent=2234"}],"curies":[{"name":"wp","href":"https:\/\/api.w.org\/{rel}","templated":true}]}}