{"id":2232,"date":"2017-12-30T21:02:16","date_gmt":"2017-12-30T21:02:16","guid":{"rendered":"http:\/\/biblian.is\/biblian\/s%c2%87lmarnir-137-kafli\/"},"modified":"2020-05-30T18:12:29","modified_gmt":"2020-05-30T18:12:29","slug":"salmarnir-137-kafli","status":"publish","type":"page","link":"https:\/\/biblian.is\/biblian\/salmarnir-137-kafli\/","title":{"rendered":"S\u00e1lmarnir 137. kafli"},"content":{"rendered":"<p><span class=\"ljodatexti\"> <a name=\"1\"><span class=\"versanumer_ljod\">1<\/span><\/a>Vi\u00f0 Bab\u00fdlonsflj\u00f3t s\u00e1tum v\u00e9r og gr\u00e9tum<br \/>er v\u00e9r minntumst S\u00edonar.<br \/> <\/span> <span class=\"ljodatexti\"> <a name=\"2\"><span class=\"versanumer_ljod\">2<\/span><\/a>\u00c1 p\u00edlvi\u00f0ina \u00fear hengdum v\u00e9r upp g\u00edgjur vorar<br \/> <\/span> <span class=\"ljodatexti\"> <a name=\"3\"><span class=\"versanumer_ljod\">3<\/span><\/a>\u00fev\u00ed a\u00f0 \u00fear heimtu\u00f0u ver\u00f0ir vorir s\u00f6nglj\u00f3\u00f0<br \/>og k\u00fagarar vorir k\u00e6ti: <br \/>\u201eSyngi\u00f0 oss S\u00edonarlj\u00f3\u00f0.\u201c<br \/> <\/span> <span class=\"ljodatexti\"> <a name=\"4\"><span class=\"versanumer_ljod\">4<\/span><\/a>Hvernig g\u00e6tum v\u00e9r sungi\u00f0 Drottins lj\u00f3\u00f0<br \/>\u00ed framandi landi?<br \/> <\/span> <span class=\"ljodatexti\"> <a name=\"5\"><span class=\"versanumer_ljod\">5<\/span><\/a>Ef \u00e9g gleymi \u00fe\u00e9r, Jer\u00fasalem,<br \/>\u00fe\u00e1 visni h\u00e6gri h\u00f6nd m\u00edn.<br \/> <\/span> <span class=\"ljodatexti\"> <a name=\"6\"><span class=\"versanumer_ljod\">6<\/span><\/a>Tungan lo\u00f0i m\u00e9r vi\u00f0 g\u00f3m<br \/>hugsi \u00e9g ekki til \u00fe\u00edn,<br \/>ef Jer\u00fasalem er eigi allra besta yndi\u00f0 mitt.<br \/> <\/span> <span class=\"ljodatexti\"> <a name=\"7\"><span class=\"versanumer_ljod\">7<\/span><\/a>Drottinn, mundu Ed\u00f3ms ni\u00f0jum<br \/>dag Jer\u00fasalem, <span class=\"nedan_mal\" title=\" \u201eDagur Jer\u00fasalem\u201c er dagurinn \u00feegar Bab\u00fdlon\u00edumenn t\u00f3ku borgina og nutu hj\u00e1lpar Ed\u00f3msmanna. \">[<\/span> <br \/>daginn \u00feegar \u00feeir s\u00f6g\u00f0u:<br \/>\u201eR\u00edfi\u00f0 ni\u00f0ur, r\u00edfi\u00f0 hana ni\u00f0ur, allt til grunna.\u201c<br \/> <\/span> <span class=\"ljodatexti\"> <a name=\"8\"><span class=\"versanumer_ljod\">8<\/span><\/a>Bab\u00fdlonsd\u00f3ttir, \u00fe\u00fa sem tort\u00edmir.<br \/>Heill \u00feeim sem geldur \u00fe\u00e9r<br \/>\u00fea\u00f0 sem \u00fe\u00fa ger\u00f0ir oss.<br \/> <\/span> <span class=\"ljodatexti\"> <a name=\"9\"><span class=\"versanumer_ljod\">9<\/span><\/a>Heill \u00feeim sem \u00fer\u00edfur brj\u00f3stmylkinga \u00fe\u00edna<br \/>og sl\u00e6r \u00feeim ni\u00f0ur vi\u00f0 stein. <\/span> <\/p>\n","protected":false},"excerpt":{"rendered":"<p>1Vi\u00f0 Bab\u00fdlonsflj\u00f3t s\u00e1tum v\u00e9r og gr\u00e9tumer v\u00e9r minntumst S\u00edonar. 2\u00c1 p\u00edlvi\u00f0ina \u00fear hengdum v\u00e9r upp g\u00edgjur vorar 3\u00fev\u00ed a\u00f0 \u00fear heimtu\u00f0u ver\u00f0ir vorir s\u00f6nglj\u00f3\u00f0og k\u00fagarar vorir k\u00e6ti: \u201eSyngi\u00f0 oss S\u00edonarlj\u00f3\u00f0.\u201c 4Hvernig g\u00e6tum v\u00e9r sungi\u00f0 Drottins lj\u00f3\u00f0\u00ed framandi landi? 5Ef \u00e9g gleymi \u00fe\u00e9r, Jer\u00fasalem,\u00fe\u00e1 visni h\u00e6gri h\u00f6nd m\u00edn. 6Tungan lo\u00f0i m\u00e9r vi\u00f0 g\u00f3mhugsi \u00e9g ekki til \u00fe\u00edn,ef Jer\u00fasalem er eigi allra besta yndi\u00f0 mitt. 7Drottinn, mundu Ed\u00f3ms ni\u00f0jumdag Jer\u00fasalem, [ daginn \u00feegar \u00feeir s\u00f6g\u00f0u:\u201eR\u00edfi\u00f0 ni\u00f0ur, r\u00edfi\u00f0 hana ni\u00f0ur, allt til grunna.\u201c 8Bab\u00fdlonsd\u00f3ttir, \u00fe\u00fa sem tort\u00edmir.Heill \u00feeim sem geldur \u00fe\u00e9r\u00fea\u00f0 sem \u00fe\u00fa ger\u00f0ir oss. 9Heill \u00feeim sem \u00fer\u00edfur brj\u00f3stmylkinga \u00fe\u00ednaog sl\u00e6r \u00feeim <a href=\"https:\/\/biblian.is\/biblian\/salmarnir-137-kafli\/\"> [&#8230;]<\/a><\/p>\n","protected":false},"author":1,"featured_media":0,"parent":0,"menu_order":0,"comment_status":"open","ping_status":"open","template":"bibliukaflar_salmarnir.php","meta":{"footnotes":""},"class_list":["post-2232","page","type-page","status-publish","hentry"],"_links":{"self":[{"href":"https:\/\/biblian.is\/biblian\/wp-json\/wp\/v2\/pages\/2232","targetHints":{"allow":["GET"]}}],"collection":[{"href":"https:\/\/biblian.is\/biblian\/wp-json\/wp\/v2\/pages"}],"about":[{"href":"https:\/\/biblian.is\/biblian\/wp-json\/wp\/v2\/types\/page"}],"author":[{"embeddable":true,"href":"https:\/\/biblian.is\/biblian\/wp-json\/wp\/v2\/users\/1"}],"replies":[{"embeddable":true,"href":"https:\/\/biblian.is\/biblian\/wp-json\/wp\/v2\/comments?post=2232"}],"version-history":[{"count":0,"href":"https:\/\/biblian.is\/biblian\/wp-json\/wp\/v2\/pages\/2232\/revisions"}],"wp:attachment":[{"href":"https:\/\/biblian.is\/biblian\/wp-json\/wp\/v2\/media?parent=2232"}],"curies":[{"name":"wp","href":"https:\/\/api.w.org\/{rel}","templated":true}]}}