{"id":2231,"date":"2017-12-30T21:02:16","date_gmt":"2017-12-30T21:02:16","guid":{"rendered":"http:\/\/biblian.is\/biblian\/s%c2%87lmarnir-136-kafli\/"},"modified":"2020-05-30T18:12:29","modified_gmt":"2020-05-30T18:12:29","slug":"salmarnir-136-kafli","status":"publish","type":"page","link":"https:\/\/biblian.is\/biblian\/salmarnir-136-kafli\/","title":{"rendered":"S\u00e1lmarnir 136. kafli"},"content":{"rendered":"<p><span class=\"ljodatexti\"> <a name=\"1\"><span class=\"versanumer_ljod\">1<\/span><\/a>\u00deakki\u00f0 Drottni \u00fev\u00ed a\u00f0 hann er g\u00f3\u00f0ur,<br \/>miskunn hans varir a\u00f0 eil\u00edfu.<br \/> <\/span> <span class=\"ljodatexti\"> <a name=\"2\"><span class=\"versanumer_ljod\">2<\/span><\/a>\u00deakki\u00f0 gu\u00f0i gu\u00f0anna,<br \/>miskunn hans varir a\u00f0 eil\u00edfu.<br \/> <\/span> <span class=\"ljodatexti\"> <a name=\"3\"><span class=\"versanumer_ljod\">3<\/span><\/a>\u00deakki\u00f0 Drottni drottnanna,<br \/>miskunn hans varir a\u00f0 eil\u00edfu.<br \/> <\/span> <span class=\"ljodatexti\"> <a name=\"4\"><span class=\"versanumer_ljod\">4<\/span><\/a>Hann einn vinnur m\u00e1ttarverk,<br \/>miskunn hans varir a\u00f0 eil\u00edfu.<br \/> <\/span> <span class=\"ljodatexti\"> <a name=\"5\"><span class=\"versanumer_ljod\">5<\/span><\/a>Hann ger\u00f0i himininn af visku,<br \/>miskunn hans varir a\u00f0 eil\u00edfu.<br \/> <\/span> <span class=\"ljodatexti\"> <a name=\"6\"><span class=\"versanumer_ljod\">6<\/span><\/a>Hann breiddi \u00fat j\u00f6r\u00f0ina \u00e1 v\u00f6tnunum,<br \/>miskunn hans varir a\u00f0 eil\u00edfu.<br \/> <\/span> <span class=\"ljodatexti\"> <a name=\"7\"><span class=\"versanumer_ljod\">7<\/span><\/a>Hann skapa\u00f0i st\u00f3ru lj\u00f3sin,<br \/>miskunn hans varir a\u00f0 eil\u00edfu,<br \/> <\/span> <span class=\"ljodatexti\"> <a name=\"8\"><span class=\"versanumer_ljod\">8<\/span><\/a>s\u00f3lina til a\u00f0 r\u00e1\u00f0a deginum,<br \/>miskunn hans varir a\u00f0 eil\u00edfu,<br \/> <\/span> <span class=\"ljodatexti\"> <a name=\"9\"><span class=\"versanumer_ljod\">9<\/span><\/a>tungl og stj\u00f6rnur til a\u00f0 r\u00e1\u00f0a n\u00f3ttinni,<br \/>miskunn hans varir a\u00f0 eil\u00edfu.<br \/> <\/span> <span class=\"ljodatexti\"> <a name=\"10\"><span class=\"versanumer_ljod\">10<\/span><\/a>Hann laust Egypta og deyddi frumbur\u00f0i \u00feeirra,<br \/>miskunn hans varir a\u00f0 eil\u00edfu,<br \/> <\/span> <span class=\"ljodatexti\"> <a name=\"11\"><span class=\"versanumer_ljod\">11<\/span><\/a>leiddi \u00cdsrael burt fr\u00e1 \u00feeim,<br \/>miskunn hans varir a\u00f0 eil\u00edfu,<br \/> <\/span> <span class=\"ljodatexti\"> <a name=\"12\"><span class=\"versanumer_ljod\">12<\/span><\/a>me\u00f0 sterkri hendi og \u00fatr\u00e9ttum armi,<br \/>miskunn hans varir a\u00f0 eil\u00edfu.<br \/> <\/span> <span class=\"ljodatexti\"> <a name=\"13\"><span class=\"versanumer_ljod\">13<\/span><\/a>Hann klauf Sefhafi\u00f0,<br \/>miskunn hans varir a\u00f0 eil\u00edfu,<br \/> <\/span> <span class=\"ljodatexti\"> <a name=\"14\"><span class=\"versanumer_ljod\">14<\/span><\/a>og leiddi \u00cdsrael \u00ed gegnum \u00fea\u00f0,<br \/>miskunn hans varir a\u00f0 eil\u00edfu.<br \/> <\/span> <span class=\"ljodatexti\"> <a name=\"15\"><span class=\"versanumer_ljod\">15<\/span><\/a>Hann steypti fara\u00f3 og her hans \u00ed Sefhafi\u00f0,<br \/>miskunn hans varir a\u00f0 eil\u00edfu.<br \/> <\/span> <span class=\"ljodatexti\"> <a name=\"16\"><span class=\"versanumer_ljod\">16<\/span><\/a>Hann leiddi \u00fej\u00f3\u00f0 s\u00edna yfir au\u00f0nina,<br \/>miskunn hans varir a\u00f0 eil\u00edfu,<br \/> <\/span> <span class=\"ljodatexti\"> <a name=\"17\"><span class=\"versanumer_ljod\">17<\/span><\/a>sigra\u00f0i mikla konunga,<br \/>miskunn hans varir a\u00f0 eil\u00edfu,<br \/> <\/span> <span class=\"ljodatexti\"> <a name=\"18\"><span class=\"versanumer_ljod\">18<\/span><\/a>felldi volduga konunga,<br \/>miskunn hans varir a\u00f0 eil\u00edfu,<br \/> <\/span> <span class=\"ljodatexti\"> <a name=\"19\"><span class=\"versanumer_ljod\">19<\/span><\/a>S\u00edhon, konung Amor\u00edta,<br \/>miskunn hans varir a\u00f0 eil\u00edfu,<br \/> <\/span> <span class=\"ljodatexti\"> <a name=\"20\"><span class=\"versanumer_ljod\">20<\/span><\/a>og \u00d3g, konung \u00ed Basan,<br \/>miskunn hans varir a\u00f0 eil\u00edfu.<br \/> <\/span> <span class=\"ljodatexti\"> <a name=\"21\"><span class=\"versanumer_ljod\">21<\/span><\/a>Hann gaf \u00feeim land \u00feeirra a\u00f0 erf\u00f0,<br \/>miskunn hans varir a\u00f0 eil\u00edfu,<br \/> <\/span> <span class=\"ljodatexti\"> <a name=\"22\"><span class=\"versanumer_ljod\">22<\/span><\/a> erf\u00f0ahlut handa \u00cdsrael, \u00fej\u00f3ni s\u00ednum,<br \/>miskunn hans varir a\u00f0 eil\u00edfu.<br \/> <\/span> <span class=\"ljodatexti\"> <a name=\"23\"><span class=\"versanumer_ljod\">23<\/span><\/a> Hann minntist vor \u00ed l\u00e6gingu vorri,<br \/>miskunn hans varir a\u00f0 eil\u00edfu,<br \/> <\/span> <span class=\"ljodatexti\"> <a name=\"24\"><span class=\"versanumer_ljod\">24<\/span><\/a> bjarga\u00f0i oss fr\u00e1 fjandm\u00f6nnum vorum,<br \/>miskunn hans varir a\u00f0 eil\u00edfu.<br \/> <\/span> <span class=\"ljodatexti\"> <a name=\"25\"><span class=\"versanumer_ljod\">25<\/span><\/a> Hann f\u00e6\u00f0ir allt sem lifir,<br \/>miskunn hans varir a\u00f0 eil\u00edfu.<br \/> <\/span> <span class=\"ljodatexti\"> <a name=\"26\"><span class=\"versanumer_ljod\">26<\/span><\/a> \u00deakki\u00f0 Gu\u00f0i himinsins,<br \/>miskunn hans varir a\u00f0 eil\u00edfu. <\/span> <\/p>\n","protected":false},"excerpt":{"rendered":"<p>1\u00deakki\u00f0 Drottni \u00fev\u00ed a\u00f0 hann er g\u00f3\u00f0ur,miskunn hans varir a\u00f0 eil\u00edfu. 2\u00deakki\u00f0 gu\u00f0i gu\u00f0anna,miskunn hans varir a\u00f0 eil\u00edfu. 3\u00deakki\u00f0 Drottni drottnanna,miskunn hans varir a\u00f0 eil\u00edfu. 4Hann einn vinnur m\u00e1ttarverk,miskunn hans varir a\u00f0 eil\u00edfu. 5Hann ger\u00f0i himininn af visku,miskunn hans varir a\u00f0 eil\u00edfu. 6Hann breiddi \u00fat j\u00f6r\u00f0ina \u00e1 v\u00f6tnunum,miskunn hans varir a\u00f0 eil\u00edfu. 7Hann skapa\u00f0i st\u00f3ru lj\u00f3sin,miskunn hans varir a\u00f0 eil\u00edfu, 8s\u00f3lina til a\u00f0 r\u00e1\u00f0a deginum,miskunn hans varir a\u00f0 eil\u00edfu, 9tungl og stj\u00f6rnur til a\u00f0 r\u00e1\u00f0a n\u00f3ttinni,miskunn hans varir a\u00f0 eil\u00edfu. 10Hann laust Egypta og deyddi frumbur\u00f0i \u00feeirra,miskunn hans varir a\u00f0 eil\u00edfu, 11leiddi \u00cdsrael burt fr\u00e1 \u00feeim,miskunn hans varir a\u00f0 eil\u00edfu, <a href=\"https:\/\/biblian.is\/biblian\/salmarnir-136-kafli\/\"> [&#8230;]<\/a><\/p>\n","protected":false},"author":1,"featured_media":0,"parent":0,"menu_order":0,"comment_status":"open","ping_status":"open","template":"bibliukaflar_salmarnir.php","meta":{"footnotes":""},"class_list":["post-2231","page","type-page","status-publish","hentry"],"_links":{"self":[{"href":"https:\/\/biblian.is\/biblian\/wp-json\/wp\/v2\/pages\/2231","targetHints":{"allow":["GET"]}}],"collection":[{"href":"https:\/\/biblian.is\/biblian\/wp-json\/wp\/v2\/pages"}],"about":[{"href":"https:\/\/biblian.is\/biblian\/wp-json\/wp\/v2\/types\/page"}],"author":[{"embeddable":true,"href":"https:\/\/biblian.is\/biblian\/wp-json\/wp\/v2\/users\/1"}],"replies":[{"embeddable":true,"href":"https:\/\/biblian.is\/biblian\/wp-json\/wp\/v2\/comments?post=2231"}],"version-history":[{"count":0,"href":"https:\/\/biblian.is\/biblian\/wp-json\/wp\/v2\/pages\/2231\/revisions"}],"wp:attachment":[{"href":"https:\/\/biblian.is\/biblian\/wp-json\/wp\/v2\/media?parent=2231"}],"curies":[{"name":"wp","href":"https:\/\/api.w.org\/{rel}","templated":true}]}}