{"id":2230,"date":"2017-12-30T21:02:16","date_gmt":"2017-12-30T21:02:16","guid":{"rendered":"http:\/\/biblian.is\/biblian\/s%c2%87lmarnir-135-kafli\/"},"modified":"2020-05-30T18:12:29","modified_gmt":"2020-05-30T18:12:29","slug":"salmarnir-135-kafli","status":"publish","type":"page","link":"https:\/\/biblian.is\/biblian\/salmarnir-135-kafli\/","title":{"rendered":"S\u00e1lmarnir 135. kafli"},"content":{"rendered":"<p><span class=\"ljodatexti\"> <a name=\"1\"><span class=\"versanumer_ljod\">1<\/span><\/a>Hallel\u00faja.<br \/>Lofi\u00f0 nafn Drottins,<br \/>lofi\u00f0 hann, \u00fe\u00e9r \u00fej\u00f3nar Drottins,<br \/> <\/span> <span class=\"ljodatexti\"> <a name=\"2\"><span class=\"versanumer_ljod\">2<\/span><\/a>sem standi\u00f0 \u00ed h\u00fasi Drottins,<br \/>\u00ed forg\u00f6r\u00f0um h\u00fass Gu\u00f0s vors.<br \/> <\/span> <span class=\"ljodatexti\"> <a name=\"3\"><span class=\"versanumer_ljod\">3<\/span><\/a>Lofi\u00f0 Drottin \u00fev\u00ed a\u00f0 Drottinn er g\u00f3\u00f0ur,<br \/>syngi\u00f0 nafni hans lof \u00fev\u00ed a\u00f0 \u00fea\u00f0 er yndislegt. <br \/> <\/span> <span class=\"ljodatexti\"> <a name=\"4\"><span class=\"versanumer_ljod\">4<\/span><\/a>Drottinn hefur \u00fatvali\u00f0 s\u00e9r Jakob,<br \/>\u00cdsrael, s\u00e9r til eignar.<br \/> <\/span> <span class=\"ljodatexti\"> <a name=\"5\"><span class=\"versanumer_ljod\">5<\/span><\/a>J\u00e1, \u00e9g veit a\u00f0 Drottinn er mikill,<br \/>a\u00f0 Drottinn vor er \u00f6llum gu\u00f0um \u00e6\u00f0ri.<br \/> <\/span> <span class=\"ljodatexti\"> <a name=\"6\"><span class=\"versanumer_ljod\">6<\/span><\/a>Allt sem Drottni \u00fe\u00f3knast <br \/>gerir hann \u00e1 himni og j\u00f6r\u00f0,<br \/>\u00ed hafinu og \u00f6llum dj\u00fapunum.<br \/> <\/span> <span class=\"ljodatexti\"> <a name=\"7\"><span class=\"versanumer_ljod\">7<\/span><\/a>Hann l\u00e6tur sk\u00fdin st\u00edga upp<br \/>fr\u00e1 endim\u00f6rkum jar\u00f0ar,<br \/>eldingar leiftra og regn falla,<br \/>hleypir stormi \u00fat \u00far for\u00f0ab\u00farum s\u00ednum.<br \/> <\/span> <span class=\"ljodatexti\"> <a name=\"8\"><span class=\"versanumer_ljod\">8<\/span><\/a>Hann laust frumbur\u00f0i Egyptalands,<br \/>b\u00e6\u00f0i menn og skepnur,<br \/> <\/span> <span class=\"ljodatexti\"> <a name=\"9\"><span class=\"versanumer_ljod\">9<\/span><\/a>sendi t\u00e1kn og undur yfir \u00feig, Egyptaland,<br \/>gegn fara\u00f3 og \u00f6llum \u00fej\u00f3num hans.<br \/> <\/span> <span class=\"ljodatexti\"> <a name=\"10\"><span class=\"versanumer_ljod\">10<\/span><\/a>Hann felldi margar \u00fej\u00f3\u00f0ir<br \/>og deyddi volduga konunga,<br \/> <\/span> <span class=\"ljodatexti\"> <a name=\"11\"><span class=\"versanumer_ljod\">11<\/span><\/a>S\u00edhon, konung Amor\u00edta,<br \/>\u00d3g, konung \u00ed Basan,<br \/>og \u00f6ll konungsr\u00edki \u00ed Kanaan.<br \/> <\/span> <span class=\"ljodatexti\"> <a name=\"12\"><span class=\"versanumer_ljod\">12<\/span><\/a>Hann gaf \u00feeim land \u00feeirra a\u00f0 erf\u00f0,<br \/>erf\u00f0ahlut handa \u00cdsrael, l\u00fd\u00f0 s\u00ednum.<br \/> <\/span> <span class=\"ljodatexti\"> <a name=\"13\"><span class=\"versanumer_ljod\">13<\/span><\/a>Drottinn, nafn \u00feitt varir a\u00f0 eil\u00edfu, <br \/>minning \u00fe\u00edn, Drottinn, fr\u00e1 kyni til kyns<br \/> <\/span> <span class=\"ljodatexti\"> <a name=\"14\"><span class=\"versanumer_ljod\">14<\/span><\/a>\u00fev\u00ed a\u00f0 Drottinn r\u00e9ttir hlut \u00fej\u00f3\u00f0ar sinnar<br \/>og miskunnar \u00fej\u00f3num s\u00ednum.<br \/> <\/span> <span class=\"ljodatexti\"> <a name=\"15\"><span class=\"versanumer_ljod\">15<\/span><\/a>Skur\u00f0go\u00f0 \u00fej\u00f3\u00f0anna eru silfur og gull,<br \/>handaverk manna.<br \/> <\/span> <span class=\"ljodatexti\"> <a name=\"16\"><span class=\"versanumer_ljod\">16<\/span><\/a>\u00deau hafa munn en tala ekki,<br \/>augu en sj\u00e1 ekki, <br \/> <\/span> <span class=\"ljodatexti\"> <a name=\"17\"><span class=\"versanumer_ljod\">17<\/span><\/a>eyru en heyra ekki <br \/>og enginn andardr\u00e1ttur er \u00ed munni \u00feeirra.<br \/> <\/span> <span class=\"ljodatexti\"> <a name=\"18\"><span class=\"versanumer_ljod\">18<\/span><\/a>Eins og \u00feau eru ver\u00f0a smi\u00f0ir \u00feeirra,<br \/>allir \u00feeir er \u00e1 \u00feau treysta.<br \/> <\/span> <span class=\"ljodatexti\"> <a name=\"19\"><span class=\"versanumer_ljod\">19<\/span><\/a>\u00cdsraels \u00e6tt, lofi\u00f0 Drottin,<br \/>Arons \u00e6tt, lofi\u00f0 Drottin,<br \/> <\/span> <span class=\"ljodatexti\"> <a name=\"20\"><span class=\"versanumer_ljod\">20<\/span><\/a>Lev\u00ed \u00e6tt, lofi\u00f0 Drottin,<br \/>\u00fe\u00e9r sem \u00f3ttist Drottin, lofi\u00f0 Drottin.<br \/> <\/span> <span class=\"ljodatexti\"> <a name=\"21\"><span class=\"versanumer_ljod\">21<\/span><\/a>Lofa\u00f0ur s\u00e9 Drottinn fr\u00e1 S\u00edon,<br \/>hann sem b\u00fdr \u00ed Jer\u00fasalem.<br \/>Hallel\u00faja. <\/span> <\/p>\n","protected":false},"excerpt":{"rendered":"<p>1Hallel\u00faja.Lofi\u00f0 nafn Drottins,lofi\u00f0 hann, \u00fe\u00e9r \u00fej\u00f3nar Drottins, 2sem standi\u00f0 \u00ed h\u00fasi Drottins,\u00ed forg\u00f6r\u00f0um h\u00fass Gu\u00f0s vors. 3Lofi\u00f0 Drottin \u00fev\u00ed a\u00f0 Drottinn er g\u00f3\u00f0ur,syngi\u00f0 nafni hans lof \u00fev\u00ed a\u00f0 \u00fea\u00f0 er yndislegt. 4Drottinn hefur \u00fatvali\u00f0 s\u00e9r Jakob,\u00cdsrael, s\u00e9r til eignar. 5J\u00e1, \u00e9g veit a\u00f0 Drottinn er mikill,a\u00f0 Drottinn vor er \u00f6llum gu\u00f0um \u00e6\u00f0ri. 6Allt sem Drottni \u00fe\u00f3knast gerir hann \u00e1 himni og j\u00f6r\u00f0,\u00ed hafinu og \u00f6llum dj\u00fapunum. 7Hann l\u00e6tur sk\u00fdin st\u00edga uppfr\u00e1 endim\u00f6rkum jar\u00f0ar,eldingar leiftra og regn falla,hleypir stormi \u00fat \u00far for\u00f0ab\u00farum s\u00ednum. 8Hann laust frumbur\u00f0i Egyptalands,b\u00e6\u00f0i menn og skepnur, 9sendi t\u00e1kn og undur yfir \u00feig, Egyptaland,gegn fara\u00f3 og \u00f6llum \u00fej\u00f3num <a href=\"https:\/\/biblian.is\/biblian\/salmarnir-135-kafli\/\"> [&#8230;]<\/a><\/p>\n","protected":false},"author":1,"featured_media":0,"parent":0,"menu_order":0,"comment_status":"open","ping_status":"open","template":"bibliukaflar_salmarnir.php","meta":{"footnotes":""},"class_list":["post-2230","page","type-page","status-publish","hentry"],"_links":{"self":[{"href":"https:\/\/biblian.is\/biblian\/wp-json\/wp\/v2\/pages\/2230","targetHints":{"allow":["GET"]}}],"collection":[{"href":"https:\/\/biblian.is\/biblian\/wp-json\/wp\/v2\/pages"}],"about":[{"href":"https:\/\/biblian.is\/biblian\/wp-json\/wp\/v2\/types\/page"}],"author":[{"embeddable":true,"href":"https:\/\/biblian.is\/biblian\/wp-json\/wp\/v2\/users\/1"}],"replies":[{"embeddable":true,"href":"https:\/\/biblian.is\/biblian\/wp-json\/wp\/v2\/comments?post=2230"}],"version-history":[{"count":0,"href":"https:\/\/biblian.is\/biblian\/wp-json\/wp\/v2\/pages\/2230\/revisions"}],"wp:attachment":[{"href":"https:\/\/biblian.is\/biblian\/wp-json\/wp\/v2\/media?parent=2230"}],"curies":[{"name":"wp","href":"https:\/\/api.w.org\/{rel}","templated":true}]}}