{"id":2229,"date":"2017-12-30T21:02:16","date_gmt":"2017-12-30T21:02:16","guid":{"rendered":"http:\/\/biblian.is\/biblian\/s%c2%87lmarnir-134-kafli\/"},"modified":"2020-05-30T18:12:28","modified_gmt":"2020-05-30T18:12:28","slug":"salmarnir-134-kafli","status":"publish","type":"page","link":"https:\/\/biblian.is\/biblian\/salmarnir-134-kafli\/","title":{"rendered":"S\u00e1lmarnir 134. kafli"},"content":{"rendered":"<p><a name=\"1\"><span class=\"versanumer_2007\">1<\/span><\/a> Helgig\u00f6ngulj\u00f3\u00f0.<br \/> <span class=\"ljodatexti\"> Lofi\u00f0 Drottin, allir \u00fej\u00f3nar Drottins,<br \/>\u00fe\u00e9r sem standi\u00f0 \u00ed h\u00fasi Drottins um n\u00e6tur.<br \/> <\/span> <span class=\"ljodatexti\"> <a name=\"2\"><span class=\"versanumer_ljod\">2<\/span><\/a>Lyfti\u00f0 h\u00f6ndum til helgid\u00f3msins<br \/>og lofi\u00f0 Drottin.<br \/> <\/span> <span class=\"ljodatexti\"> <a name=\"3\"><span class=\"versanumer_ljod\">3<\/span><\/a>Drottinn blessi \u00feig fr\u00e1 S\u00edon,<br \/>hann sem skapa\u00f0i himin og j\u00f6r\u00f0. <\/span> <\/p>\n","protected":false},"excerpt":{"rendered":"<p>1 Helgig\u00f6ngulj\u00f3\u00f0. Lofi\u00f0 Drottin, allir \u00fej\u00f3nar Drottins,\u00fe\u00e9r sem standi\u00f0 \u00ed h\u00fasi Drottins um n\u00e6tur. 2Lyfti\u00f0 h\u00f6ndum til helgid\u00f3msinsog lofi\u00f0 Drottin. 3Drottinn blessi \u00feig fr\u00e1 S\u00edon,hann sem skapa\u00f0i himin og j\u00f6r\u00f0.<\/p>\n","protected":false},"author":1,"featured_media":0,"parent":0,"menu_order":0,"comment_status":"open","ping_status":"open","template":"bibliukaflar_salmarnir.php","meta":{"footnotes":""},"class_list":["post-2229","page","type-page","status-publish","hentry"],"_links":{"self":[{"href":"https:\/\/biblian.is\/biblian\/wp-json\/wp\/v2\/pages\/2229","targetHints":{"allow":["GET"]}}],"collection":[{"href":"https:\/\/biblian.is\/biblian\/wp-json\/wp\/v2\/pages"}],"about":[{"href":"https:\/\/biblian.is\/biblian\/wp-json\/wp\/v2\/types\/page"}],"author":[{"embeddable":true,"href":"https:\/\/biblian.is\/biblian\/wp-json\/wp\/v2\/users\/1"}],"replies":[{"embeddable":true,"href":"https:\/\/biblian.is\/biblian\/wp-json\/wp\/v2\/comments?post=2229"}],"version-history":[{"count":0,"href":"https:\/\/biblian.is\/biblian\/wp-json\/wp\/v2\/pages\/2229\/revisions"}],"wp:attachment":[{"href":"https:\/\/biblian.is\/biblian\/wp-json\/wp\/v2\/media?parent=2229"}],"curies":[{"name":"wp","href":"https:\/\/api.w.org\/{rel}","templated":true}]}}